{"id":11558,"date":"2021-02-14T14:15:07","date_gmt":"2021-02-14T13:15:07","guid":{"rendered":"https:\/\/vinosomodena.it\/?post_type=product&#038;p=11558"},"modified":"2026-02-25T11:41:45","modified_gmt":"2026-02-25T10:41:45","slug":"edi-keber-collio-bianco-2018","status":"publish","type":"product","link":"https:\/\/vinosomodena.it\/en\/prodotto\/edi-keber-collio-bianco-2018\/","title":{"rendered":"Edi Keber Collio Bianco 2021"},"content":{"rendered":"<p>Edi Keber \u00e8 una pietra miliare nel Collio, uno di quei produttori capaci di elevare una regione ai vertici mondiali della produzione di vino bianco. Infatti, la qualit\u00e0 dei bianchi friulani sta conquistando continui successi in tutto il mondo e Edi Keber rappresenta uno di quei nomi irrinunciabili per conoscere realmente un territorio.Questo Collio Bianco nasce dall&#8217;unione di tre grandi vitigni, in primis, quel Friulano conosciuto da tutti come Tocai, che gi\u00e0 dal nome riflette lo stretto legame con il proprio territorio. La pregevole armonia di questa bottiglia \u00e8 completata da Malvasia Istriana e Ribolla Gialla, vitigni dotati di grandi potenzialit\u00e0, che trovano in questo angolo d&#8217;Oriente il proprio habitat migliore<\/p>\n","protected":false},"excerpt":{"rendered":"<p>Edi Keber \u00e8 una pietra miliare nel Collio, uno di quei produttori capaci di elevare una regione ai vertici mondiali della produzione di vino bianco. Infatti, la qualit\u00e0 dei bianchi friulani sta conquistando continui successi in tutto il mondo e Edi Keber rappresenta uno di quei nomi irrinunciabili per conoscere realmente un territorio.Questo Collio Bianco nasce dall&#8217;unione di tre grandi vitigni, in primis, quel Friulano conosciuto da tutti come Tocai, che gi\u00e0 dal nome riflette lo stretto legame con il proprio territorio. La pregevole armonia di questa bottiglia \u00e8 completata da Malvasia Istriana e Ribolla Gialla, vitigni dotati di grandi potenzialit\u00e0, che trovano in questo angolo d&#8217;Oriente il proprio habitat migliore<\/p>\n","protected":false},"featured_media":19541,"template":"","meta":{"_acf_changed":false},"product_brand":[],"product_cat":[2589],"product_tag":[],"class_list":{"0":"post-11558","1":"product","2":"type-product","3":"status-publish","4":"has-post-thumbnail","6":"product_cat-white-wine","8":"first","9":"instock","10":"purchasable","11":"product-type-simple"},"acf":[],"yoast_head":"<!-- This site is optimized with the Yoast SEO plugin v27.0 - https:\/\/yoast.com\/product\/yoast-seo-wordpress\/ -->\n<title>Edi Keber Collio Bianco 2021 - Vinoso Modena<\/title>\n<meta name=\"robots\" content=\"index, follow, max-snippet:-1, max-image-preview:large, max-video-preview:-1\" \/>\n<link rel=\"canonical\" href=\"https:\/\/vinosomodena.it\/en\/prodotto\/edi-keber-collio-bianco-2018\/\" \/>\n<meta property=\"og:locale\" content=\"en_US\" \/>\n<meta property=\"og:type\" content=\"article\" \/>\n<meta property=\"og:title\" content=\"Edi Keber Collio Bianco 2021 - Vinoso Modena\" \/>\n<meta property=\"og:description\" content=\"Edi Keber \u00e8 una pietra miliare nel Collio, uno di quei produttori capaci di elevare una regione ai vertici mondiali della produzione di vino bianco. Infatti, la qualit\u00e0 dei bianchi friulani sta conquistando continui successi in tutto il mondo e Edi Keber rappresenta uno di quei nomi irrinunciabili per conoscere realmente un territorio.Questo Collio Bianco nasce dall&#039;unione di tre grandi vitigni, in primis, quel Friulano conosciuto da tutti come Tocai, che gi\u00e0 dal nome riflette lo stretto legame con il proprio territorio. La pregevole armonia di questa bottiglia \u00e8 completata da Malvasia Istriana e Ribolla Gialla, vitigni dotati di grandi potenzialit\u00e0, che trovano in questo angolo d&#039;Oriente il proprio habitat migliore\" \/>\n<meta property=\"og:url\" content=\"https:\/\/vinosomodena.it\/en\/prodotto\/edi-keber-collio-bianco-2018\/\" \/>\n<meta property=\"og:site_name\" content=\"Vinoso Modena\" \/>\n<meta property=\"article:modified_time\" content=\"2026-02-25T10:41:45+00:00\" \/>\n<meta property=\"og:image\" content=\"https:\/\/vinosomodena.it\/wp-content\/uploads\/2025\/01\/1710231411_edikebercollio-120copia.jpg\" \/>\n\t<meta property=\"og:image:width\" content=\"1500\" \/>\n\t<meta property=\"og:image:height\" content=\"1923\" \/>\n\t<meta property=\"og:image:type\" content=\"image\/jpeg\" \/>\n<meta name=\"twitter:card\" content=\"summary_large_image\" \/>\n<script type=\"application\/ld+json\" class=\"yoast-schema-graph\">{\"@context\":\"https:\/\/schema.org\",\"@graph\":[{\"@type\":\"WebPage\",\"@id\":\"https:\/\/vinosomodena.it\/en\/prodotto\/edi-keber-collio-bianco-2018\/\",\"url\":\"https:\/\/vinosomodena.it\/en\/prodotto\/edi-keber-collio-bianco-2018\/\",\"name\":\"Edi Keber Collio Bianco 2021 - Vinoso Modena\",\"isPartOf\":{\"@id\":\"https:\/\/vinosomodena.it\/#website\"},\"primaryImageOfPage\":{\"@id\":\"https:\/\/vinosomodena.it\/en\/prodotto\/edi-keber-collio-bianco-2018\/#primaryimage\"},\"image\":{\"@id\":\"https:\/\/vinosomodena.it\/en\/prodotto\/edi-keber-collio-bianco-2018\/#primaryimage\"},\"thumbnailUrl\":\"https:\/\/vinosomodena.it\/wp-content\/uploads\/2025\/01\/1710231411_edikebercollio-120copia.jpg\",\"datePublished\":\"2021-02-14T13:15:07+00:00\",\"dateModified\":\"2026-02-25T10:41:45+00:00\",\"breadcrumb\":{\"@id\":\"https:\/\/vinosomodena.it\/en\/prodotto\/edi-keber-collio-bianco-2018\/#breadcrumb\"},\"inLanguage\":\"en-US\",\"potentialAction\":[{\"@type\":\"ReadAction\",\"target\":[\"https:\/\/vinosomodena.it\/en\/prodotto\/edi-keber-collio-bianco-2018\/\"]}]},{\"@type\":\"ImageObject\",\"inLanguage\":\"en-US\",\"@id\":\"https:\/\/vinosomodena.it\/en\/prodotto\/edi-keber-collio-bianco-2018\/#primaryimage\",\"url\":\"https:\/\/vinosomodena.it\/wp-content\/uploads\/2025\/01\/1710231411_edikebercollio-120copia.jpg\",\"contentUrl\":\"https:\/\/vinosomodena.it\/wp-content\/uploads\/2025\/01\/1710231411_edikebercollio-120copia.jpg\",\"width\":1500,\"height\":1923},{\"@type\":\"BreadcrumbList\",\"@id\":\"https:\/\/vinosomodena.it\/en\/prodotto\/edi-keber-collio-bianco-2018\/#breadcrumb\",\"itemListElement\":[{\"@type\":\"ListItem\",\"position\":1,\"name\":\"Home\",\"item\":\"https:\/\/vinosomodena.it\/\"},{\"@type\":\"ListItem\",\"position\":2,\"name\":\"Shop\",\"item\":\"https:\/\/vinosomodena.it\/negozio\/\"},{\"@type\":\"ListItem\",\"position\":3,\"name\":\"Edi Keber Collio Bianco 2021\"}]},{\"@type\":\"WebSite\",\"@id\":\"https:\/\/vinosomodena.it\/#website\",\"url\":\"https:\/\/vinosomodena.it\/\",\"name\":\"Vinoso Modena\",\"description\":\"I migliori vini, le annate storiche e molto altro ancora.\",\"potentialAction\":[{\"@type\":\"SearchAction\",\"target\":{\"@type\":\"EntryPoint\",\"urlTemplate\":\"https:\/\/vinosomodena.it\/?s={search_term_string}\"},\"query-input\":{\"@type\":\"PropertyValueSpecification\",\"valueRequired\":true,\"valueName\":\"search_term_string\"}}],\"inLanguage\":\"en-US\"}]}<\/script>\n<!-- \/ Yoast SEO plugin. -->","yoast_head_json":{"title":"Edi Keber Collio Bianco 2021 - Vinoso Modena","robots":{"index":"index","follow":"follow","max-snippet":"max-snippet:-1","max-image-preview":"max-image-preview:large","max-video-preview":"max-video-preview:-1"},"canonical":"https:\/\/vinosomodena.it\/en\/prodotto\/edi-keber-collio-bianco-2018\/","og_locale":"en_US","og_type":"article","og_title":"Edi Keber Collio Bianco 2021 - Vinoso Modena","og_description":"Edi Keber \u00e8 una pietra miliare nel Collio, uno di quei produttori capaci di elevare una regione ai vertici mondiali della produzione di vino bianco. Infatti, la qualit\u00e0 dei bianchi friulani sta conquistando continui successi in tutto il mondo e Edi Keber rappresenta uno di quei nomi irrinunciabili per conoscere realmente un territorio.Questo Collio Bianco nasce dall'unione di tre grandi vitigni, in primis, quel Friulano conosciuto da tutti come Tocai, che gi\u00e0 dal nome riflette lo stretto legame con il proprio territorio. La pregevole armonia di questa bottiglia \u00e8 completata da Malvasia Istriana e Ribolla Gialla, vitigni dotati di grandi potenzialit\u00e0, che trovano in questo angolo d'Oriente il proprio habitat migliore","og_url":"https:\/\/vinosomodena.it\/en\/prodotto\/edi-keber-collio-bianco-2018\/","og_site_name":"Vinoso Modena","article_modified_time":"2026-02-25T10:41:45+00:00","og_image":[{"width":1500,"height":1923,"url":"https:\/\/vinosomodena.it\/wp-content\/uploads\/2025\/01\/1710231411_edikebercollio-120copia.jpg","type":"image\/jpeg"}],"twitter_card":"summary_large_image","schema":{"@context":"https:\/\/schema.org","@graph":[{"@type":"WebPage","@id":"https:\/\/vinosomodena.it\/en\/prodotto\/edi-keber-collio-bianco-2018\/","url":"https:\/\/vinosomodena.it\/en\/prodotto\/edi-keber-collio-bianco-2018\/","name":"Edi Keber Collio Bianco 2021 - Vinoso Modena","isPartOf":{"@id":"https:\/\/vinosomodena.it\/#website"},"primaryImageOfPage":{"@id":"https:\/\/vinosomodena.it\/en\/prodotto\/edi-keber-collio-bianco-2018\/#primaryimage"},"image":{"@id":"https:\/\/vinosomodena.it\/en\/prodotto\/edi-keber-collio-bianco-2018\/#primaryimage"},"thumbnailUrl":"https:\/\/vinosomodena.it\/wp-content\/uploads\/2025\/01\/1710231411_edikebercollio-120copia.jpg","datePublished":"2021-02-14T13:15:07+00:00","dateModified":"2026-02-25T10:41:45+00:00","breadcrumb":{"@id":"https:\/\/vinosomodena.it\/en\/prodotto\/edi-keber-collio-bianco-2018\/#breadcrumb"},"inLanguage":"en-US","potentialAction":[{"@type":"ReadAction","target":["https:\/\/vinosomodena.it\/en\/prodotto\/edi-keber-collio-bianco-2018\/"]}]},{"@type":"ImageObject","inLanguage":"en-US","@id":"https:\/\/vinosomodena.it\/en\/prodotto\/edi-keber-collio-bianco-2018\/#primaryimage","url":"https:\/\/vinosomodena.it\/wp-content\/uploads\/2025\/01\/1710231411_edikebercollio-120copia.jpg","contentUrl":"https:\/\/vinosomodena.it\/wp-content\/uploads\/2025\/01\/1710231411_edikebercollio-120copia.jpg","width":1500,"height":1923},{"@type":"BreadcrumbList","@id":"https:\/\/vinosomodena.it\/en\/prodotto\/edi-keber-collio-bianco-2018\/#breadcrumb","itemListElement":[{"@type":"ListItem","position":1,"name":"Home","item":"https:\/\/vinosomodena.it\/"},{"@type":"ListItem","position":2,"name":"Shop","item":"https:\/\/vinosomodena.it\/negozio\/"},{"@type":"ListItem","position":3,"name":"Edi Keber Collio Bianco 2021"}]},{"@type":"WebSite","@id":"https:\/\/vinosomodena.it\/#website","url":"https:\/\/vinosomodena.it\/","name":"Vinoso Modena","description":"I migliori vini, le annate storiche e molto altro ancora.","potentialAction":[{"@type":"SearchAction","target":{"@type":"EntryPoint","urlTemplate":"https:\/\/vinosomodena.it\/?s={search_term_string}"},"query-input":{"@type":"PropertyValueSpecification","valueRequired":true,"valueName":"search_term_string"}}],"inLanguage":"en-US"}]}},"jetpack_sharing_enabled":true,"_links":{"self":[{"href":"https:\/\/vinosomodena.it\/en\/wp-json\/wp\/v2\/product\/11558","targetHints":{"allow":["GET"]}}],"collection":[{"href":"https:\/\/vinosomodena.it\/en\/wp-json\/wp\/v2\/product"}],"about":[{"href":"https:\/\/vinosomodena.it\/en\/wp-json\/wp\/v2\/types\/product"}],"wp:featuredmedia":[{"embeddable":true,"href":"https:\/\/vinosomodena.it\/en\/wp-json\/wp\/v2\/media\/19541"}],"wp:attachment":[{"href":"https:\/\/vinosomodena.it\/en\/wp-json\/wp\/v2\/media?parent=11558"}],"wp:term":[{"taxonomy":"product_brand","embeddable":true,"href":"https:\/\/vinosomodena.it\/en\/wp-json\/wp\/v2\/product_brand?post=11558"},{"taxonomy":"product_cat","embeddable":true,"href":"https:\/\/vinosomodena.it\/en\/wp-json\/wp\/v2\/product_cat?post=11558"},{"taxonomy":"product_tag","embeddable":true,"href":"https:\/\/vinosomodena.it\/en\/wp-json\/wp\/v2\/product_tag?post=11558"}],"curies":[{"name":"wp","href":"https:\/\/api.w.org\/{rel}","templated":true}]}}