{"id":11560,"date":"2021-02-14T14:10:27","date_gmt":"2021-02-14T13:10:27","guid":{"rendered":"https:\/\/vinosomodena.it\/prodotto\/champagne-coessens-largillier-brut-nature\/"},"modified":"2026-01-17T11:25:09","modified_gmt":"2026-01-17T10:25:09","slug":"champagne-coessens-largillier-brut-nature","status":"publish","type":"product","link":"https:\/\/vinosomodena.it\/en\/prodotto\/champagne-coessens-largillier-brut-nature\/","title":{"rendered":"Champagne Coessens &#8220;Largillier&#8221; Brut Nature"},"content":{"rendered":"<p>Lo Champagne Brut Nature Blanc de Noirs \u201cLargillier\u201d di Jerome Coessens \u00e8 un Pinot Noir che nasce nel territorio della C\u00f4te des Bar, la regione pi\u00f9 a sud dell\u2019Appellation Champagne. Grazie al dosaggio zero, esprime la profonda ricchezza e la decisa freschezza tipica dei Pinot Noir dell\u2019Aube. \u00c8 uno Champagne realizzato da un vigneron, che coltiva una piccola vigna producendo poche bottiglie per appassionati, che conquistano, come il \u201cLargillier\u201d, per il profilo\u00a0austero e intenso, ricco di aromi di piccoli frutti di bosco, agrumi, crosta di pane e nitide sensazioni minerali. Secco e verticale, \u00e8 un grande Champagne gastronomico<\/p>\n","protected":false},"excerpt":{"rendered":"<p>Lo Champagne Brut Nature Blanc de Noirs \u201cLargillier\u201d di Jerome Coessens \u00e8 un Pinot Noir che nasce nel territorio della C\u00f4te des Bar, la regione pi\u00f9 a sud dell\u2019Appellation Champagne. Grazie al dosaggio zero, esprime la profonda ricchezza e la decisa freschezza tipica dei Pinot Noir dell\u2019Aube. \u00c8 uno Champagne realizzato da un vigneron, che coltiva una piccola vigna producendo poche bottiglie per appassionati, che conquistano, come il \u201cLargillier\u201d, per il profilo\u00a0austero e intenso, ricco di aromi di piccoli frutti di bosco, agrumi, crosta di pane e nitide sensazioni minerali. Secco e verticale, \u00e8 un grande Champagne gastronomico<\/p>\n","protected":false},"featured_media":17625,"template":"","meta":{"_acf_changed":false},"product_brand":[],"product_cat":[2599],"product_tag":[],"class_list":{"0":"post-11560","1":"product","2":"type-product","3":"status-publish","4":"has-post-thumbnail","6":"product_cat-champagne-en","8":"first","9":"outofstock","10":"sold-individually","11":"purchasable","12":"product-type-simple"},"acf":[],"yoast_head":"<!-- This site is optimized with the Yoast SEO plugin v27.0 - https:\/\/yoast.com\/product\/yoast-seo-wordpress\/ -->\n<title>Champagne Coessens &quot;Largillier&quot; Brut Nature - Vinoso Modena<\/title>\n<meta name=\"robots\" content=\"index, follow, max-snippet:-1, max-image-preview:large, max-video-preview:-1\" \/>\n<link rel=\"canonical\" href=\"https:\/\/vinosomodena.it\/en\/prodotto\/champagne-coessens-largillier-brut-nature\/\" \/>\n<meta property=\"og:locale\" content=\"en_US\" \/>\n<meta property=\"og:type\" content=\"article\" \/>\n<meta property=\"og:title\" content=\"Champagne Coessens &quot;Largillier&quot; Brut Nature - Vinoso Modena\" \/>\n<meta property=\"og:description\" content=\"Lo Champagne Brut Nature Blanc de Noirs \u201cLargillier\u201d di Jerome Coessens \u00e8 un Pinot Noir che nasce nel territorio della C\u00f4te des Bar, la regione pi\u00f9 a sud dell\u2019Appellation Champagne. Grazie al dosaggio zero, esprime la profonda ricchezza e la decisa freschezza tipica dei Pinot Noir dell\u2019Aube. \u00c8 uno Champagne realizzato da un vigneron, che coltiva una piccola vigna producendo poche bottiglie per appassionati, che conquistano, come il \u201cLargillier\u201d, per il profilo\u00a0austero e intenso, ricco di aromi di piccoli frutti di bosco, agrumi, crosta di pane e nitide sensazioni minerali. Secco e verticale, \u00e8 un grande Champagne gastronomico\" \/>\n<meta property=\"og:url\" content=\"https:\/\/vinosomodena.it\/en\/prodotto\/champagne-coessens-largillier-brut-nature\/\" \/>\n<meta property=\"og:site_name\" content=\"Vinoso Modena\" \/>\n<meta property=\"article:modified_time\" content=\"2026-01-17T10:25:09+00:00\" \/>\n<meta property=\"og:image\" content=\"https:\/\/vinosomodena.it\/wp-content\/uploads\/2024\/05\/coessensbrutnature.jpg\" \/>\n\t<meta property=\"og:image:width\" content=\"1500\" \/>\n\t<meta property=\"og:image:height\" content=\"1923\" \/>\n\t<meta property=\"og:image:type\" content=\"image\/jpeg\" \/>\n<meta name=\"twitter:card\" content=\"summary_large_image\" \/>\n<script type=\"application\/ld+json\" class=\"yoast-schema-graph\">{\"@context\":\"https:\/\/schema.org\",\"@graph\":[{\"@type\":\"WebPage\",\"@id\":\"https:\/\/vinosomodena.it\/en\/prodotto\/champagne-coessens-largillier-brut-nature\/\",\"url\":\"https:\/\/vinosomodena.it\/en\/prodotto\/champagne-coessens-largillier-brut-nature\/\",\"name\":\"Champagne Coessens \\\"Largillier\\\" Brut Nature - Vinoso Modena\",\"isPartOf\":{\"@id\":\"https:\/\/vinosomodena.it\/#website\"},\"primaryImageOfPage\":{\"@id\":\"https:\/\/vinosomodena.it\/en\/prodotto\/champagne-coessens-largillier-brut-nature\/#primaryimage\"},\"image\":{\"@id\":\"https:\/\/vinosomodena.it\/en\/prodotto\/champagne-coessens-largillier-brut-nature\/#primaryimage\"},\"thumbnailUrl\":\"https:\/\/vinosomodena.it\/wp-content\/uploads\/2024\/05\/coessensbrutnature.jpg\",\"datePublished\":\"2021-02-14T13:10:27+00:00\",\"dateModified\":\"2026-01-17T10:25:09+00:00\",\"breadcrumb\":{\"@id\":\"https:\/\/vinosomodena.it\/en\/prodotto\/champagne-coessens-largillier-brut-nature\/#breadcrumb\"},\"inLanguage\":\"en-US\",\"potentialAction\":[{\"@type\":\"ReadAction\",\"target\":[\"https:\/\/vinosomodena.it\/en\/prodotto\/champagne-coessens-largillier-brut-nature\/\"]}]},{\"@type\":\"ImageObject\",\"inLanguage\":\"en-US\",\"@id\":\"https:\/\/vinosomodena.it\/en\/prodotto\/champagne-coessens-largillier-brut-nature\/#primaryimage\",\"url\":\"https:\/\/vinosomodena.it\/wp-content\/uploads\/2024\/05\/coessensbrutnature.jpg\",\"contentUrl\":\"https:\/\/vinosomodena.it\/wp-content\/uploads\/2024\/05\/coessensbrutnature.jpg\",\"width\":1500,\"height\":1923},{\"@type\":\"BreadcrumbList\",\"@id\":\"https:\/\/vinosomodena.it\/en\/prodotto\/champagne-coessens-largillier-brut-nature\/#breadcrumb\",\"itemListElement\":[{\"@type\":\"ListItem\",\"position\":1,\"name\":\"Home\",\"item\":\"https:\/\/vinosomodena.it\/\"},{\"@type\":\"ListItem\",\"position\":2,\"name\":\"Shop\",\"item\":\"https:\/\/vinosomodena.it\/negozio\/\"},{\"@type\":\"ListItem\",\"position\":3,\"name\":\"Champagne Coessens &#8220;Largillier&#8221; Brut Nature\"}]},{\"@type\":\"WebSite\",\"@id\":\"https:\/\/vinosomodena.it\/#website\",\"url\":\"https:\/\/vinosomodena.it\/\",\"name\":\"Vinoso Modena\",\"description\":\"I migliori vini, le annate storiche e molto altro ancora.\",\"potentialAction\":[{\"@type\":\"SearchAction\",\"target\":{\"@type\":\"EntryPoint\",\"urlTemplate\":\"https:\/\/vinosomodena.it\/?s={search_term_string}\"},\"query-input\":{\"@type\":\"PropertyValueSpecification\",\"valueRequired\":true,\"valueName\":\"search_term_string\"}}],\"inLanguage\":\"en-US\"}]}<\/script>\n<!-- \/ Yoast SEO plugin. -->","yoast_head_json":{"title":"Champagne Coessens \"Largillier\" Brut Nature - Vinoso Modena","robots":{"index":"index","follow":"follow","max-snippet":"max-snippet:-1","max-image-preview":"max-image-preview:large","max-video-preview":"max-video-preview:-1"},"canonical":"https:\/\/vinosomodena.it\/en\/prodotto\/champagne-coessens-largillier-brut-nature\/","og_locale":"en_US","og_type":"article","og_title":"Champagne Coessens \"Largillier\" Brut Nature - Vinoso Modena","og_description":"Lo Champagne Brut Nature Blanc de Noirs \u201cLargillier\u201d di Jerome Coessens \u00e8 un Pinot Noir che nasce nel territorio della C\u00f4te des Bar, la regione pi\u00f9 a sud dell\u2019Appellation Champagne. Grazie al dosaggio zero, esprime la profonda ricchezza e la decisa freschezza tipica dei Pinot Noir dell\u2019Aube. \u00c8 uno Champagne realizzato da un vigneron, che coltiva una piccola vigna producendo poche bottiglie per appassionati, che conquistano, come il \u201cLargillier\u201d, per il profilo\u00a0austero e intenso, ricco di aromi di piccoli frutti di bosco, agrumi, crosta di pane e nitide sensazioni minerali. Secco e verticale, \u00e8 un grande Champagne gastronomico","og_url":"https:\/\/vinosomodena.it\/en\/prodotto\/champagne-coessens-largillier-brut-nature\/","og_site_name":"Vinoso Modena","article_modified_time":"2026-01-17T10:25:09+00:00","og_image":[{"width":1500,"height":1923,"url":"https:\/\/vinosomodena.it\/wp-content\/uploads\/2024\/05\/coessensbrutnature.jpg","type":"image\/jpeg"}],"twitter_card":"summary_large_image","schema":{"@context":"https:\/\/schema.org","@graph":[{"@type":"WebPage","@id":"https:\/\/vinosomodena.it\/en\/prodotto\/champagne-coessens-largillier-brut-nature\/","url":"https:\/\/vinosomodena.it\/en\/prodotto\/champagne-coessens-largillier-brut-nature\/","name":"Champagne Coessens \"Largillier\" Brut Nature - Vinoso Modena","isPartOf":{"@id":"https:\/\/vinosomodena.it\/#website"},"primaryImageOfPage":{"@id":"https:\/\/vinosomodena.it\/en\/prodotto\/champagne-coessens-largillier-brut-nature\/#primaryimage"},"image":{"@id":"https:\/\/vinosomodena.it\/en\/prodotto\/champagne-coessens-largillier-brut-nature\/#primaryimage"},"thumbnailUrl":"https:\/\/vinosomodena.it\/wp-content\/uploads\/2024\/05\/coessensbrutnature.jpg","datePublished":"2021-02-14T13:10:27+00:00","dateModified":"2026-01-17T10:25:09+00:00","breadcrumb":{"@id":"https:\/\/vinosomodena.it\/en\/prodotto\/champagne-coessens-largillier-brut-nature\/#breadcrumb"},"inLanguage":"en-US","potentialAction":[{"@type":"ReadAction","target":["https:\/\/vinosomodena.it\/en\/prodotto\/champagne-coessens-largillier-brut-nature\/"]}]},{"@type":"ImageObject","inLanguage":"en-US","@id":"https:\/\/vinosomodena.it\/en\/prodotto\/champagne-coessens-largillier-brut-nature\/#primaryimage","url":"https:\/\/vinosomodena.it\/wp-content\/uploads\/2024\/05\/coessensbrutnature.jpg","contentUrl":"https:\/\/vinosomodena.it\/wp-content\/uploads\/2024\/05\/coessensbrutnature.jpg","width":1500,"height":1923},{"@type":"BreadcrumbList","@id":"https:\/\/vinosomodena.it\/en\/prodotto\/champagne-coessens-largillier-brut-nature\/#breadcrumb","itemListElement":[{"@type":"ListItem","position":1,"name":"Home","item":"https:\/\/vinosomodena.it\/"},{"@type":"ListItem","position":2,"name":"Shop","item":"https:\/\/vinosomodena.it\/negozio\/"},{"@type":"ListItem","position":3,"name":"Champagne Coessens &#8220;Largillier&#8221; Brut Nature"}]},{"@type":"WebSite","@id":"https:\/\/vinosomodena.it\/#website","url":"https:\/\/vinosomodena.it\/","name":"Vinoso Modena","description":"I migliori vini, le annate storiche e molto altro ancora.","potentialAction":[{"@type":"SearchAction","target":{"@type":"EntryPoint","urlTemplate":"https:\/\/vinosomodena.it\/?s={search_term_string}"},"query-input":{"@type":"PropertyValueSpecification","valueRequired":true,"valueName":"search_term_string"}}],"inLanguage":"en-US"}]}},"jetpack_sharing_enabled":true,"_links":{"self":[{"href":"https:\/\/vinosomodena.it\/en\/wp-json\/wp\/v2\/product\/11560","targetHints":{"allow":["GET"]}}],"collection":[{"href":"https:\/\/vinosomodena.it\/en\/wp-json\/wp\/v2\/product"}],"about":[{"href":"https:\/\/vinosomodena.it\/en\/wp-json\/wp\/v2\/types\/product"}],"wp:featuredmedia":[{"embeddable":true,"href":"https:\/\/vinosomodena.it\/en\/wp-json\/wp\/v2\/media\/17625"}],"wp:attachment":[{"href":"https:\/\/vinosomodena.it\/en\/wp-json\/wp\/v2\/media?parent=11560"}],"wp:term":[{"taxonomy":"product_brand","embeddable":true,"href":"https:\/\/vinosomodena.it\/en\/wp-json\/wp\/v2\/product_brand?post=11560"},{"taxonomy":"product_cat","embeddable":true,"href":"https:\/\/vinosomodena.it\/en\/wp-json\/wp\/v2\/product_cat?post=11560"},{"taxonomy":"product_tag","embeddable":true,"href":"https:\/\/vinosomodena.it\/en\/wp-json\/wp\/v2\/product_tag?post=11560"}],"curies":[{"name":"wp","href":"https:\/\/api.w.org\/{rel}","templated":true}]}}