{"id":11562,"date":"2021-02-14T14:01:52","date_gmt":"2021-02-14T13:01:52","guid":{"rendered":"https:\/\/vinosomodena.it\/prodotto\/champagne-coessens-largillier\/"},"modified":"2024-03-22T22:46:45","modified_gmt":"2024-03-22T21:46:45","slug":"champagne-coessens-largillier","status":"publish","type":"product","link":"https:\/\/vinosomodena.it\/en\/prodotto\/champagne-coessens-largillier\/","title":{"rendered":"Champagne Coessens &#8220;Largillier&#8221; Brut"},"content":{"rendered":"","protected":false},"excerpt":{"rendered":"<p>Lo Champagne Blanc de Noirs Brut &#8220;Largillier&#8221; di J\u00e9r\u00f4me Coessens \u00e8 un pinot noir in purezza e nasce nella parte pi\u00f9 meridionale della regione. Profondo, deciso e di chiara intensit\u00e0, riposa per almeno 36 mesi sui lieviti, regalando un sorso lungo e di grande carattere.<\/p>\n","protected":false},"featured_media":24432,"template":"","meta":{"_acf_changed":false},"product_brand":[],"product_cat":[],"product_tag":[],"class_list":{"0":"post-11562","1":"product","2":"type-product","3":"status-publish","4":"has-post-thumbnail","7":"first","8":"outofstock","9":"sold-individually","10":"purchasable","11":"product-type-simple"},"acf":[],"yoast_head":"<!-- This site is optimized with the Yoast SEO plugin v27.0 - https:\/\/yoast.com\/product\/yoast-seo-wordpress\/ -->\n<title>Champagne Coessens &quot;Largillier&quot; Brut - Vinoso Modena<\/title>\n<meta name=\"robots\" content=\"index, follow, max-snippet:-1, max-image-preview:large, max-video-preview:-1\" \/>\n<link rel=\"canonical\" href=\"https:\/\/vinosomodena.it\/prodotto\/champagne-coessens-largillier\/\" \/>\n<meta property=\"og:locale\" content=\"en_US\" \/>\n<meta property=\"og:type\" content=\"article\" \/>\n<meta property=\"og:title\" content=\"Champagne Coessens &quot;Largillier&quot; Brut - Vinoso Modena\" \/>\n<meta property=\"og:description\" content=\"Lo Champagne Blanc de Noirs Brut &quot;Largillier&quot; di J\u00e9r\u00f4me Coessens \u00e8 un pinot noir in purezza e nasce nella parte pi\u00f9 meridionale della regione. Profondo, deciso e di chiara intensit\u00e0, riposa per almeno 36 mesi sui lieviti, regalando un sorso lungo e di grande carattere.\" \/>\n<meta property=\"og:url\" content=\"https:\/\/vinosomodena.it\/prodotto\/champagne-coessens-largillier\/\" \/>\n<meta property=\"og:site_name\" content=\"Vinoso Modena\" \/>\n<meta property=\"article:modified_time\" content=\"2024-03-22T21:46:45+00:00\" \/>\n<meta property=\"og:image\" content=\"https:\/\/vinosomodena.it\/wp-content\/uploads\/2025\/10\/coessensbrutdenoir.jpg\" \/>\n\t<meta property=\"og:image:width\" content=\"1500\" \/>\n\t<meta property=\"og:image:height\" content=\"1923\" \/>\n\t<meta property=\"og:image:type\" content=\"image\/jpeg\" \/>\n<meta name=\"twitter:card\" content=\"summary_large_image\" \/>\n<script type=\"application\/ld+json\" class=\"yoast-schema-graph\">{\"@context\":\"https:\/\/schema.org\",\"@graph\":[{\"@type\":\"WebPage\",\"@id\":\"https:\/\/vinosomodena.it\/prodotto\/champagne-coessens-largillier\/\",\"url\":\"https:\/\/vinosomodena.it\/prodotto\/champagne-coessens-largillier\/\",\"name\":\"Champagne Coessens \\\"Largillier\\\" Brut - Vinoso Modena\",\"isPartOf\":{\"@id\":\"https:\/\/vinosomodena.it\/#website\"},\"primaryImageOfPage\":{\"@id\":\"https:\/\/vinosomodena.it\/prodotto\/champagne-coessens-largillier\/#primaryimage\"},\"image\":{\"@id\":\"https:\/\/vinosomodena.it\/prodotto\/champagne-coessens-largillier\/#primaryimage\"},\"thumbnailUrl\":\"https:\/\/vinosomodena.it\/wp-content\/uploads\/2025\/10\/coessensbrutdenoir.jpg\",\"datePublished\":\"2021-02-14T13:01:52+00:00\",\"dateModified\":\"2024-03-22T21:46:45+00:00\",\"breadcrumb\":{\"@id\":\"https:\/\/vinosomodena.it\/prodotto\/champagne-coessens-largillier\/#breadcrumb\"},\"inLanguage\":\"en-US\",\"potentialAction\":[{\"@type\":\"ReadAction\",\"target\":[\"https:\/\/vinosomodena.it\/prodotto\/champagne-coessens-largillier\/\"]}]},{\"@type\":\"ImageObject\",\"inLanguage\":\"en-US\",\"@id\":\"https:\/\/vinosomodena.it\/prodotto\/champagne-coessens-largillier\/#primaryimage\",\"url\":\"https:\/\/vinosomodena.it\/wp-content\/uploads\/2025\/10\/coessensbrutdenoir.jpg\",\"contentUrl\":\"https:\/\/vinosomodena.it\/wp-content\/uploads\/2025\/10\/coessensbrutdenoir.jpg\",\"width\":1500,\"height\":1923},{\"@type\":\"BreadcrumbList\",\"@id\":\"https:\/\/vinosomodena.it\/prodotto\/champagne-coessens-largillier\/#breadcrumb\",\"itemListElement\":[{\"@type\":\"ListItem\",\"position\":1,\"name\":\"Home\",\"item\":\"https:\/\/vinosomodena.it\/\"},{\"@type\":\"ListItem\",\"position\":2,\"name\":\"Shop\",\"item\":\"https:\/\/vinosomodena.it\/negozio\/\"},{\"@type\":\"ListItem\",\"position\":3,\"name\":\"Champagne Coessens &#8220;Largillier&#8221; Brut\"}]},{\"@type\":\"WebSite\",\"@id\":\"https:\/\/vinosomodena.it\/#website\",\"url\":\"https:\/\/vinosomodena.it\/\",\"name\":\"Vinoso Modena\",\"description\":\"I migliori vini, le annate storiche e molto altro ancora.\",\"potentialAction\":[{\"@type\":\"SearchAction\",\"target\":{\"@type\":\"EntryPoint\",\"urlTemplate\":\"https:\/\/vinosomodena.it\/?s={search_term_string}\"},\"query-input\":{\"@type\":\"PropertyValueSpecification\",\"valueRequired\":true,\"valueName\":\"search_term_string\"}}],\"inLanguage\":\"en-US\"}]}<\/script>\n<!-- \/ Yoast SEO plugin. -->","yoast_head_json":{"title":"Champagne Coessens \"Largillier\" Brut - Vinoso Modena","robots":{"index":"index","follow":"follow","max-snippet":"max-snippet:-1","max-image-preview":"max-image-preview:large","max-video-preview":"max-video-preview:-1"},"canonical":"https:\/\/vinosomodena.it\/prodotto\/champagne-coessens-largillier\/","og_locale":"en_US","og_type":"article","og_title":"Champagne Coessens \"Largillier\" Brut - Vinoso Modena","og_description":"Lo Champagne Blanc de Noirs Brut \"Largillier\" di J\u00e9r\u00f4me Coessens \u00e8 un pinot noir in purezza e nasce nella parte pi\u00f9 meridionale della regione. Profondo, deciso e di chiara intensit\u00e0, riposa per almeno 36 mesi sui lieviti, regalando un sorso lungo e di grande carattere.","og_url":"https:\/\/vinosomodena.it\/prodotto\/champagne-coessens-largillier\/","og_site_name":"Vinoso Modena","article_modified_time":"2024-03-22T21:46:45+00:00","og_image":[{"width":1500,"height":1923,"url":"https:\/\/vinosomodena.it\/wp-content\/uploads\/2025\/10\/coessensbrutdenoir.jpg","type":"image\/jpeg"}],"twitter_card":"summary_large_image","schema":{"@context":"https:\/\/schema.org","@graph":[{"@type":"WebPage","@id":"https:\/\/vinosomodena.it\/prodotto\/champagne-coessens-largillier\/","url":"https:\/\/vinosomodena.it\/prodotto\/champagne-coessens-largillier\/","name":"Champagne Coessens \"Largillier\" Brut - Vinoso Modena","isPartOf":{"@id":"https:\/\/vinosomodena.it\/#website"},"primaryImageOfPage":{"@id":"https:\/\/vinosomodena.it\/prodotto\/champagne-coessens-largillier\/#primaryimage"},"image":{"@id":"https:\/\/vinosomodena.it\/prodotto\/champagne-coessens-largillier\/#primaryimage"},"thumbnailUrl":"https:\/\/vinosomodena.it\/wp-content\/uploads\/2025\/10\/coessensbrutdenoir.jpg","datePublished":"2021-02-14T13:01:52+00:00","dateModified":"2024-03-22T21:46:45+00:00","breadcrumb":{"@id":"https:\/\/vinosomodena.it\/prodotto\/champagne-coessens-largillier\/#breadcrumb"},"inLanguage":"en-US","potentialAction":[{"@type":"ReadAction","target":["https:\/\/vinosomodena.it\/prodotto\/champagne-coessens-largillier\/"]}]},{"@type":"ImageObject","inLanguage":"en-US","@id":"https:\/\/vinosomodena.it\/prodotto\/champagne-coessens-largillier\/#primaryimage","url":"https:\/\/vinosomodena.it\/wp-content\/uploads\/2025\/10\/coessensbrutdenoir.jpg","contentUrl":"https:\/\/vinosomodena.it\/wp-content\/uploads\/2025\/10\/coessensbrutdenoir.jpg","width":1500,"height":1923},{"@type":"BreadcrumbList","@id":"https:\/\/vinosomodena.it\/prodotto\/champagne-coessens-largillier\/#breadcrumb","itemListElement":[{"@type":"ListItem","position":1,"name":"Home","item":"https:\/\/vinosomodena.it\/"},{"@type":"ListItem","position":2,"name":"Shop","item":"https:\/\/vinosomodena.it\/negozio\/"},{"@type":"ListItem","position":3,"name":"Champagne Coessens &#8220;Largillier&#8221; Brut"}]},{"@type":"WebSite","@id":"https:\/\/vinosomodena.it\/#website","url":"https:\/\/vinosomodena.it\/","name":"Vinoso Modena","description":"I migliori vini, le annate storiche e molto altro ancora.","potentialAction":[{"@type":"SearchAction","target":{"@type":"EntryPoint","urlTemplate":"https:\/\/vinosomodena.it\/?s={search_term_string}"},"query-input":{"@type":"PropertyValueSpecification","valueRequired":true,"valueName":"search_term_string"}}],"inLanguage":"en-US"}]}},"jetpack_sharing_enabled":true,"_links":{"self":[{"href":"https:\/\/vinosomodena.it\/en\/wp-json\/wp\/v2\/product\/11562","targetHints":{"allow":["GET"]}}],"collection":[{"href":"https:\/\/vinosomodena.it\/en\/wp-json\/wp\/v2\/product"}],"about":[{"href":"https:\/\/vinosomodena.it\/en\/wp-json\/wp\/v2\/types\/product"}],"wp:featuredmedia":[{"embeddable":true,"href":"https:\/\/vinosomodena.it\/en\/wp-json\/wp\/v2\/media\/24432"}],"wp:attachment":[{"href":"https:\/\/vinosomodena.it\/en\/wp-json\/wp\/v2\/media?parent=11562"}],"wp:term":[{"taxonomy":"product_brand","embeddable":true,"href":"https:\/\/vinosomodena.it\/en\/wp-json\/wp\/v2\/product_brand?post=11562"},{"taxonomy":"product_cat","embeddable":true,"href":"https:\/\/vinosomodena.it\/en\/wp-json\/wp\/v2\/product_cat?post=11562"},{"taxonomy":"product_tag","embeddable":true,"href":"https:\/\/vinosomodena.it\/en\/wp-json\/wp\/v2\/product_tag?post=11562"}],"curies":[{"name":"wp","href":"https:\/\/api.w.org\/{rel}","templated":true}]}}