{"id":11571,"date":"2021-02-13T19:19:27","date_gmt":"2021-02-13T18:19:27","guid":{"rendered":"https:\/\/vinosomodena.it\/?post_type=product&#038;p=11571"},"modified":"2025-07-21T13:26:41","modified_gmt":"2025-07-21T11:26:41","slug":"champagne-brochet-le-mont-benoit","status":"publish","type":"product","link":"https:\/\/vinosomodena.it\/en\/prodotto\/champagne-brochet-le-mont-benoit\/","title":{"rendered":"Champagne Brochet Le Mont Benoit"},"content":{"rendered":"","protected":false},"excerpt":{"rendered":"<p>Lo Champagne Extra Brut Premier Cru \u201cLe Mont Benoit\u201d di Emmanuel Brochet \u00e8 un\u2019etichetta di particolare prestigio, realizzata in modo artigianale da uno dei pi\u00f9 quotati vigneron della Champagne. Figlio delle migliori uve della tenuta, \u00e8 uno Champagne realizzato con una\u00a0vinificazione in legno dei vins clairs, che dona al vino una particolare maturit\u00e0 e ricchezza aromatica. La cuv\u00e9e \u00e8 composta da: Meunier, Chardonnay e Pinot Noir in percentuali quasi uguali, secondo lo stile pi\u00f9 classico e tradizionale della Champagne. Il perfetto equilibrio tra i tre vitigni, dona allo Champagne complessit\u00e0 e armonia, con note che ricordano i fiori, gli agrumi e la frutta matura. \u00c8 una grande bottiglia da intenditori, da degustare nel corso di una serata speciale<\/p>\n","protected":false},"featured_media":17066,"template":"","meta":{"_acf_changed":false},"product_brand":[],"product_cat":[2599],"product_tag":[],"class_list":{"0":"post-11571","1":"product","2":"type-product","3":"status-publish","4":"has-post-thumbnail","6":"product_cat-champagne-en","8":"first","9":"outofstock","10":"purchasable","11":"product-type-simple"},"acf":[],"yoast_head":"<!-- This site is optimized with the Yoast SEO plugin v27.0 - https:\/\/yoast.com\/product\/yoast-seo-wordpress\/ -->\n<title>Champagne Brochet Le Mont Benoit - Vinoso Modena<\/title>\n<meta name=\"robots\" content=\"index, follow, max-snippet:-1, max-image-preview:large, max-video-preview:-1\" \/>\n<link rel=\"canonical\" href=\"https:\/\/vinosomodena.it\/en\/prodotto\/champagne-brochet-le-mont-benoit\/\" \/>\n<meta property=\"og:locale\" content=\"en_US\" \/>\n<meta property=\"og:type\" content=\"article\" \/>\n<meta property=\"og:title\" content=\"Champagne Brochet Le Mont Benoit - Vinoso Modena\" \/>\n<meta property=\"og:description\" content=\"Lo Champagne Extra Brut Premier Cru \u201cLe Mont Benoit\u201d di Emmanuel Brochet \u00e8 un\u2019etichetta di particolare prestigio, realizzata in modo artigianale da uno dei pi\u00f9 quotati vigneron della Champagne. Figlio delle migliori uve della tenuta, \u00e8 uno Champagne realizzato con una\u00a0vinificazione in legno dei vins clairs, che dona al vino una particolare maturit\u00e0 e ricchezza aromatica. La cuv\u00e9e \u00e8 composta da: Meunier, Chardonnay e Pinot Noir in percentuali quasi uguali, secondo lo stile pi\u00f9 classico e tradizionale della Champagne. Il perfetto equilibrio tra i tre vitigni, dona allo Champagne complessit\u00e0 e armonia, con note che ricordano i fiori, gli agrumi e la frutta matura. \u00c8 una grande bottiglia da intenditori, da degustare nel corso di una serata speciale\" \/>\n<meta property=\"og:url\" content=\"https:\/\/vinosomodena.it\/en\/prodotto\/champagne-brochet-le-mont-benoit\/\" \/>\n<meta property=\"og:site_name\" content=\"Vinoso Modena\" \/>\n<meta property=\"article:modified_time\" content=\"2025-07-21T11:26:41+00:00\" \/>\n<meta property=\"og:image\" content=\"https:\/\/vinosomodena.it\/wp-content\/uploads\/2024\/04\/brochetextrabrut.jpg\" \/>\n\t<meta property=\"og:image:width\" content=\"1500\" \/>\n\t<meta property=\"og:image:height\" content=\"1923\" \/>\n\t<meta property=\"og:image:type\" content=\"image\/jpeg\" \/>\n<meta name=\"twitter:card\" content=\"summary_large_image\" \/>\n<script type=\"application\/ld+json\" class=\"yoast-schema-graph\">{\"@context\":\"https:\/\/schema.org\",\"@graph\":[{\"@type\":\"WebPage\",\"@id\":\"https:\/\/vinosomodena.it\/en\/prodotto\/champagne-brochet-le-mont-benoit\/\",\"url\":\"https:\/\/vinosomodena.it\/en\/prodotto\/champagne-brochet-le-mont-benoit\/\",\"name\":\"Champagne Brochet Le Mont Benoit - Vinoso Modena\",\"isPartOf\":{\"@id\":\"https:\/\/vinosomodena.it\/#website\"},\"primaryImageOfPage\":{\"@id\":\"https:\/\/vinosomodena.it\/en\/prodotto\/champagne-brochet-le-mont-benoit\/#primaryimage\"},\"image\":{\"@id\":\"https:\/\/vinosomodena.it\/en\/prodotto\/champagne-brochet-le-mont-benoit\/#primaryimage\"},\"thumbnailUrl\":\"https:\/\/vinosomodena.it\/wp-content\/uploads\/2024\/04\/brochetextrabrut.jpg\",\"datePublished\":\"2021-02-13T18:19:27+00:00\",\"dateModified\":\"2025-07-21T11:26:41+00:00\",\"breadcrumb\":{\"@id\":\"https:\/\/vinosomodena.it\/en\/prodotto\/champagne-brochet-le-mont-benoit\/#breadcrumb\"},\"inLanguage\":\"en-US\",\"potentialAction\":[{\"@type\":\"ReadAction\",\"target\":[\"https:\/\/vinosomodena.it\/en\/prodotto\/champagne-brochet-le-mont-benoit\/\"]}]},{\"@type\":\"ImageObject\",\"inLanguage\":\"en-US\",\"@id\":\"https:\/\/vinosomodena.it\/en\/prodotto\/champagne-brochet-le-mont-benoit\/#primaryimage\",\"url\":\"https:\/\/vinosomodena.it\/wp-content\/uploads\/2024\/04\/brochetextrabrut.jpg\",\"contentUrl\":\"https:\/\/vinosomodena.it\/wp-content\/uploads\/2024\/04\/brochetextrabrut.jpg\",\"width\":1500,\"height\":1923},{\"@type\":\"BreadcrumbList\",\"@id\":\"https:\/\/vinosomodena.it\/en\/prodotto\/champagne-brochet-le-mont-benoit\/#breadcrumb\",\"itemListElement\":[{\"@type\":\"ListItem\",\"position\":1,\"name\":\"Home\",\"item\":\"https:\/\/vinosomodena.it\/\"},{\"@type\":\"ListItem\",\"position\":2,\"name\":\"Shop\",\"item\":\"https:\/\/vinosomodena.it\/negozio\/\"},{\"@type\":\"ListItem\",\"position\":3,\"name\":\"Champagne Brochet Le Mont Benoit\"}]},{\"@type\":\"WebSite\",\"@id\":\"https:\/\/vinosomodena.it\/#website\",\"url\":\"https:\/\/vinosomodena.it\/\",\"name\":\"Vinoso Modena\",\"description\":\"I migliori vini, le annate storiche e molto altro ancora.\",\"potentialAction\":[{\"@type\":\"SearchAction\",\"target\":{\"@type\":\"EntryPoint\",\"urlTemplate\":\"https:\/\/vinosomodena.it\/?s={search_term_string}\"},\"query-input\":{\"@type\":\"PropertyValueSpecification\",\"valueRequired\":true,\"valueName\":\"search_term_string\"}}],\"inLanguage\":\"en-US\"}]}<\/script>\n<!-- \/ Yoast SEO plugin. -->","yoast_head_json":{"title":"Champagne Brochet Le Mont Benoit - Vinoso Modena","robots":{"index":"index","follow":"follow","max-snippet":"max-snippet:-1","max-image-preview":"max-image-preview:large","max-video-preview":"max-video-preview:-1"},"canonical":"https:\/\/vinosomodena.it\/en\/prodotto\/champagne-brochet-le-mont-benoit\/","og_locale":"en_US","og_type":"article","og_title":"Champagne Brochet Le Mont Benoit - Vinoso Modena","og_description":"Lo Champagne Extra Brut Premier Cru \u201cLe Mont Benoit\u201d di Emmanuel Brochet \u00e8 un\u2019etichetta di particolare prestigio, realizzata in modo artigianale da uno dei pi\u00f9 quotati vigneron della Champagne. Figlio delle migliori uve della tenuta, \u00e8 uno Champagne realizzato con una\u00a0vinificazione in legno dei vins clairs, che dona al vino una particolare maturit\u00e0 e ricchezza aromatica. La cuv\u00e9e \u00e8 composta da: Meunier, Chardonnay e Pinot Noir in percentuali quasi uguali, secondo lo stile pi\u00f9 classico e tradizionale della Champagne. Il perfetto equilibrio tra i tre vitigni, dona allo Champagne complessit\u00e0 e armonia, con note che ricordano i fiori, gli agrumi e la frutta matura. \u00c8 una grande bottiglia da intenditori, da degustare nel corso di una serata speciale","og_url":"https:\/\/vinosomodena.it\/en\/prodotto\/champagne-brochet-le-mont-benoit\/","og_site_name":"Vinoso Modena","article_modified_time":"2025-07-21T11:26:41+00:00","og_image":[{"width":1500,"height":1923,"url":"https:\/\/vinosomodena.it\/wp-content\/uploads\/2024\/04\/brochetextrabrut.jpg","type":"image\/jpeg"}],"twitter_card":"summary_large_image","schema":{"@context":"https:\/\/schema.org","@graph":[{"@type":"WebPage","@id":"https:\/\/vinosomodena.it\/en\/prodotto\/champagne-brochet-le-mont-benoit\/","url":"https:\/\/vinosomodena.it\/en\/prodotto\/champagne-brochet-le-mont-benoit\/","name":"Champagne Brochet Le Mont Benoit - Vinoso Modena","isPartOf":{"@id":"https:\/\/vinosomodena.it\/#website"},"primaryImageOfPage":{"@id":"https:\/\/vinosomodena.it\/en\/prodotto\/champagne-brochet-le-mont-benoit\/#primaryimage"},"image":{"@id":"https:\/\/vinosomodena.it\/en\/prodotto\/champagne-brochet-le-mont-benoit\/#primaryimage"},"thumbnailUrl":"https:\/\/vinosomodena.it\/wp-content\/uploads\/2024\/04\/brochetextrabrut.jpg","datePublished":"2021-02-13T18:19:27+00:00","dateModified":"2025-07-21T11:26:41+00:00","breadcrumb":{"@id":"https:\/\/vinosomodena.it\/en\/prodotto\/champagne-brochet-le-mont-benoit\/#breadcrumb"},"inLanguage":"en-US","potentialAction":[{"@type":"ReadAction","target":["https:\/\/vinosomodena.it\/en\/prodotto\/champagne-brochet-le-mont-benoit\/"]}]},{"@type":"ImageObject","inLanguage":"en-US","@id":"https:\/\/vinosomodena.it\/en\/prodotto\/champagne-brochet-le-mont-benoit\/#primaryimage","url":"https:\/\/vinosomodena.it\/wp-content\/uploads\/2024\/04\/brochetextrabrut.jpg","contentUrl":"https:\/\/vinosomodena.it\/wp-content\/uploads\/2024\/04\/brochetextrabrut.jpg","width":1500,"height":1923},{"@type":"BreadcrumbList","@id":"https:\/\/vinosomodena.it\/en\/prodotto\/champagne-brochet-le-mont-benoit\/#breadcrumb","itemListElement":[{"@type":"ListItem","position":1,"name":"Home","item":"https:\/\/vinosomodena.it\/"},{"@type":"ListItem","position":2,"name":"Shop","item":"https:\/\/vinosomodena.it\/negozio\/"},{"@type":"ListItem","position":3,"name":"Champagne Brochet Le Mont Benoit"}]},{"@type":"WebSite","@id":"https:\/\/vinosomodena.it\/#website","url":"https:\/\/vinosomodena.it\/","name":"Vinoso Modena","description":"I migliori vini, le annate storiche e molto altro ancora.","potentialAction":[{"@type":"SearchAction","target":{"@type":"EntryPoint","urlTemplate":"https:\/\/vinosomodena.it\/?s={search_term_string}"},"query-input":{"@type":"PropertyValueSpecification","valueRequired":true,"valueName":"search_term_string"}}],"inLanguage":"en-US"}]}},"jetpack_sharing_enabled":true,"_links":{"self":[{"href":"https:\/\/vinosomodena.it\/en\/wp-json\/wp\/v2\/product\/11571","targetHints":{"allow":["GET"]}}],"collection":[{"href":"https:\/\/vinosomodena.it\/en\/wp-json\/wp\/v2\/product"}],"about":[{"href":"https:\/\/vinosomodena.it\/en\/wp-json\/wp\/v2\/types\/product"}],"wp:featuredmedia":[{"embeddable":true,"href":"https:\/\/vinosomodena.it\/en\/wp-json\/wp\/v2\/media\/17066"}],"wp:attachment":[{"href":"https:\/\/vinosomodena.it\/en\/wp-json\/wp\/v2\/media?parent=11571"}],"wp:term":[{"taxonomy":"product_brand","embeddable":true,"href":"https:\/\/vinosomodena.it\/en\/wp-json\/wp\/v2\/product_brand?post=11571"},{"taxonomy":"product_cat","embeddable":true,"href":"https:\/\/vinosomodena.it\/en\/wp-json\/wp\/v2\/product_cat?post=11571"},{"taxonomy":"product_tag","embeddable":true,"href":"https:\/\/vinosomodena.it\/en\/wp-json\/wp\/v2\/product_tag?post=11571"}],"curies":[{"name":"wp","href":"https:\/\/api.w.org\/{rel}","templated":true}]}}