{"id":11591,"date":"2021-02-09T10:45:29","date_gmt":"2021-02-09T09:45:29","guid":{"rendered":"https:\/\/vinosomodena.it\/prodotto\/champagne-marie-noelle-ledru-cuvee-du-goulte-2014\/"},"modified":"2026-01-16T11:29:10","modified_gmt":"2026-01-16T10:29:10","slug":"champagne-marie-noelle-ledru-cuvee-du-goulte-2014","status":"publish","type":"product","link":"https:\/\/vinosomodena.it\/en\/prodotto\/champagne-marie-noelle-ledru-cuvee-du-goulte-2014\/","title":{"rendered":"Champagne Marie Noelle Ledru Cuv\u00e9e du Goult\u00e9 2014"},"content":{"rendered":"<p>La Cuv\u00e9e du Goult\u00e9 \u00e8 uno degli champagne pregiati pi\u00f9 ricercati al mondo, una bollicina francese elegante e raffinata prodotta solo nelle migliori annate da Marie Noelle Ledru, la &#8220;signora del Pinot Nero&#8221;.\u00a0Lo Champagne\u00a0Blanc de Noirs Cuv\u00e9e du Goult\u00e9 nasce da uve 100% Pinot Nero coltivate nel villaggio di Ambonnay dalla Maison Ledru, una piccola realt\u00e0 artigianale che opera in vigna senza interventi chimici nonostante l&#8217;assenza di certificazione.\u00a0Lo champagne Cuv\u00e9e Goult\u00e9 viene prodotto con una prima fermentazione in grandi serbatoi d&#8217;acciaio dove i vini riposeranno alcuni mesi prima di essere assemblati in cuv\u00e9e, la seconda fermentazione avviene, secondo il metodo Champenoise, in bottiglia con una sosta sui lieviti di almeno 60 mesi<\/p>\n","protected":false},"excerpt":{"rendered":"<p>La Cuv\u00e9e du Goult\u00e9 \u00e8 uno degli champagne pregiati pi\u00f9 ricercati al mondo, una bollicina francese elegante e raffinata prodotta solo nelle migliori annate da Marie Noelle Ledru, la &#8220;signora del Pinot Nero&#8221;.\u00a0Lo Champagne\u00a0Blanc de Noirs Cuv\u00e9e du Goult\u00e9 nasce da uve 100% Pinot Nero coltivate nel villaggio di Ambonnay dalla Maison Ledru, una piccola realt\u00e0 artigianale che opera in vigna senza interventi chimici nonostante l&#8217;assenza di certificazione.\u00a0Lo champagne Cuv\u00e9e Goult\u00e9 viene prodotto con una prima fermentazione in grandi serbatoi d&#8217;acciaio dove i vini riposeranno alcuni mesi prima di essere assemblati in cuv\u00e9e, la seconda fermentazione avviene, secondo il metodo Champenoise, in bottiglia con una sosta sui lieviti di almeno 60 mesi<\/p>\n","protected":false},"featured_media":17064,"template":"","meta":{"_acf_changed":false},"product_brand":[],"product_cat":[2599],"product_tag":[],"class_list":{"0":"post-11591","1":"product","2":"type-product","3":"status-publish","4":"has-post-thumbnail","6":"product_cat-champagne-en","8":"first","9":"instock","10":"purchasable","11":"product-type-simple"},"acf":[],"yoast_head":"<!-- This site is optimized with the Yoast SEO plugin v27.0 - https:\/\/yoast.com\/product\/yoast-seo-wordpress\/ -->\n<title>Champagne Marie Noelle Ledru Cuv\u00e9e du Goult\u00e9 2014 - Vinoso Modena<\/title>\n<meta name=\"robots\" content=\"index, follow, max-snippet:-1, max-image-preview:large, max-video-preview:-1\" \/>\n<link rel=\"canonical\" href=\"https:\/\/vinosomodena.it\/en\/prodotto\/champagne-marie-noelle-ledru-cuvee-du-goulte-2014\/\" \/>\n<meta property=\"og:locale\" content=\"en_US\" \/>\n<meta property=\"og:type\" content=\"article\" \/>\n<meta property=\"og:title\" content=\"Champagne Marie Noelle Ledru Cuv\u00e9e du Goult\u00e9 2014 - Vinoso Modena\" \/>\n<meta property=\"og:description\" content=\"La Cuv\u00e9e du Goult\u00e9 \u00e8 uno degli champagne pregiati pi\u00f9 ricercati al mondo, una bollicina francese elegante e raffinata prodotta solo nelle migliori annate da Marie Noelle Ledru, la &quot;signora del Pinot Nero&quot;.\u00a0Lo Champagne\u00a0Blanc de Noirs Cuv\u00e9e du Goult\u00e9 nasce da uve 100% Pinot Nero coltivate nel villaggio di Ambonnay dalla Maison Ledru, una piccola realt\u00e0 artigianale che opera in vigna senza interventi chimici nonostante l&#039;assenza di certificazione.\u00a0Lo champagne Cuv\u00e9e Goult\u00e9 viene prodotto con una prima fermentazione in grandi serbatoi d&#039;acciaio dove i vini riposeranno alcuni mesi prima di essere assemblati in cuv\u00e9e, la seconda fermentazione avviene, secondo il metodo Champenoise, in bottiglia con una sosta sui lieviti di almeno 60 mesi\" \/>\n<meta property=\"og:url\" content=\"https:\/\/vinosomodena.it\/en\/prodotto\/champagne-marie-noelle-ledru-cuvee-du-goulte-2014\/\" \/>\n<meta property=\"og:site_name\" content=\"Vinoso Modena\" \/>\n<meta property=\"article:modified_time\" content=\"2026-01-16T10:29:10+00:00\" \/>\n<meta property=\"og:image\" content=\"https:\/\/vinosomodena.it\/wp-content\/uploads\/2024\/04\/ledruambonnay.jpg\" \/>\n\t<meta property=\"og:image:width\" content=\"1500\" \/>\n\t<meta property=\"og:image:height\" content=\"1923\" \/>\n\t<meta property=\"og:image:type\" content=\"image\/jpeg\" \/>\n<meta name=\"twitter:card\" content=\"summary_large_image\" \/>\n<meta name=\"twitter:label1\" content=\"Est. reading time\" \/>\n\t<meta name=\"twitter:data1\" content=\"1 minute\" \/>\n<script type=\"application\/ld+json\" class=\"yoast-schema-graph\">{\"@context\":\"https:\/\/schema.org\",\"@graph\":[{\"@type\":\"WebPage\",\"@id\":\"https:\/\/vinosomodena.it\/en\/prodotto\/champagne-marie-noelle-ledru-cuvee-du-goulte-2014\/\",\"url\":\"https:\/\/vinosomodena.it\/en\/prodotto\/champagne-marie-noelle-ledru-cuvee-du-goulte-2014\/\",\"name\":\"Champagne Marie Noelle Ledru Cuv\u00e9e du Goult\u00e9 2014 - Vinoso Modena\",\"isPartOf\":{\"@id\":\"https:\/\/vinosomodena.it\/#website\"},\"primaryImageOfPage\":{\"@id\":\"https:\/\/vinosomodena.it\/en\/prodotto\/champagne-marie-noelle-ledru-cuvee-du-goulte-2014\/#primaryimage\"},\"image\":{\"@id\":\"https:\/\/vinosomodena.it\/en\/prodotto\/champagne-marie-noelle-ledru-cuvee-du-goulte-2014\/#primaryimage\"},\"thumbnailUrl\":\"https:\/\/vinosomodena.it\/wp-content\/uploads\/2024\/04\/ledruambonnay.jpg\",\"datePublished\":\"2021-02-09T09:45:29+00:00\",\"dateModified\":\"2026-01-16T10:29:10+00:00\",\"breadcrumb\":{\"@id\":\"https:\/\/vinosomodena.it\/en\/prodotto\/champagne-marie-noelle-ledru-cuvee-du-goulte-2014\/#breadcrumb\"},\"inLanguage\":\"en-US\",\"potentialAction\":[{\"@type\":\"ReadAction\",\"target\":[\"https:\/\/vinosomodena.it\/en\/prodotto\/champagne-marie-noelle-ledru-cuvee-du-goulte-2014\/\"]}]},{\"@type\":\"ImageObject\",\"inLanguage\":\"en-US\",\"@id\":\"https:\/\/vinosomodena.it\/en\/prodotto\/champagne-marie-noelle-ledru-cuvee-du-goulte-2014\/#primaryimage\",\"url\":\"https:\/\/vinosomodena.it\/wp-content\/uploads\/2024\/04\/ledruambonnay.jpg\",\"contentUrl\":\"https:\/\/vinosomodena.it\/wp-content\/uploads\/2024\/04\/ledruambonnay.jpg\",\"width\":1500,\"height\":1923},{\"@type\":\"BreadcrumbList\",\"@id\":\"https:\/\/vinosomodena.it\/en\/prodotto\/champagne-marie-noelle-ledru-cuvee-du-goulte-2014\/#breadcrumb\",\"itemListElement\":[{\"@type\":\"ListItem\",\"position\":1,\"name\":\"Home\",\"item\":\"https:\/\/vinosomodena.it\/\"},{\"@type\":\"ListItem\",\"position\":2,\"name\":\"Shop\",\"item\":\"https:\/\/vinosomodena.it\/negozio\/\"},{\"@type\":\"ListItem\",\"position\":3,\"name\":\"Champagne Marie Noelle Ledru Cuv\u00e9e du Goult\u00e9 2014\"}]},{\"@type\":\"WebSite\",\"@id\":\"https:\/\/vinosomodena.it\/#website\",\"url\":\"https:\/\/vinosomodena.it\/\",\"name\":\"Vinoso Modena\",\"description\":\"I migliori vini, le annate storiche e molto altro ancora.\",\"potentialAction\":[{\"@type\":\"SearchAction\",\"target\":{\"@type\":\"EntryPoint\",\"urlTemplate\":\"https:\/\/vinosomodena.it\/?s={search_term_string}\"},\"query-input\":{\"@type\":\"PropertyValueSpecification\",\"valueRequired\":true,\"valueName\":\"search_term_string\"}}],\"inLanguage\":\"en-US\"}]}<\/script>\n<!-- \/ Yoast SEO plugin. -->","yoast_head_json":{"title":"Champagne Marie Noelle Ledru Cuv\u00e9e du Goult\u00e9 2014 - Vinoso Modena","robots":{"index":"index","follow":"follow","max-snippet":"max-snippet:-1","max-image-preview":"max-image-preview:large","max-video-preview":"max-video-preview:-1"},"canonical":"https:\/\/vinosomodena.it\/en\/prodotto\/champagne-marie-noelle-ledru-cuvee-du-goulte-2014\/","og_locale":"en_US","og_type":"article","og_title":"Champagne Marie Noelle Ledru Cuv\u00e9e du Goult\u00e9 2014 - Vinoso Modena","og_description":"La Cuv\u00e9e du Goult\u00e9 \u00e8 uno degli champagne pregiati pi\u00f9 ricercati al mondo, una bollicina francese elegante e raffinata prodotta solo nelle migliori annate da Marie Noelle Ledru, la \"signora del Pinot Nero\".\u00a0Lo Champagne\u00a0Blanc de Noirs Cuv\u00e9e du Goult\u00e9 nasce da uve 100% Pinot Nero coltivate nel villaggio di Ambonnay dalla Maison Ledru, una piccola realt\u00e0 artigianale che opera in vigna senza interventi chimici nonostante l'assenza di certificazione.\u00a0Lo champagne Cuv\u00e9e Goult\u00e9 viene prodotto con una prima fermentazione in grandi serbatoi d'acciaio dove i vini riposeranno alcuni mesi prima di essere assemblati in cuv\u00e9e, la seconda fermentazione avviene, secondo il metodo Champenoise, in bottiglia con una sosta sui lieviti di almeno 60 mesi","og_url":"https:\/\/vinosomodena.it\/en\/prodotto\/champagne-marie-noelle-ledru-cuvee-du-goulte-2014\/","og_site_name":"Vinoso Modena","article_modified_time":"2026-01-16T10:29:10+00:00","og_image":[{"width":1500,"height":1923,"url":"https:\/\/vinosomodena.it\/wp-content\/uploads\/2024\/04\/ledruambonnay.jpg","type":"image\/jpeg"}],"twitter_card":"summary_large_image","twitter_misc":{"Est. reading time":"1 minute"},"schema":{"@context":"https:\/\/schema.org","@graph":[{"@type":"WebPage","@id":"https:\/\/vinosomodena.it\/en\/prodotto\/champagne-marie-noelle-ledru-cuvee-du-goulte-2014\/","url":"https:\/\/vinosomodena.it\/en\/prodotto\/champagne-marie-noelle-ledru-cuvee-du-goulte-2014\/","name":"Champagne Marie Noelle Ledru Cuv\u00e9e du Goult\u00e9 2014 - Vinoso Modena","isPartOf":{"@id":"https:\/\/vinosomodena.it\/#website"},"primaryImageOfPage":{"@id":"https:\/\/vinosomodena.it\/en\/prodotto\/champagne-marie-noelle-ledru-cuvee-du-goulte-2014\/#primaryimage"},"image":{"@id":"https:\/\/vinosomodena.it\/en\/prodotto\/champagne-marie-noelle-ledru-cuvee-du-goulte-2014\/#primaryimage"},"thumbnailUrl":"https:\/\/vinosomodena.it\/wp-content\/uploads\/2024\/04\/ledruambonnay.jpg","datePublished":"2021-02-09T09:45:29+00:00","dateModified":"2026-01-16T10:29:10+00:00","breadcrumb":{"@id":"https:\/\/vinosomodena.it\/en\/prodotto\/champagne-marie-noelle-ledru-cuvee-du-goulte-2014\/#breadcrumb"},"inLanguage":"en-US","potentialAction":[{"@type":"ReadAction","target":["https:\/\/vinosomodena.it\/en\/prodotto\/champagne-marie-noelle-ledru-cuvee-du-goulte-2014\/"]}]},{"@type":"ImageObject","inLanguage":"en-US","@id":"https:\/\/vinosomodena.it\/en\/prodotto\/champagne-marie-noelle-ledru-cuvee-du-goulte-2014\/#primaryimage","url":"https:\/\/vinosomodena.it\/wp-content\/uploads\/2024\/04\/ledruambonnay.jpg","contentUrl":"https:\/\/vinosomodena.it\/wp-content\/uploads\/2024\/04\/ledruambonnay.jpg","width":1500,"height":1923},{"@type":"BreadcrumbList","@id":"https:\/\/vinosomodena.it\/en\/prodotto\/champagne-marie-noelle-ledru-cuvee-du-goulte-2014\/#breadcrumb","itemListElement":[{"@type":"ListItem","position":1,"name":"Home","item":"https:\/\/vinosomodena.it\/"},{"@type":"ListItem","position":2,"name":"Shop","item":"https:\/\/vinosomodena.it\/negozio\/"},{"@type":"ListItem","position":3,"name":"Champagne Marie Noelle Ledru Cuv\u00e9e du Goult\u00e9 2014"}]},{"@type":"WebSite","@id":"https:\/\/vinosomodena.it\/#website","url":"https:\/\/vinosomodena.it\/","name":"Vinoso Modena","description":"I migliori vini, le annate storiche e molto altro ancora.","potentialAction":[{"@type":"SearchAction","target":{"@type":"EntryPoint","urlTemplate":"https:\/\/vinosomodena.it\/?s={search_term_string}"},"query-input":{"@type":"PropertyValueSpecification","valueRequired":true,"valueName":"search_term_string"}}],"inLanguage":"en-US"}]}},"jetpack_sharing_enabled":true,"_links":{"self":[{"href":"https:\/\/vinosomodena.it\/en\/wp-json\/wp\/v2\/product\/11591","targetHints":{"allow":["GET"]}}],"collection":[{"href":"https:\/\/vinosomodena.it\/en\/wp-json\/wp\/v2\/product"}],"about":[{"href":"https:\/\/vinosomodena.it\/en\/wp-json\/wp\/v2\/types\/product"}],"wp:featuredmedia":[{"embeddable":true,"href":"https:\/\/vinosomodena.it\/en\/wp-json\/wp\/v2\/media\/17064"}],"wp:attachment":[{"href":"https:\/\/vinosomodena.it\/en\/wp-json\/wp\/v2\/media?parent=11591"}],"wp:term":[{"taxonomy":"product_brand","embeddable":true,"href":"https:\/\/vinosomodena.it\/en\/wp-json\/wp\/v2\/product_brand?post=11591"},{"taxonomy":"product_cat","embeddable":true,"href":"https:\/\/vinosomodena.it\/en\/wp-json\/wp\/v2\/product_cat?post=11591"},{"taxonomy":"product_tag","embeddable":true,"href":"https:\/\/vinosomodena.it\/en\/wp-json\/wp\/v2\/product_tag?post=11591"}],"curies":[{"name":"wp","href":"https:\/\/api.w.org\/{rel}","templated":true}]}}