{"id":11676,"date":"2021-01-25T11:53:11","date_gmt":"2021-01-25T10:53:11","guid":{"rendered":"https:\/\/vinosomodena.it\/prodotto\/ornellaia-il-carisma-2015\/"},"modified":"2026-01-10T14:27:43","modified_gmt":"2026-01-10T13:27:43","slug":"ornellaia-il-carisma-2015","status":"publish","type":"product","link":"https:\/\/vinosomodena.it\/en\/prodotto\/ornellaia-il-carisma-2015\/","title":{"rendered":"Ornellaia Il Carisma 2015 DOPPIO MAGNUM"},"content":{"rendered":"<p>Il Bolgheri rosso Superiore &#8220;Ornellaia&#8221; \u00e8 un celebre Supertuscan, un vino toscano nato da blend di vitigni internazionale di grande corpo e potenza. Dopo 18 mesi in barrique si esprime in una complessit\u00e0 di profumi che richiamano la frutta in confettura, il caff\u00e8 e le spezie dolci. Il sorso \u00e8 morbido, ricco e molto equilibrato.<\/p>\n<p>L\u2019artista sudafricano William Kentridge \u00e8 stato scelto per interpretare il carattere \u201cIl Carisma\u201d dell\u2019annata 2015 di Ornellaia. Per la decima edizione del progetto Vendemmia d\u2019Artista ha creato un\u2019opera d\u2019arte per la tenuta, le etichette per una serie limitata di bottiglie in grande formato<\/p>\n","protected":false},"excerpt":{"rendered":"<p>Il Bolgheri rosso Superiore &#8220;Ornellaia&#8221; \u00e8 un celebre Supertuscan, un vino toscano nato da blend di vitigni internazionale di grande corpo e potenza. Dopo 18 mesi in barrique si esprime in una complessit\u00e0 di profumi che richiamano la frutta in confettura, il caff\u00e8 e le spezie dolci. Il sorso \u00e8 morbido, ricco e molto equilibrato.<\/p>\n<p>L\u2019artista sudafricano William Kentridge \u00e8 stato scelto per interpretare il carattere \u201cIl Carisma\u201d dell\u2019annata 2015 di Ornellaia. Per la decima edizione del progetto Vendemmia d\u2019Artista ha creato un\u2019opera d\u2019arte per la tenuta, le etichette per una serie limitata di bottiglie in grande formato.<\/p>\n","protected":false},"featured_media":24420,"template":"","meta":{"_acf_changed":false},"product_brand":[],"product_cat":[2579],"product_tag":[],"class_list":{"0":"post-11676","1":"product","2":"type-product","3":"status-publish","4":"has-post-thumbnail","6":"product_cat-red-wine","8":"first","9":"outofstock","10":"sold-individually","11":"purchasable","12":"product-type-simple"},"acf":[],"yoast_head":"<!-- This site is optimized with the Yoast SEO plugin v27.4 - https:\/\/yoast.com\/product\/yoast-seo-wordpress\/ -->\n<title>Ornellaia Il Carisma 2015 DOPPIO MAGNUM - Vinoso Modena<\/title>\n<meta name=\"robots\" content=\"index, follow, max-snippet:-1, max-image-preview:large, max-video-preview:-1\" \/>\n<link rel=\"canonical\" href=\"https:\/\/vinosomodena.it\/en\/prodotto\/ornellaia-il-carisma-2015\/\" \/>\n<meta property=\"og:locale\" content=\"en_US\" \/>\n<meta property=\"og:type\" content=\"article\" \/>\n<meta property=\"og:title\" content=\"Ornellaia Il Carisma 2015 DOPPIO MAGNUM - Vinoso Modena\" \/>\n<meta property=\"og:description\" content=\"Il Bolgheri rosso Superiore &quot;Ornellaia&quot; \u00e8 un celebre Supertuscan, un vino toscano nato da blend di vitigni internazionale di grande corpo e potenza. Dopo 18 mesi in barrique si esprime in una complessit\u00e0 di profumi che richiamano la frutta in confettura, il caff\u00e8 e le spezie dolci. Il sorso \u00e8 morbido, ricco e molto equilibrato.  L\u2019artista sudafricano William Kentridge \u00e8 stato scelto per interpretare il carattere \u201cIl Carisma\u201d dell\u2019annata 2015 di Ornellaia. Per la decima edizione del progetto Vendemmia d\u2019Artista ha creato un\u2019opera d\u2019arte per la tenuta, le etichette per una serie limitata di bottiglie in grande formato.\" \/>\n<meta property=\"og:url\" content=\"https:\/\/vinosomodena.it\/en\/prodotto\/ornellaia-il-carisma-2015\/\" \/>\n<meta property=\"og:site_name\" content=\"Vinoso Modena\" \/>\n<meta property=\"article:modified_time\" content=\"2026-01-10T13:27:43+00:00\" \/>\n<meta property=\"og:image\" content=\"https:\/\/vinosomodena.it\/wp-content\/uploads\/2025\/10\/ornellaia20153litri.jpg\" \/>\n\t<meta property=\"og:image:width\" content=\"1500\" \/>\n\t<meta property=\"og:image:height\" content=\"1923\" \/>\n\t<meta property=\"og:image:type\" content=\"image\/jpeg\" \/>\n<meta name=\"twitter:card\" content=\"summary_large_image\" \/>\n<script type=\"application\/ld+json\" class=\"yoast-schema-graph\">{\"@context\":\"https:\\\/\\\/schema.org\",\"@graph\":[{\"@type\":\"WebPage\",\"@id\":\"https:\\\/\\\/vinosomodena.it\\\/en\\\/prodotto\\\/ornellaia-il-carisma-2015\\\/\",\"url\":\"https:\\\/\\\/vinosomodena.it\\\/en\\\/prodotto\\\/ornellaia-il-carisma-2015\\\/\",\"name\":\"Ornellaia Il Carisma 2015 DOPPIO MAGNUM - Vinoso Modena\",\"isPartOf\":{\"@id\":\"https:\\\/\\\/vinosomodena.it\\\/#website\"},\"primaryImageOfPage\":{\"@id\":\"https:\\\/\\\/vinosomodena.it\\\/en\\\/prodotto\\\/ornellaia-il-carisma-2015\\\/#primaryimage\"},\"image\":{\"@id\":\"https:\\\/\\\/vinosomodena.it\\\/en\\\/prodotto\\\/ornellaia-il-carisma-2015\\\/#primaryimage\"},\"thumbnailUrl\":\"https:\\\/\\\/vinosomodena.it\\\/wp-content\\\/uploads\\\/2025\\\/10\\\/ornellaia20153litri.jpg\",\"datePublished\":\"2021-01-25T10:53:11+00:00\",\"dateModified\":\"2026-01-10T13:27:43+00:00\",\"breadcrumb\":{\"@id\":\"https:\\\/\\\/vinosomodena.it\\\/en\\\/prodotto\\\/ornellaia-il-carisma-2015\\\/#breadcrumb\"},\"inLanguage\":\"en-US\",\"potentialAction\":[{\"@type\":\"ReadAction\",\"target\":[\"https:\\\/\\\/vinosomodena.it\\\/en\\\/prodotto\\\/ornellaia-il-carisma-2015\\\/\"]}]},{\"@type\":\"ImageObject\",\"inLanguage\":\"en-US\",\"@id\":\"https:\\\/\\\/vinosomodena.it\\\/en\\\/prodotto\\\/ornellaia-il-carisma-2015\\\/#primaryimage\",\"url\":\"https:\\\/\\\/vinosomodena.it\\\/wp-content\\\/uploads\\\/2025\\\/10\\\/ornellaia20153litri.jpg\",\"contentUrl\":\"https:\\\/\\\/vinosomodena.it\\\/wp-content\\\/uploads\\\/2025\\\/10\\\/ornellaia20153litri.jpg\",\"width\":1500,\"height\":1923},{\"@type\":\"BreadcrumbList\",\"@id\":\"https:\\\/\\\/vinosomodena.it\\\/en\\\/prodotto\\\/ornellaia-il-carisma-2015\\\/#breadcrumb\",\"itemListElement\":[{\"@type\":\"ListItem\",\"position\":1,\"name\":\"Home\",\"item\":\"https:\\\/\\\/vinosomodena.it\\\/\"},{\"@type\":\"ListItem\",\"position\":2,\"name\":\"Shop\",\"item\":\"https:\\\/\\\/vinosomodena.it\\\/negozio\\\/\"},{\"@type\":\"ListItem\",\"position\":3,\"name\":\"Ornellaia Il Carisma 2015 DOPPIO MAGNUM\"}]},{\"@type\":\"WebSite\",\"@id\":\"https:\\\/\\\/vinosomodena.it\\\/#website\",\"url\":\"https:\\\/\\\/vinosomodena.it\\\/\",\"name\":\"Vinoso Modena\",\"description\":\"I migliori vini, le annate storiche e molto altro ancora.\",\"potentialAction\":[{\"@type\":\"SearchAction\",\"target\":{\"@type\":\"EntryPoint\",\"urlTemplate\":\"https:\\\/\\\/vinosomodena.it\\\/?s={search_term_string}\"},\"query-input\":{\"@type\":\"PropertyValueSpecification\",\"valueRequired\":true,\"valueName\":\"search_term_string\"}}],\"inLanguage\":\"en-US\"}]}<\/script>\n<!-- \/ Yoast SEO plugin. -->","yoast_head_json":{"title":"Ornellaia Il Carisma 2015 DOPPIO MAGNUM - Vinoso Modena","robots":{"index":"index","follow":"follow","max-snippet":"max-snippet:-1","max-image-preview":"max-image-preview:large","max-video-preview":"max-video-preview:-1"},"canonical":"https:\/\/vinosomodena.it\/en\/prodotto\/ornellaia-il-carisma-2015\/","og_locale":"en_US","og_type":"article","og_title":"Ornellaia Il Carisma 2015 DOPPIO MAGNUM - Vinoso Modena","og_description":"Il Bolgheri rosso Superiore \"Ornellaia\" \u00e8 un celebre Supertuscan, un vino toscano nato da blend di vitigni internazionale di grande corpo e potenza. Dopo 18 mesi in barrique si esprime in una complessit\u00e0 di profumi che richiamano la frutta in confettura, il caff\u00e8 e le spezie dolci. Il sorso \u00e8 morbido, ricco e molto equilibrato.  L\u2019artista sudafricano William Kentridge \u00e8 stato scelto per interpretare il carattere \u201cIl Carisma\u201d dell\u2019annata 2015 di Ornellaia. Per la decima edizione del progetto Vendemmia d\u2019Artista ha creato un\u2019opera d\u2019arte per la tenuta, le etichette per una serie limitata di bottiglie in grande formato.","og_url":"https:\/\/vinosomodena.it\/en\/prodotto\/ornellaia-il-carisma-2015\/","og_site_name":"Vinoso Modena","article_modified_time":"2026-01-10T13:27:43+00:00","og_image":[{"width":1500,"height":1923,"url":"https:\/\/vinosomodena.it\/wp-content\/uploads\/2025\/10\/ornellaia20153litri.jpg","type":"image\/jpeg"}],"twitter_card":"summary_large_image","schema":{"@context":"https:\/\/schema.org","@graph":[{"@type":"WebPage","@id":"https:\/\/vinosomodena.it\/en\/prodotto\/ornellaia-il-carisma-2015\/","url":"https:\/\/vinosomodena.it\/en\/prodotto\/ornellaia-il-carisma-2015\/","name":"Ornellaia Il Carisma 2015 DOPPIO MAGNUM - Vinoso Modena","isPartOf":{"@id":"https:\/\/vinosomodena.it\/#website"},"primaryImageOfPage":{"@id":"https:\/\/vinosomodena.it\/en\/prodotto\/ornellaia-il-carisma-2015\/#primaryimage"},"image":{"@id":"https:\/\/vinosomodena.it\/en\/prodotto\/ornellaia-il-carisma-2015\/#primaryimage"},"thumbnailUrl":"https:\/\/vinosomodena.it\/wp-content\/uploads\/2025\/10\/ornellaia20153litri.jpg","datePublished":"2021-01-25T10:53:11+00:00","dateModified":"2026-01-10T13:27:43+00:00","breadcrumb":{"@id":"https:\/\/vinosomodena.it\/en\/prodotto\/ornellaia-il-carisma-2015\/#breadcrumb"},"inLanguage":"en-US","potentialAction":[{"@type":"ReadAction","target":["https:\/\/vinosomodena.it\/en\/prodotto\/ornellaia-il-carisma-2015\/"]}]},{"@type":"ImageObject","inLanguage":"en-US","@id":"https:\/\/vinosomodena.it\/en\/prodotto\/ornellaia-il-carisma-2015\/#primaryimage","url":"https:\/\/vinosomodena.it\/wp-content\/uploads\/2025\/10\/ornellaia20153litri.jpg","contentUrl":"https:\/\/vinosomodena.it\/wp-content\/uploads\/2025\/10\/ornellaia20153litri.jpg","width":1500,"height":1923},{"@type":"BreadcrumbList","@id":"https:\/\/vinosomodena.it\/en\/prodotto\/ornellaia-il-carisma-2015\/#breadcrumb","itemListElement":[{"@type":"ListItem","position":1,"name":"Home","item":"https:\/\/vinosomodena.it\/"},{"@type":"ListItem","position":2,"name":"Shop","item":"https:\/\/vinosomodena.it\/negozio\/"},{"@type":"ListItem","position":3,"name":"Ornellaia Il Carisma 2015 DOPPIO MAGNUM"}]},{"@type":"WebSite","@id":"https:\/\/vinosomodena.it\/#website","url":"https:\/\/vinosomodena.it\/","name":"Vinoso Modena","description":"I migliori vini, le annate storiche e molto altro ancora.","potentialAction":[{"@type":"SearchAction","target":{"@type":"EntryPoint","urlTemplate":"https:\/\/vinosomodena.it\/?s={search_term_string}"},"query-input":{"@type":"PropertyValueSpecification","valueRequired":true,"valueName":"search_term_string"}}],"inLanguage":"en-US"}]}},"jetpack_sharing_enabled":true,"_links":{"self":[{"href":"https:\/\/vinosomodena.it\/en\/wp-json\/wp\/v2\/product\/11676","targetHints":{"allow":["GET"]}}],"collection":[{"href":"https:\/\/vinosomodena.it\/en\/wp-json\/wp\/v2\/product"}],"about":[{"href":"https:\/\/vinosomodena.it\/en\/wp-json\/wp\/v2\/types\/product"}],"wp:featuredmedia":[{"embeddable":true,"href":"https:\/\/vinosomodena.it\/en\/wp-json\/wp\/v2\/media\/24420"}],"wp:attachment":[{"href":"https:\/\/vinosomodena.it\/en\/wp-json\/wp\/v2\/media?parent=11676"}],"wp:term":[{"taxonomy":"product_brand","embeddable":true,"href":"https:\/\/vinosomodena.it\/en\/wp-json\/wp\/v2\/product_brand?post=11676"},{"taxonomy":"product_cat","embeddable":true,"href":"https:\/\/vinosomodena.it\/en\/wp-json\/wp\/v2\/product_cat?post=11676"},{"taxonomy":"product_tag","embeddable":true,"href":"https:\/\/vinosomodena.it\/en\/wp-json\/wp\/v2\/product_tag?post=11676"}],"curies":[{"name":"wp","href":"https:\/\/api.w.org\/{rel}","templated":true}]}}