{"id":11704,"date":"2021-01-24T11:53:50","date_gmt":"2021-01-24T10:53:50","guid":{"rendered":"https:\/\/vinosomodena.it\/prodotto\/vietti-barolo-ravera-2014\/"},"modified":"2026-01-15T08:27:52","modified_gmt":"2026-01-15T07:27:52","slug":"vietti-barolo-ravera-2014","status":"publish","type":"product","link":"https:\/\/vinosomodena.it\/en\/prodotto\/vietti-barolo-ravera-2014\/","title":{"rendered":"Vietti Barolo Ravera 2014"},"content":{"rendered":"<p>Prodotto dal vigneto singolo Ravera che si trova nel comune di Novello, con circa 4500 piante per ettaro di 25 anni di et\u00e0 media. La parte pi\u00f9 vecchia fu piantata nel 1935. Ravera di Novello \u00e8 una favolosa collina con esposizione sud-ovest, con terreno calcareo-argilloso. Con una superficie di 3 ettari circa. La fermentazione dura circa 4\/5 settimane in vasca di acciaio a contatto con le bucce. Questo tempo comprende macerazione pre e post fermentativa con l\u2019uso dell\u2019antico metodo del cappello sommerso. Lenta malolattica in botte, fino alla primavera inoltrata. Il vino quindi rimane pi\u00f9 di un anno sulle fecce della malolattica senza travasi. Invecchia 32 mesi in botti grandi di rovere.<\/p>\n<p>&nbsp;<\/p>\n","protected":false},"excerpt":{"rendered":"<p>Prodotto dal vigneto singolo Ravera che si trova nel comune di Novello, con circa 4500 piante per ettaro di 25 anni di et\u00e0 media. La parte pi\u00f9 vecchia fu piantata nel 1935. Ravera di Novello \u00e8 una favolosa collina con esposizione sud-ovest, con terreno calcareo-argilloso. Con una superficie di 3 ettari circa. La fermentazione dura circa 4\/5 settimane in vasca di acciaio a contatto con le bucce. Questo tempo comprende macerazione pre e post fermentativa con l\u2019uso dell\u2019antico metodo del cappello sommerso. Lenta malolattica in botte, fino alla primavera inoltrata. Il vino quindi rimane pi\u00f9 di un anno sulle fecce della malolattica senza travasi. Invecchia 32 mesi in botti grandi di rovere.<\/p>\n<p>&nbsp;<\/p>\n","protected":false},"featured_media":24416,"template":"","meta":{"_acf_changed":false},"product_brand":[],"product_cat":[2579],"product_tag":[],"class_list":{"0":"post-11704","1":"product","2":"type-product","3":"status-publish","4":"has-post-thumbnail","6":"product_cat-red-wine","8":"first","9":"instock","10":"purchasable","11":"product-type-simple"},"acf":[],"yoast_head":"<!-- This site is optimized with the Yoast SEO plugin v27.0 - https:\/\/yoast.com\/product\/yoast-seo-wordpress\/ -->\n<title>Vietti Barolo Ravera 2014 - Vinoso Modena<\/title>\n<meta name=\"robots\" content=\"index, follow, max-snippet:-1, max-image-preview:large, max-video-preview:-1\" \/>\n<link rel=\"canonical\" href=\"https:\/\/vinosomodena.it\/en\/prodotto\/vietti-barolo-ravera-2014\/\" \/>\n<meta property=\"og:locale\" content=\"en_US\" \/>\n<meta property=\"og:type\" content=\"article\" \/>\n<meta property=\"og:title\" content=\"Vietti Barolo Ravera 2014 - Vinoso Modena\" \/>\n<meta property=\"og:description\" content=\"Prodotto dal vigneto singolo Ravera che si trova nel comune di Novello, con circa 4500 piante per ettaro di 25 anni di et\u00e0 media. La parte pi\u00f9 vecchia fu piantata nel 1935. Ravera di Novello \u00e8 una favolosa collina con esposizione sud-ovest, con terreno calcareo-argilloso. Con una superficie di 3 ettari circa. La fermentazione dura circa 4\/5 settimane in vasca di acciaio a contatto con le bucce. Questo tempo comprende macerazione pre e post fermentativa con l\u2019uso dell\u2019antico metodo del cappello sommerso. Lenta malolattica in botte, fino alla primavera inoltrata. Il vino quindi rimane pi\u00f9 di un anno sulle fecce della malolattica senza travasi. Invecchia 32 mesi in botti grandi di rovere.  &nbsp;\" \/>\n<meta property=\"og:url\" content=\"https:\/\/vinosomodena.it\/en\/prodotto\/vietti-barolo-ravera-2014\/\" \/>\n<meta property=\"og:site_name\" content=\"Vinoso Modena\" \/>\n<meta property=\"article:modified_time\" content=\"2026-01-15T07:27:52+00:00\" \/>\n<meta property=\"og:image\" content=\"https:\/\/vinosomodena.it\/wp-content\/uploads\/2025\/10\/baroloravera2014.jpg\" \/>\n\t<meta property=\"og:image:width\" content=\"1500\" \/>\n\t<meta property=\"og:image:height\" content=\"1923\" \/>\n\t<meta property=\"og:image:type\" content=\"image\/jpeg\" \/>\n<meta name=\"twitter:card\" content=\"summary_large_image\" \/>\n<meta name=\"twitter:label1\" content=\"Est. reading time\" \/>\n\t<meta name=\"twitter:data1\" content=\"1 minute\" \/>\n<script type=\"application\/ld+json\" class=\"yoast-schema-graph\">{\"@context\":\"https:\/\/schema.org\",\"@graph\":[{\"@type\":\"WebPage\",\"@id\":\"https:\/\/vinosomodena.it\/en\/prodotto\/vietti-barolo-ravera-2014\/\",\"url\":\"https:\/\/vinosomodena.it\/en\/prodotto\/vietti-barolo-ravera-2014\/\",\"name\":\"Vietti Barolo Ravera 2014 - Vinoso Modena\",\"isPartOf\":{\"@id\":\"https:\/\/vinosomodena.it\/#website\"},\"primaryImageOfPage\":{\"@id\":\"https:\/\/vinosomodena.it\/en\/prodotto\/vietti-barolo-ravera-2014\/#primaryimage\"},\"image\":{\"@id\":\"https:\/\/vinosomodena.it\/en\/prodotto\/vietti-barolo-ravera-2014\/#primaryimage\"},\"thumbnailUrl\":\"https:\/\/vinosomodena.it\/wp-content\/uploads\/2025\/10\/baroloravera2014.jpg\",\"datePublished\":\"2021-01-24T10:53:50+00:00\",\"dateModified\":\"2026-01-15T07:27:52+00:00\",\"breadcrumb\":{\"@id\":\"https:\/\/vinosomodena.it\/en\/prodotto\/vietti-barolo-ravera-2014\/#breadcrumb\"},\"inLanguage\":\"en-US\",\"potentialAction\":[{\"@type\":\"ReadAction\",\"target\":[\"https:\/\/vinosomodena.it\/en\/prodotto\/vietti-barolo-ravera-2014\/\"]}]},{\"@type\":\"ImageObject\",\"inLanguage\":\"en-US\",\"@id\":\"https:\/\/vinosomodena.it\/en\/prodotto\/vietti-barolo-ravera-2014\/#primaryimage\",\"url\":\"https:\/\/vinosomodena.it\/wp-content\/uploads\/2025\/10\/baroloravera2014.jpg\",\"contentUrl\":\"https:\/\/vinosomodena.it\/wp-content\/uploads\/2025\/10\/baroloravera2014.jpg\",\"width\":1500,\"height\":1923},{\"@type\":\"BreadcrumbList\",\"@id\":\"https:\/\/vinosomodena.it\/en\/prodotto\/vietti-barolo-ravera-2014\/#breadcrumb\",\"itemListElement\":[{\"@type\":\"ListItem\",\"position\":1,\"name\":\"Home\",\"item\":\"https:\/\/vinosomodena.it\/\"},{\"@type\":\"ListItem\",\"position\":2,\"name\":\"Shop\",\"item\":\"https:\/\/vinosomodena.it\/negozio\/\"},{\"@type\":\"ListItem\",\"position\":3,\"name\":\"Vietti Barolo Ravera 2014\"}]},{\"@type\":\"WebSite\",\"@id\":\"https:\/\/vinosomodena.it\/#website\",\"url\":\"https:\/\/vinosomodena.it\/\",\"name\":\"Vinoso Modena\",\"description\":\"I migliori vini, le annate storiche e molto altro ancora.\",\"potentialAction\":[{\"@type\":\"SearchAction\",\"target\":{\"@type\":\"EntryPoint\",\"urlTemplate\":\"https:\/\/vinosomodena.it\/?s={search_term_string}\"},\"query-input\":{\"@type\":\"PropertyValueSpecification\",\"valueRequired\":true,\"valueName\":\"search_term_string\"}}],\"inLanguage\":\"en-US\"}]}<\/script>\n<!-- \/ Yoast SEO plugin. -->","yoast_head_json":{"title":"Vietti Barolo Ravera 2014 - Vinoso Modena","robots":{"index":"index","follow":"follow","max-snippet":"max-snippet:-1","max-image-preview":"max-image-preview:large","max-video-preview":"max-video-preview:-1"},"canonical":"https:\/\/vinosomodena.it\/en\/prodotto\/vietti-barolo-ravera-2014\/","og_locale":"en_US","og_type":"article","og_title":"Vietti Barolo Ravera 2014 - Vinoso Modena","og_description":"Prodotto dal vigneto singolo Ravera che si trova nel comune di Novello, con circa 4500 piante per ettaro di 25 anni di et\u00e0 media. La parte pi\u00f9 vecchia fu piantata nel 1935. Ravera di Novello \u00e8 una favolosa collina con esposizione sud-ovest, con terreno calcareo-argilloso. Con una superficie di 3 ettari circa. La fermentazione dura circa 4\/5 settimane in vasca di acciaio a contatto con le bucce. Questo tempo comprende macerazione pre e post fermentativa con l\u2019uso dell\u2019antico metodo del cappello sommerso. Lenta malolattica in botte, fino alla primavera inoltrata. Il vino quindi rimane pi\u00f9 di un anno sulle fecce della malolattica senza travasi. Invecchia 32 mesi in botti grandi di rovere.  &nbsp;","og_url":"https:\/\/vinosomodena.it\/en\/prodotto\/vietti-barolo-ravera-2014\/","og_site_name":"Vinoso Modena","article_modified_time":"2026-01-15T07:27:52+00:00","og_image":[{"width":1500,"height":1923,"url":"https:\/\/vinosomodena.it\/wp-content\/uploads\/2025\/10\/baroloravera2014.jpg","type":"image\/jpeg"}],"twitter_card":"summary_large_image","twitter_misc":{"Est. reading time":"1 minute"},"schema":{"@context":"https:\/\/schema.org","@graph":[{"@type":"WebPage","@id":"https:\/\/vinosomodena.it\/en\/prodotto\/vietti-barolo-ravera-2014\/","url":"https:\/\/vinosomodena.it\/en\/prodotto\/vietti-barolo-ravera-2014\/","name":"Vietti Barolo Ravera 2014 - Vinoso Modena","isPartOf":{"@id":"https:\/\/vinosomodena.it\/#website"},"primaryImageOfPage":{"@id":"https:\/\/vinosomodena.it\/en\/prodotto\/vietti-barolo-ravera-2014\/#primaryimage"},"image":{"@id":"https:\/\/vinosomodena.it\/en\/prodotto\/vietti-barolo-ravera-2014\/#primaryimage"},"thumbnailUrl":"https:\/\/vinosomodena.it\/wp-content\/uploads\/2025\/10\/baroloravera2014.jpg","datePublished":"2021-01-24T10:53:50+00:00","dateModified":"2026-01-15T07:27:52+00:00","breadcrumb":{"@id":"https:\/\/vinosomodena.it\/en\/prodotto\/vietti-barolo-ravera-2014\/#breadcrumb"},"inLanguage":"en-US","potentialAction":[{"@type":"ReadAction","target":["https:\/\/vinosomodena.it\/en\/prodotto\/vietti-barolo-ravera-2014\/"]}]},{"@type":"ImageObject","inLanguage":"en-US","@id":"https:\/\/vinosomodena.it\/en\/prodotto\/vietti-barolo-ravera-2014\/#primaryimage","url":"https:\/\/vinosomodena.it\/wp-content\/uploads\/2025\/10\/baroloravera2014.jpg","contentUrl":"https:\/\/vinosomodena.it\/wp-content\/uploads\/2025\/10\/baroloravera2014.jpg","width":1500,"height":1923},{"@type":"BreadcrumbList","@id":"https:\/\/vinosomodena.it\/en\/prodotto\/vietti-barolo-ravera-2014\/#breadcrumb","itemListElement":[{"@type":"ListItem","position":1,"name":"Home","item":"https:\/\/vinosomodena.it\/"},{"@type":"ListItem","position":2,"name":"Shop","item":"https:\/\/vinosomodena.it\/negozio\/"},{"@type":"ListItem","position":3,"name":"Vietti Barolo Ravera 2014"}]},{"@type":"WebSite","@id":"https:\/\/vinosomodena.it\/#website","url":"https:\/\/vinosomodena.it\/","name":"Vinoso Modena","description":"I migliori vini, le annate storiche e molto altro ancora.","potentialAction":[{"@type":"SearchAction","target":{"@type":"EntryPoint","urlTemplate":"https:\/\/vinosomodena.it\/?s={search_term_string}"},"query-input":{"@type":"PropertyValueSpecification","valueRequired":true,"valueName":"search_term_string"}}],"inLanguage":"en-US"}]}},"jetpack_sharing_enabled":true,"_links":{"self":[{"href":"https:\/\/vinosomodena.it\/en\/wp-json\/wp\/v2\/product\/11704","targetHints":{"allow":["GET"]}}],"collection":[{"href":"https:\/\/vinosomodena.it\/en\/wp-json\/wp\/v2\/product"}],"about":[{"href":"https:\/\/vinosomodena.it\/en\/wp-json\/wp\/v2\/types\/product"}],"wp:featuredmedia":[{"embeddable":true,"href":"https:\/\/vinosomodena.it\/en\/wp-json\/wp\/v2\/media\/24416"}],"wp:attachment":[{"href":"https:\/\/vinosomodena.it\/en\/wp-json\/wp\/v2\/media?parent=11704"}],"wp:term":[{"taxonomy":"product_brand","embeddable":true,"href":"https:\/\/vinosomodena.it\/en\/wp-json\/wp\/v2\/product_brand?post=11704"},{"taxonomy":"product_cat","embeddable":true,"href":"https:\/\/vinosomodena.it\/en\/wp-json\/wp\/v2\/product_cat?post=11704"},{"taxonomy":"product_tag","embeddable":true,"href":"https:\/\/vinosomodena.it\/en\/wp-json\/wp\/v2\/product_tag?post=11704"}],"curies":[{"name":"wp","href":"https:\/\/api.w.org\/{rel}","templated":true}]}}