{"id":11745,"date":"2021-01-23T19:15:51","date_gmt":"2021-01-23T18:15:51","guid":{"rendered":"https:\/\/vinosomodena.it\/prodotto\/valentini-montepulciano-dabruzzo-2017\/"},"modified":"2024-03-22T22:46:59","modified_gmt":"2024-03-22T21:46:59","slug":"valentini-montepulciano-dabruzzo-2017","status":"publish","type":"product","link":"https:\/\/vinosomodena.it\/en\/prodotto\/valentini-montepulciano-dabruzzo-2017\/","title":{"rendered":"Valentini Montepulciano d&#8217;Abruzzo 2017"},"content":{"rendered":"","protected":false},"excerpt":{"rendered":"<p>Il Montepulciano di Valentini \u00e8 uno straordinario e multiforme rosso, nell&#8217;olimpo dei vini italiani. Pochi nomi come quello di Valentini sono capaci di emozionare gli appassionati, in virt\u00f9 di espressioni sfaccettate e complesse, capaci di sfidare il tempo rinnovandosi. Questo Montepulciano d&#8217;Abruzzo riempie il calice con la sua veste rosso rubino impenetrabile. Naso ampissimo, quasi impossibile da definire con un numero di descrittori contenuto: caff\u00e8, prugna, cioccolato, humus, foglie bagnate. Tutto in un bicchiere, e con la modalit\u00e0 espressiva graduale e pacata dei fuoriclasse. Il sorso non \u00e8 da meno, riempie la bocca in virt\u00f9 della sua materia ricca e scolpita, trascinato da una freschezza travolgente. Il finale \u00e8 lunghissimo e difficilmente dimenticabile. Bottiglia immensa, che siede alla tavola dei pi\u00f9 grandi vini del mondo<\/p>\n","protected":false},"featured_media":13685,"template":"","meta":{"_acf_changed":false},"product_brand":[],"product_cat":[2579],"product_tag":[],"class_list":{"0":"post-11745","1":"product","2":"type-product","3":"status-publish","4":"has-post-thumbnail","6":"product_cat-red-wine","8":"first","9":"outofstock","10":"purchasable","11":"product-type-simple"},"acf":[],"yoast_head":"<!-- This site is optimized with the Yoast SEO plugin v27.0 - https:\/\/yoast.com\/product\/yoast-seo-wordpress\/ -->\n<title>Valentini Montepulciano d&#039;Abruzzo 2017 - Vinoso Modena<\/title>\n<meta name=\"robots\" content=\"index, follow, max-snippet:-1, max-image-preview:large, max-video-preview:-1\" \/>\n<link rel=\"canonical\" href=\"https:\/\/vinosomodena.it\/en\/prodotto\/valentini-montepulciano-dabruzzo-2017\/\" \/>\n<meta property=\"og:locale\" content=\"en_US\" \/>\n<meta property=\"og:type\" content=\"article\" \/>\n<meta property=\"og:title\" content=\"Valentini Montepulciano d&#039;Abruzzo 2017 - Vinoso Modena\" \/>\n<meta property=\"og:description\" content=\"Il Montepulciano di Valentini \u00e8 uno straordinario e multiforme rosso, nell&#039;olimpo dei vini italiani. Pochi nomi come quello di Valentini sono capaci di emozionare gli appassionati, in virt\u00f9 di espressioni sfaccettate e complesse, capaci di sfidare il tempo rinnovandosi. Questo Montepulciano d&#039;Abruzzo riempie il calice con la sua veste rosso rubino impenetrabile. Naso ampissimo, quasi impossibile da definire con un numero di descrittori contenuto: caff\u00e8, prugna, cioccolato, humus, foglie bagnate. Tutto in un bicchiere, e con la modalit\u00e0 espressiva graduale e pacata dei fuoriclasse. Il sorso non \u00e8 da meno, riempie la bocca in virt\u00f9 della sua materia ricca e scolpita, trascinato da una freschezza travolgente. Il finale \u00e8 lunghissimo e difficilmente dimenticabile. Bottiglia immensa, che siede alla tavola dei pi\u00f9 grandi vini del mondo\" \/>\n<meta property=\"og:url\" content=\"https:\/\/vinosomodena.it\/en\/prodotto\/valentini-montepulciano-dabruzzo-2017\/\" \/>\n<meta property=\"og:site_name\" content=\"Vinoso Modena\" \/>\n<meta property=\"article:modified_time\" content=\"2024-03-22T21:46:59+00:00\" \/>\n<meta property=\"og:image\" content=\"https:\/\/vinosomodena.it\/wp-content\/uploads\/2023\/10\/1697112547_Valentini20Montepulciano20dAbruzzo202017.jpg\" \/>\n\t<meta property=\"og:image:width\" content=\"1500\" \/>\n\t<meta property=\"og:image:height\" content=\"1923\" \/>\n\t<meta property=\"og:image:type\" content=\"image\/jpeg\" \/>\n<meta name=\"twitter:card\" content=\"summary_large_image\" \/>\n<script type=\"application\/ld+json\" class=\"yoast-schema-graph\">{\"@context\":\"https:\/\/schema.org\",\"@graph\":[{\"@type\":\"WebPage\",\"@id\":\"https:\/\/vinosomodena.it\/en\/prodotto\/valentini-montepulciano-dabruzzo-2017\/\",\"url\":\"https:\/\/vinosomodena.it\/en\/prodotto\/valentini-montepulciano-dabruzzo-2017\/\",\"name\":\"Valentini Montepulciano d'Abruzzo 2017 - Vinoso Modena\",\"isPartOf\":{\"@id\":\"https:\/\/vinosomodena.it\/#website\"},\"primaryImageOfPage\":{\"@id\":\"https:\/\/vinosomodena.it\/en\/prodotto\/valentini-montepulciano-dabruzzo-2017\/#primaryimage\"},\"image\":{\"@id\":\"https:\/\/vinosomodena.it\/en\/prodotto\/valentini-montepulciano-dabruzzo-2017\/#primaryimage\"},\"thumbnailUrl\":\"https:\/\/vinosomodena.it\/wp-content\/uploads\/2023\/10\/1697112547_Valentini20Montepulciano20dAbruzzo202017.jpg\",\"datePublished\":\"2021-01-23T18:15:51+00:00\",\"dateModified\":\"2024-03-22T21:46:59+00:00\",\"breadcrumb\":{\"@id\":\"https:\/\/vinosomodena.it\/en\/prodotto\/valentini-montepulciano-dabruzzo-2017\/#breadcrumb\"},\"inLanguage\":\"en-US\",\"potentialAction\":[{\"@type\":\"ReadAction\",\"target\":[\"https:\/\/vinosomodena.it\/en\/prodotto\/valentini-montepulciano-dabruzzo-2017\/\"]}]},{\"@type\":\"ImageObject\",\"inLanguage\":\"en-US\",\"@id\":\"https:\/\/vinosomodena.it\/en\/prodotto\/valentini-montepulciano-dabruzzo-2017\/#primaryimage\",\"url\":\"https:\/\/vinosomodena.it\/wp-content\/uploads\/2023\/10\/1697112547_Valentini20Montepulciano20dAbruzzo202017.jpg\",\"contentUrl\":\"https:\/\/vinosomodena.it\/wp-content\/uploads\/2023\/10\/1697112547_Valentini20Montepulciano20dAbruzzo202017.jpg\",\"width\":1500,\"height\":1923},{\"@type\":\"BreadcrumbList\",\"@id\":\"https:\/\/vinosomodena.it\/en\/prodotto\/valentini-montepulciano-dabruzzo-2017\/#breadcrumb\",\"itemListElement\":[{\"@type\":\"ListItem\",\"position\":1,\"name\":\"Home\",\"item\":\"https:\/\/vinosomodena.it\/\"},{\"@type\":\"ListItem\",\"position\":2,\"name\":\"Shop\",\"item\":\"https:\/\/vinosomodena.it\/negozio\/\"},{\"@type\":\"ListItem\",\"position\":3,\"name\":\"Valentini Montepulciano d&#8217;Abruzzo 2017\"}]},{\"@type\":\"WebSite\",\"@id\":\"https:\/\/vinosomodena.it\/#website\",\"url\":\"https:\/\/vinosomodena.it\/\",\"name\":\"Vinoso Modena\",\"description\":\"I migliori vini, le annate storiche e molto altro ancora.\",\"potentialAction\":[{\"@type\":\"SearchAction\",\"target\":{\"@type\":\"EntryPoint\",\"urlTemplate\":\"https:\/\/vinosomodena.it\/?s={search_term_string}\"},\"query-input\":{\"@type\":\"PropertyValueSpecification\",\"valueRequired\":true,\"valueName\":\"search_term_string\"}}],\"inLanguage\":\"en-US\"}]}<\/script>\n<!-- \/ Yoast SEO plugin. -->","yoast_head_json":{"title":"Valentini Montepulciano d'Abruzzo 2017 - Vinoso Modena","robots":{"index":"index","follow":"follow","max-snippet":"max-snippet:-1","max-image-preview":"max-image-preview:large","max-video-preview":"max-video-preview:-1"},"canonical":"https:\/\/vinosomodena.it\/en\/prodotto\/valentini-montepulciano-dabruzzo-2017\/","og_locale":"en_US","og_type":"article","og_title":"Valentini Montepulciano d'Abruzzo 2017 - Vinoso Modena","og_description":"Il Montepulciano di Valentini \u00e8 uno straordinario e multiforme rosso, nell'olimpo dei vini italiani. Pochi nomi come quello di Valentini sono capaci di emozionare gli appassionati, in virt\u00f9 di espressioni sfaccettate e complesse, capaci di sfidare il tempo rinnovandosi. Questo Montepulciano d'Abruzzo riempie il calice con la sua veste rosso rubino impenetrabile. Naso ampissimo, quasi impossibile da definire con un numero di descrittori contenuto: caff\u00e8, prugna, cioccolato, humus, foglie bagnate. Tutto in un bicchiere, e con la modalit\u00e0 espressiva graduale e pacata dei fuoriclasse. Il sorso non \u00e8 da meno, riempie la bocca in virt\u00f9 della sua materia ricca e scolpita, trascinato da una freschezza travolgente. Il finale \u00e8 lunghissimo e difficilmente dimenticabile. Bottiglia immensa, che siede alla tavola dei pi\u00f9 grandi vini del mondo","og_url":"https:\/\/vinosomodena.it\/en\/prodotto\/valentini-montepulciano-dabruzzo-2017\/","og_site_name":"Vinoso Modena","article_modified_time":"2024-03-22T21:46:59+00:00","og_image":[{"width":1500,"height":1923,"url":"https:\/\/vinosomodena.it\/wp-content\/uploads\/2023\/10\/1697112547_Valentini20Montepulciano20dAbruzzo202017.jpg","type":"image\/jpeg"}],"twitter_card":"summary_large_image","schema":{"@context":"https:\/\/schema.org","@graph":[{"@type":"WebPage","@id":"https:\/\/vinosomodena.it\/en\/prodotto\/valentini-montepulciano-dabruzzo-2017\/","url":"https:\/\/vinosomodena.it\/en\/prodotto\/valentini-montepulciano-dabruzzo-2017\/","name":"Valentini Montepulciano d'Abruzzo 2017 - Vinoso Modena","isPartOf":{"@id":"https:\/\/vinosomodena.it\/#website"},"primaryImageOfPage":{"@id":"https:\/\/vinosomodena.it\/en\/prodotto\/valentini-montepulciano-dabruzzo-2017\/#primaryimage"},"image":{"@id":"https:\/\/vinosomodena.it\/en\/prodotto\/valentini-montepulciano-dabruzzo-2017\/#primaryimage"},"thumbnailUrl":"https:\/\/vinosomodena.it\/wp-content\/uploads\/2023\/10\/1697112547_Valentini20Montepulciano20dAbruzzo202017.jpg","datePublished":"2021-01-23T18:15:51+00:00","dateModified":"2024-03-22T21:46:59+00:00","breadcrumb":{"@id":"https:\/\/vinosomodena.it\/en\/prodotto\/valentini-montepulciano-dabruzzo-2017\/#breadcrumb"},"inLanguage":"en-US","potentialAction":[{"@type":"ReadAction","target":["https:\/\/vinosomodena.it\/en\/prodotto\/valentini-montepulciano-dabruzzo-2017\/"]}]},{"@type":"ImageObject","inLanguage":"en-US","@id":"https:\/\/vinosomodena.it\/en\/prodotto\/valentini-montepulciano-dabruzzo-2017\/#primaryimage","url":"https:\/\/vinosomodena.it\/wp-content\/uploads\/2023\/10\/1697112547_Valentini20Montepulciano20dAbruzzo202017.jpg","contentUrl":"https:\/\/vinosomodena.it\/wp-content\/uploads\/2023\/10\/1697112547_Valentini20Montepulciano20dAbruzzo202017.jpg","width":1500,"height":1923},{"@type":"BreadcrumbList","@id":"https:\/\/vinosomodena.it\/en\/prodotto\/valentini-montepulciano-dabruzzo-2017\/#breadcrumb","itemListElement":[{"@type":"ListItem","position":1,"name":"Home","item":"https:\/\/vinosomodena.it\/"},{"@type":"ListItem","position":2,"name":"Shop","item":"https:\/\/vinosomodena.it\/negozio\/"},{"@type":"ListItem","position":3,"name":"Valentini Montepulciano d&#8217;Abruzzo 2017"}]},{"@type":"WebSite","@id":"https:\/\/vinosomodena.it\/#website","url":"https:\/\/vinosomodena.it\/","name":"Vinoso Modena","description":"I migliori vini, le annate storiche e molto altro ancora.","potentialAction":[{"@type":"SearchAction","target":{"@type":"EntryPoint","urlTemplate":"https:\/\/vinosomodena.it\/?s={search_term_string}"},"query-input":{"@type":"PropertyValueSpecification","valueRequired":true,"valueName":"search_term_string"}}],"inLanguage":"en-US"}]}},"jetpack_sharing_enabled":true,"_links":{"self":[{"href":"https:\/\/vinosomodena.it\/en\/wp-json\/wp\/v2\/product\/11745","targetHints":{"allow":["GET"]}}],"collection":[{"href":"https:\/\/vinosomodena.it\/en\/wp-json\/wp\/v2\/product"}],"about":[{"href":"https:\/\/vinosomodena.it\/en\/wp-json\/wp\/v2\/types\/product"}],"wp:featuredmedia":[{"embeddable":true,"href":"https:\/\/vinosomodena.it\/en\/wp-json\/wp\/v2\/media\/13685"}],"wp:attachment":[{"href":"https:\/\/vinosomodena.it\/en\/wp-json\/wp\/v2\/media?parent=11745"}],"wp:term":[{"taxonomy":"product_brand","embeddable":true,"href":"https:\/\/vinosomodena.it\/en\/wp-json\/wp\/v2\/product_brand?post=11745"},{"taxonomy":"product_cat","embeddable":true,"href":"https:\/\/vinosomodena.it\/en\/wp-json\/wp\/v2\/product_cat?post=11745"},{"taxonomy":"product_tag","embeddable":true,"href":"https:\/\/vinosomodena.it\/en\/wp-json\/wp\/v2\/product_tag?post=11745"}],"curies":[{"name":"wp","href":"https:\/\/api.w.org\/{rel}","templated":true}]}}