{"id":11785,"date":"2021-01-12T10:44:12","date_gmt":"2021-01-12T09:44:12","guid":{"rendered":"https:\/\/vinosomodena.it\/prodotto\/champagne-bollinger-la-grande-annee-2014-astucciato\/"},"modified":"2026-02-08T18:17:25","modified_gmt":"2026-02-08T17:17:25","slug":"champagne-bollinger-la-grande-annee-2014-astucciato","status":"publish","type":"product","link":"https:\/\/vinosomodena.it\/en\/prodotto\/champagne-bollinger-la-grande-annee-2014-astucciato\/","title":{"rendered":"Champagne Bollinger La Grande Ann\u00e9e 2014"},"content":{"rendered":"<p>Questo Champagne, proposto con il suo elegante astuccio, dice tutto gi\u00e0 con il suo nome. \u201cLa Grande Ann\u00e9e\u201d \u00e8 un nome di una semplicit\u00e0 evidente, che vuole per\u00f2 sottolineare al massimo lo stato eccezionale di questo vino. Nella maison Bollinger solo le annate veramente fuori dal comune hanno il privilegio di essere millesimate. La vendemmia si \u00e8 rivelata davvero straordinaria come straordinari sono gli Champagne ottenuti con le uve in quell\u2019anno raccolte. \u201cLa Grande Ann\u00e9e\u201d fermenta in tonneaux e segue un periodo di invecchiamento in cantina pi\u00f9 di due volte superiore a quanto previsto dal disciplinare della denominazione. Anche se \u00e8 gi\u00e0 stato detto, vale la pena ripetersi: \u00e8 uno Champagne straordinario<\/p>\n","protected":false},"excerpt":{"rendered":"<p>Questo Champagne, proposto con il suo elegante astuccio, dice tutto gi\u00e0 con il suo nome. \u201cLa Grande Ann\u00e9e\u201d \u00e8 un nome di una semplicit\u00e0 evidente, che vuole per\u00f2 sottolineare al massimo lo stato eccezionale di questo vino. Nella maison Bollinger solo le annate veramente fuori dal comune hanno il privilegio di essere millesimate. La vendemmia si \u00e8 rivelata davvero straordinaria come straordinari sono gli Champagne ottenuti con le uve in quell\u2019anno raccolte. \u201cLa Grande Ann\u00e9e\u201d fermenta in tonneaux e segue un periodo di invecchiamento in cantina pi\u00f9 di due volte superiore a quanto previsto dal disciplinare della denominazione. Anche se \u00e8 gi\u00e0 stato detto, vale la pena ripetersi: \u00e8 uno Champagne straordinario<\/p>\n","protected":false},"featured_media":20985,"template":"","meta":{"_acf_changed":false},"product_brand":[],"product_cat":[2599],"product_tag":[],"class_list":{"0":"post-11785","1":"product","2":"type-product","3":"status-publish","4":"has-post-thumbnail","6":"product_cat-champagne-en","8":"first","9":"instock","10":"purchasable","11":"product-type-simple"},"acf":[],"yoast_head":"<!-- This site is optimized with the Yoast SEO plugin v27.0 - https:\/\/yoast.com\/product\/yoast-seo-wordpress\/ -->\n<title>Champagne Bollinger La Grande Ann\u00e9e 2014 - Vinoso Modena<\/title>\n<meta name=\"robots\" content=\"index, follow, max-snippet:-1, max-image-preview:large, max-video-preview:-1\" \/>\n<link rel=\"canonical\" href=\"https:\/\/vinosomodena.it\/en\/prodotto\/champagne-bollinger-la-grande-annee-2014-astucciato\/\" \/>\n<meta property=\"og:locale\" content=\"en_US\" \/>\n<meta property=\"og:type\" content=\"article\" \/>\n<meta property=\"og:title\" content=\"Champagne Bollinger La Grande Ann\u00e9e 2014 - Vinoso Modena\" \/>\n<meta property=\"og:description\" content=\"Questo Champagne, proposto con il suo elegante astuccio, dice tutto gi\u00e0 con il suo nome. \u201cLa Grande Ann\u00e9e\u201d \u00e8 un nome di una semplicit\u00e0 evidente, che vuole per\u00f2 sottolineare al massimo lo stato eccezionale di questo vino. Nella maison Bollinger solo le annate veramente fuori dal comune hanno il privilegio di essere millesimate. La vendemmia si \u00e8 rivelata davvero straordinaria come straordinari sono gli Champagne ottenuti con le uve in quell\u2019anno raccolte. \u201cLa Grande Ann\u00e9e\u201d fermenta in tonneaux e segue un periodo di invecchiamento in cantina pi\u00f9 di due volte superiore a quanto previsto dal disciplinare della denominazione. Anche se \u00e8 gi\u00e0 stato detto, vale la pena ripetersi: \u00e8 uno Champagne straordinario\" \/>\n<meta property=\"og:url\" content=\"https:\/\/vinosomodena.it\/en\/prodotto\/champagne-bollinger-la-grande-annee-2014-astucciato\/\" \/>\n<meta property=\"og:site_name\" content=\"Vinoso Modena\" \/>\n<meta property=\"article:modified_time\" content=\"2026-02-08T17:17:25+00:00\" \/>\n<meta property=\"og:image\" content=\"https:\/\/vinosomodena.it\/wp-content\/uploads\/2025\/03\/1698076035_bollinger20le20grande20annee.jpg\" \/>\n\t<meta property=\"og:image:width\" content=\"1500\" \/>\n\t<meta property=\"og:image:height\" content=\"1923\" \/>\n\t<meta property=\"og:image:type\" content=\"image\/jpeg\" \/>\n<meta name=\"twitter:card\" content=\"summary_large_image\" \/>\n<script type=\"application\/ld+json\" class=\"yoast-schema-graph\">{\"@context\":\"https:\/\/schema.org\",\"@graph\":[{\"@type\":\"WebPage\",\"@id\":\"https:\/\/vinosomodena.it\/en\/prodotto\/champagne-bollinger-la-grande-annee-2014-astucciato\/\",\"url\":\"https:\/\/vinosomodena.it\/en\/prodotto\/champagne-bollinger-la-grande-annee-2014-astucciato\/\",\"name\":\"Champagne Bollinger La Grande Ann\u00e9e 2014 - Vinoso Modena\",\"isPartOf\":{\"@id\":\"https:\/\/vinosomodena.it\/#website\"},\"primaryImageOfPage\":{\"@id\":\"https:\/\/vinosomodena.it\/en\/prodotto\/champagne-bollinger-la-grande-annee-2014-astucciato\/#primaryimage\"},\"image\":{\"@id\":\"https:\/\/vinosomodena.it\/en\/prodotto\/champagne-bollinger-la-grande-annee-2014-astucciato\/#primaryimage\"},\"thumbnailUrl\":\"https:\/\/vinosomodena.it\/wp-content\/uploads\/2025\/03\/1698076035_bollinger20le20grande20annee.jpg\",\"datePublished\":\"2021-01-12T09:44:12+00:00\",\"dateModified\":\"2026-02-08T17:17:25+00:00\",\"breadcrumb\":{\"@id\":\"https:\/\/vinosomodena.it\/en\/prodotto\/champagne-bollinger-la-grande-annee-2014-astucciato\/#breadcrumb\"},\"inLanguage\":\"en-US\",\"potentialAction\":[{\"@type\":\"ReadAction\",\"target\":[\"https:\/\/vinosomodena.it\/en\/prodotto\/champagne-bollinger-la-grande-annee-2014-astucciato\/\"]}]},{\"@type\":\"ImageObject\",\"inLanguage\":\"en-US\",\"@id\":\"https:\/\/vinosomodena.it\/en\/prodotto\/champagne-bollinger-la-grande-annee-2014-astucciato\/#primaryimage\",\"url\":\"https:\/\/vinosomodena.it\/wp-content\/uploads\/2025\/03\/1698076035_bollinger20le20grande20annee.jpg\",\"contentUrl\":\"https:\/\/vinosomodena.it\/wp-content\/uploads\/2025\/03\/1698076035_bollinger20le20grande20annee.jpg\",\"width\":1500,\"height\":1923},{\"@type\":\"BreadcrumbList\",\"@id\":\"https:\/\/vinosomodena.it\/en\/prodotto\/champagne-bollinger-la-grande-annee-2014-astucciato\/#breadcrumb\",\"itemListElement\":[{\"@type\":\"ListItem\",\"position\":1,\"name\":\"Home\",\"item\":\"https:\/\/vinosomodena.it\/\"},{\"@type\":\"ListItem\",\"position\":2,\"name\":\"Shop\",\"item\":\"https:\/\/vinosomodena.it\/negozio\/\"},{\"@type\":\"ListItem\",\"position\":3,\"name\":\"Champagne Bollinger La Grande Ann\u00e9e 2014\"}]},{\"@type\":\"WebSite\",\"@id\":\"https:\/\/vinosomodena.it\/#website\",\"url\":\"https:\/\/vinosomodena.it\/\",\"name\":\"Vinoso Modena\",\"description\":\"I migliori vini, le annate storiche e molto altro ancora.\",\"potentialAction\":[{\"@type\":\"SearchAction\",\"target\":{\"@type\":\"EntryPoint\",\"urlTemplate\":\"https:\/\/vinosomodena.it\/?s={search_term_string}\"},\"query-input\":{\"@type\":\"PropertyValueSpecification\",\"valueRequired\":true,\"valueName\":\"search_term_string\"}}],\"inLanguage\":\"en-US\"}]}<\/script>\n<!-- \/ Yoast SEO plugin. -->","yoast_head_json":{"title":"Champagne Bollinger La Grande Ann\u00e9e 2014 - Vinoso Modena","robots":{"index":"index","follow":"follow","max-snippet":"max-snippet:-1","max-image-preview":"max-image-preview:large","max-video-preview":"max-video-preview:-1"},"canonical":"https:\/\/vinosomodena.it\/en\/prodotto\/champagne-bollinger-la-grande-annee-2014-astucciato\/","og_locale":"en_US","og_type":"article","og_title":"Champagne Bollinger La Grande Ann\u00e9e 2014 - Vinoso Modena","og_description":"Questo Champagne, proposto con il suo elegante astuccio, dice tutto gi\u00e0 con il suo nome. \u201cLa Grande Ann\u00e9e\u201d \u00e8 un nome di una semplicit\u00e0 evidente, che vuole per\u00f2 sottolineare al massimo lo stato eccezionale di questo vino. Nella maison Bollinger solo le annate veramente fuori dal comune hanno il privilegio di essere millesimate. La vendemmia si \u00e8 rivelata davvero straordinaria come straordinari sono gli Champagne ottenuti con le uve in quell\u2019anno raccolte. \u201cLa Grande Ann\u00e9e\u201d fermenta in tonneaux e segue un periodo di invecchiamento in cantina pi\u00f9 di due volte superiore a quanto previsto dal disciplinare della denominazione. Anche se \u00e8 gi\u00e0 stato detto, vale la pena ripetersi: \u00e8 uno Champagne straordinario","og_url":"https:\/\/vinosomodena.it\/en\/prodotto\/champagne-bollinger-la-grande-annee-2014-astucciato\/","og_site_name":"Vinoso Modena","article_modified_time":"2026-02-08T17:17:25+00:00","og_image":[{"width":1500,"height":1923,"url":"https:\/\/vinosomodena.it\/wp-content\/uploads\/2025\/03\/1698076035_bollinger20le20grande20annee.jpg","type":"image\/jpeg"}],"twitter_card":"summary_large_image","schema":{"@context":"https:\/\/schema.org","@graph":[{"@type":"WebPage","@id":"https:\/\/vinosomodena.it\/en\/prodotto\/champagne-bollinger-la-grande-annee-2014-astucciato\/","url":"https:\/\/vinosomodena.it\/en\/prodotto\/champagne-bollinger-la-grande-annee-2014-astucciato\/","name":"Champagne Bollinger La Grande Ann\u00e9e 2014 - Vinoso Modena","isPartOf":{"@id":"https:\/\/vinosomodena.it\/#website"},"primaryImageOfPage":{"@id":"https:\/\/vinosomodena.it\/en\/prodotto\/champagne-bollinger-la-grande-annee-2014-astucciato\/#primaryimage"},"image":{"@id":"https:\/\/vinosomodena.it\/en\/prodotto\/champagne-bollinger-la-grande-annee-2014-astucciato\/#primaryimage"},"thumbnailUrl":"https:\/\/vinosomodena.it\/wp-content\/uploads\/2025\/03\/1698076035_bollinger20le20grande20annee.jpg","datePublished":"2021-01-12T09:44:12+00:00","dateModified":"2026-02-08T17:17:25+00:00","breadcrumb":{"@id":"https:\/\/vinosomodena.it\/en\/prodotto\/champagne-bollinger-la-grande-annee-2014-astucciato\/#breadcrumb"},"inLanguage":"en-US","potentialAction":[{"@type":"ReadAction","target":["https:\/\/vinosomodena.it\/en\/prodotto\/champagne-bollinger-la-grande-annee-2014-astucciato\/"]}]},{"@type":"ImageObject","inLanguage":"en-US","@id":"https:\/\/vinosomodena.it\/en\/prodotto\/champagne-bollinger-la-grande-annee-2014-astucciato\/#primaryimage","url":"https:\/\/vinosomodena.it\/wp-content\/uploads\/2025\/03\/1698076035_bollinger20le20grande20annee.jpg","contentUrl":"https:\/\/vinosomodena.it\/wp-content\/uploads\/2025\/03\/1698076035_bollinger20le20grande20annee.jpg","width":1500,"height":1923},{"@type":"BreadcrumbList","@id":"https:\/\/vinosomodena.it\/en\/prodotto\/champagne-bollinger-la-grande-annee-2014-astucciato\/#breadcrumb","itemListElement":[{"@type":"ListItem","position":1,"name":"Home","item":"https:\/\/vinosomodena.it\/"},{"@type":"ListItem","position":2,"name":"Shop","item":"https:\/\/vinosomodena.it\/negozio\/"},{"@type":"ListItem","position":3,"name":"Champagne Bollinger La Grande Ann\u00e9e 2014"}]},{"@type":"WebSite","@id":"https:\/\/vinosomodena.it\/#website","url":"https:\/\/vinosomodena.it\/","name":"Vinoso Modena","description":"I migliori vini, le annate storiche e molto altro ancora.","potentialAction":[{"@type":"SearchAction","target":{"@type":"EntryPoint","urlTemplate":"https:\/\/vinosomodena.it\/?s={search_term_string}"},"query-input":{"@type":"PropertyValueSpecification","valueRequired":true,"valueName":"search_term_string"}}],"inLanguage":"en-US"}]}},"jetpack_sharing_enabled":true,"_links":{"self":[{"href":"https:\/\/vinosomodena.it\/en\/wp-json\/wp\/v2\/product\/11785","targetHints":{"allow":["GET"]}}],"collection":[{"href":"https:\/\/vinosomodena.it\/en\/wp-json\/wp\/v2\/product"}],"about":[{"href":"https:\/\/vinosomodena.it\/en\/wp-json\/wp\/v2\/types\/product"}],"wp:featuredmedia":[{"embeddable":true,"href":"https:\/\/vinosomodena.it\/en\/wp-json\/wp\/v2\/media\/20985"}],"wp:attachment":[{"href":"https:\/\/vinosomodena.it\/en\/wp-json\/wp\/v2\/media?parent=11785"}],"wp:term":[{"taxonomy":"product_brand","embeddable":true,"href":"https:\/\/vinosomodena.it\/en\/wp-json\/wp\/v2\/product_brand?post=11785"},{"taxonomy":"product_cat","embeddable":true,"href":"https:\/\/vinosomodena.it\/en\/wp-json\/wp\/v2\/product_cat?post=11785"},{"taxonomy":"product_tag","embeddable":true,"href":"https:\/\/vinosomodena.it\/en\/wp-json\/wp\/v2\/product_tag?post=11785"}],"curies":[{"name":"wp","href":"https:\/\/api.w.org\/{rel}","templated":true}]}}