{"id":11804,"date":"2021-01-07T17:32:25","date_gmt":"2021-01-07T16:32:25","guid":{"rendered":"https:\/\/vinosomodena.it\/?post_type=product&#038;p=11804"},"modified":"2026-02-06T13:37:06","modified_gmt":"2026-02-06T12:37:06","slug":"jermann-blau-blau-2017","status":"publish","type":"product","link":"https:\/\/vinosomodena.it\/en\/prodotto\/jermann-blau-blau-2017\/","title":{"rendered":"JERMANN BLAU &amp; BLAU 2021"},"content":{"rendered":"<p>Il Blau Blau di Jermann \u00e8 un vino rosso prodotto da uve Franconia e Pinot Nero, variet\u00e0 storica presente gi\u00e0 dal 1800, e affinato in botte di rovere francese per 16 mesi. Al palato risulta elegante e corposo, al naso emergono sentori fruttati e minerali. \u201cBlau &amp; Blau\u201d costituisce un omaggio alle radici e alla storia di famiglia. Protagonista di questo rosso \u00e8 infatti la variet\u00e0 di uva Franconia \u2013 o altrimenti detta Blaufr\u00e4nkisch \u2013 coltivata dagli Jermann fin dal lontano 1800. In questo rosso il nobile Pinot Nero, detto anche Blauburgunder, si mette a servizio del primo vitigno, scortandolo signorilmente ed esaltando le sue caratteristiche. Dall\u2019unione di queste due identit\u00e0 varietali, Blaufr\u00e4nkisch e Blauburgunder, nasce il \u201cBlau &amp; Blau\u201d di Jermann<\/p>\n","protected":false},"excerpt":{"rendered":"<p>Il Blau Blau di Jermann \u00e8 un vino rosso prodotto da uve Franconia e Pinot Nero, variet\u00e0 storica presente gi\u00e0 dal 1800, e affinato in botte di rovere francese per 16 mesi. Al palato risulta elegante e corposo, al naso emergono sentori fruttati e minerali. \u201cBlau &amp; Blau\u201d costituisce un omaggio alle radici e alla storia di famiglia. Protagonista di questo rosso \u00e8 infatti la variet\u00e0 di uva Franconia \u2013 o altrimenti detta Blaufr\u00e4nkisch \u2013 coltivata dagli Jermann fin dal lontano 1800. In questo rosso il nobile Pinot Nero, detto anche Blauburgunder, si mette a servizio del primo vitigno, scortandolo signorilmente ed esaltando le sue caratteristiche. Dall\u2019unione di queste due identit\u00e0 varietali, Blaufr\u00e4nkisch e Blauburgunder, nasce il \u201cBlau &amp; Blau\u201d di Jermann<\/p>\n","protected":false},"featured_media":17108,"template":"","meta":{"_acf_changed":false},"product_brand":[],"product_cat":[2579],"product_tag":[],"class_list":{"0":"post-11804","1":"product","2":"type-product","3":"status-publish","4":"has-post-thumbnail","6":"product_cat-red-wine","8":"first","9":"instock","10":"purchasable","11":"product-type-simple"},"acf":[],"yoast_head":"<!-- This site is optimized with the Yoast SEO plugin v27.0 - https:\/\/yoast.com\/product\/yoast-seo-wordpress\/ -->\n<title>JERMANN BLAU &amp; BLAU 2021 - Vinoso Modena<\/title>\n<meta name=\"robots\" content=\"index, follow, max-snippet:-1, max-image-preview:large, max-video-preview:-1\" \/>\n<link rel=\"canonical\" href=\"https:\/\/vinosomodena.it\/en\/prodotto\/jermann-blau-blau-2017\/\" \/>\n<meta property=\"og:locale\" content=\"en_US\" \/>\n<meta property=\"og:type\" content=\"article\" \/>\n<meta property=\"og:title\" content=\"JERMANN BLAU &amp; BLAU 2021 - Vinoso Modena\" \/>\n<meta property=\"og:description\" content=\"Il Blau Blau di Jermann \u00e8 un vino rosso prodotto da uve Franconia e Pinot Nero, variet\u00e0 storica presente gi\u00e0 dal 1800, e affinato in botte di rovere francese per 16 mesi. Al palato risulta elegante e corposo, al naso emergono sentori fruttati e minerali. \u201cBlau &amp; Blau\u201d costituisce un omaggio alle radici e alla storia di famiglia. Protagonista di questo rosso \u00e8 infatti la variet\u00e0 di uva Franconia \u2013 o altrimenti detta Blaufr\u00e4nkisch \u2013 coltivata dagli Jermann fin dal lontano 1800. In questo rosso il nobile Pinot Nero, detto anche Blauburgunder, si mette a servizio del primo vitigno, scortandolo signorilmente ed esaltando le sue caratteristiche. Dall\u2019unione di queste due identit\u00e0 varietali, Blaufr\u00e4nkisch e Blauburgunder, nasce il \u201cBlau &amp; Blau\u201d di Jermann\" \/>\n<meta property=\"og:url\" content=\"https:\/\/vinosomodena.it\/en\/prodotto\/jermann-blau-blau-2017\/\" \/>\n<meta property=\"og:site_name\" content=\"Vinoso Modena\" \/>\n<meta property=\"article:modified_time\" content=\"2026-02-06T12:37:06+00:00\" \/>\n<meta property=\"og:image\" content=\"https:\/\/vinosomodena.it\/wp-content\/uploads\/2024\/04\/jermannblaublau.jpg\" \/>\n\t<meta property=\"og:image:width\" content=\"1500\" \/>\n\t<meta property=\"og:image:height\" content=\"1923\" \/>\n\t<meta property=\"og:image:type\" content=\"image\/jpeg\" \/>\n<meta name=\"twitter:card\" content=\"summary_large_image\" \/>\n<meta name=\"twitter:label1\" content=\"Est. reading time\" \/>\n\t<meta name=\"twitter:data1\" content=\"1 minute\" \/>\n<script type=\"application\/ld+json\" class=\"yoast-schema-graph\">{\"@context\":\"https:\/\/schema.org\",\"@graph\":[{\"@type\":\"WebPage\",\"@id\":\"https:\/\/vinosomodena.it\/en\/prodotto\/jermann-blau-blau-2017\/\",\"url\":\"https:\/\/vinosomodena.it\/en\/prodotto\/jermann-blau-blau-2017\/\",\"name\":\"JERMANN BLAU &amp; BLAU 2021 - Vinoso Modena\",\"isPartOf\":{\"@id\":\"https:\/\/vinosomodena.it\/#website\"},\"primaryImageOfPage\":{\"@id\":\"https:\/\/vinosomodena.it\/en\/prodotto\/jermann-blau-blau-2017\/#primaryimage\"},\"image\":{\"@id\":\"https:\/\/vinosomodena.it\/en\/prodotto\/jermann-blau-blau-2017\/#primaryimage\"},\"thumbnailUrl\":\"https:\/\/vinosomodena.it\/wp-content\/uploads\/2024\/04\/jermannblaublau.jpg\",\"datePublished\":\"2021-01-07T16:32:25+00:00\",\"dateModified\":\"2026-02-06T12:37:06+00:00\",\"breadcrumb\":{\"@id\":\"https:\/\/vinosomodena.it\/en\/prodotto\/jermann-blau-blau-2017\/#breadcrumb\"},\"inLanguage\":\"en-US\",\"potentialAction\":[{\"@type\":\"ReadAction\",\"target\":[\"https:\/\/vinosomodena.it\/en\/prodotto\/jermann-blau-blau-2017\/\"]}]},{\"@type\":\"ImageObject\",\"inLanguage\":\"en-US\",\"@id\":\"https:\/\/vinosomodena.it\/en\/prodotto\/jermann-blau-blau-2017\/#primaryimage\",\"url\":\"https:\/\/vinosomodena.it\/wp-content\/uploads\/2024\/04\/jermannblaublau.jpg\",\"contentUrl\":\"https:\/\/vinosomodena.it\/wp-content\/uploads\/2024\/04\/jermannblaublau.jpg\",\"width\":1500,\"height\":1923},{\"@type\":\"BreadcrumbList\",\"@id\":\"https:\/\/vinosomodena.it\/en\/prodotto\/jermann-blau-blau-2017\/#breadcrumb\",\"itemListElement\":[{\"@type\":\"ListItem\",\"position\":1,\"name\":\"Home\",\"item\":\"https:\/\/vinosomodena.it\/\"},{\"@type\":\"ListItem\",\"position\":2,\"name\":\"Shop\",\"item\":\"https:\/\/vinosomodena.it\/negozio\/\"},{\"@type\":\"ListItem\",\"position\":3,\"name\":\"JERMANN BLAU &amp; BLAU 2021\"}]},{\"@type\":\"WebSite\",\"@id\":\"https:\/\/vinosomodena.it\/#website\",\"url\":\"https:\/\/vinosomodena.it\/\",\"name\":\"Vinoso Modena\",\"description\":\"I migliori vini, le annate storiche e molto altro ancora.\",\"potentialAction\":[{\"@type\":\"SearchAction\",\"target\":{\"@type\":\"EntryPoint\",\"urlTemplate\":\"https:\/\/vinosomodena.it\/?s={search_term_string}\"},\"query-input\":{\"@type\":\"PropertyValueSpecification\",\"valueRequired\":true,\"valueName\":\"search_term_string\"}}],\"inLanguage\":\"en-US\"}]}<\/script>\n<!-- \/ Yoast SEO plugin. -->","yoast_head_json":{"title":"JERMANN BLAU &amp; BLAU 2021 - Vinoso Modena","robots":{"index":"index","follow":"follow","max-snippet":"max-snippet:-1","max-image-preview":"max-image-preview:large","max-video-preview":"max-video-preview:-1"},"canonical":"https:\/\/vinosomodena.it\/en\/prodotto\/jermann-blau-blau-2017\/","og_locale":"en_US","og_type":"article","og_title":"JERMANN BLAU &amp; BLAU 2021 - Vinoso Modena","og_description":"Il Blau Blau di Jermann \u00e8 un vino rosso prodotto da uve Franconia e Pinot Nero, variet\u00e0 storica presente gi\u00e0 dal 1800, e affinato in botte di rovere francese per 16 mesi. Al palato risulta elegante e corposo, al naso emergono sentori fruttati e minerali. \u201cBlau &amp; Blau\u201d costituisce un omaggio alle radici e alla storia di famiglia. Protagonista di questo rosso \u00e8 infatti la variet\u00e0 di uva Franconia \u2013 o altrimenti detta Blaufr\u00e4nkisch \u2013 coltivata dagli Jermann fin dal lontano 1800. In questo rosso il nobile Pinot Nero, detto anche Blauburgunder, si mette a servizio del primo vitigno, scortandolo signorilmente ed esaltando le sue caratteristiche. Dall\u2019unione di queste due identit\u00e0 varietali, Blaufr\u00e4nkisch e Blauburgunder, nasce il \u201cBlau &amp; Blau\u201d di Jermann","og_url":"https:\/\/vinosomodena.it\/en\/prodotto\/jermann-blau-blau-2017\/","og_site_name":"Vinoso Modena","article_modified_time":"2026-02-06T12:37:06+00:00","og_image":[{"width":1500,"height":1923,"url":"https:\/\/vinosomodena.it\/wp-content\/uploads\/2024\/04\/jermannblaublau.jpg","type":"image\/jpeg"}],"twitter_card":"summary_large_image","twitter_misc":{"Est. reading time":"1 minute"},"schema":{"@context":"https:\/\/schema.org","@graph":[{"@type":"WebPage","@id":"https:\/\/vinosomodena.it\/en\/prodotto\/jermann-blau-blau-2017\/","url":"https:\/\/vinosomodena.it\/en\/prodotto\/jermann-blau-blau-2017\/","name":"JERMANN BLAU &amp; BLAU 2021 - Vinoso Modena","isPartOf":{"@id":"https:\/\/vinosomodena.it\/#website"},"primaryImageOfPage":{"@id":"https:\/\/vinosomodena.it\/en\/prodotto\/jermann-blau-blau-2017\/#primaryimage"},"image":{"@id":"https:\/\/vinosomodena.it\/en\/prodotto\/jermann-blau-blau-2017\/#primaryimage"},"thumbnailUrl":"https:\/\/vinosomodena.it\/wp-content\/uploads\/2024\/04\/jermannblaublau.jpg","datePublished":"2021-01-07T16:32:25+00:00","dateModified":"2026-02-06T12:37:06+00:00","breadcrumb":{"@id":"https:\/\/vinosomodena.it\/en\/prodotto\/jermann-blau-blau-2017\/#breadcrumb"},"inLanguage":"en-US","potentialAction":[{"@type":"ReadAction","target":["https:\/\/vinosomodena.it\/en\/prodotto\/jermann-blau-blau-2017\/"]}]},{"@type":"ImageObject","inLanguage":"en-US","@id":"https:\/\/vinosomodena.it\/en\/prodotto\/jermann-blau-blau-2017\/#primaryimage","url":"https:\/\/vinosomodena.it\/wp-content\/uploads\/2024\/04\/jermannblaublau.jpg","contentUrl":"https:\/\/vinosomodena.it\/wp-content\/uploads\/2024\/04\/jermannblaublau.jpg","width":1500,"height":1923},{"@type":"BreadcrumbList","@id":"https:\/\/vinosomodena.it\/en\/prodotto\/jermann-blau-blau-2017\/#breadcrumb","itemListElement":[{"@type":"ListItem","position":1,"name":"Home","item":"https:\/\/vinosomodena.it\/"},{"@type":"ListItem","position":2,"name":"Shop","item":"https:\/\/vinosomodena.it\/negozio\/"},{"@type":"ListItem","position":3,"name":"JERMANN BLAU &amp; BLAU 2021"}]},{"@type":"WebSite","@id":"https:\/\/vinosomodena.it\/#website","url":"https:\/\/vinosomodena.it\/","name":"Vinoso Modena","description":"I migliori vini, le annate storiche e molto altro ancora.","potentialAction":[{"@type":"SearchAction","target":{"@type":"EntryPoint","urlTemplate":"https:\/\/vinosomodena.it\/?s={search_term_string}"},"query-input":{"@type":"PropertyValueSpecification","valueRequired":true,"valueName":"search_term_string"}}],"inLanguage":"en-US"}]}},"jetpack_sharing_enabled":true,"_links":{"self":[{"href":"https:\/\/vinosomodena.it\/en\/wp-json\/wp\/v2\/product\/11804","targetHints":{"allow":["GET"]}}],"collection":[{"href":"https:\/\/vinosomodena.it\/en\/wp-json\/wp\/v2\/product"}],"about":[{"href":"https:\/\/vinosomodena.it\/en\/wp-json\/wp\/v2\/types\/product"}],"wp:featuredmedia":[{"embeddable":true,"href":"https:\/\/vinosomodena.it\/en\/wp-json\/wp\/v2\/media\/17108"}],"wp:attachment":[{"href":"https:\/\/vinosomodena.it\/en\/wp-json\/wp\/v2\/media?parent=11804"}],"wp:term":[{"taxonomy":"product_brand","embeddable":true,"href":"https:\/\/vinosomodena.it\/en\/wp-json\/wp\/v2\/product_brand?post=11804"},{"taxonomy":"product_cat","embeddable":true,"href":"https:\/\/vinosomodena.it\/en\/wp-json\/wp\/v2\/product_cat?post=11804"},{"taxonomy":"product_tag","embeddable":true,"href":"https:\/\/vinosomodena.it\/en\/wp-json\/wp\/v2\/product_tag?post=11804"}],"curies":[{"name":"wp","href":"https:\/\/api.w.org\/{rel}","templated":true}]}}