{"id":11808,"date":"2021-01-07T16:35:07","date_gmt":"2021-01-07T15:35:07","guid":{"rendered":"https:\/\/vinosomodena.it\/?post_type=product&#038;p=11808"},"modified":"2025-11-08T18:35:01","modified_gmt":"2025-11-08T17:35:01","slug":"franz-haas-pas-dose","status":"publish","type":"product","link":"https:\/\/vinosomodena.it\/en\/prodotto\/franz-haas-pas-dose\/","title":{"rendered":"Franz Haas Pas Dose MAGNUM ASTUCCIO 2017"},"content":{"rendered":"","protected":false},"excerpt":{"rendered":"<p>Un bell\u2019esempio di profumi e personalit\u00e0: cos\u00ec ci piace descrivere lo Spumante Metodo Classico Pas Dos\u00e9 dell\u2019azienda agricola Franz Haas, nettare con cui la cantina ci descrive sapori e sensazioni che raccontano della perfetta sinergia fra il terroir dell\u2019Alto Adige e la famiglia Haas. Una bollicina seducente, che colpisce per l\u2019ottima bevibilit\u00e0, che fa leva su un sorso armonioso. La bottiglia perfetta da mettere in tavola, sia durante le occasioni pi\u00f9 formali che in quelle pi\u00f9 festose<\/p>\n","protected":false},"featured_media":18134,"template":"","meta":{"_acf_changed":false},"product_brand":[],"product_cat":[2591],"product_tag":[],"class_list":{"0":"post-11808","1":"product","2":"type-product","3":"status-publish","4":"has-post-thumbnail","6":"product_cat-sparkling","8":"first","9":"outofstock","10":"purchasable","11":"product-type-simple"},"acf":[],"yoast_head":"<!-- This site is optimized with the Yoast SEO plugin v27.4 - https:\/\/yoast.com\/product\/yoast-seo-wordpress\/ -->\n<title>Franz Haas Pas Dose MAGNUM ASTUCCIO 2017 - Vinoso Modena<\/title>\n<meta name=\"robots\" content=\"index, follow, max-snippet:-1, max-image-preview:large, max-video-preview:-1\" \/>\n<link rel=\"canonical\" href=\"https:\/\/vinosomodena.it\/en\/prodotto\/franz-haas-pas-dose\/\" \/>\n<meta property=\"og:locale\" content=\"en_US\" \/>\n<meta property=\"og:type\" content=\"article\" \/>\n<meta property=\"og:title\" content=\"Franz Haas Pas Dose MAGNUM ASTUCCIO 2017 - Vinoso Modena\" \/>\n<meta property=\"og:description\" content=\"Un bell\u2019esempio di profumi e personalit\u00e0: cos\u00ec ci piace descrivere lo Spumante Metodo Classico Pas Dos\u00e9 dell\u2019azienda agricola Franz Haas, nettare con cui la cantina ci descrive sapori e sensazioni che raccontano della perfetta sinergia fra il terroir dell\u2019Alto Adige e la famiglia Haas. Una bollicina seducente, che colpisce per l\u2019ottima bevibilit\u00e0, che fa leva su un sorso armonioso. La bottiglia perfetta da mettere in tavola, sia durante le occasioni pi\u00f9 formali che in quelle pi\u00f9 festose\" \/>\n<meta property=\"og:url\" content=\"https:\/\/vinosomodena.it\/en\/prodotto\/franz-haas-pas-dose\/\" \/>\n<meta property=\"og:site_name\" content=\"Vinoso Modena\" \/>\n<meta property=\"article:modified_time\" content=\"2025-11-08T17:35:01+00:00\" \/>\n<meta property=\"og:image\" content=\"https:\/\/vinosomodena.it\/wp-content\/uploads\/2024\/09\/haaspasdose.jpg\" \/>\n\t<meta property=\"og:image:width\" content=\"1500\" \/>\n\t<meta property=\"og:image:height\" content=\"1923\" \/>\n\t<meta property=\"og:image:type\" content=\"image\/jpeg\" \/>\n<meta name=\"twitter:card\" content=\"summary_large_image\" \/>\n<script type=\"application\/ld+json\" class=\"yoast-schema-graph\">{\"@context\":\"https:\\\/\\\/schema.org\",\"@graph\":[{\"@type\":\"WebPage\",\"@id\":\"https:\\\/\\\/vinosomodena.it\\\/en\\\/prodotto\\\/franz-haas-pas-dose\\\/\",\"url\":\"https:\\\/\\\/vinosomodena.it\\\/en\\\/prodotto\\\/franz-haas-pas-dose\\\/\",\"name\":\"Franz Haas Pas Dose MAGNUM ASTUCCIO 2017 - Vinoso Modena\",\"isPartOf\":{\"@id\":\"https:\\\/\\\/vinosomodena.it\\\/#website\"},\"primaryImageOfPage\":{\"@id\":\"https:\\\/\\\/vinosomodena.it\\\/en\\\/prodotto\\\/franz-haas-pas-dose\\\/#primaryimage\"},\"image\":{\"@id\":\"https:\\\/\\\/vinosomodena.it\\\/en\\\/prodotto\\\/franz-haas-pas-dose\\\/#primaryimage\"},\"thumbnailUrl\":\"https:\\\/\\\/vinosomodena.it\\\/wp-content\\\/uploads\\\/2024\\\/09\\\/haaspasdose.jpg\",\"datePublished\":\"2021-01-07T15:35:07+00:00\",\"dateModified\":\"2025-11-08T17:35:01+00:00\",\"breadcrumb\":{\"@id\":\"https:\\\/\\\/vinosomodena.it\\\/en\\\/prodotto\\\/franz-haas-pas-dose\\\/#breadcrumb\"},\"inLanguage\":\"en-US\",\"potentialAction\":[{\"@type\":\"ReadAction\",\"target\":[\"https:\\\/\\\/vinosomodena.it\\\/en\\\/prodotto\\\/franz-haas-pas-dose\\\/\"]}]},{\"@type\":\"ImageObject\",\"inLanguage\":\"en-US\",\"@id\":\"https:\\\/\\\/vinosomodena.it\\\/en\\\/prodotto\\\/franz-haas-pas-dose\\\/#primaryimage\",\"url\":\"https:\\\/\\\/vinosomodena.it\\\/wp-content\\\/uploads\\\/2024\\\/09\\\/haaspasdose.jpg\",\"contentUrl\":\"https:\\\/\\\/vinosomodena.it\\\/wp-content\\\/uploads\\\/2024\\\/09\\\/haaspasdose.jpg\",\"width\":1500,\"height\":1923},{\"@type\":\"BreadcrumbList\",\"@id\":\"https:\\\/\\\/vinosomodena.it\\\/en\\\/prodotto\\\/franz-haas-pas-dose\\\/#breadcrumb\",\"itemListElement\":[{\"@type\":\"ListItem\",\"position\":1,\"name\":\"Home\",\"item\":\"https:\\\/\\\/vinosomodena.it\\\/\"},{\"@type\":\"ListItem\",\"position\":2,\"name\":\"Shop\",\"item\":\"https:\\\/\\\/vinosomodena.it\\\/negozio\\\/\"},{\"@type\":\"ListItem\",\"position\":3,\"name\":\"Franz Haas Pas Dose MAGNUM ASTUCCIO 2017\"}]},{\"@type\":\"WebSite\",\"@id\":\"https:\\\/\\\/vinosomodena.it\\\/#website\",\"url\":\"https:\\\/\\\/vinosomodena.it\\\/\",\"name\":\"Vinoso Modena\",\"description\":\"I migliori vini, le annate storiche e molto altro ancora.\",\"potentialAction\":[{\"@type\":\"SearchAction\",\"target\":{\"@type\":\"EntryPoint\",\"urlTemplate\":\"https:\\\/\\\/vinosomodena.it\\\/?s={search_term_string}\"},\"query-input\":{\"@type\":\"PropertyValueSpecification\",\"valueRequired\":true,\"valueName\":\"search_term_string\"}}],\"inLanguage\":\"en-US\"}]}<\/script>\n<!-- \/ Yoast SEO plugin. -->","yoast_head_json":{"title":"Franz Haas Pas Dose MAGNUM ASTUCCIO 2017 - Vinoso Modena","robots":{"index":"index","follow":"follow","max-snippet":"max-snippet:-1","max-image-preview":"max-image-preview:large","max-video-preview":"max-video-preview:-1"},"canonical":"https:\/\/vinosomodena.it\/en\/prodotto\/franz-haas-pas-dose\/","og_locale":"en_US","og_type":"article","og_title":"Franz Haas Pas Dose MAGNUM ASTUCCIO 2017 - Vinoso Modena","og_description":"Un bell\u2019esempio di profumi e personalit\u00e0: cos\u00ec ci piace descrivere lo Spumante Metodo Classico Pas Dos\u00e9 dell\u2019azienda agricola Franz Haas, nettare con cui la cantina ci descrive sapori e sensazioni che raccontano della perfetta sinergia fra il terroir dell\u2019Alto Adige e la famiglia Haas. Una bollicina seducente, che colpisce per l\u2019ottima bevibilit\u00e0, che fa leva su un sorso armonioso. La bottiglia perfetta da mettere in tavola, sia durante le occasioni pi\u00f9 formali che in quelle pi\u00f9 festose","og_url":"https:\/\/vinosomodena.it\/en\/prodotto\/franz-haas-pas-dose\/","og_site_name":"Vinoso Modena","article_modified_time":"2025-11-08T17:35:01+00:00","og_image":[{"width":1500,"height":1923,"url":"https:\/\/vinosomodena.it\/wp-content\/uploads\/2024\/09\/haaspasdose.jpg","type":"image\/jpeg"}],"twitter_card":"summary_large_image","schema":{"@context":"https:\/\/schema.org","@graph":[{"@type":"WebPage","@id":"https:\/\/vinosomodena.it\/en\/prodotto\/franz-haas-pas-dose\/","url":"https:\/\/vinosomodena.it\/en\/prodotto\/franz-haas-pas-dose\/","name":"Franz Haas Pas Dose MAGNUM ASTUCCIO 2017 - Vinoso Modena","isPartOf":{"@id":"https:\/\/vinosomodena.it\/#website"},"primaryImageOfPage":{"@id":"https:\/\/vinosomodena.it\/en\/prodotto\/franz-haas-pas-dose\/#primaryimage"},"image":{"@id":"https:\/\/vinosomodena.it\/en\/prodotto\/franz-haas-pas-dose\/#primaryimage"},"thumbnailUrl":"https:\/\/vinosomodena.it\/wp-content\/uploads\/2024\/09\/haaspasdose.jpg","datePublished":"2021-01-07T15:35:07+00:00","dateModified":"2025-11-08T17:35:01+00:00","breadcrumb":{"@id":"https:\/\/vinosomodena.it\/en\/prodotto\/franz-haas-pas-dose\/#breadcrumb"},"inLanguage":"en-US","potentialAction":[{"@type":"ReadAction","target":["https:\/\/vinosomodena.it\/en\/prodotto\/franz-haas-pas-dose\/"]}]},{"@type":"ImageObject","inLanguage":"en-US","@id":"https:\/\/vinosomodena.it\/en\/prodotto\/franz-haas-pas-dose\/#primaryimage","url":"https:\/\/vinosomodena.it\/wp-content\/uploads\/2024\/09\/haaspasdose.jpg","contentUrl":"https:\/\/vinosomodena.it\/wp-content\/uploads\/2024\/09\/haaspasdose.jpg","width":1500,"height":1923},{"@type":"BreadcrumbList","@id":"https:\/\/vinosomodena.it\/en\/prodotto\/franz-haas-pas-dose\/#breadcrumb","itemListElement":[{"@type":"ListItem","position":1,"name":"Home","item":"https:\/\/vinosomodena.it\/"},{"@type":"ListItem","position":2,"name":"Shop","item":"https:\/\/vinosomodena.it\/negozio\/"},{"@type":"ListItem","position":3,"name":"Franz Haas Pas Dose MAGNUM ASTUCCIO 2017"}]},{"@type":"WebSite","@id":"https:\/\/vinosomodena.it\/#website","url":"https:\/\/vinosomodena.it\/","name":"Vinoso Modena","description":"I migliori vini, le annate storiche e molto altro ancora.","potentialAction":[{"@type":"SearchAction","target":{"@type":"EntryPoint","urlTemplate":"https:\/\/vinosomodena.it\/?s={search_term_string}"},"query-input":{"@type":"PropertyValueSpecification","valueRequired":true,"valueName":"search_term_string"}}],"inLanguage":"en-US"}]}},"jetpack_sharing_enabled":true,"_links":{"self":[{"href":"https:\/\/vinosomodena.it\/en\/wp-json\/wp\/v2\/product\/11808","targetHints":{"allow":["GET"]}}],"collection":[{"href":"https:\/\/vinosomodena.it\/en\/wp-json\/wp\/v2\/product"}],"about":[{"href":"https:\/\/vinosomodena.it\/en\/wp-json\/wp\/v2\/types\/product"}],"wp:featuredmedia":[{"embeddable":true,"href":"https:\/\/vinosomodena.it\/en\/wp-json\/wp\/v2\/media\/18134"}],"wp:attachment":[{"href":"https:\/\/vinosomodena.it\/en\/wp-json\/wp\/v2\/media?parent=11808"}],"wp:term":[{"taxonomy":"product_brand","embeddable":true,"href":"https:\/\/vinosomodena.it\/en\/wp-json\/wp\/v2\/product_brand?post=11808"},{"taxonomy":"product_cat","embeddable":true,"href":"https:\/\/vinosomodena.it\/en\/wp-json\/wp\/v2\/product_cat?post=11808"},{"taxonomy":"product_tag","embeddable":true,"href":"https:\/\/vinosomodena.it\/en\/wp-json\/wp\/v2\/product_tag?post=11808"}],"curies":[{"name":"wp","href":"https:\/\/api.w.org\/{rel}","templated":true}]}}