{"id":11832,"date":"2021-01-05T13:54:25","date_gmt":"2021-01-05T12:54:25","guid":{"rendered":"https:\/\/vinosomodena.it\/prodotto\/tiezzi-brunello-di-montalcino-poggio-cerrino-2015\/"},"modified":"2025-02-12T10:46:14","modified_gmt":"2025-02-12T09:46:14","slug":"tiezzi-brunello-di-montalcino-poggio-cerrino-2015","status":"publish","type":"product","link":"https:\/\/vinosomodena.it\/en\/prodotto\/tiezzi-brunello-di-montalcino-poggio-cerrino-2015\/","title":{"rendered":"Tiezzi Brunello di Montalcino Poggio Cerrino 2015"},"content":{"rendered":"","protected":false},"excerpt":{"rendered":"<p>Matura per ben 44 mesi in grandi botti di rovere di Slavonia, per poi completarsi con ulteriori quattro mesi di affinamento in bottiglia. Il Brunello di Montalcino DOCG \u201cPoggio Cerrino\u201d, della cantina Tiezzi, \u00e8 figlio delle pi\u00f9 antiche e storiche tradizioni montalcinesi, e riesce a regalare le pi\u00f9 sincere espressioni del sangiovese, che a Montalcino si manifesta con etichette dal livello qualitativo eccellente e, in questo caso, anche particolarmente convenienti nel prezzo<\/p>\n","protected":false},"featured_media":20395,"template":"","meta":{"_acf_changed":false},"product_brand":[],"product_cat":[2579],"product_tag":[],"class_list":{"0":"post-11832","1":"product","2":"type-product","3":"status-publish","4":"has-post-thumbnail","6":"product_cat-red-wine","8":"first","9":"outofstock","10":"purchasable","11":"product-type-simple"},"acf":[],"yoast_head":"<!-- This site is optimized with the Yoast SEO plugin v27.0 - https:\/\/yoast.com\/product\/yoast-seo-wordpress\/ -->\n<title>Tiezzi Brunello di Montalcino Poggio Cerrino 2015 - Vinoso Modena<\/title>\n<meta name=\"robots\" content=\"index, follow, max-snippet:-1, max-image-preview:large, max-video-preview:-1\" \/>\n<link rel=\"canonical\" href=\"https:\/\/vinosomodena.it\/en\/prodotto\/tiezzi-brunello-di-montalcino-poggio-cerrino-2015\/\" \/>\n<meta property=\"og:locale\" content=\"en_US\" \/>\n<meta property=\"og:type\" content=\"article\" \/>\n<meta property=\"og:title\" content=\"Tiezzi Brunello di Montalcino Poggio Cerrino 2015 - Vinoso Modena\" \/>\n<meta property=\"og:description\" content=\"Matura per ben 44 mesi in grandi botti di rovere di Slavonia, per poi completarsi con ulteriori quattro mesi di affinamento in bottiglia. Il Brunello di Montalcino DOCG \u201cPoggio Cerrino\u201d, della cantina Tiezzi, \u00e8 figlio delle pi\u00f9 antiche e storiche tradizioni montalcinesi, e riesce a regalare le pi\u00f9 sincere espressioni del sangiovese, che a Montalcino si manifesta con etichette dal livello qualitativo eccellente e, in questo caso, anche particolarmente convenienti nel prezzo\" \/>\n<meta property=\"og:url\" content=\"https:\/\/vinosomodena.it\/en\/prodotto\/tiezzi-brunello-di-montalcino-poggio-cerrino-2015\/\" \/>\n<meta property=\"og:site_name\" content=\"Vinoso Modena\" \/>\n<meta property=\"article:modified_time\" content=\"2025-02-12T09:46:14+00:00\" \/>\n<meta property=\"og:image\" content=\"https:\/\/vinosomodena.it\/wp-content\/uploads\/2025\/02\/tiezzi.jpg\" \/>\n\t<meta property=\"og:image:width\" content=\"1500\" \/>\n\t<meta property=\"og:image:height\" content=\"1923\" \/>\n\t<meta property=\"og:image:type\" content=\"image\/jpeg\" \/>\n<meta name=\"twitter:card\" content=\"summary_large_image\" \/>\n<script type=\"application\/ld+json\" class=\"yoast-schema-graph\">{\"@context\":\"https:\/\/schema.org\",\"@graph\":[{\"@type\":\"WebPage\",\"@id\":\"https:\/\/vinosomodena.it\/en\/prodotto\/tiezzi-brunello-di-montalcino-poggio-cerrino-2015\/\",\"url\":\"https:\/\/vinosomodena.it\/en\/prodotto\/tiezzi-brunello-di-montalcino-poggio-cerrino-2015\/\",\"name\":\"Tiezzi Brunello di Montalcino Poggio Cerrino 2015 - Vinoso Modena\",\"isPartOf\":{\"@id\":\"https:\/\/vinosomodena.it\/#website\"},\"primaryImageOfPage\":{\"@id\":\"https:\/\/vinosomodena.it\/en\/prodotto\/tiezzi-brunello-di-montalcino-poggio-cerrino-2015\/#primaryimage\"},\"image\":{\"@id\":\"https:\/\/vinosomodena.it\/en\/prodotto\/tiezzi-brunello-di-montalcino-poggio-cerrino-2015\/#primaryimage\"},\"thumbnailUrl\":\"https:\/\/vinosomodena.it\/wp-content\/uploads\/2025\/02\/tiezzi.jpg\",\"datePublished\":\"2021-01-05T12:54:25+00:00\",\"dateModified\":\"2025-02-12T09:46:14+00:00\",\"breadcrumb\":{\"@id\":\"https:\/\/vinosomodena.it\/en\/prodotto\/tiezzi-brunello-di-montalcino-poggio-cerrino-2015\/#breadcrumb\"},\"inLanguage\":\"en-US\",\"potentialAction\":[{\"@type\":\"ReadAction\",\"target\":[\"https:\/\/vinosomodena.it\/en\/prodotto\/tiezzi-brunello-di-montalcino-poggio-cerrino-2015\/\"]}]},{\"@type\":\"ImageObject\",\"inLanguage\":\"en-US\",\"@id\":\"https:\/\/vinosomodena.it\/en\/prodotto\/tiezzi-brunello-di-montalcino-poggio-cerrino-2015\/#primaryimage\",\"url\":\"https:\/\/vinosomodena.it\/wp-content\/uploads\/2025\/02\/tiezzi.jpg\",\"contentUrl\":\"https:\/\/vinosomodena.it\/wp-content\/uploads\/2025\/02\/tiezzi.jpg\",\"width\":1500,\"height\":1923},{\"@type\":\"BreadcrumbList\",\"@id\":\"https:\/\/vinosomodena.it\/en\/prodotto\/tiezzi-brunello-di-montalcino-poggio-cerrino-2015\/#breadcrumb\",\"itemListElement\":[{\"@type\":\"ListItem\",\"position\":1,\"name\":\"Home\",\"item\":\"https:\/\/vinosomodena.it\/\"},{\"@type\":\"ListItem\",\"position\":2,\"name\":\"Shop\",\"item\":\"https:\/\/vinosomodena.it\/negozio\/\"},{\"@type\":\"ListItem\",\"position\":3,\"name\":\"Tiezzi Brunello di Montalcino Poggio Cerrino 2015\"}]},{\"@type\":\"WebSite\",\"@id\":\"https:\/\/vinosomodena.it\/#website\",\"url\":\"https:\/\/vinosomodena.it\/\",\"name\":\"Vinoso Modena\",\"description\":\"I migliori vini, le annate storiche e molto altro ancora.\",\"potentialAction\":[{\"@type\":\"SearchAction\",\"target\":{\"@type\":\"EntryPoint\",\"urlTemplate\":\"https:\/\/vinosomodena.it\/?s={search_term_string}\"},\"query-input\":{\"@type\":\"PropertyValueSpecification\",\"valueRequired\":true,\"valueName\":\"search_term_string\"}}],\"inLanguage\":\"en-US\"}]}<\/script>\n<!-- \/ Yoast SEO plugin. -->","yoast_head_json":{"title":"Tiezzi Brunello di Montalcino Poggio Cerrino 2015 - Vinoso Modena","robots":{"index":"index","follow":"follow","max-snippet":"max-snippet:-1","max-image-preview":"max-image-preview:large","max-video-preview":"max-video-preview:-1"},"canonical":"https:\/\/vinosomodena.it\/en\/prodotto\/tiezzi-brunello-di-montalcino-poggio-cerrino-2015\/","og_locale":"en_US","og_type":"article","og_title":"Tiezzi Brunello di Montalcino Poggio Cerrino 2015 - Vinoso Modena","og_description":"Matura per ben 44 mesi in grandi botti di rovere di Slavonia, per poi completarsi con ulteriori quattro mesi di affinamento in bottiglia. Il Brunello di Montalcino DOCG \u201cPoggio Cerrino\u201d, della cantina Tiezzi, \u00e8 figlio delle pi\u00f9 antiche e storiche tradizioni montalcinesi, e riesce a regalare le pi\u00f9 sincere espressioni del sangiovese, che a Montalcino si manifesta con etichette dal livello qualitativo eccellente e, in questo caso, anche particolarmente convenienti nel prezzo","og_url":"https:\/\/vinosomodena.it\/en\/prodotto\/tiezzi-brunello-di-montalcino-poggio-cerrino-2015\/","og_site_name":"Vinoso Modena","article_modified_time":"2025-02-12T09:46:14+00:00","og_image":[{"width":1500,"height":1923,"url":"https:\/\/vinosomodena.it\/wp-content\/uploads\/2025\/02\/tiezzi.jpg","type":"image\/jpeg"}],"twitter_card":"summary_large_image","schema":{"@context":"https:\/\/schema.org","@graph":[{"@type":"WebPage","@id":"https:\/\/vinosomodena.it\/en\/prodotto\/tiezzi-brunello-di-montalcino-poggio-cerrino-2015\/","url":"https:\/\/vinosomodena.it\/en\/prodotto\/tiezzi-brunello-di-montalcino-poggio-cerrino-2015\/","name":"Tiezzi Brunello di Montalcino Poggio Cerrino 2015 - Vinoso Modena","isPartOf":{"@id":"https:\/\/vinosomodena.it\/#website"},"primaryImageOfPage":{"@id":"https:\/\/vinosomodena.it\/en\/prodotto\/tiezzi-brunello-di-montalcino-poggio-cerrino-2015\/#primaryimage"},"image":{"@id":"https:\/\/vinosomodena.it\/en\/prodotto\/tiezzi-brunello-di-montalcino-poggio-cerrino-2015\/#primaryimage"},"thumbnailUrl":"https:\/\/vinosomodena.it\/wp-content\/uploads\/2025\/02\/tiezzi.jpg","datePublished":"2021-01-05T12:54:25+00:00","dateModified":"2025-02-12T09:46:14+00:00","breadcrumb":{"@id":"https:\/\/vinosomodena.it\/en\/prodotto\/tiezzi-brunello-di-montalcino-poggio-cerrino-2015\/#breadcrumb"},"inLanguage":"en-US","potentialAction":[{"@type":"ReadAction","target":["https:\/\/vinosomodena.it\/en\/prodotto\/tiezzi-brunello-di-montalcino-poggio-cerrino-2015\/"]}]},{"@type":"ImageObject","inLanguage":"en-US","@id":"https:\/\/vinosomodena.it\/en\/prodotto\/tiezzi-brunello-di-montalcino-poggio-cerrino-2015\/#primaryimage","url":"https:\/\/vinosomodena.it\/wp-content\/uploads\/2025\/02\/tiezzi.jpg","contentUrl":"https:\/\/vinosomodena.it\/wp-content\/uploads\/2025\/02\/tiezzi.jpg","width":1500,"height":1923},{"@type":"BreadcrumbList","@id":"https:\/\/vinosomodena.it\/en\/prodotto\/tiezzi-brunello-di-montalcino-poggio-cerrino-2015\/#breadcrumb","itemListElement":[{"@type":"ListItem","position":1,"name":"Home","item":"https:\/\/vinosomodena.it\/"},{"@type":"ListItem","position":2,"name":"Shop","item":"https:\/\/vinosomodena.it\/negozio\/"},{"@type":"ListItem","position":3,"name":"Tiezzi Brunello di Montalcino Poggio Cerrino 2015"}]},{"@type":"WebSite","@id":"https:\/\/vinosomodena.it\/#website","url":"https:\/\/vinosomodena.it\/","name":"Vinoso Modena","description":"I migliori vini, le annate storiche e molto altro ancora.","potentialAction":[{"@type":"SearchAction","target":{"@type":"EntryPoint","urlTemplate":"https:\/\/vinosomodena.it\/?s={search_term_string}"},"query-input":{"@type":"PropertyValueSpecification","valueRequired":true,"valueName":"search_term_string"}}],"inLanguage":"en-US"}]}},"jetpack_sharing_enabled":true,"_links":{"self":[{"href":"https:\/\/vinosomodena.it\/en\/wp-json\/wp\/v2\/product\/11832","targetHints":{"allow":["GET"]}}],"collection":[{"href":"https:\/\/vinosomodena.it\/en\/wp-json\/wp\/v2\/product"}],"about":[{"href":"https:\/\/vinosomodena.it\/en\/wp-json\/wp\/v2\/types\/product"}],"wp:featuredmedia":[{"embeddable":true,"href":"https:\/\/vinosomodena.it\/en\/wp-json\/wp\/v2\/media\/20395"}],"wp:attachment":[{"href":"https:\/\/vinosomodena.it\/en\/wp-json\/wp\/v2\/media?parent=11832"}],"wp:term":[{"taxonomy":"product_brand","embeddable":true,"href":"https:\/\/vinosomodena.it\/en\/wp-json\/wp\/v2\/product_brand?post=11832"},{"taxonomy":"product_cat","embeddable":true,"href":"https:\/\/vinosomodena.it\/en\/wp-json\/wp\/v2\/product_cat?post=11832"},{"taxonomy":"product_tag","embeddable":true,"href":"https:\/\/vinosomodena.it\/en\/wp-json\/wp\/v2\/product_tag?post=11832"}],"curies":[{"name":"wp","href":"https:\/\/api.w.org\/{rel}","templated":true}]}}