{"id":11841,"date":"2021-01-05T12:27:21","date_gmt":"2021-01-05T11:27:21","guid":{"rendered":"https:\/\/vinosomodena.it\/?post_type=product&#038;p=11841"},"modified":"2026-01-15T08:48:24","modified_gmt":"2026-01-15T07:48:24","slug":"giuseppe-rinaldi-langhe-nebbiolo-2018","status":"publish","type":"product","link":"https:\/\/vinosomodena.it\/en\/prodotto\/giuseppe-rinaldi-langhe-nebbiolo-2018\/","title":{"rendered":"Giuseppe Rinaldi Langhe Nebbiolo 2023"},"content":{"rendered":"<p>Il Nebbiolo \u00e8 il biglietto da visita della famiglia Rinaldi, capace di ridefinire il concetto di vino &#8220;base&#8221; essendo gi\u00e0 testimonianza di espressivit\u00e0 e classe. Liquidi austeri, come da tradizione langarola e pochi semplici gesti sia in vigna che in cantina: questo \u00e8 il credo di Giuseppe, Carlotta e Marta Rinaldi, dare vita a bottiglie che siano\u00a0fotografia di uva e territorio senza alcun filtro\u00a0n\u00e9 aiuto che non provenga dalla natura. I 6,5 ettari vitati sono situati nel comune di Barolo, e le uniche sostanze ammesse sono solo un p\u00f2 di rame e zolfo di cui si sta cercando di ridurre ulteriormente l&#8217;utilizzo. Rinaldi \u00e8 oggi il nome di un produttore tra i pi\u00f9 stimati ed apprezzati di Barolo nel mondo, per la sua capacit\u00e0 di sfornare bottiglie che non seguono le mode ma semplicemente siano una delle massime espressioni di ci\u00f2 che il connubio tra Nebbiolo e la sua zona d&#8217;elezione possa offrire quando interpretato con coscienza e conoscenza<\/p>\n","protected":false},"excerpt":{"rendered":"<p>Il Nebbiolo \u00e8 il biglietto da visita della famiglia Rinaldi, capace di ridefinire il concetto di vino &#8220;base&#8221; essendo gi\u00e0 testimonianza di espressivit\u00e0 e classe. Liquidi austeri, come da tradizione langarola e pochi semplici gesti sia in vigna che in cantina: questo \u00e8 il credo di Giuseppe, Carlotta e Marta Rinaldi, dare vita a bottiglie che siano\u00a0fotografia di uva e territorio senza alcun filtro\u00a0n\u00e9 aiuto che non provenga dalla natura. I 6,5 ettari vitati sono situati nel comune di Barolo, e le uniche sostanze ammesse sono solo un p\u00f2 di rame e zolfo di cui si sta cercando di ridurre ulteriormente l&#8217;utilizzo. Rinaldi \u00e8 oggi il nome di un produttore tra i pi\u00f9 stimati ed apprezzati di Barolo nel mondo, per la sua capacit\u00e0 di sfornare bottiglie che non seguono le mode ma semplicemente siano una delle massime espressioni di ci\u00f2 che il connubio tra Nebbiolo e la sua zona d&#8217;elezione possa offrire quando interpretato con coscienza e conoscenza.<\/p>\n","protected":false},"featured_media":23414,"template":"","meta":{"_acf_changed":false},"product_brand":[],"product_cat":[2579],"product_tag":[],"class_list":{"0":"post-11841","1":"product","2":"type-product","3":"status-publish","4":"has-post-thumbnail","6":"product_cat-red-wine","8":"first","9":"instock","10":"purchasable","11":"product-type-simple"},"acf":[],"yoast_head":"<!-- This site is optimized with the Yoast SEO plugin v27.0 - https:\/\/yoast.com\/product\/yoast-seo-wordpress\/ -->\n<title>Giuseppe Rinaldi Langhe Nebbiolo 2023 - Vinoso Modena<\/title>\n<meta name=\"robots\" content=\"index, follow, max-snippet:-1, max-image-preview:large, max-video-preview:-1\" \/>\n<link rel=\"canonical\" href=\"https:\/\/vinosomodena.it\/en\/prodotto\/giuseppe-rinaldi-langhe-nebbiolo-2018\/\" \/>\n<meta property=\"og:locale\" content=\"en_US\" \/>\n<meta property=\"og:type\" content=\"article\" \/>\n<meta property=\"og:title\" content=\"Giuseppe Rinaldi Langhe Nebbiolo 2023 - Vinoso Modena\" \/>\n<meta property=\"og:description\" content=\"Il Nebbiolo \u00e8 il biglietto da visita della famiglia Rinaldi, capace di ridefinire il concetto di vino &quot;base&quot; essendo gi\u00e0 testimonianza di espressivit\u00e0 e classe. Liquidi austeri, come da tradizione langarola e pochi semplici gesti sia in vigna che in cantina: questo \u00e8 il credo di Giuseppe, Carlotta e Marta Rinaldi, dare vita a bottiglie che siano\u00a0fotografia di uva e territorio senza alcun filtro\u00a0n\u00e9 aiuto che non provenga dalla natura. I 6,5 ettari vitati sono situati nel comune di Barolo, e le uniche sostanze ammesse sono solo un p\u00f2 di rame e zolfo di cui si sta cercando di ridurre ulteriormente l&#039;utilizzo. Rinaldi \u00e8 oggi il nome di un produttore tra i pi\u00f9 stimati ed apprezzati di Barolo nel mondo, per la sua capacit\u00e0 di sfornare bottiglie che non seguono le mode ma semplicemente siano una delle massime espressioni di ci\u00f2 che il connubio tra Nebbiolo e la sua zona d&#039;elezione possa offrire quando interpretato con coscienza e conoscenza.\" \/>\n<meta property=\"og:url\" content=\"https:\/\/vinosomodena.it\/en\/prodotto\/giuseppe-rinaldi-langhe-nebbiolo-2018\/\" \/>\n<meta property=\"og:site_name\" content=\"Vinoso Modena\" \/>\n<meta property=\"article:modified_time\" content=\"2026-01-15T07:48:24+00:00\" \/>\n<meta property=\"og:image\" content=\"https:\/\/vinosomodena.it\/wp-content\/uploads\/2025\/10\/rinaldilanghe.jpg\" \/>\n\t<meta property=\"og:image:width\" content=\"1500\" \/>\n\t<meta property=\"og:image:height\" content=\"1923\" \/>\n\t<meta property=\"og:image:type\" content=\"image\/jpeg\" \/>\n<meta name=\"twitter:card\" content=\"summary_large_image\" \/>\n<meta name=\"twitter:label1\" content=\"Est. reading time\" \/>\n\t<meta name=\"twitter:data1\" content=\"1 minute\" \/>\n<script type=\"application\/ld+json\" class=\"yoast-schema-graph\">{\"@context\":\"https:\/\/schema.org\",\"@graph\":[{\"@type\":\"WebPage\",\"@id\":\"https:\/\/vinosomodena.it\/en\/prodotto\/giuseppe-rinaldi-langhe-nebbiolo-2018\/\",\"url\":\"https:\/\/vinosomodena.it\/en\/prodotto\/giuseppe-rinaldi-langhe-nebbiolo-2018\/\",\"name\":\"Giuseppe Rinaldi Langhe Nebbiolo 2023 - Vinoso Modena\",\"isPartOf\":{\"@id\":\"https:\/\/vinosomodena.it\/#website\"},\"primaryImageOfPage\":{\"@id\":\"https:\/\/vinosomodena.it\/en\/prodotto\/giuseppe-rinaldi-langhe-nebbiolo-2018\/#primaryimage\"},\"image\":{\"@id\":\"https:\/\/vinosomodena.it\/en\/prodotto\/giuseppe-rinaldi-langhe-nebbiolo-2018\/#primaryimage\"},\"thumbnailUrl\":\"https:\/\/vinosomodena.it\/wp-content\/uploads\/2025\/10\/rinaldilanghe.jpg\",\"datePublished\":\"2021-01-05T11:27:21+00:00\",\"dateModified\":\"2026-01-15T07:48:24+00:00\",\"breadcrumb\":{\"@id\":\"https:\/\/vinosomodena.it\/en\/prodotto\/giuseppe-rinaldi-langhe-nebbiolo-2018\/#breadcrumb\"},\"inLanguage\":\"en-US\",\"potentialAction\":[{\"@type\":\"ReadAction\",\"target\":[\"https:\/\/vinosomodena.it\/en\/prodotto\/giuseppe-rinaldi-langhe-nebbiolo-2018\/\"]}]},{\"@type\":\"ImageObject\",\"inLanguage\":\"en-US\",\"@id\":\"https:\/\/vinosomodena.it\/en\/prodotto\/giuseppe-rinaldi-langhe-nebbiolo-2018\/#primaryimage\",\"url\":\"https:\/\/vinosomodena.it\/wp-content\/uploads\/2025\/10\/rinaldilanghe.jpg\",\"contentUrl\":\"https:\/\/vinosomodena.it\/wp-content\/uploads\/2025\/10\/rinaldilanghe.jpg\",\"width\":1500,\"height\":1923},{\"@type\":\"BreadcrumbList\",\"@id\":\"https:\/\/vinosomodena.it\/en\/prodotto\/giuseppe-rinaldi-langhe-nebbiolo-2018\/#breadcrumb\",\"itemListElement\":[{\"@type\":\"ListItem\",\"position\":1,\"name\":\"Home\",\"item\":\"https:\/\/vinosomodena.it\/\"},{\"@type\":\"ListItem\",\"position\":2,\"name\":\"Shop\",\"item\":\"https:\/\/vinosomodena.it\/negozio\/\"},{\"@type\":\"ListItem\",\"position\":3,\"name\":\"Giuseppe Rinaldi Langhe Nebbiolo 2023\"}]},{\"@type\":\"WebSite\",\"@id\":\"https:\/\/vinosomodena.it\/#website\",\"url\":\"https:\/\/vinosomodena.it\/\",\"name\":\"Vinoso Modena\",\"description\":\"I migliori vini, le annate storiche e molto altro ancora.\",\"potentialAction\":[{\"@type\":\"SearchAction\",\"target\":{\"@type\":\"EntryPoint\",\"urlTemplate\":\"https:\/\/vinosomodena.it\/?s={search_term_string}\"},\"query-input\":{\"@type\":\"PropertyValueSpecification\",\"valueRequired\":true,\"valueName\":\"search_term_string\"}}],\"inLanguage\":\"en-US\"}]}<\/script>\n<!-- \/ Yoast SEO plugin. -->","yoast_head_json":{"title":"Giuseppe Rinaldi Langhe Nebbiolo 2023 - Vinoso Modena","robots":{"index":"index","follow":"follow","max-snippet":"max-snippet:-1","max-image-preview":"max-image-preview:large","max-video-preview":"max-video-preview:-1"},"canonical":"https:\/\/vinosomodena.it\/en\/prodotto\/giuseppe-rinaldi-langhe-nebbiolo-2018\/","og_locale":"en_US","og_type":"article","og_title":"Giuseppe Rinaldi Langhe Nebbiolo 2023 - Vinoso Modena","og_description":"Il Nebbiolo \u00e8 il biglietto da visita della famiglia Rinaldi, capace di ridefinire il concetto di vino \"base\" essendo gi\u00e0 testimonianza di espressivit\u00e0 e classe. Liquidi austeri, come da tradizione langarola e pochi semplici gesti sia in vigna che in cantina: questo \u00e8 il credo di Giuseppe, Carlotta e Marta Rinaldi, dare vita a bottiglie che siano\u00a0fotografia di uva e territorio senza alcun filtro\u00a0n\u00e9 aiuto che non provenga dalla natura. I 6,5 ettari vitati sono situati nel comune di Barolo, e le uniche sostanze ammesse sono solo un p\u00f2 di rame e zolfo di cui si sta cercando di ridurre ulteriormente l'utilizzo. Rinaldi \u00e8 oggi il nome di un produttore tra i pi\u00f9 stimati ed apprezzati di Barolo nel mondo, per la sua capacit\u00e0 di sfornare bottiglie che non seguono le mode ma semplicemente siano una delle massime espressioni di ci\u00f2 che il connubio tra Nebbiolo e la sua zona d'elezione possa offrire quando interpretato con coscienza e conoscenza.","og_url":"https:\/\/vinosomodena.it\/en\/prodotto\/giuseppe-rinaldi-langhe-nebbiolo-2018\/","og_site_name":"Vinoso Modena","article_modified_time":"2026-01-15T07:48:24+00:00","og_image":[{"width":1500,"height":1923,"url":"https:\/\/vinosomodena.it\/wp-content\/uploads\/2025\/10\/rinaldilanghe.jpg","type":"image\/jpeg"}],"twitter_card":"summary_large_image","twitter_misc":{"Est. reading time":"1 minute"},"schema":{"@context":"https:\/\/schema.org","@graph":[{"@type":"WebPage","@id":"https:\/\/vinosomodena.it\/en\/prodotto\/giuseppe-rinaldi-langhe-nebbiolo-2018\/","url":"https:\/\/vinosomodena.it\/en\/prodotto\/giuseppe-rinaldi-langhe-nebbiolo-2018\/","name":"Giuseppe Rinaldi Langhe Nebbiolo 2023 - Vinoso Modena","isPartOf":{"@id":"https:\/\/vinosomodena.it\/#website"},"primaryImageOfPage":{"@id":"https:\/\/vinosomodena.it\/en\/prodotto\/giuseppe-rinaldi-langhe-nebbiolo-2018\/#primaryimage"},"image":{"@id":"https:\/\/vinosomodena.it\/en\/prodotto\/giuseppe-rinaldi-langhe-nebbiolo-2018\/#primaryimage"},"thumbnailUrl":"https:\/\/vinosomodena.it\/wp-content\/uploads\/2025\/10\/rinaldilanghe.jpg","datePublished":"2021-01-05T11:27:21+00:00","dateModified":"2026-01-15T07:48:24+00:00","breadcrumb":{"@id":"https:\/\/vinosomodena.it\/en\/prodotto\/giuseppe-rinaldi-langhe-nebbiolo-2018\/#breadcrumb"},"inLanguage":"en-US","potentialAction":[{"@type":"ReadAction","target":["https:\/\/vinosomodena.it\/en\/prodotto\/giuseppe-rinaldi-langhe-nebbiolo-2018\/"]}]},{"@type":"ImageObject","inLanguage":"en-US","@id":"https:\/\/vinosomodena.it\/en\/prodotto\/giuseppe-rinaldi-langhe-nebbiolo-2018\/#primaryimage","url":"https:\/\/vinosomodena.it\/wp-content\/uploads\/2025\/10\/rinaldilanghe.jpg","contentUrl":"https:\/\/vinosomodena.it\/wp-content\/uploads\/2025\/10\/rinaldilanghe.jpg","width":1500,"height":1923},{"@type":"BreadcrumbList","@id":"https:\/\/vinosomodena.it\/en\/prodotto\/giuseppe-rinaldi-langhe-nebbiolo-2018\/#breadcrumb","itemListElement":[{"@type":"ListItem","position":1,"name":"Home","item":"https:\/\/vinosomodena.it\/"},{"@type":"ListItem","position":2,"name":"Shop","item":"https:\/\/vinosomodena.it\/negozio\/"},{"@type":"ListItem","position":3,"name":"Giuseppe Rinaldi Langhe Nebbiolo 2023"}]},{"@type":"WebSite","@id":"https:\/\/vinosomodena.it\/#website","url":"https:\/\/vinosomodena.it\/","name":"Vinoso Modena","description":"I migliori vini, le annate storiche e molto altro ancora.","potentialAction":[{"@type":"SearchAction","target":{"@type":"EntryPoint","urlTemplate":"https:\/\/vinosomodena.it\/?s={search_term_string}"},"query-input":{"@type":"PropertyValueSpecification","valueRequired":true,"valueName":"search_term_string"}}],"inLanguage":"en-US"}]}},"jetpack_sharing_enabled":true,"_links":{"self":[{"href":"https:\/\/vinosomodena.it\/en\/wp-json\/wp\/v2\/product\/11841","targetHints":{"allow":["GET"]}}],"collection":[{"href":"https:\/\/vinosomodena.it\/en\/wp-json\/wp\/v2\/product"}],"about":[{"href":"https:\/\/vinosomodena.it\/en\/wp-json\/wp\/v2\/types\/product"}],"wp:featuredmedia":[{"embeddable":true,"href":"https:\/\/vinosomodena.it\/en\/wp-json\/wp\/v2\/media\/23414"}],"wp:attachment":[{"href":"https:\/\/vinosomodena.it\/en\/wp-json\/wp\/v2\/media?parent=11841"}],"wp:term":[{"taxonomy":"product_brand","embeddable":true,"href":"https:\/\/vinosomodena.it\/en\/wp-json\/wp\/v2\/product_brand?post=11841"},{"taxonomy":"product_cat","embeddable":true,"href":"https:\/\/vinosomodena.it\/en\/wp-json\/wp\/v2\/product_cat?post=11841"},{"taxonomy":"product_tag","embeddable":true,"href":"https:\/\/vinosomodena.it\/en\/wp-json\/wp\/v2\/product_tag?post=11841"}],"curies":[{"name":"wp","href":"https:\/\/api.w.org\/{rel}","templated":true}]}}