{"id":11856,"date":"2021-01-05T10:58:14","date_gmt":"2021-01-05T09:58:14","guid":{"rendered":"https:\/\/vinosomodena.it\/?post_type=product&#038;p=11856"},"modified":"2025-04-15T12:02:28","modified_gmt":"2025-04-15T10:02:28","slug":"massolino-langhe-nebbiolo-2018","status":"publish","type":"product","link":"https:\/\/vinosomodena.it\/en\/prodotto\/massolino-langhe-nebbiolo-2018\/","title":{"rendered":"Massolino Langhe Nebbiolo 2020"},"content":{"rendered":"","protected":false},"excerpt":{"rendered":"<p>Il Langhe Nebbiolo di Massolino proviene da vigneti situati nel comune di Serralunga d&#8217;Alba, in provincia di Cuneo.<\/p>\n<p>\u00c8 prodotto esclusivamente da uve Nebbiolo, vendemmiate manualmente nella seconda met\u00e0 di ottobre. La fermentazione si svolge, con macerazione di 8-10 giorni, dopodich\u00e9 il vino affina in botte grande per pi\u00f9 di 12 mesi.<\/p>\n<p>Ideale con i formaggi a pasta molle ed erborinati, trova l&#8217;accostamento perfetto con primi piatti al rag\u00f9 di carne, le carni rosse alla brace e gli arrosti<\/p>\n","protected":false},"featured_media":21139,"template":"","meta":{"_acf_changed":false},"product_brand":[],"product_cat":[2579],"product_tag":[],"class_list":{"0":"post-11856","1":"product","2":"type-product","3":"status-publish","4":"has-post-thumbnail","6":"product_cat-red-wine","8":"first","9":"outofstock","10":"purchasable","11":"product-type-simple"},"acf":[],"yoast_head":"<!-- This site is optimized with the Yoast SEO plugin v27.0 - https:\/\/yoast.com\/product\/yoast-seo-wordpress\/ -->\n<title>Massolino Langhe Nebbiolo 2020 - Vinoso Modena<\/title>\n<meta name=\"robots\" content=\"index, follow, max-snippet:-1, max-image-preview:large, max-video-preview:-1\" \/>\n<link rel=\"canonical\" href=\"https:\/\/vinosomodena.it\/en\/prodotto\/massolino-langhe-nebbiolo-2018\/\" \/>\n<meta property=\"og:locale\" content=\"en_US\" \/>\n<meta property=\"og:type\" content=\"article\" \/>\n<meta property=\"og:title\" content=\"Massolino Langhe Nebbiolo 2020 - Vinoso Modena\" \/>\n<meta property=\"og:description\" content=\"Il Langhe Nebbiolo di Massolino proviene da vigneti situati nel comune di Serralunga d&#039;Alba, in provincia di Cuneo.  \u00c8 prodotto esclusivamente da uve Nebbiolo, vendemmiate manualmente nella seconda met\u00e0 di ottobre. La fermentazione si svolge, con macerazione di 8-10 giorni, dopodich\u00e9 il vino affina in botte grande per pi\u00f9 di 12 mesi.  Ideale con i formaggi a pasta molle ed erborinati, trova l&#039;accostamento perfetto con primi piatti al rag\u00f9 di carne, le carni rosse alla brace e gli arrosti\" \/>\n<meta property=\"og:url\" content=\"https:\/\/vinosomodena.it\/en\/prodotto\/massolino-langhe-nebbiolo-2018\/\" \/>\n<meta property=\"og:site_name\" content=\"Vinoso Modena\" \/>\n<meta property=\"article:modified_time\" content=\"2025-04-15T10:02:28+00:00\" \/>\n<meta property=\"og:image\" content=\"https:\/\/vinosomodena.it\/wp-content\/uploads\/2021\/01\/massolinolanghe.jpg\" \/>\n\t<meta property=\"og:image:width\" content=\"1500\" \/>\n\t<meta property=\"og:image:height\" content=\"1923\" \/>\n\t<meta property=\"og:image:type\" content=\"image\/jpeg\" \/>\n<meta name=\"twitter:card\" content=\"summary_large_image\" \/>\n<script type=\"application\/ld+json\" class=\"yoast-schema-graph\">{\"@context\":\"https:\/\/schema.org\",\"@graph\":[{\"@type\":\"WebPage\",\"@id\":\"https:\/\/vinosomodena.it\/en\/prodotto\/massolino-langhe-nebbiolo-2018\/\",\"url\":\"https:\/\/vinosomodena.it\/en\/prodotto\/massolino-langhe-nebbiolo-2018\/\",\"name\":\"Massolino Langhe Nebbiolo 2020 - Vinoso Modena\",\"isPartOf\":{\"@id\":\"https:\/\/vinosomodena.it\/#website\"},\"primaryImageOfPage\":{\"@id\":\"https:\/\/vinosomodena.it\/en\/prodotto\/massolino-langhe-nebbiolo-2018\/#primaryimage\"},\"image\":{\"@id\":\"https:\/\/vinosomodena.it\/en\/prodotto\/massolino-langhe-nebbiolo-2018\/#primaryimage\"},\"thumbnailUrl\":\"https:\/\/vinosomodena.it\/wp-content\/uploads\/2025\/04\/massolinolanghe.jpg\",\"datePublished\":\"2021-01-05T09:58:14+00:00\",\"dateModified\":\"2025-04-15T10:02:28+00:00\",\"breadcrumb\":{\"@id\":\"https:\/\/vinosomodena.it\/en\/prodotto\/massolino-langhe-nebbiolo-2018\/#breadcrumb\"},\"inLanguage\":\"en-US\",\"potentialAction\":[{\"@type\":\"ReadAction\",\"target\":[\"https:\/\/vinosomodena.it\/en\/prodotto\/massolino-langhe-nebbiolo-2018\/\"]}]},{\"@type\":\"ImageObject\",\"inLanguage\":\"en-US\",\"@id\":\"https:\/\/vinosomodena.it\/en\/prodotto\/massolino-langhe-nebbiolo-2018\/#primaryimage\",\"url\":\"https:\/\/vinosomodena.it\/wp-content\/uploads\/2025\/04\/massolinolanghe.jpg\",\"contentUrl\":\"https:\/\/vinosomodena.it\/wp-content\/uploads\/2025\/04\/massolinolanghe.jpg\",\"width\":1500,\"height\":1923},{\"@type\":\"BreadcrumbList\",\"@id\":\"https:\/\/vinosomodena.it\/en\/prodotto\/massolino-langhe-nebbiolo-2018\/#breadcrumb\",\"itemListElement\":[{\"@type\":\"ListItem\",\"position\":1,\"name\":\"Home\",\"item\":\"https:\/\/vinosomodena.it\/\"},{\"@type\":\"ListItem\",\"position\":2,\"name\":\"Shop\",\"item\":\"https:\/\/vinosomodena.it\/negozio\/\"},{\"@type\":\"ListItem\",\"position\":3,\"name\":\"Massolino Langhe Nebbiolo 2020\"}]},{\"@type\":\"WebSite\",\"@id\":\"https:\/\/vinosomodena.it\/#website\",\"url\":\"https:\/\/vinosomodena.it\/\",\"name\":\"Vinoso Modena\",\"description\":\"I migliori vini, le annate storiche e molto altro ancora.\",\"potentialAction\":[{\"@type\":\"SearchAction\",\"target\":{\"@type\":\"EntryPoint\",\"urlTemplate\":\"https:\/\/vinosomodena.it\/?s={search_term_string}\"},\"query-input\":{\"@type\":\"PropertyValueSpecification\",\"valueRequired\":true,\"valueName\":\"search_term_string\"}}],\"inLanguage\":\"en-US\"}]}<\/script>\n<!-- \/ Yoast SEO plugin. -->","yoast_head_json":{"title":"Massolino Langhe Nebbiolo 2020 - Vinoso Modena","robots":{"index":"index","follow":"follow","max-snippet":"max-snippet:-1","max-image-preview":"max-image-preview:large","max-video-preview":"max-video-preview:-1"},"canonical":"https:\/\/vinosomodena.it\/en\/prodotto\/massolino-langhe-nebbiolo-2018\/","og_locale":"en_US","og_type":"article","og_title":"Massolino Langhe Nebbiolo 2020 - Vinoso Modena","og_description":"Il Langhe Nebbiolo di Massolino proviene da vigneti situati nel comune di Serralunga d'Alba, in provincia di Cuneo.  \u00c8 prodotto esclusivamente da uve Nebbiolo, vendemmiate manualmente nella seconda met\u00e0 di ottobre. La fermentazione si svolge, con macerazione di 8-10 giorni, dopodich\u00e9 il vino affina in botte grande per pi\u00f9 di 12 mesi.  Ideale con i formaggi a pasta molle ed erborinati, trova l'accostamento perfetto con primi piatti al rag\u00f9 di carne, le carni rosse alla brace e gli arrosti","og_url":"https:\/\/vinosomodena.it\/en\/prodotto\/massolino-langhe-nebbiolo-2018\/","og_site_name":"Vinoso Modena","article_modified_time":"2025-04-15T10:02:28+00:00","og_image":[{"width":1500,"height":1923,"url":"https:\/\/vinosomodena.it\/wp-content\/uploads\/2021\/01\/massolinolanghe.jpg","type":"image\/jpeg"}],"twitter_card":"summary_large_image","schema":{"@context":"https:\/\/schema.org","@graph":[{"@type":"WebPage","@id":"https:\/\/vinosomodena.it\/en\/prodotto\/massolino-langhe-nebbiolo-2018\/","url":"https:\/\/vinosomodena.it\/en\/prodotto\/massolino-langhe-nebbiolo-2018\/","name":"Massolino Langhe Nebbiolo 2020 - Vinoso Modena","isPartOf":{"@id":"https:\/\/vinosomodena.it\/#website"},"primaryImageOfPage":{"@id":"https:\/\/vinosomodena.it\/en\/prodotto\/massolino-langhe-nebbiolo-2018\/#primaryimage"},"image":{"@id":"https:\/\/vinosomodena.it\/en\/prodotto\/massolino-langhe-nebbiolo-2018\/#primaryimage"},"thumbnailUrl":"https:\/\/vinosomodena.it\/wp-content\/uploads\/2025\/04\/massolinolanghe.jpg","datePublished":"2021-01-05T09:58:14+00:00","dateModified":"2025-04-15T10:02:28+00:00","breadcrumb":{"@id":"https:\/\/vinosomodena.it\/en\/prodotto\/massolino-langhe-nebbiolo-2018\/#breadcrumb"},"inLanguage":"en-US","potentialAction":[{"@type":"ReadAction","target":["https:\/\/vinosomodena.it\/en\/prodotto\/massolino-langhe-nebbiolo-2018\/"]}]},{"@type":"ImageObject","inLanguage":"en-US","@id":"https:\/\/vinosomodena.it\/en\/prodotto\/massolino-langhe-nebbiolo-2018\/#primaryimage","url":"https:\/\/vinosomodena.it\/wp-content\/uploads\/2025\/04\/massolinolanghe.jpg","contentUrl":"https:\/\/vinosomodena.it\/wp-content\/uploads\/2025\/04\/massolinolanghe.jpg","width":1500,"height":1923},{"@type":"BreadcrumbList","@id":"https:\/\/vinosomodena.it\/en\/prodotto\/massolino-langhe-nebbiolo-2018\/#breadcrumb","itemListElement":[{"@type":"ListItem","position":1,"name":"Home","item":"https:\/\/vinosomodena.it\/"},{"@type":"ListItem","position":2,"name":"Shop","item":"https:\/\/vinosomodena.it\/negozio\/"},{"@type":"ListItem","position":3,"name":"Massolino Langhe Nebbiolo 2020"}]},{"@type":"WebSite","@id":"https:\/\/vinosomodena.it\/#website","url":"https:\/\/vinosomodena.it\/","name":"Vinoso Modena","description":"I migliori vini, le annate storiche e molto altro ancora.","potentialAction":[{"@type":"SearchAction","target":{"@type":"EntryPoint","urlTemplate":"https:\/\/vinosomodena.it\/?s={search_term_string}"},"query-input":{"@type":"PropertyValueSpecification","valueRequired":true,"valueName":"search_term_string"}}],"inLanguage":"en-US"}]}},"jetpack_sharing_enabled":true,"_links":{"self":[{"href":"https:\/\/vinosomodena.it\/en\/wp-json\/wp\/v2\/product\/11856","targetHints":{"allow":["GET"]}}],"collection":[{"href":"https:\/\/vinosomodena.it\/en\/wp-json\/wp\/v2\/product"}],"about":[{"href":"https:\/\/vinosomodena.it\/en\/wp-json\/wp\/v2\/types\/product"}],"wp:featuredmedia":[{"embeddable":true,"href":"https:\/\/vinosomodena.it\/en\/wp-json\/wp\/v2\/media\/21139"}],"wp:attachment":[{"href":"https:\/\/vinosomodena.it\/en\/wp-json\/wp\/v2\/media?parent=11856"}],"wp:term":[{"taxonomy":"product_brand","embeddable":true,"href":"https:\/\/vinosomodena.it\/en\/wp-json\/wp\/v2\/product_brand?post=11856"},{"taxonomy":"product_cat","embeddable":true,"href":"https:\/\/vinosomodena.it\/en\/wp-json\/wp\/v2\/product_cat?post=11856"},{"taxonomy":"product_tag","embeddable":true,"href":"https:\/\/vinosomodena.it\/en\/wp-json\/wp\/v2\/product_tag?post=11856"}],"curies":[{"name":"wp","href":"https:\/\/api.w.org\/{rel}","templated":true}]}}