{"id":11977,"date":"2020-12-01T13:41:07","date_gmt":"2020-12-01T12:41:07","guid":{"rendered":"https:\/\/vinosomodena.it\/?post_type=product&#038;p=11977"},"modified":"2026-01-12T19:28:44","modified_gmt":"2026-01-12T18:28:44","slug":"montevertine-2017-3-litri-cassa-di-legno","status":"publish","type":"product","link":"https:\/\/vinosomodena.it\/en\/prodotto\/montevertine-2017-3-litri-cassa-di-legno\/","title":{"rendered":"MONTEVERTINE 2022 DOPPIO MAGNUM 3LT"},"content":{"rendered":"<p>Il Sangiovese pi\u00f9 elegante, aggraziato, fine. Non c\u2019\u00e8 altro modo per definire il Montevertine, vino capace di dimostrare tutte le straordinarie potenzialit\u00e0 del Chianti Classico nel suo assemblaggio pi\u00f9 tradizionale. Lasciato fermentare per circa 20 giorni nelle tradizionali grandi vasche di cemento e maturare per 24 mesi in botti di rovere di Slavonia, \u00e8 vino sempre sfaccettato e definito. Un vero e proprio inno al territorio e alla Toscana tutta<\/p>\n","protected":false},"excerpt":{"rendered":"<p>Il Sangiovese pi\u00f9 elegante, aggraziato, fine. Non c\u2019\u00e8 altro modo per definire il Montevertine, vino capace di dimostrare tutte le straordinarie potenzialit\u00e0 del Chianti Classico nel suo assemblaggio pi\u00f9 tradizionale. Lasciato fermentare per circa 20 giorni nelle tradizionali grandi vasche di cemento e maturare per 24 mesi in botti di rovere di Slavonia, \u00e8 vino sempre sfaccettato e definito. Un vero e proprio inno al territorio e alla Toscana tutta<\/p>\n","protected":false},"featured_media":18364,"template":"","meta":{"_acf_changed":false},"product_brand":[],"product_cat":[2579],"product_tag":[],"class_list":{"0":"post-11977","1":"product","2":"type-product","3":"status-publish","4":"has-post-thumbnail","6":"product_cat-red-wine","8":"first","9":"instock","10":"purchasable","11":"product-type-simple"},"acf":[],"yoast_head":"<!-- This site is optimized with the Yoast SEO plugin v27.0 - https:\/\/yoast.com\/product\/yoast-seo-wordpress\/ -->\n<title>MONTEVERTINE 2022 DOPPIO MAGNUM 3LT - Vinoso Modena<\/title>\n<meta name=\"robots\" content=\"index, follow, max-snippet:-1, max-image-preview:large, max-video-preview:-1\" \/>\n<link rel=\"canonical\" href=\"https:\/\/vinosomodena.it\/en\/prodotto\/montevertine-2017-3-litri-cassa-di-legno\/\" \/>\n<meta property=\"og:locale\" content=\"en_US\" \/>\n<meta property=\"og:type\" content=\"article\" \/>\n<meta property=\"og:title\" content=\"MONTEVERTINE 2022 DOPPIO MAGNUM 3LT - Vinoso Modena\" \/>\n<meta property=\"og:description\" content=\"Il Sangiovese pi\u00f9 elegante, aggraziato, fine. Non c\u2019\u00e8 altro modo per definire il Montevertine, vino capace di dimostrare tutte le straordinarie potenzialit\u00e0 del Chianti Classico nel suo assemblaggio pi\u00f9 tradizionale. Lasciato fermentare per circa 20 giorni nelle tradizionali grandi vasche di cemento e maturare per 24 mesi in botti di rovere di Slavonia, \u00e8 vino sempre sfaccettato e definito. Un vero e proprio inno al territorio e alla Toscana tutta\" \/>\n<meta property=\"og:url\" content=\"https:\/\/vinosomodena.it\/en\/prodotto\/montevertine-2017-3-litri-cassa-di-legno\/\" \/>\n<meta property=\"og:site_name\" content=\"Vinoso Modena\" \/>\n<meta property=\"article:modified_time\" content=\"2026-01-12T18:28:44+00:00\" \/>\n<meta property=\"og:image\" content=\"https:\/\/vinosomodena.it\/wp-content\/uploads\/2024\/10\/montevertine20173LT.jpg\" \/>\n\t<meta property=\"og:image:width\" content=\"1500\" \/>\n\t<meta property=\"og:image:height\" content=\"1923\" \/>\n\t<meta property=\"og:image:type\" content=\"image\/jpeg\" \/>\n<meta name=\"twitter:card\" content=\"summary_large_image\" \/>\n<script type=\"application\/ld+json\" class=\"yoast-schema-graph\">{\"@context\":\"https:\/\/schema.org\",\"@graph\":[{\"@type\":\"WebPage\",\"@id\":\"https:\/\/vinosomodena.it\/en\/prodotto\/montevertine-2017-3-litri-cassa-di-legno\/\",\"url\":\"https:\/\/vinosomodena.it\/en\/prodotto\/montevertine-2017-3-litri-cassa-di-legno\/\",\"name\":\"MONTEVERTINE 2022 DOPPIO MAGNUM 3LT - Vinoso Modena\",\"isPartOf\":{\"@id\":\"https:\/\/vinosomodena.it\/#website\"},\"primaryImageOfPage\":{\"@id\":\"https:\/\/vinosomodena.it\/en\/prodotto\/montevertine-2017-3-litri-cassa-di-legno\/#primaryimage\"},\"image\":{\"@id\":\"https:\/\/vinosomodena.it\/en\/prodotto\/montevertine-2017-3-litri-cassa-di-legno\/#primaryimage\"},\"thumbnailUrl\":\"https:\/\/vinosomodena.it\/wp-content\/uploads\/2024\/10\/montevertine20173LT.jpg\",\"datePublished\":\"2020-12-01T12:41:07+00:00\",\"dateModified\":\"2026-01-12T18:28:44+00:00\",\"breadcrumb\":{\"@id\":\"https:\/\/vinosomodena.it\/en\/prodotto\/montevertine-2017-3-litri-cassa-di-legno\/#breadcrumb\"},\"inLanguage\":\"en-US\",\"potentialAction\":[{\"@type\":\"ReadAction\",\"target\":[\"https:\/\/vinosomodena.it\/en\/prodotto\/montevertine-2017-3-litri-cassa-di-legno\/\"]}]},{\"@type\":\"ImageObject\",\"inLanguage\":\"en-US\",\"@id\":\"https:\/\/vinosomodena.it\/en\/prodotto\/montevertine-2017-3-litri-cassa-di-legno\/#primaryimage\",\"url\":\"https:\/\/vinosomodena.it\/wp-content\/uploads\/2024\/10\/montevertine20173LT.jpg\",\"contentUrl\":\"https:\/\/vinosomodena.it\/wp-content\/uploads\/2024\/10\/montevertine20173LT.jpg\",\"width\":1500,\"height\":1923},{\"@type\":\"BreadcrumbList\",\"@id\":\"https:\/\/vinosomodena.it\/en\/prodotto\/montevertine-2017-3-litri-cassa-di-legno\/#breadcrumb\",\"itemListElement\":[{\"@type\":\"ListItem\",\"position\":1,\"name\":\"Home\",\"item\":\"https:\/\/vinosomodena.it\/\"},{\"@type\":\"ListItem\",\"position\":2,\"name\":\"Shop\",\"item\":\"https:\/\/vinosomodena.it\/negozio\/\"},{\"@type\":\"ListItem\",\"position\":3,\"name\":\"MONTEVERTINE 2022 DOPPIO MAGNUM 3LT\"}]},{\"@type\":\"WebSite\",\"@id\":\"https:\/\/vinosomodena.it\/#website\",\"url\":\"https:\/\/vinosomodena.it\/\",\"name\":\"Vinoso Modena\",\"description\":\"I migliori vini, le annate storiche e molto altro ancora.\",\"potentialAction\":[{\"@type\":\"SearchAction\",\"target\":{\"@type\":\"EntryPoint\",\"urlTemplate\":\"https:\/\/vinosomodena.it\/?s={search_term_string}\"},\"query-input\":{\"@type\":\"PropertyValueSpecification\",\"valueRequired\":true,\"valueName\":\"search_term_string\"}}],\"inLanguage\":\"en-US\"}]}<\/script>\n<!-- \/ Yoast SEO plugin. -->","yoast_head_json":{"title":"MONTEVERTINE 2022 DOPPIO MAGNUM 3LT - Vinoso Modena","robots":{"index":"index","follow":"follow","max-snippet":"max-snippet:-1","max-image-preview":"max-image-preview:large","max-video-preview":"max-video-preview:-1"},"canonical":"https:\/\/vinosomodena.it\/en\/prodotto\/montevertine-2017-3-litri-cassa-di-legno\/","og_locale":"en_US","og_type":"article","og_title":"MONTEVERTINE 2022 DOPPIO MAGNUM 3LT - Vinoso Modena","og_description":"Il Sangiovese pi\u00f9 elegante, aggraziato, fine. Non c\u2019\u00e8 altro modo per definire il Montevertine, vino capace di dimostrare tutte le straordinarie potenzialit\u00e0 del Chianti Classico nel suo assemblaggio pi\u00f9 tradizionale. Lasciato fermentare per circa 20 giorni nelle tradizionali grandi vasche di cemento e maturare per 24 mesi in botti di rovere di Slavonia, \u00e8 vino sempre sfaccettato e definito. Un vero e proprio inno al territorio e alla Toscana tutta","og_url":"https:\/\/vinosomodena.it\/en\/prodotto\/montevertine-2017-3-litri-cassa-di-legno\/","og_site_name":"Vinoso Modena","article_modified_time":"2026-01-12T18:28:44+00:00","og_image":[{"width":1500,"height":1923,"url":"https:\/\/vinosomodena.it\/wp-content\/uploads\/2024\/10\/montevertine20173LT.jpg","type":"image\/jpeg"}],"twitter_card":"summary_large_image","schema":{"@context":"https:\/\/schema.org","@graph":[{"@type":"WebPage","@id":"https:\/\/vinosomodena.it\/en\/prodotto\/montevertine-2017-3-litri-cassa-di-legno\/","url":"https:\/\/vinosomodena.it\/en\/prodotto\/montevertine-2017-3-litri-cassa-di-legno\/","name":"MONTEVERTINE 2022 DOPPIO MAGNUM 3LT - Vinoso Modena","isPartOf":{"@id":"https:\/\/vinosomodena.it\/#website"},"primaryImageOfPage":{"@id":"https:\/\/vinosomodena.it\/en\/prodotto\/montevertine-2017-3-litri-cassa-di-legno\/#primaryimage"},"image":{"@id":"https:\/\/vinosomodena.it\/en\/prodotto\/montevertine-2017-3-litri-cassa-di-legno\/#primaryimage"},"thumbnailUrl":"https:\/\/vinosomodena.it\/wp-content\/uploads\/2024\/10\/montevertine20173LT.jpg","datePublished":"2020-12-01T12:41:07+00:00","dateModified":"2026-01-12T18:28:44+00:00","breadcrumb":{"@id":"https:\/\/vinosomodena.it\/en\/prodotto\/montevertine-2017-3-litri-cassa-di-legno\/#breadcrumb"},"inLanguage":"en-US","potentialAction":[{"@type":"ReadAction","target":["https:\/\/vinosomodena.it\/en\/prodotto\/montevertine-2017-3-litri-cassa-di-legno\/"]}]},{"@type":"ImageObject","inLanguage":"en-US","@id":"https:\/\/vinosomodena.it\/en\/prodotto\/montevertine-2017-3-litri-cassa-di-legno\/#primaryimage","url":"https:\/\/vinosomodena.it\/wp-content\/uploads\/2024\/10\/montevertine20173LT.jpg","contentUrl":"https:\/\/vinosomodena.it\/wp-content\/uploads\/2024\/10\/montevertine20173LT.jpg","width":1500,"height":1923},{"@type":"BreadcrumbList","@id":"https:\/\/vinosomodena.it\/en\/prodotto\/montevertine-2017-3-litri-cassa-di-legno\/#breadcrumb","itemListElement":[{"@type":"ListItem","position":1,"name":"Home","item":"https:\/\/vinosomodena.it\/"},{"@type":"ListItem","position":2,"name":"Shop","item":"https:\/\/vinosomodena.it\/negozio\/"},{"@type":"ListItem","position":3,"name":"MONTEVERTINE 2022 DOPPIO MAGNUM 3LT"}]},{"@type":"WebSite","@id":"https:\/\/vinosomodena.it\/#website","url":"https:\/\/vinosomodena.it\/","name":"Vinoso Modena","description":"I migliori vini, le annate storiche e molto altro ancora.","potentialAction":[{"@type":"SearchAction","target":{"@type":"EntryPoint","urlTemplate":"https:\/\/vinosomodena.it\/?s={search_term_string}"},"query-input":{"@type":"PropertyValueSpecification","valueRequired":true,"valueName":"search_term_string"}}],"inLanguage":"en-US"}]}},"jetpack_sharing_enabled":true,"_links":{"self":[{"href":"https:\/\/vinosomodena.it\/en\/wp-json\/wp\/v2\/product\/11977","targetHints":{"allow":["GET"]}}],"collection":[{"href":"https:\/\/vinosomodena.it\/en\/wp-json\/wp\/v2\/product"}],"about":[{"href":"https:\/\/vinosomodena.it\/en\/wp-json\/wp\/v2\/types\/product"}],"wp:featuredmedia":[{"embeddable":true,"href":"https:\/\/vinosomodena.it\/en\/wp-json\/wp\/v2\/media\/18364"}],"wp:attachment":[{"href":"https:\/\/vinosomodena.it\/en\/wp-json\/wp\/v2\/media?parent=11977"}],"wp:term":[{"taxonomy":"product_brand","embeddable":true,"href":"https:\/\/vinosomodena.it\/en\/wp-json\/wp\/v2\/product_brand?post=11977"},{"taxonomy":"product_cat","embeddable":true,"href":"https:\/\/vinosomodena.it\/en\/wp-json\/wp\/v2\/product_cat?post=11977"},{"taxonomy":"product_tag","embeddable":true,"href":"https:\/\/vinosomodena.it\/en\/wp-json\/wp\/v2\/product_tag?post=11977"}],"curies":[{"name":"wp","href":"https:\/\/api.w.org\/{rel}","templated":true}]}}