{"id":12048,"date":"2020-12-01T13:40:47","date_gmt":"2020-12-01T12:40:47","guid":{"rendered":"https:\/\/vinosomodena.it\/prodotto\/franciacorta-quattro-terre-magnum-astuccio\/"},"modified":"2025-01-22T11:53:29","modified_gmt":"2025-01-22T10:53:29","slug":"franciacorta-quattro-terre-magnum-astuccio","status":"publish","type":"product","link":"https:\/\/vinosomodena.it\/en\/prodotto\/franciacorta-quattro-terre-magnum-astuccio\/","title":{"rendered":"Franciacorta Quattro Terre MAGNUM ASTUCCIO"},"content":{"rendered":"","protected":false},"excerpt":{"rendered":"<p>Quattro Vigneti che circondano un antico cascinale del settecento, sede della Cantina, da questo contesto nasce il nome: Le Quattro Terre. E\u2019 in tale suggestivo paesaggio che nel 2006 la Famiglia Vezzoli ha deciso di trasformare una passione in un lavoro, concretizzando un Sogno coltivato da tempo, consci delle difficolt\u00e0 a cui andavano incontro, ma altrettanto consapevoli di avere la forza di volont\u00e0 di perseguire il concetto di Qualit\u00e0. L\u2019azienda Le Quattro Terre, situata nel Comune di Corte Franca (Brescia), dispone di circa 5 ettari di Vigneto con i quali producono attualmente una media di 30.000 bottiglie all\u2019anno, tutte rigorosamente di Metodo Classico, con una ferma e decisa convinzione nel puntare principalmente sullo Chardonnay, con il quale producono in purezza tre dei loro quattro Franciacorta. Questo Franciacorta DOCG brut &#8220;Le quattro terre&#8221; dal perlage fine e persistente \u00e8 Fresco e fruttato con una lieve nota acidula \u00e9 il Franciacorta perfetto per accompagnare tutto il pasto!<\/p>\n","protected":false},"featured_media":19487,"template":"","meta":{"_acf_changed":false},"product_brand":[],"product_cat":[2591],"product_tag":[],"class_list":{"0":"post-12048","1":"product","2":"type-product","3":"status-publish","4":"has-post-thumbnail","6":"product_cat-sparkling","8":"first","9":"outofstock","10":"purchasable","11":"product-type-simple"},"acf":[],"yoast_head":"<!-- This site is optimized with the Yoast SEO plugin v27.4 - https:\/\/yoast.com\/product\/yoast-seo-wordpress\/ -->\n<title>Franciacorta Quattro Terre MAGNUM ASTUCCIO - Vinoso Modena<\/title>\n<meta name=\"robots\" content=\"index, follow, max-snippet:-1, max-image-preview:large, max-video-preview:-1\" \/>\n<link rel=\"canonical\" href=\"https:\/\/vinosomodena.it\/en\/prodotto\/franciacorta-quattro-terre-magnum-astuccio\/\" \/>\n<meta property=\"og:locale\" content=\"en_US\" \/>\n<meta property=\"og:type\" content=\"article\" \/>\n<meta property=\"og:title\" content=\"Franciacorta Quattro Terre MAGNUM ASTUCCIO - Vinoso Modena\" \/>\n<meta property=\"og:description\" content=\"Quattro Vigneti che circondano un antico cascinale del settecento, sede della Cantina, da questo contesto nasce il nome: Le Quattro Terre. E\u2019 in tale suggestivo paesaggio che nel 2006 la Famiglia Vezzoli ha deciso di trasformare una passione in un lavoro, concretizzando un Sogno coltivato da tempo, consci delle difficolt\u00e0 a cui andavano incontro, ma altrettanto consapevoli di avere la forza di volont\u00e0 di perseguire il concetto di Qualit\u00e0. L\u2019azienda Le Quattro Terre, situata nel Comune di Corte Franca (Brescia), dispone di circa 5 ettari di Vigneto con i quali producono attualmente una media di 30.000 bottiglie all\u2019anno, tutte rigorosamente di Metodo Classico, con una ferma e decisa convinzione nel puntare principalmente sullo Chardonnay, con il quale producono in purezza tre dei loro quattro Franciacorta. Questo Franciacorta DOCG brut &quot;Le quattro terre&quot; dal perlage fine e persistente \u00e8 Fresco e fruttato con una lieve nota acidula \u00e9 il Franciacorta perfetto per accompagnare tutto il pasto!\" \/>\n<meta property=\"og:url\" content=\"https:\/\/vinosomodena.it\/en\/prodotto\/franciacorta-quattro-terre-magnum-astuccio\/\" \/>\n<meta property=\"og:site_name\" content=\"Vinoso Modena\" \/>\n<meta property=\"article:modified_time\" content=\"2025-01-22T10:53:29+00:00\" \/>\n<meta property=\"og:image\" content=\"https:\/\/vinosomodena.it\/wp-content\/uploads\/2025\/01\/quattroterreastucciomagnum-2.jpg\" \/>\n\t<meta property=\"og:image:width\" content=\"1500\" \/>\n\t<meta property=\"og:image:height\" content=\"1923\" \/>\n\t<meta property=\"og:image:type\" content=\"image\/jpeg\" \/>\n<meta name=\"twitter:card\" content=\"summary_large_image\" \/>\n<script type=\"application\/ld+json\" class=\"yoast-schema-graph\">{\"@context\":\"https:\\\/\\\/schema.org\",\"@graph\":[{\"@type\":\"WebPage\",\"@id\":\"https:\\\/\\\/vinosomodena.it\\\/en\\\/prodotto\\\/franciacorta-quattro-terre-magnum-astuccio\\\/\",\"url\":\"https:\\\/\\\/vinosomodena.it\\\/en\\\/prodotto\\\/franciacorta-quattro-terre-magnum-astuccio\\\/\",\"name\":\"Franciacorta Quattro Terre MAGNUM ASTUCCIO - Vinoso Modena\",\"isPartOf\":{\"@id\":\"https:\\\/\\\/vinosomodena.it\\\/#website\"},\"primaryImageOfPage\":{\"@id\":\"https:\\\/\\\/vinosomodena.it\\\/en\\\/prodotto\\\/franciacorta-quattro-terre-magnum-astuccio\\\/#primaryimage\"},\"image\":{\"@id\":\"https:\\\/\\\/vinosomodena.it\\\/en\\\/prodotto\\\/franciacorta-quattro-terre-magnum-astuccio\\\/#primaryimage\"},\"thumbnailUrl\":\"https:\\\/\\\/vinosomodena.it\\\/wp-content\\\/uploads\\\/2025\\\/01\\\/quattroterreastucciomagnum-2.jpg\",\"datePublished\":\"2020-12-01T12:40:47+00:00\",\"dateModified\":\"2025-01-22T10:53:29+00:00\",\"breadcrumb\":{\"@id\":\"https:\\\/\\\/vinosomodena.it\\\/en\\\/prodotto\\\/franciacorta-quattro-terre-magnum-astuccio\\\/#breadcrumb\"},\"inLanguage\":\"en-US\",\"potentialAction\":[{\"@type\":\"ReadAction\",\"target\":[\"https:\\\/\\\/vinosomodena.it\\\/en\\\/prodotto\\\/franciacorta-quattro-terre-magnum-astuccio\\\/\"]}]},{\"@type\":\"ImageObject\",\"inLanguage\":\"en-US\",\"@id\":\"https:\\\/\\\/vinosomodena.it\\\/en\\\/prodotto\\\/franciacorta-quattro-terre-magnum-astuccio\\\/#primaryimage\",\"url\":\"https:\\\/\\\/vinosomodena.it\\\/wp-content\\\/uploads\\\/2025\\\/01\\\/quattroterreastucciomagnum-2.jpg\",\"contentUrl\":\"https:\\\/\\\/vinosomodena.it\\\/wp-content\\\/uploads\\\/2025\\\/01\\\/quattroterreastucciomagnum-2.jpg\",\"width\":1500,\"height\":1923},{\"@type\":\"BreadcrumbList\",\"@id\":\"https:\\\/\\\/vinosomodena.it\\\/en\\\/prodotto\\\/franciacorta-quattro-terre-magnum-astuccio\\\/#breadcrumb\",\"itemListElement\":[{\"@type\":\"ListItem\",\"position\":1,\"name\":\"Home\",\"item\":\"https:\\\/\\\/vinosomodena.it\\\/\"},{\"@type\":\"ListItem\",\"position\":2,\"name\":\"Shop\",\"item\":\"https:\\\/\\\/vinosomodena.it\\\/negozio\\\/\"},{\"@type\":\"ListItem\",\"position\":3,\"name\":\"Franciacorta Quattro Terre MAGNUM ASTUCCIO\"}]},{\"@type\":\"WebSite\",\"@id\":\"https:\\\/\\\/vinosomodena.it\\\/#website\",\"url\":\"https:\\\/\\\/vinosomodena.it\\\/\",\"name\":\"Vinoso Modena\",\"description\":\"I migliori vini, le annate storiche e molto altro ancora.\",\"potentialAction\":[{\"@type\":\"SearchAction\",\"target\":{\"@type\":\"EntryPoint\",\"urlTemplate\":\"https:\\\/\\\/vinosomodena.it\\\/?s={search_term_string}\"},\"query-input\":{\"@type\":\"PropertyValueSpecification\",\"valueRequired\":true,\"valueName\":\"search_term_string\"}}],\"inLanguage\":\"en-US\"}]}<\/script>\n<!-- \/ Yoast SEO plugin. -->","yoast_head_json":{"title":"Franciacorta Quattro Terre MAGNUM ASTUCCIO - Vinoso Modena","robots":{"index":"index","follow":"follow","max-snippet":"max-snippet:-1","max-image-preview":"max-image-preview:large","max-video-preview":"max-video-preview:-1"},"canonical":"https:\/\/vinosomodena.it\/en\/prodotto\/franciacorta-quattro-terre-magnum-astuccio\/","og_locale":"en_US","og_type":"article","og_title":"Franciacorta Quattro Terre MAGNUM ASTUCCIO - Vinoso Modena","og_description":"Quattro Vigneti che circondano un antico cascinale del settecento, sede della Cantina, da questo contesto nasce il nome: Le Quattro Terre. E\u2019 in tale suggestivo paesaggio che nel 2006 la Famiglia Vezzoli ha deciso di trasformare una passione in un lavoro, concretizzando un Sogno coltivato da tempo, consci delle difficolt\u00e0 a cui andavano incontro, ma altrettanto consapevoli di avere la forza di volont\u00e0 di perseguire il concetto di Qualit\u00e0. L\u2019azienda Le Quattro Terre, situata nel Comune di Corte Franca (Brescia), dispone di circa 5 ettari di Vigneto con i quali producono attualmente una media di 30.000 bottiglie all\u2019anno, tutte rigorosamente di Metodo Classico, con una ferma e decisa convinzione nel puntare principalmente sullo Chardonnay, con il quale producono in purezza tre dei loro quattro Franciacorta. Questo Franciacorta DOCG brut \"Le quattro terre\" dal perlage fine e persistente \u00e8 Fresco e fruttato con una lieve nota acidula \u00e9 il Franciacorta perfetto per accompagnare tutto il pasto!","og_url":"https:\/\/vinosomodena.it\/en\/prodotto\/franciacorta-quattro-terre-magnum-astuccio\/","og_site_name":"Vinoso Modena","article_modified_time":"2025-01-22T10:53:29+00:00","og_image":[{"width":1500,"height":1923,"url":"https:\/\/vinosomodena.it\/wp-content\/uploads\/2025\/01\/quattroterreastucciomagnum-2.jpg","type":"image\/jpeg"}],"twitter_card":"summary_large_image","schema":{"@context":"https:\/\/schema.org","@graph":[{"@type":"WebPage","@id":"https:\/\/vinosomodena.it\/en\/prodotto\/franciacorta-quattro-terre-magnum-astuccio\/","url":"https:\/\/vinosomodena.it\/en\/prodotto\/franciacorta-quattro-terre-magnum-astuccio\/","name":"Franciacorta Quattro Terre MAGNUM ASTUCCIO - Vinoso Modena","isPartOf":{"@id":"https:\/\/vinosomodena.it\/#website"},"primaryImageOfPage":{"@id":"https:\/\/vinosomodena.it\/en\/prodotto\/franciacorta-quattro-terre-magnum-astuccio\/#primaryimage"},"image":{"@id":"https:\/\/vinosomodena.it\/en\/prodotto\/franciacorta-quattro-terre-magnum-astuccio\/#primaryimage"},"thumbnailUrl":"https:\/\/vinosomodena.it\/wp-content\/uploads\/2025\/01\/quattroterreastucciomagnum-2.jpg","datePublished":"2020-12-01T12:40:47+00:00","dateModified":"2025-01-22T10:53:29+00:00","breadcrumb":{"@id":"https:\/\/vinosomodena.it\/en\/prodotto\/franciacorta-quattro-terre-magnum-astuccio\/#breadcrumb"},"inLanguage":"en-US","potentialAction":[{"@type":"ReadAction","target":["https:\/\/vinosomodena.it\/en\/prodotto\/franciacorta-quattro-terre-magnum-astuccio\/"]}]},{"@type":"ImageObject","inLanguage":"en-US","@id":"https:\/\/vinosomodena.it\/en\/prodotto\/franciacorta-quattro-terre-magnum-astuccio\/#primaryimage","url":"https:\/\/vinosomodena.it\/wp-content\/uploads\/2025\/01\/quattroterreastucciomagnum-2.jpg","contentUrl":"https:\/\/vinosomodena.it\/wp-content\/uploads\/2025\/01\/quattroterreastucciomagnum-2.jpg","width":1500,"height":1923},{"@type":"BreadcrumbList","@id":"https:\/\/vinosomodena.it\/en\/prodotto\/franciacorta-quattro-terre-magnum-astuccio\/#breadcrumb","itemListElement":[{"@type":"ListItem","position":1,"name":"Home","item":"https:\/\/vinosomodena.it\/"},{"@type":"ListItem","position":2,"name":"Shop","item":"https:\/\/vinosomodena.it\/negozio\/"},{"@type":"ListItem","position":3,"name":"Franciacorta Quattro Terre MAGNUM ASTUCCIO"}]},{"@type":"WebSite","@id":"https:\/\/vinosomodena.it\/#website","url":"https:\/\/vinosomodena.it\/","name":"Vinoso Modena","description":"I migliori vini, le annate storiche e molto altro ancora.","potentialAction":[{"@type":"SearchAction","target":{"@type":"EntryPoint","urlTemplate":"https:\/\/vinosomodena.it\/?s={search_term_string}"},"query-input":{"@type":"PropertyValueSpecification","valueRequired":true,"valueName":"search_term_string"}}],"inLanguage":"en-US"}]}},"jetpack_sharing_enabled":true,"_links":{"self":[{"href":"https:\/\/vinosomodena.it\/en\/wp-json\/wp\/v2\/product\/12048","targetHints":{"allow":["GET"]}}],"collection":[{"href":"https:\/\/vinosomodena.it\/en\/wp-json\/wp\/v2\/product"}],"about":[{"href":"https:\/\/vinosomodena.it\/en\/wp-json\/wp\/v2\/types\/product"}],"wp:featuredmedia":[{"embeddable":true,"href":"https:\/\/vinosomodena.it\/en\/wp-json\/wp\/v2\/media\/19487"}],"wp:attachment":[{"href":"https:\/\/vinosomodena.it\/en\/wp-json\/wp\/v2\/media?parent=12048"}],"wp:term":[{"taxonomy":"product_brand","embeddable":true,"href":"https:\/\/vinosomodena.it\/en\/wp-json\/wp\/v2\/product_brand?post=12048"},{"taxonomy":"product_cat","embeddable":true,"href":"https:\/\/vinosomodena.it\/en\/wp-json\/wp\/v2\/product_cat?post=12048"},{"taxonomy":"product_tag","embeddable":true,"href":"https:\/\/vinosomodena.it\/en\/wp-json\/wp\/v2\/product_tag?post=12048"}],"curies":[{"name":"wp","href":"https:\/\/api.w.org\/{rel}","templated":true}]}}