{"id":12049,"date":"2020-12-01T13:40:47","date_gmt":"2020-12-01T12:40:47","guid":{"rendered":"https:\/\/vinosomodena.it\/?post_type=product&#038;p=12049"},"modified":"2025-01-21T17:40:33","modified_gmt":"2025-01-21T16:40:33","slug":"franz-haas-ponkler-2014","status":"publish","type":"product","link":"https:\/\/vinosomodena.it\/en\/prodotto\/franz-haas-ponkler-2014\/","title":{"rendered":"Franz Haas Ponkler 2018"},"content":{"rendered":"","protected":false},"excerpt":{"rendered":"<p>Un vino speciale, che porta con s\u00e9 una dedica particolare: l\u2019Alto Adige DOC \u201cP\u00f2nkler\u201d viene infatti dedicato dalla propriet\u00e0 della cantina Franz Haas a Francesco Arrigoni, grande esperto di vini e di cibo. Francesco, pochi giorni prima di lasciarci, si trovava in azienda, dove rimase folgorato dalla bellezza di un singolo vigneto, il \u201cP\u00f2nkler\u201d in grado di dare vita a un Pinot Nero a dir poco sublime. Francesco strapp\u00f2 alla famiglia Haas una promessa, cio\u00e8 quella di fare del P\u00f2nkler un vero e proprio cru, da imbottigliare singolarmente. La promessa \u00e8 stata mantenuta con questo vino rosso dal sorso vellutato, che regala una sensazione appagante sia al naso che al palato. Un\u2019etichetta eccellente, dal profilo intimo e sentimentale<\/p>\n","protected":false},"featured_media":13704,"template":"","meta":{"_acf_changed":false},"product_brand":[],"product_cat":[2579],"product_tag":[],"class_list":{"0":"post-12049","1":"product","2":"type-product","3":"status-publish","4":"has-post-thumbnail","6":"product_cat-red-wine","8":"first","9":"instock","10":"purchasable","11":"product-type-simple"},"acf":[],"yoast_head":"<!-- This site is optimized with the Yoast SEO plugin v27.0 - https:\/\/yoast.com\/product\/yoast-seo-wordpress\/ -->\n<title>Franz Haas Ponkler 2018 - Vinoso Modena<\/title>\n<meta name=\"robots\" content=\"index, follow, max-snippet:-1, max-image-preview:large, max-video-preview:-1\" \/>\n<link rel=\"canonical\" href=\"https:\/\/vinosomodena.it\/prodotto\/franz-haas-ponkler-2014\/\" \/>\n<meta property=\"og:locale\" content=\"en_US\" \/>\n<meta property=\"og:type\" content=\"article\" \/>\n<meta property=\"og:title\" content=\"Franz Haas Ponkler 2018 - Vinoso Modena\" \/>\n<meta property=\"og:description\" content=\"Un vino speciale, che porta con s\u00e9 una dedica particolare: l\u2019Alto Adige DOC \u201cP\u00f2nkler\u201d viene infatti dedicato dalla propriet\u00e0 della cantina Franz Haas a Francesco Arrigoni, grande esperto di vini e di cibo. Francesco, pochi giorni prima di lasciarci, si trovava in azienda, dove rimase folgorato dalla bellezza di un singolo vigneto, il \u201cP\u00f2nkler\u201d in grado di dare vita a un Pinot Nero a dir poco sublime. Francesco strapp\u00f2 alla famiglia Haas una promessa, cio\u00e8 quella di fare del P\u00f2nkler un vero e proprio cru, da imbottigliare singolarmente. La promessa \u00e8 stata mantenuta con questo vino rosso dal sorso vellutato, che regala una sensazione appagante sia al naso che al palato. Un\u2019etichetta eccellente, dal profilo intimo e sentimentale\" \/>\n<meta property=\"og:url\" content=\"https:\/\/vinosomodena.it\/prodotto\/franz-haas-ponkler-2014\/\" \/>\n<meta property=\"og:site_name\" content=\"Vinoso Modena\" \/>\n<meta property=\"article:modified_time\" content=\"2025-01-21T16:40:33+00:00\" \/>\n<meta property=\"og:image\" content=\"https:\/\/vinosomodena.it\/wp-content\/uploads\/2023\/10\/1697197179_ponk.jpg\" \/>\n\t<meta property=\"og:image:width\" content=\"1500\" \/>\n\t<meta property=\"og:image:height\" content=\"1923\" \/>\n\t<meta property=\"og:image:type\" content=\"image\/jpeg\" \/>\n<meta name=\"twitter:card\" content=\"summary_large_image\" \/>\n<script type=\"application\/ld+json\" class=\"yoast-schema-graph\">{\"@context\":\"https:\/\/schema.org\",\"@graph\":[{\"@type\":\"WebPage\",\"@id\":\"https:\/\/vinosomodena.it\/prodotto\/franz-haas-ponkler-2014\/\",\"url\":\"https:\/\/vinosomodena.it\/prodotto\/franz-haas-ponkler-2014\/\",\"name\":\"Franz Haas Ponkler 2018 - Vinoso Modena\",\"isPartOf\":{\"@id\":\"https:\/\/vinosomodena.it\/#website\"},\"primaryImageOfPage\":{\"@id\":\"https:\/\/vinosomodena.it\/prodotto\/franz-haas-ponkler-2014\/#primaryimage\"},\"image\":{\"@id\":\"https:\/\/vinosomodena.it\/prodotto\/franz-haas-ponkler-2014\/#primaryimage\"},\"thumbnailUrl\":\"https:\/\/vinosomodena.it\/wp-content\/uploads\/2023\/10\/1697197179_ponk.jpg\",\"datePublished\":\"2020-12-01T12:40:47+00:00\",\"dateModified\":\"2025-01-21T16:40:33+00:00\",\"breadcrumb\":{\"@id\":\"https:\/\/vinosomodena.it\/prodotto\/franz-haas-ponkler-2014\/#breadcrumb\"},\"inLanguage\":\"en-US\",\"potentialAction\":[{\"@type\":\"ReadAction\",\"target\":[\"https:\/\/vinosomodena.it\/prodotto\/franz-haas-ponkler-2014\/\"]}]},{\"@type\":\"ImageObject\",\"inLanguage\":\"en-US\",\"@id\":\"https:\/\/vinosomodena.it\/prodotto\/franz-haas-ponkler-2014\/#primaryimage\",\"url\":\"https:\/\/vinosomodena.it\/wp-content\/uploads\/2023\/10\/1697197179_ponk.jpg\",\"contentUrl\":\"https:\/\/vinosomodena.it\/wp-content\/uploads\/2023\/10\/1697197179_ponk.jpg\",\"width\":1500,\"height\":1923},{\"@type\":\"BreadcrumbList\",\"@id\":\"https:\/\/vinosomodena.it\/prodotto\/franz-haas-ponkler-2014\/#breadcrumb\",\"itemListElement\":[{\"@type\":\"ListItem\",\"position\":1,\"name\":\"Home\",\"item\":\"https:\/\/vinosomodena.it\/\"},{\"@type\":\"ListItem\",\"position\":2,\"name\":\"Shop\",\"item\":\"https:\/\/vinosomodena.it\/negozio\/\"},{\"@type\":\"ListItem\",\"position\":3,\"name\":\"Franz Haas Ponkler 2018\"}]},{\"@type\":\"WebSite\",\"@id\":\"https:\/\/vinosomodena.it\/#website\",\"url\":\"https:\/\/vinosomodena.it\/\",\"name\":\"Vinoso Modena\",\"description\":\"I migliori vini, le annate storiche e molto altro ancora.\",\"potentialAction\":[{\"@type\":\"SearchAction\",\"target\":{\"@type\":\"EntryPoint\",\"urlTemplate\":\"https:\/\/vinosomodena.it\/?s={search_term_string}\"},\"query-input\":{\"@type\":\"PropertyValueSpecification\",\"valueRequired\":true,\"valueName\":\"search_term_string\"}}],\"inLanguage\":\"en-US\"}]}<\/script>\n<!-- \/ Yoast SEO plugin. -->","yoast_head_json":{"title":"Franz Haas Ponkler 2018 - Vinoso Modena","robots":{"index":"index","follow":"follow","max-snippet":"max-snippet:-1","max-image-preview":"max-image-preview:large","max-video-preview":"max-video-preview:-1"},"canonical":"https:\/\/vinosomodena.it\/prodotto\/franz-haas-ponkler-2014\/","og_locale":"en_US","og_type":"article","og_title":"Franz Haas Ponkler 2018 - Vinoso Modena","og_description":"Un vino speciale, che porta con s\u00e9 una dedica particolare: l\u2019Alto Adige DOC \u201cP\u00f2nkler\u201d viene infatti dedicato dalla propriet\u00e0 della cantina Franz Haas a Francesco Arrigoni, grande esperto di vini e di cibo. Francesco, pochi giorni prima di lasciarci, si trovava in azienda, dove rimase folgorato dalla bellezza di un singolo vigneto, il \u201cP\u00f2nkler\u201d in grado di dare vita a un Pinot Nero a dir poco sublime. Francesco strapp\u00f2 alla famiglia Haas una promessa, cio\u00e8 quella di fare del P\u00f2nkler un vero e proprio cru, da imbottigliare singolarmente. La promessa \u00e8 stata mantenuta con questo vino rosso dal sorso vellutato, che regala una sensazione appagante sia al naso che al palato. Un\u2019etichetta eccellente, dal profilo intimo e sentimentale","og_url":"https:\/\/vinosomodena.it\/prodotto\/franz-haas-ponkler-2014\/","og_site_name":"Vinoso Modena","article_modified_time":"2025-01-21T16:40:33+00:00","og_image":[{"width":1500,"height":1923,"url":"https:\/\/vinosomodena.it\/wp-content\/uploads\/2023\/10\/1697197179_ponk.jpg","type":"image\/jpeg"}],"twitter_card":"summary_large_image","schema":{"@context":"https:\/\/schema.org","@graph":[{"@type":"WebPage","@id":"https:\/\/vinosomodena.it\/prodotto\/franz-haas-ponkler-2014\/","url":"https:\/\/vinosomodena.it\/prodotto\/franz-haas-ponkler-2014\/","name":"Franz Haas Ponkler 2018 - Vinoso Modena","isPartOf":{"@id":"https:\/\/vinosomodena.it\/#website"},"primaryImageOfPage":{"@id":"https:\/\/vinosomodena.it\/prodotto\/franz-haas-ponkler-2014\/#primaryimage"},"image":{"@id":"https:\/\/vinosomodena.it\/prodotto\/franz-haas-ponkler-2014\/#primaryimage"},"thumbnailUrl":"https:\/\/vinosomodena.it\/wp-content\/uploads\/2023\/10\/1697197179_ponk.jpg","datePublished":"2020-12-01T12:40:47+00:00","dateModified":"2025-01-21T16:40:33+00:00","breadcrumb":{"@id":"https:\/\/vinosomodena.it\/prodotto\/franz-haas-ponkler-2014\/#breadcrumb"},"inLanguage":"en-US","potentialAction":[{"@type":"ReadAction","target":["https:\/\/vinosomodena.it\/prodotto\/franz-haas-ponkler-2014\/"]}]},{"@type":"ImageObject","inLanguage":"en-US","@id":"https:\/\/vinosomodena.it\/prodotto\/franz-haas-ponkler-2014\/#primaryimage","url":"https:\/\/vinosomodena.it\/wp-content\/uploads\/2023\/10\/1697197179_ponk.jpg","contentUrl":"https:\/\/vinosomodena.it\/wp-content\/uploads\/2023\/10\/1697197179_ponk.jpg","width":1500,"height":1923},{"@type":"BreadcrumbList","@id":"https:\/\/vinosomodena.it\/prodotto\/franz-haas-ponkler-2014\/#breadcrumb","itemListElement":[{"@type":"ListItem","position":1,"name":"Home","item":"https:\/\/vinosomodena.it\/"},{"@type":"ListItem","position":2,"name":"Shop","item":"https:\/\/vinosomodena.it\/negozio\/"},{"@type":"ListItem","position":3,"name":"Franz Haas Ponkler 2018"}]},{"@type":"WebSite","@id":"https:\/\/vinosomodena.it\/#website","url":"https:\/\/vinosomodena.it\/","name":"Vinoso Modena","description":"I migliori vini, le annate storiche e molto altro ancora.","potentialAction":[{"@type":"SearchAction","target":{"@type":"EntryPoint","urlTemplate":"https:\/\/vinosomodena.it\/?s={search_term_string}"},"query-input":{"@type":"PropertyValueSpecification","valueRequired":true,"valueName":"search_term_string"}}],"inLanguage":"en-US"}]}},"jetpack_sharing_enabled":true,"_links":{"self":[{"href":"https:\/\/vinosomodena.it\/en\/wp-json\/wp\/v2\/product\/12049","targetHints":{"allow":["GET"]}}],"collection":[{"href":"https:\/\/vinosomodena.it\/en\/wp-json\/wp\/v2\/product"}],"about":[{"href":"https:\/\/vinosomodena.it\/en\/wp-json\/wp\/v2\/types\/product"}],"wp:featuredmedia":[{"embeddable":true,"href":"https:\/\/vinosomodena.it\/en\/wp-json\/wp\/v2\/media\/13704"}],"wp:attachment":[{"href":"https:\/\/vinosomodena.it\/en\/wp-json\/wp\/v2\/media?parent=12049"}],"wp:term":[{"taxonomy":"product_brand","embeddable":true,"href":"https:\/\/vinosomodena.it\/en\/wp-json\/wp\/v2\/product_brand?post=12049"},{"taxonomy":"product_cat","embeddable":true,"href":"https:\/\/vinosomodena.it\/en\/wp-json\/wp\/v2\/product_cat?post=12049"},{"taxonomy":"product_tag","embeddable":true,"href":"https:\/\/vinosomodena.it\/en\/wp-json\/wp\/v2\/product_tag?post=12049"}],"curies":[{"name":"wp","href":"https:\/\/api.w.org\/{rel}","templated":true}]}}