{"id":12072,"date":"2020-12-01T13:40:37","date_gmt":"2020-12-01T12:40:37","guid":{"rendered":"https:\/\/vinosomodena.it\/prodotto\/chateau-giscours-margaux-2015\/"},"modified":"2026-02-08T18:42:46","modified_gmt":"2026-02-08T17:42:46","slug":"chateau-giscours-margaux-2015","status":"publish","type":"product","link":"https:\/\/vinosomodena.it\/en\/prodotto\/chateau-giscours-margaux-2015\/","title":{"rendered":"Chateau Giscours Margaux 2015"},"content":{"rendered":"<p>Vendemmie di qualit\u00e0, idealmente lunghe, che si concludono dopo un mese di raccolta ininterrotta. Il risultato nei vini dello Ch\u00e2teau Giscours: superbo! A settembre e ad ottobre, il generoso sole quotidiano, associato al fresco della notte, produce l&#8217;escursione termica necessaria a raffinare i tannini e a rendere pi\u00f9 concentrati i fenoli delle uve. In quest&#8217;annata, dal tipico stile Margaux, il Giscours 2015 \u00e8 eccezionale sia per il notevole equilibrio, sia per come si sposano armoniosamente potenza e precisione, freschezza e finezza. Si ritrova la personalit\u00e0 dei grandi Margaux. Invecchier\u00e0 significativamente, grazie all&#8217;eccellente bilanciamento tra frutta, tannini e acidit\u00e0. Certamente dei vini deliziosi&#8230;e per molto tempo!<\/p>\n","protected":false},"excerpt":{"rendered":"<p>Vendemmie di qualit\u00e0, idealmente lunghe, che si concludono dopo un mese di raccolta ininterrotta. Il risultato nei vini dello Ch\u00e2teau Giscours: superbo! A settembre e ad ottobre, il generoso sole quotidiano, associato al fresco della notte, produce l&#8217;escursione termica necessaria a raffinare i tannini e a rendere pi\u00f9 concentrati i fenoli delle uve. In quest&#8217;annata, dal tipico stile Margaux, il Giscours 2015 \u00e8 eccezionale sia per il notevole equilibrio, sia per come si sposano armoniosamente potenza e precisione, freschezza e finezza. Si ritrova la personalit\u00e0 dei grandi Margaux. Invecchier\u00e0 significativamente, grazie all&#8217;eccellente bilanciamento tra frutta, tannini e acidit\u00e0. Certamente dei vini deliziosi&#8230;e per molto tempo!<\/p>\n","protected":false},"featured_media":20307,"template":"","meta":{"_acf_changed":false},"product_brand":[],"product_cat":[2579],"product_tag":[],"class_list":{"0":"post-12072","1":"product","2":"type-product","3":"status-publish","4":"has-post-thumbnail","6":"product_cat-red-wine","8":"first","9":"outofstock","10":"purchasable","11":"product-type-simple"},"acf":[],"yoast_head":"<!-- This site is optimized with the Yoast SEO plugin v27.0 - https:\/\/yoast.com\/product\/yoast-seo-wordpress\/ -->\n<title>Chateau Giscours Margaux 2015 - Vinoso Modena<\/title>\n<meta name=\"robots\" content=\"index, follow, max-snippet:-1, max-image-preview:large, max-video-preview:-1\" \/>\n<link rel=\"canonical\" href=\"https:\/\/vinosomodena.it\/en\/prodotto\/chateau-giscours-margaux-2015\/\" \/>\n<meta property=\"og:locale\" content=\"en_US\" \/>\n<meta property=\"og:type\" content=\"article\" \/>\n<meta property=\"og:title\" content=\"Chateau Giscours Margaux 2015 - Vinoso Modena\" \/>\n<meta property=\"og:description\" content=\"Vendemmie di qualit\u00e0, idealmente lunghe, che si concludono dopo un mese di raccolta ininterrotta. Il risultato nei vini dello Ch\u00e2teau Giscours: superbo! A settembre e ad ottobre, il generoso sole quotidiano, associato al fresco della notte, produce l&#039;escursione termica necessaria a raffinare i tannini e a rendere pi\u00f9 concentrati i fenoli delle uve. In quest&#039;annata, dal tipico stile Margaux, il Giscours 2015 \u00e8 eccezionale sia per il notevole equilibrio, sia per come si sposano armoniosamente potenza e precisione, freschezza e finezza. Si ritrova la personalit\u00e0 dei grandi Margaux. Invecchier\u00e0 significativamente, grazie all&#039;eccellente bilanciamento tra frutta, tannini e acidit\u00e0. Certamente dei vini deliziosi...e per molto tempo!\" \/>\n<meta property=\"og:url\" content=\"https:\/\/vinosomodena.it\/en\/prodotto\/chateau-giscours-margaux-2015\/\" \/>\n<meta property=\"og:site_name\" content=\"Vinoso Modena\" \/>\n<meta property=\"article:modified_time\" content=\"2026-02-08T17:42:46+00:00\" \/>\n<meta property=\"og:image\" content=\"https:\/\/vinosomodena.it\/wp-content\/uploads\/2025\/02\/giscoursmargaux2015.jpg\" \/>\n\t<meta property=\"og:image:width\" content=\"1500\" \/>\n\t<meta property=\"og:image:height\" content=\"1923\" \/>\n\t<meta property=\"og:image:type\" content=\"image\/jpeg\" \/>\n<meta name=\"twitter:card\" content=\"summary_large_image\" \/>\n<meta name=\"twitter:label1\" content=\"Est. reading time\" \/>\n\t<meta name=\"twitter:data1\" content=\"1 minute\" \/>\n<script type=\"application\/ld+json\" class=\"yoast-schema-graph\">{\"@context\":\"https:\/\/schema.org\",\"@graph\":[{\"@type\":\"WebPage\",\"@id\":\"https:\/\/vinosomodena.it\/en\/prodotto\/chateau-giscours-margaux-2015\/\",\"url\":\"https:\/\/vinosomodena.it\/en\/prodotto\/chateau-giscours-margaux-2015\/\",\"name\":\"Chateau Giscours Margaux 2015 - Vinoso Modena\",\"isPartOf\":{\"@id\":\"https:\/\/vinosomodena.it\/#website\"},\"primaryImageOfPage\":{\"@id\":\"https:\/\/vinosomodena.it\/en\/prodotto\/chateau-giscours-margaux-2015\/#primaryimage\"},\"image\":{\"@id\":\"https:\/\/vinosomodena.it\/en\/prodotto\/chateau-giscours-margaux-2015\/#primaryimage\"},\"thumbnailUrl\":\"https:\/\/vinosomodena.it\/wp-content\/uploads\/2025\/02\/giscoursmargaux2015.jpg\",\"datePublished\":\"2020-12-01T12:40:37+00:00\",\"dateModified\":\"2026-02-08T17:42:46+00:00\",\"breadcrumb\":{\"@id\":\"https:\/\/vinosomodena.it\/en\/prodotto\/chateau-giscours-margaux-2015\/#breadcrumb\"},\"inLanguage\":\"en-US\",\"potentialAction\":[{\"@type\":\"ReadAction\",\"target\":[\"https:\/\/vinosomodena.it\/en\/prodotto\/chateau-giscours-margaux-2015\/\"]}]},{\"@type\":\"ImageObject\",\"inLanguage\":\"en-US\",\"@id\":\"https:\/\/vinosomodena.it\/en\/prodotto\/chateau-giscours-margaux-2015\/#primaryimage\",\"url\":\"https:\/\/vinosomodena.it\/wp-content\/uploads\/2025\/02\/giscoursmargaux2015.jpg\",\"contentUrl\":\"https:\/\/vinosomodena.it\/wp-content\/uploads\/2025\/02\/giscoursmargaux2015.jpg\",\"width\":1500,\"height\":1923},{\"@type\":\"BreadcrumbList\",\"@id\":\"https:\/\/vinosomodena.it\/en\/prodotto\/chateau-giscours-margaux-2015\/#breadcrumb\",\"itemListElement\":[{\"@type\":\"ListItem\",\"position\":1,\"name\":\"Home\",\"item\":\"https:\/\/vinosomodena.it\/\"},{\"@type\":\"ListItem\",\"position\":2,\"name\":\"Shop\",\"item\":\"https:\/\/vinosomodena.it\/negozio\/\"},{\"@type\":\"ListItem\",\"position\":3,\"name\":\"Chateau Giscours Margaux 2015\"}]},{\"@type\":\"WebSite\",\"@id\":\"https:\/\/vinosomodena.it\/#website\",\"url\":\"https:\/\/vinosomodena.it\/\",\"name\":\"Vinoso Modena\",\"description\":\"I migliori vini, le annate storiche e molto altro ancora.\",\"potentialAction\":[{\"@type\":\"SearchAction\",\"target\":{\"@type\":\"EntryPoint\",\"urlTemplate\":\"https:\/\/vinosomodena.it\/?s={search_term_string}\"},\"query-input\":{\"@type\":\"PropertyValueSpecification\",\"valueRequired\":true,\"valueName\":\"search_term_string\"}}],\"inLanguage\":\"en-US\"}]}<\/script>\n<!-- \/ Yoast SEO plugin. -->","yoast_head_json":{"title":"Chateau Giscours Margaux 2015 - Vinoso Modena","robots":{"index":"index","follow":"follow","max-snippet":"max-snippet:-1","max-image-preview":"max-image-preview:large","max-video-preview":"max-video-preview:-1"},"canonical":"https:\/\/vinosomodena.it\/en\/prodotto\/chateau-giscours-margaux-2015\/","og_locale":"en_US","og_type":"article","og_title":"Chateau Giscours Margaux 2015 - Vinoso Modena","og_description":"Vendemmie di qualit\u00e0, idealmente lunghe, che si concludono dopo un mese di raccolta ininterrotta. Il risultato nei vini dello Ch\u00e2teau Giscours: superbo! A settembre e ad ottobre, il generoso sole quotidiano, associato al fresco della notte, produce l'escursione termica necessaria a raffinare i tannini e a rendere pi\u00f9 concentrati i fenoli delle uve. In quest'annata, dal tipico stile Margaux, il Giscours 2015 \u00e8 eccezionale sia per il notevole equilibrio, sia per come si sposano armoniosamente potenza e precisione, freschezza e finezza. Si ritrova la personalit\u00e0 dei grandi Margaux. Invecchier\u00e0 significativamente, grazie all'eccellente bilanciamento tra frutta, tannini e acidit\u00e0. Certamente dei vini deliziosi...e per molto tempo!","og_url":"https:\/\/vinosomodena.it\/en\/prodotto\/chateau-giscours-margaux-2015\/","og_site_name":"Vinoso Modena","article_modified_time":"2026-02-08T17:42:46+00:00","og_image":[{"width":1500,"height":1923,"url":"https:\/\/vinosomodena.it\/wp-content\/uploads\/2025\/02\/giscoursmargaux2015.jpg","type":"image\/jpeg"}],"twitter_card":"summary_large_image","twitter_misc":{"Est. reading time":"1 minute"},"schema":{"@context":"https:\/\/schema.org","@graph":[{"@type":"WebPage","@id":"https:\/\/vinosomodena.it\/en\/prodotto\/chateau-giscours-margaux-2015\/","url":"https:\/\/vinosomodena.it\/en\/prodotto\/chateau-giscours-margaux-2015\/","name":"Chateau Giscours Margaux 2015 - Vinoso Modena","isPartOf":{"@id":"https:\/\/vinosomodena.it\/#website"},"primaryImageOfPage":{"@id":"https:\/\/vinosomodena.it\/en\/prodotto\/chateau-giscours-margaux-2015\/#primaryimage"},"image":{"@id":"https:\/\/vinosomodena.it\/en\/prodotto\/chateau-giscours-margaux-2015\/#primaryimage"},"thumbnailUrl":"https:\/\/vinosomodena.it\/wp-content\/uploads\/2025\/02\/giscoursmargaux2015.jpg","datePublished":"2020-12-01T12:40:37+00:00","dateModified":"2026-02-08T17:42:46+00:00","breadcrumb":{"@id":"https:\/\/vinosomodena.it\/en\/prodotto\/chateau-giscours-margaux-2015\/#breadcrumb"},"inLanguage":"en-US","potentialAction":[{"@type":"ReadAction","target":["https:\/\/vinosomodena.it\/en\/prodotto\/chateau-giscours-margaux-2015\/"]}]},{"@type":"ImageObject","inLanguage":"en-US","@id":"https:\/\/vinosomodena.it\/en\/prodotto\/chateau-giscours-margaux-2015\/#primaryimage","url":"https:\/\/vinosomodena.it\/wp-content\/uploads\/2025\/02\/giscoursmargaux2015.jpg","contentUrl":"https:\/\/vinosomodena.it\/wp-content\/uploads\/2025\/02\/giscoursmargaux2015.jpg","width":1500,"height":1923},{"@type":"BreadcrumbList","@id":"https:\/\/vinosomodena.it\/en\/prodotto\/chateau-giscours-margaux-2015\/#breadcrumb","itemListElement":[{"@type":"ListItem","position":1,"name":"Home","item":"https:\/\/vinosomodena.it\/"},{"@type":"ListItem","position":2,"name":"Shop","item":"https:\/\/vinosomodena.it\/negozio\/"},{"@type":"ListItem","position":3,"name":"Chateau Giscours Margaux 2015"}]},{"@type":"WebSite","@id":"https:\/\/vinosomodena.it\/#website","url":"https:\/\/vinosomodena.it\/","name":"Vinoso Modena","description":"I migliori vini, le annate storiche e molto altro ancora.","potentialAction":[{"@type":"SearchAction","target":{"@type":"EntryPoint","urlTemplate":"https:\/\/vinosomodena.it\/?s={search_term_string}"},"query-input":{"@type":"PropertyValueSpecification","valueRequired":true,"valueName":"search_term_string"}}],"inLanguage":"en-US"}]}},"jetpack_sharing_enabled":true,"_links":{"self":[{"href":"https:\/\/vinosomodena.it\/en\/wp-json\/wp\/v2\/product\/12072","targetHints":{"allow":["GET"]}}],"collection":[{"href":"https:\/\/vinosomodena.it\/en\/wp-json\/wp\/v2\/product"}],"about":[{"href":"https:\/\/vinosomodena.it\/en\/wp-json\/wp\/v2\/types\/product"}],"wp:featuredmedia":[{"embeddable":true,"href":"https:\/\/vinosomodena.it\/en\/wp-json\/wp\/v2\/media\/20307"}],"wp:attachment":[{"href":"https:\/\/vinosomodena.it\/en\/wp-json\/wp\/v2\/media?parent=12072"}],"wp:term":[{"taxonomy":"product_brand","embeddable":true,"href":"https:\/\/vinosomodena.it\/en\/wp-json\/wp\/v2\/product_brand?post=12072"},{"taxonomy":"product_cat","embeddable":true,"href":"https:\/\/vinosomodena.it\/en\/wp-json\/wp\/v2\/product_cat?post=12072"},{"taxonomy":"product_tag","embeddable":true,"href":"https:\/\/vinosomodena.it\/en\/wp-json\/wp\/v2\/product_tag?post=12072"}],"curies":[{"name":"wp","href":"https:\/\/api.w.org\/{rel}","templated":true}]}}