{"id":12085,"date":"2020-12-01T13:40:37","date_gmt":"2020-12-01T12:40:37","guid":{"rendered":"https:\/\/vinosomodena.it\/prodotto\/chateau-smith-haut-lafitte-pessac-leognan-2016\/"},"modified":"2026-01-15T11:51:33","modified_gmt":"2026-01-15T10:51:33","slug":"chateau-smith-haut-lafitte-pessac-leognan-2016","status":"publish","type":"product","link":"https:\/\/vinosomodena.it\/en\/prodotto\/chateau-smith-haut-lafitte-pessac-leognan-2016\/","title":{"rendered":"Chateau Smith Haut Lafitte Pessac Leognan 2016"},"content":{"rendered":"<p>Cru Class\u00e9 di Graves prodotto nella denominazione Pessac-L\u00e9ognan, ch\u00e2teau Smith Haut Lafitte possiede una vigna di 67 ettari. Di 38 anni in media, le viti sono stabilite su un suolo costituito da gravi. Ogni lotto \u00e8 affinato per 18 mesi in barili (al 60% in barili nuovi) prima dell&#8217;assemblaggio. Ch\u00e2teau Smith Haut Lafitte rouge 2016 \u00e8 composto al 65% di Cabernet Sauvignon, al 30% di Merlot, al 4% di Cabernet franc ed all&#8217;1% di Petit Verdot. Questo vino potente ed elegante rivela un equilibrio formidabile in bocca e si mostra allo stesso tempo denso, concentrato, soave, coerente e con una superbia texture<\/p>\n","protected":false},"excerpt":{"rendered":"<p>Cru Class\u00e9 di Graves prodotto nella denominazione Pessac-L\u00e9ognan, ch\u00e2teau Smith Haut Lafitte possiede una vigna di 67 ettari. Di 38 anni in media, le viti sono stabilite su un suolo costituito da gravi. Ogni lotto \u00e8 affinato per 18 mesi in barili (al 60% in barili nuovi) prima dell&#8217;assemblaggio. Ch\u00e2teau Smith Haut Lafitte rouge 2016 \u00e8 composto al 65% di Cabernet Sauvignon, al 30% di Merlot, al 4% di Cabernet franc ed all&#8217;1% di Petit Verdot. Questo vino potente ed elegante rivela un equilibrio formidabile in bocca e si mostra allo stesso tempo denso, concentrato, soave, coerente e con una superbia texture.<\/p>\n","protected":false},"featured_media":24390,"template":"","meta":{"_acf_changed":false},"product_brand":[],"product_cat":[4965],"product_tag":[],"class_list":{"0":"post-12085","1":"product","2":"type-product","3":"status-publish","4":"has-post-thumbnail","6":"product_cat-red-wines","8":"first","9":"instock","10":"purchasable","11":"product-type-simple"},"acf":[],"yoast_head":"<!-- This site is optimized with the Yoast SEO plugin v27.0 - https:\/\/yoast.com\/product\/yoast-seo-wordpress\/ -->\n<title>Chateau Smith Haut Lafitte Pessac Leognan 2016 - Vinoso Modena<\/title>\n<meta name=\"robots\" content=\"index, follow, max-snippet:-1, max-image-preview:large, max-video-preview:-1\" \/>\n<link rel=\"canonical\" href=\"https:\/\/vinosomodena.it\/en\/prodotto\/chateau-smith-haut-lafitte-pessac-leognan-2016\/\" \/>\n<meta property=\"og:locale\" content=\"en_US\" \/>\n<meta property=\"og:type\" content=\"article\" \/>\n<meta property=\"og:title\" content=\"Chateau Smith Haut Lafitte Pessac Leognan 2016 - Vinoso Modena\" \/>\n<meta property=\"og:description\" content=\"Cru Class\u00e9 di Graves prodotto nella denominazione Pessac-L\u00e9ognan, ch\u00e2teau Smith Haut Lafitte possiede una vigna di 67 ettari. Di 38 anni in media, le viti sono stabilite su un suolo costituito da gravi. Ogni lotto \u00e8 affinato per 18 mesi in barili (al 60% in barili nuovi) prima dell&#039;assemblaggio. Ch\u00e2teau Smith Haut Lafitte rouge 2016 \u00e8 composto al 65% di Cabernet Sauvignon, al 30% di Merlot, al 4% di Cabernet franc ed all&#039;1% di Petit Verdot. Questo vino potente ed elegante rivela un equilibrio formidabile in bocca e si mostra allo stesso tempo denso, concentrato, soave, coerente e con una superbia texture.\" \/>\n<meta property=\"og:url\" content=\"https:\/\/vinosomodena.it\/en\/prodotto\/chateau-smith-haut-lafitte-pessac-leognan-2016\/\" \/>\n<meta property=\"og:site_name\" content=\"Vinoso Modena\" \/>\n<meta property=\"article:modified_time\" content=\"2026-01-15T10:51:33+00:00\" \/>\n<meta property=\"og:image\" content=\"https:\/\/vinosomodena.it\/wp-content\/uploads\/2025\/10\/smithhavtlafitte2016.jpg\" \/>\n\t<meta property=\"og:image:width\" content=\"1500\" \/>\n\t<meta property=\"og:image:height\" content=\"1923\" \/>\n\t<meta property=\"og:image:type\" content=\"image\/jpeg\" \/>\n<meta name=\"twitter:card\" content=\"summary_large_image\" \/>\n<script type=\"application\/ld+json\" class=\"yoast-schema-graph\">{\"@context\":\"https:\/\/schema.org\",\"@graph\":[{\"@type\":\"WebPage\",\"@id\":\"https:\/\/vinosomodena.it\/en\/prodotto\/chateau-smith-haut-lafitte-pessac-leognan-2016\/\",\"url\":\"https:\/\/vinosomodena.it\/en\/prodotto\/chateau-smith-haut-lafitte-pessac-leognan-2016\/\",\"name\":\"Chateau Smith Haut Lafitte Pessac Leognan 2016 - Vinoso Modena\",\"isPartOf\":{\"@id\":\"https:\/\/vinosomodena.it\/#website\"},\"primaryImageOfPage\":{\"@id\":\"https:\/\/vinosomodena.it\/en\/prodotto\/chateau-smith-haut-lafitte-pessac-leognan-2016\/#primaryimage\"},\"image\":{\"@id\":\"https:\/\/vinosomodena.it\/en\/prodotto\/chateau-smith-haut-lafitte-pessac-leognan-2016\/#primaryimage\"},\"thumbnailUrl\":\"https:\/\/vinosomodena.it\/wp-content\/uploads\/2025\/10\/smithhavtlafitte2016.jpg\",\"datePublished\":\"2020-12-01T12:40:37+00:00\",\"dateModified\":\"2026-01-15T10:51:33+00:00\",\"breadcrumb\":{\"@id\":\"https:\/\/vinosomodena.it\/en\/prodotto\/chateau-smith-haut-lafitte-pessac-leognan-2016\/#breadcrumb\"},\"inLanguage\":\"en-US\",\"potentialAction\":[{\"@type\":\"ReadAction\",\"target\":[\"https:\/\/vinosomodena.it\/en\/prodotto\/chateau-smith-haut-lafitte-pessac-leognan-2016\/\"]}]},{\"@type\":\"ImageObject\",\"inLanguage\":\"en-US\",\"@id\":\"https:\/\/vinosomodena.it\/en\/prodotto\/chateau-smith-haut-lafitte-pessac-leognan-2016\/#primaryimage\",\"url\":\"https:\/\/vinosomodena.it\/wp-content\/uploads\/2025\/10\/smithhavtlafitte2016.jpg\",\"contentUrl\":\"https:\/\/vinosomodena.it\/wp-content\/uploads\/2025\/10\/smithhavtlafitte2016.jpg\",\"width\":1500,\"height\":1923},{\"@type\":\"BreadcrumbList\",\"@id\":\"https:\/\/vinosomodena.it\/en\/prodotto\/chateau-smith-haut-lafitte-pessac-leognan-2016\/#breadcrumb\",\"itemListElement\":[{\"@type\":\"ListItem\",\"position\":1,\"name\":\"Home\",\"item\":\"https:\/\/vinosomodena.it\/\"},{\"@type\":\"ListItem\",\"position\":2,\"name\":\"Shop\",\"item\":\"https:\/\/vinosomodena.it\/negozio\/\"},{\"@type\":\"ListItem\",\"position\":3,\"name\":\"Chateau Smith Haut Lafitte Pessac Leognan 2016\"}]},{\"@type\":\"WebSite\",\"@id\":\"https:\/\/vinosomodena.it\/#website\",\"url\":\"https:\/\/vinosomodena.it\/\",\"name\":\"Vinoso Modena\",\"description\":\"I migliori vini, le annate storiche e molto altro ancora.\",\"potentialAction\":[{\"@type\":\"SearchAction\",\"target\":{\"@type\":\"EntryPoint\",\"urlTemplate\":\"https:\/\/vinosomodena.it\/?s={search_term_string}\"},\"query-input\":{\"@type\":\"PropertyValueSpecification\",\"valueRequired\":true,\"valueName\":\"search_term_string\"}}],\"inLanguage\":\"en-US\"}]}<\/script>\n<!-- \/ Yoast SEO plugin. -->","yoast_head_json":{"title":"Chateau Smith Haut Lafitte Pessac Leognan 2016 - Vinoso Modena","robots":{"index":"index","follow":"follow","max-snippet":"max-snippet:-1","max-image-preview":"max-image-preview:large","max-video-preview":"max-video-preview:-1"},"canonical":"https:\/\/vinosomodena.it\/en\/prodotto\/chateau-smith-haut-lafitte-pessac-leognan-2016\/","og_locale":"en_US","og_type":"article","og_title":"Chateau Smith Haut Lafitte Pessac Leognan 2016 - Vinoso Modena","og_description":"Cru Class\u00e9 di Graves prodotto nella denominazione Pessac-L\u00e9ognan, ch\u00e2teau Smith Haut Lafitte possiede una vigna di 67 ettari. Di 38 anni in media, le viti sono stabilite su un suolo costituito da gravi. Ogni lotto \u00e8 affinato per 18 mesi in barili (al 60% in barili nuovi) prima dell'assemblaggio. Ch\u00e2teau Smith Haut Lafitte rouge 2016 \u00e8 composto al 65% di Cabernet Sauvignon, al 30% di Merlot, al 4% di Cabernet franc ed all'1% di Petit Verdot. Questo vino potente ed elegante rivela un equilibrio formidabile in bocca e si mostra allo stesso tempo denso, concentrato, soave, coerente e con una superbia texture.","og_url":"https:\/\/vinosomodena.it\/en\/prodotto\/chateau-smith-haut-lafitte-pessac-leognan-2016\/","og_site_name":"Vinoso Modena","article_modified_time":"2026-01-15T10:51:33+00:00","og_image":[{"width":1500,"height":1923,"url":"https:\/\/vinosomodena.it\/wp-content\/uploads\/2025\/10\/smithhavtlafitte2016.jpg","type":"image\/jpeg"}],"twitter_card":"summary_large_image","schema":{"@context":"https:\/\/schema.org","@graph":[{"@type":"WebPage","@id":"https:\/\/vinosomodena.it\/en\/prodotto\/chateau-smith-haut-lafitte-pessac-leognan-2016\/","url":"https:\/\/vinosomodena.it\/en\/prodotto\/chateau-smith-haut-lafitte-pessac-leognan-2016\/","name":"Chateau Smith Haut Lafitte Pessac Leognan 2016 - Vinoso Modena","isPartOf":{"@id":"https:\/\/vinosomodena.it\/#website"},"primaryImageOfPage":{"@id":"https:\/\/vinosomodena.it\/en\/prodotto\/chateau-smith-haut-lafitte-pessac-leognan-2016\/#primaryimage"},"image":{"@id":"https:\/\/vinosomodena.it\/en\/prodotto\/chateau-smith-haut-lafitte-pessac-leognan-2016\/#primaryimage"},"thumbnailUrl":"https:\/\/vinosomodena.it\/wp-content\/uploads\/2025\/10\/smithhavtlafitte2016.jpg","datePublished":"2020-12-01T12:40:37+00:00","dateModified":"2026-01-15T10:51:33+00:00","breadcrumb":{"@id":"https:\/\/vinosomodena.it\/en\/prodotto\/chateau-smith-haut-lafitte-pessac-leognan-2016\/#breadcrumb"},"inLanguage":"en-US","potentialAction":[{"@type":"ReadAction","target":["https:\/\/vinosomodena.it\/en\/prodotto\/chateau-smith-haut-lafitte-pessac-leognan-2016\/"]}]},{"@type":"ImageObject","inLanguage":"en-US","@id":"https:\/\/vinosomodena.it\/en\/prodotto\/chateau-smith-haut-lafitte-pessac-leognan-2016\/#primaryimage","url":"https:\/\/vinosomodena.it\/wp-content\/uploads\/2025\/10\/smithhavtlafitte2016.jpg","contentUrl":"https:\/\/vinosomodena.it\/wp-content\/uploads\/2025\/10\/smithhavtlafitte2016.jpg","width":1500,"height":1923},{"@type":"BreadcrumbList","@id":"https:\/\/vinosomodena.it\/en\/prodotto\/chateau-smith-haut-lafitte-pessac-leognan-2016\/#breadcrumb","itemListElement":[{"@type":"ListItem","position":1,"name":"Home","item":"https:\/\/vinosomodena.it\/"},{"@type":"ListItem","position":2,"name":"Shop","item":"https:\/\/vinosomodena.it\/negozio\/"},{"@type":"ListItem","position":3,"name":"Chateau Smith Haut Lafitte Pessac Leognan 2016"}]},{"@type":"WebSite","@id":"https:\/\/vinosomodena.it\/#website","url":"https:\/\/vinosomodena.it\/","name":"Vinoso Modena","description":"I migliori vini, le annate storiche e molto altro ancora.","potentialAction":[{"@type":"SearchAction","target":{"@type":"EntryPoint","urlTemplate":"https:\/\/vinosomodena.it\/?s={search_term_string}"},"query-input":{"@type":"PropertyValueSpecification","valueRequired":true,"valueName":"search_term_string"}}],"inLanguage":"en-US"}]}},"jetpack_sharing_enabled":true,"_links":{"self":[{"href":"https:\/\/vinosomodena.it\/en\/wp-json\/wp\/v2\/product\/12085","targetHints":{"allow":["GET"]}}],"collection":[{"href":"https:\/\/vinosomodena.it\/en\/wp-json\/wp\/v2\/product"}],"about":[{"href":"https:\/\/vinosomodena.it\/en\/wp-json\/wp\/v2\/types\/product"}],"wp:featuredmedia":[{"embeddable":true,"href":"https:\/\/vinosomodena.it\/en\/wp-json\/wp\/v2\/media\/24390"}],"wp:attachment":[{"href":"https:\/\/vinosomodena.it\/en\/wp-json\/wp\/v2\/media?parent=12085"}],"wp:term":[{"taxonomy":"product_brand","embeddable":true,"href":"https:\/\/vinosomodena.it\/en\/wp-json\/wp\/v2\/product_brand?post=12085"},{"taxonomy":"product_cat","embeddable":true,"href":"https:\/\/vinosomodena.it\/en\/wp-json\/wp\/v2\/product_cat?post=12085"},{"taxonomy":"product_tag","embeddable":true,"href":"https:\/\/vinosomodena.it\/en\/wp-json\/wp\/v2\/product_tag?post=12085"}],"curies":[{"name":"wp","href":"https:\/\/api.w.org\/{rel}","templated":true}]}}