{"id":12112,"date":"2020-12-01T13:40:26","date_gmt":"2020-12-01T12:40:26","guid":{"rendered":"https:\/\/vinosomodena.it\/?post_type=product&#038;p=12112"},"modified":"2026-01-16T14:12:31","modified_gmt":"2026-01-16T13:12:31","slug":"champagne-perrier-jouet-gran-brut-magnum-astuccio","status":"publish","type":"product","link":"https:\/\/vinosomodena.it\/en\/prodotto\/champagne-perrier-jouet-gran-brut-magnum-astuccio\/","title":{"rendered":"Champagne Perrier Jouet Gran Brut MAGNUM ASTUCCIO"},"content":{"rendered":"<p>Nato nel 1856, \u00e8 il primo Champagne brut creato dalla maison. Lo Champagne Brut \u201cGrand Brut\u201d &#8211; Perrier-Jou\u00ebt fu pensato dallo chef de cave che, al fine di soddisfare la clientela inglese, decise di ridurre considerevolmente il dosaggio zuccherino delle sue cuv\u00e9e. \u00c8 uno degli Champagne pi\u00f9 degustati al mondo, che riposa almeno tre anni sui lieviti dimostrandosi raffinato, unico e gustoso<\/p>\n","protected":false},"excerpt":{"rendered":"<p>Nato nel 1856, \u00e8 il primo Champagne brut creato dalla maison. Lo Champagne Brut \u201cGrand Brut\u201d &#8211; Perrier-Jou\u00ebt fu pensato dallo chef de cave che, al fine di soddisfare la clientela inglese, decise di ridurre considerevolmente il dosaggio zuccherino delle sue cuv\u00e9e. \u00c8 uno degli Champagne pi\u00f9 degustati al mondo, che riposa almeno tre anni sui lieviti dimostrandosi raffinato, unico e gustoso<\/p>\n","protected":false},"featured_media":17965,"template":"","meta":{"_acf_changed":false},"product_brand":[],"product_cat":[2599],"product_tag":[],"class_list":{"0":"post-12112","1":"product","2":"type-product","3":"status-publish","4":"has-post-thumbnail","6":"product_cat-champagne-en","8":"first","9":"instock","10":"purchasable","11":"product-type-simple"},"acf":[],"yoast_head":"<!-- This site is optimized with the Yoast SEO plugin v27.4 - https:\/\/yoast.com\/product\/yoast-seo-wordpress\/ -->\n<title>Champagne Perrier Jouet Gran Brut MAGNUM ASTUCCIO - Vinoso Modena<\/title>\n<meta name=\"robots\" content=\"index, follow, max-snippet:-1, max-image-preview:large, max-video-preview:-1\" \/>\n<link rel=\"canonical\" href=\"https:\/\/vinosomodena.it\/en\/prodotto\/champagne-perrier-jouet-gran-brut-magnum-astuccio\/\" \/>\n<meta property=\"og:locale\" content=\"en_US\" \/>\n<meta property=\"og:type\" content=\"article\" \/>\n<meta property=\"og:title\" content=\"Champagne Perrier Jouet Gran Brut MAGNUM ASTUCCIO - Vinoso Modena\" \/>\n<meta property=\"og:description\" content=\"Nato nel 1856, \u00e8 il primo Champagne brut creato dalla maison. Lo Champagne Brut \u201cGrand Brut\u201d - Perrier-Jou\u00ebt fu pensato dallo chef de cave che, al fine di soddisfare la clientela inglese, decise di ridurre considerevolmente il dosaggio zuccherino delle sue cuv\u00e9e. \u00c8 uno degli Champagne pi\u00f9 degustati al mondo, che riposa almeno tre anni sui lieviti dimostrandosi raffinato, unico e gustoso\" \/>\n<meta property=\"og:url\" content=\"https:\/\/vinosomodena.it\/en\/prodotto\/champagne-perrier-jouet-gran-brut-magnum-astuccio\/\" \/>\n<meta property=\"og:site_name\" content=\"Vinoso Modena\" \/>\n<meta property=\"article:modified_time\" content=\"2026-01-16T13:12:31+00:00\" \/>\n<meta property=\"og:image\" content=\"https:\/\/vinosomodena.it\/wp-content\/uploads\/2024\/07\/1712849034_pj-4.jpg\" \/>\n\t<meta property=\"og:image:width\" content=\"1500\" \/>\n\t<meta property=\"og:image:height\" content=\"1923\" \/>\n\t<meta property=\"og:image:type\" content=\"image\/jpeg\" \/>\n<meta name=\"twitter:card\" content=\"summary_large_image\" \/>\n<script type=\"application\/ld+json\" class=\"yoast-schema-graph\">{\"@context\":\"https:\\\/\\\/schema.org\",\"@graph\":[{\"@type\":\"WebPage\",\"@id\":\"https:\\\/\\\/vinosomodena.it\\\/en\\\/prodotto\\\/champagne-perrier-jouet-gran-brut-magnum-astuccio\\\/\",\"url\":\"https:\\\/\\\/vinosomodena.it\\\/en\\\/prodotto\\\/champagne-perrier-jouet-gran-brut-magnum-astuccio\\\/\",\"name\":\"Champagne Perrier Jouet Gran Brut MAGNUM ASTUCCIO - Vinoso Modena\",\"isPartOf\":{\"@id\":\"https:\\\/\\\/vinosomodena.it\\\/#website\"},\"primaryImageOfPage\":{\"@id\":\"https:\\\/\\\/vinosomodena.it\\\/en\\\/prodotto\\\/champagne-perrier-jouet-gran-brut-magnum-astuccio\\\/#primaryimage\"},\"image\":{\"@id\":\"https:\\\/\\\/vinosomodena.it\\\/en\\\/prodotto\\\/champagne-perrier-jouet-gran-brut-magnum-astuccio\\\/#primaryimage\"},\"thumbnailUrl\":\"https:\\\/\\\/vinosomodena.it\\\/wp-content\\\/uploads\\\/2024\\\/07\\\/1712849034_pj-4.jpg\",\"datePublished\":\"2020-12-01T12:40:26+00:00\",\"dateModified\":\"2026-01-16T13:12:31+00:00\",\"breadcrumb\":{\"@id\":\"https:\\\/\\\/vinosomodena.it\\\/en\\\/prodotto\\\/champagne-perrier-jouet-gran-brut-magnum-astuccio\\\/#breadcrumb\"},\"inLanguage\":\"en-US\",\"potentialAction\":[{\"@type\":\"ReadAction\",\"target\":[\"https:\\\/\\\/vinosomodena.it\\\/en\\\/prodotto\\\/champagne-perrier-jouet-gran-brut-magnum-astuccio\\\/\"]}]},{\"@type\":\"ImageObject\",\"inLanguage\":\"en-US\",\"@id\":\"https:\\\/\\\/vinosomodena.it\\\/en\\\/prodotto\\\/champagne-perrier-jouet-gran-brut-magnum-astuccio\\\/#primaryimage\",\"url\":\"https:\\\/\\\/vinosomodena.it\\\/wp-content\\\/uploads\\\/2024\\\/07\\\/1712849034_pj-4.jpg\",\"contentUrl\":\"https:\\\/\\\/vinosomodena.it\\\/wp-content\\\/uploads\\\/2024\\\/07\\\/1712849034_pj-4.jpg\",\"width\":1500,\"height\":1923},{\"@type\":\"BreadcrumbList\",\"@id\":\"https:\\\/\\\/vinosomodena.it\\\/en\\\/prodotto\\\/champagne-perrier-jouet-gran-brut-magnum-astuccio\\\/#breadcrumb\",\"itemListElement\":[{\"@type\":\"ListItem\",\"position\":1,\"name\":\"Home\",\"item\":\"https:\\\/\\\/vinosomodena.it\\\/\"},{\"@type\":\"ListItem\",\"position\":2,\"name\":\"Shop\",\"item\":\"https:\\\/\\\/vinosomodena.it\\\/negozio\\\/\"},{\"@type\":\"ListItem\",\"position\":3,\"name\":\"Champagne Perrier Jouet Gran Brut MAGNUM ASTUCCIO\"}]},{\"@type\":\"WebSite\",\"@id\":\"https:\\\/\\\/vinosomodena.it\\\/#website\",\"url\":\"https:\\\/\\\/vinosomodena.it\\\/\",\"name\":\"Vinoso Modena\",\"description\":\"I migliori vini, le annate storiche e molto altro ancora.\",\"potentialAction\":[{\"@type\":\"SearchAction\",\"target\":{\"@type\":\"EntryPoint\",\"urlTemplate\":\"https:\\\/\\\/vinosomodena.it\\\/?s={search_term_string}\"},\"query-input\":{\"@type\":\"PropertyValueSpecification\",\"valueRequired\":true,\"valueName\":\"search_term_string\"}}],\"inLanguage\":\"en-US\"}]}<\/script>\n<!-- \/ Yoast SEO plugin. -->","yoast_head_json":{"title":"Champagne Perrier Jouet Gran Brut MAGNUM ASTUCCIO - Vinoso Modena","robots":{"index":"index","follow":"follow","max-snippet":"max-snippet:-1","max-image-preview":"max-image-preview:large","max-video-preview":"max-video-preview:-1"},"canonical":"https:\/\/vinosomodena.it\/en\/prodotto\/champagne-perrier-jouet-gran-brut-magnum-astuccio\/","og_locale":"en_US","og_type":"article","og_title":"Champagne Perrier Jouet Gran Brut MAGNUM ASTUCCIO - Vinoso Modena","og_description":"Nato nel 1856, \u00e8 il primo Champagne brut creato dalla maison. Lo Champagne Brut \u201cGrand Brut\u201d - Perrier-Jou\u00ebt fu pensato dallo chef de cave che, al fine di soddisfare la clientela inglese, decise di ridurre considerevolmente il dosaggio zuccherino delle sue cuv\u00e9e. \u00c8 uno degli Champagne pi\u00f9 degustati al mondo, che riposa almeno tre anni sui lieviti dimostrandosi raffinato, unico e gustoso","og_url":"https:\/\/vinosomodena.it\/en\/prodotto\/champagne-perrier-jouet-gran-brut-magnum-astuccio\/","og_site_name":"Vinoso Modena","article_modified_time":"2026-01-16T13:12:31+00:00","og_image":[{"width":1500,"height":1923,"url":"https:\/\/vinosomodena.it\/wp-content\/uploads\/2024\/07\/1712849034_pj-4.jpg","type":"image\/jpeg"}],"twitter_card":"summary_large_image","schema":{"@context":"https:\/\/schema.org","@graph":[{"@type":"WebPage","@id":"https:\/\/vinosomodena.it\/en\/prodotto\/champagne-perrier-jouet-gran-brut-magnum-astuccio\/","url":"https:\/\/vinosomodena.it\/en\/prodotto\/champagne-perrier-jouet-gran-brut-magnum-astuccio\/","name":"Champagne Perrier Jouet Gran Brut MAGNUM ASTUCCIO - Vinoso Modena","isPartOf":{"@id":"https:\/\/vinosomodena.it\/#website"},"primaryImageOfPage":{"@id":"https:\/\/vinosomodena.it\/en\/prodotto\/champagne-perrier-jouet-gran-brut-magnum-astuccio\/#primaryimage"},"image":{"@id":"https:\/\/vinosomodena.it\/en\/prodotto\/champagne-perrier-jouet-gran-brut-magnum-astuccio\/#primaryimage"},"thumbnailUrl":"https:\/\/vinosomodena.it\/wp-content\/uploads\/2024\/07\/1712849034_pj-4.jpg","datePublished":"2020-12-01T12:40:26+00:00","dateModified":"2026-01-16T13:12:31+00:00","breadcrumb":{"@id":"https:\/\/vinosomodena.it\/en\/prodotto\/champagne-perrier-jouet-gran-brut-magnum-astuccio\/#breadcrumb"},"inLanguage":"en-US","potentialAction":[{"@type":"ReadAction","target":["https:\/\/vinosomodena.it\/en\/prodotto\/champagne-perrier-jouet-gran-brut-magnum-astuccio\/"]}]},{"@type":"ImageObject","inLanguage":"en-US","@id":"https:\/\/vinosomodena.it\/en\/prodotto\/champagne-perrier-jouet-gran-brut-magnum-astuccio\/#primaryimage","url":"https:\/\/vinosomodena.it\/wp-content\/uploads\/2024\/07\/1712849034_pj-4.jpg","contentUrl":"https:\/\/vinosomodena.it\/wp-content\/uploads\/2024\/07\/1712849034_pj-4.jpg","width":1500,"height":1923},{"@type":"BreadcrumbList","@id":"https:\/\/vinosomodena.it\/en\/prodotto\/champagne-perrier-jouet-gran-brut-magnum-astuccio\/#breadcrumb","itemListElement":[{"@type":"ListItem","position":1,"name":"Home","item":"https:\/\/vinosomodena.it\/"},{"@type":"ListItem","position":2,"name":"Shop","item":"https:\/\/vinosomodena.it\/negozio\/"},{"@type":"ListItem","position":3,"name":"Champagne Perrier Jouet Gran Brut MAGNUM ASTUCCIO"}]},{"@type":"WebSite","@id":"https:\/\/vinosomodena.it\/#website","url":"https:\/\/vinosomodena.it\/","name":"Vinoso Modena","description":"I migliori vini, le annate storiche e molto altro ancora.","potentialAction":[{"@type":"SearchAction","target":{"@type":"EntryPoint","urlTemplate":"https:\/\/vinosomodena.it\/?s={search_term_string}"},"query-input":{"@type":"PropertyValueSpecification","valueRequired":true,"valueName":"search_term_string"}}],"inLanguage":"en-US"}]}},"jetpack_sharing_enabled":true,"_links":{"self":[{"href":"https:\/\/vinosomodena.it\/en\/wp-json\/wp\/v2\/product\/12112","targetHints":{"allow":["GET"]}}],"collection":[{"href":"https:\/\/vinosomodena.it\/en\/wp-json\/wp\/v2\/product"}],"about":[{"href":"https:\/\/vinosomodena.it\/en\/wp-json\/wp\/v2\/types\/product"}],"wp:featuredmedia":[{"embeddable":true,"href":"https:\/\/vinosomodena.it\/en\/wp-json\/wp\/v2\/media\/17965"}],"wp:attachment":[{"href":"https:\/\/vinosomodena.it\/en\/wp-json\/wp\/v2\/media?parent=12112"}],"wp:term":[{"taxonomy":"product_brand","embeddable":true,"href":"https:\/\/vinosomodena.it\/en\/wp-json\/wp\/v2\/product_brand?post=12112"},{"taxonomy":"product_cat","embeddable":true,"href":"https:\/\/vinosomodena.it\/en\/wp-json\/wp\/v2\/product_cat?post=12112"},{"taxonomy":"product_tag","embeddable":true,"href":"https:\/\/vinosomodena.it\/en\/wp-json\/wp\/v2\/product_tag?post=12112"}],"curies":[{"name":"wp","href":"https:\/\/api.w.org\/{rel}","templated":true}]}}