{"id":12153,"date":"2020-12-01T13:40:16","date_gmt":"2020-12-01T12:40:16","guid":{"rendered":"https:\/\/vinosomodena.it\/prodotto\/champagne-duval-leroy-bouzy-2007\/"},"modified":"2024-03-22T22:50:13","modified_gmt":"2024-03-22T21:50:13","slug":"champagne-duval-leroy-bouzy-2007","status":"publish","type":"product","link":"https:\/\/vinosomodena.it\/en\/prodotto\/champagne-duval-leroy-bouzy-2007\/","title":{"rendered":"Champagne Duval Leroy Bouzy 2007"},"content":{"rendered":"","protected":false},"excerpt":{"rendered":"<p>Questo vino sprigiona un bouquet dal potente profilo di equilibrio e complessit\u00e0. Questo bouquet \u00e8 caratterizzato dalla concentrazione di Pinot Nero vinificato interamente in botti di rovere conferendogli forza ed eleganza. Ha un vestito giallo dorato. Intimo connubio tra il vitigno e il suolo, profondamente rispettoso della natura, questo vino, dietro uno spessore armonico, fa esplodere in bocca una vivacit\u00e0 mista a tocchi dolci e caldi che soddisfano esperti e amanti dei sapori atipici. Questa cuv\u00e9e Blanc de Noirs classificato Grand Cru della Montagne de Reims, Bouzy, \u00e8 stata prodotta in sole 3258 bottiglie.<\/p>\n","protected":false},"featured_media":24376,"template":"","meta":{"_acf_changed":false},"product_brand":[],"product_cat":[2599],"product_tag":[],"class_list":{"0":"post-12153","1":"product","2":"type-product","3":"status-publish","4":"has-post-thumbnail","6":"product_cat-champagne-en","8":"first","9":"instock","10":"purchasable","11":"product-type-simple"},"acf":[],"yoast_head":"<!-- This site is optimized with the Yoast SEO plugin v27.4 - https:\/\/yoast.com\/product\/yoast-seo-wordpress\/ -->\n<title>Champagne Duval Leroy Bouzy 2007 - Vinoso Modena<\/title>\n<meta name=\"robots\" content=\"index, follow, max-snippet:-1, max-image-preview:large, max-video-preview:-1\" \/>\n<link rel=\"canonical\" href=\"https:\/\/vinosomodena.it\/prodotto\/champagne-duval-leroy-bouzy-2007\/\" \/>\n<meta property=\"og:locale\" content=\"en_US\" \/>\n<meta property=\"og:type\" content=\"article\" \/>\n<meta property=\"og:title\" content=\"Champagne Duval Leroy Bouzy 2007 - Vinoso Modena\" \/>\n<meta property=\"og:description\" content=\"Questo vino sprigiona un bouquet dal potente profilo di equilibrio e complessit\u00e0. Questo bouquet \u00e8 caratterizzato dalla concentrazione di Pinot Nero vinificato interamente in botti di rovere conferendogli forza ed eleganza. Ha un vestito giallo dorato. Intimo connubio tra il vitigno e il suolo, profondamente rispettoso della natura, questo vino, dietro uno spessore armonico, fa esplodere in bocca una vivacit\u00e0 mista a tocchi dolci e caldi che soddisfano esperti e amanti dei sapori atipici. Questa cuv\u00e9e Blanc de Noirs classificato Grand Cru della Montagne de Reims, Bouzy, \u00e8 stata prodotta in sole 3258 bottiglie.\" \/>\n<meta property=\"og:url\" content=\"https:\/\/vinosomodena.it\/prodotto\/champagne-duval-leroy-bouzy-2007\/\" \/>\n<meta property=\"og:site_name\" content=\"Vinoso Modena\" \/>\n<meta property=\"article:modified_time\" content=\"2024-03-22T21:50:13+00:00\" \/>\n<meta property=\"og:image\" content=\"https:\/\/vinosomodena.it\/wp-content\/uploads\/2025\/10\/duvalleroybouzy2007.jpg\" \/>\n\t<meta property=\"og:image:width\" content=\"1500\" \/>\n\t<meta property=\"og:image:height\" content=\"1923\" \/>\n\t<meta property=\"og:image:type\" content=\"image\/jpeg\" \/>\n<meta name=\"twitter:card\" content=\"summary_large_image\" \/>\n<script type=\"application\/ld+json\" class=\"yoast-schema-graph\">{\"@context\":\"https:\\\/\\\/schema.org\",\"@graph\":[{\"@type\":\"WebPage\",\"@id\":\"https:\\\/\\\/vinosomodena.it\\\/prodotto\\\/champagne-duval-leroy-bouzy-2007\\\/\",\"url\":\"https:\\\/\\\/vinosomodena.it\\\/prodotto\\\/champagne-duval-leroy-bouzy-2007\\\/\",\"name\":\"Champagne Duval Leroy Bouzy 2007 - Vinoso Modena\",\"isPartOf\":{\"@id\":\"https:\\\/\\\/vinosomodena.it\\\/#website\"},\"primaryImageOfPage\":{\"@id\":\"https:\\\/\\\/vinosomodena.it\\\/prodotto\\\/champagne-duval-leroy-bouzy-2007\\\/#primaryimage\"},\"image\":{\"@id\":\"https:\\\/\\\/vinosomodena.it\\\/prodotto\\\/champagne-duval-leroy-bouzy-2007\\\/#primaryimage\"},\"thumbnailUrl\":\"https:\\\/\\\/vinosomodena.it\\\/wp-content\\\/uploads\\\/2025\\\/10\\\/duvalleroybouzy2007.jpg\",\"datePublished\":\"2020-12-01T12:40:16+00:00\",\"dateModified\":\"2024-03-22T21:50:13+00:00\",\"breadcrumb\":{\"@id\":\"https:\\\/\\\/vinosomodena.it\\\/prodotto\\\/champagne-duval-leroy-bouzy-2007\\\/#breadcrumb\"},\"inLanguage\":\"en-US\",\"potentialAction\":[{\"@type\":\"ReadAction\",\"target\":[\"https:\\\/\\\/vinosomodena.it\\\/prodotto\\\/champagne-duval-leroy-bouzy-2007\\\/\"]}]},{\"@type\":\"ImageObject\",\"inLanguage\":\"en-US\",\"@id\":\"https:\\\/\\\/vinosomodena.it\\\/prodotto\\\/champagne-duval-leroy-bouzy-2007\\\/#primaryimage\",\"url\":\"https:\\\/\\\/vinosomodena.it\\\/wp-content\\\/uploads\\\/2025\\\/10\\\/duvalleroybouzy2007.jpg\",\"contentUrl\":\"https:\\\/\\\/vinosomodena.it\\\/wp-content\\\/uploads\\\/2025\\\/10\\\/duvalleroybouzy2007.jpg\",\"width\":1500,\"height\":1923},{\"@type\":\"BreadcrumbList\",\"@id\":\"https:\\\/\\\/vinosomodena.it\\\/prodotto\\\/champagne-duval-leroy-bouzy-2007\\\/#breadcrumb\",\"itemListElement\":[{\"@type\":\"ListItem\",\"position\":1,\"name\":\"Home\",\"item\":\"https:\\\/\\\/vinosomodena.it\\\/\"},{\"@type\":\"ListItem\",\"position\":2,\"name\":\"Shop\",\"item\":\"https:\\\/\\\/vinosomodena.it\\\/negozio\\\/\"},{\"@type\":\"ListItem\",\"position\":3,\"name\":\"Champagne Duval Leroy Bouzy 2007\"}]},{\"@type\":\"WebSite\",\"@id\":\"https:\\\/\\\/vinosomodena.it\\\/#website\",\"url\":\"https:\\\/\\\/vinosomodena.it\\\/\",\"name\":\"Vinoso Modena\",\"description\":\"I migliori vini, le annate storiche e molto altro ancora.\",\"potentialAction\":[{\"@type\":\"SearchAction\",\"target\":{\"@type\":\"EntryPoint\",\"urlTemplate\":\"https:\\\/\\\/vinosomodena.it\\\/?s={search_term_string}\"},\"query-input\":{\"@type\":\"PropertyValueSpecification\",\"valueRequired\":true,\"valueName\":\"search_term_string\"}}],\"inLanguage\":\"en-US\"}]}<\/script>\n<!-- \/ Yoast SEO plugin. -->","yoast_head_json":{"title":"Champagne Duval Leroy Bouzy 2007 - Vinoso Modena","robots":{"index":"index","follow":"follow","max-snippet":"max-snippet:-1","max-image-preview":"max-image-preview:large","max-video-preview":"max-video-preview:-1"},"canonical":"https:\/\/vinosomodena.it\/prodotto\/champagne-duval-leroy-bouzy-2007\/","og_locale":"en_US","og_type":"article","og_title":"Champagne Duval Leroy Bouzy 2007 - Vinoso Modena","og_description":"Questo vino sprigiona un bouquet dal potente profilo di equilibrio e complessit\u00e0. Questo bouquet \u00e8 caratterizzato dalla concentrazione di Pinot Nero vinificato interamente in botti di rovere conferendogli forza ed eleganza. Ha un vestito giallo dorato. Intimo connubio tra il vitigno e il suolo, profondamente rispettoso della natura, questo vino, dietro uno spessore armonico, fa esplodere in bocca una vivacit\u00e0 mista a tocchi dolci e caldi che soddisfano esperti e amanti dei sapori atipici. Questa cuv\u00e9e Blanc de Noirs classificato Grand Cru della Montagne de Reims, Bouzy, \u00e8 stata prodotta in sole 3258 bottiglie.","og_url":"https:\/\/vinosomodena.it\/prodotto\/champagne-duval-leroy-bouzy-2007\/","og_site_name":"Vinoso Modena","article_modified_time":"2024-03-22T21:50:13+00:00","og_image":[{"width":1500,"height":1923,"url":"https:\/\/vinosomodena.it\/wp-content\/uploads\/2025\/10\/duvalleroybouzy2007.jpg","type":"image\/jpeg"}],"twitter_card":"summary_large_image","schema":{"@context":"https:\/\/schema.org","@graph":[{"@type":"WebPage","@id":"https:\/\/vinosomodena.it\/prodotto\/champagne-duval-leroy-bouzy-2007\/","url":"https:\/\/vinosomodena.it\/prodotto\/champagne-duval-leroy-bouzy-2007\/","name":"Champagne Duval Leroy Bouzy 2007 - Vinoso Modena","isPartOf":{"@id":"https:\/\/vinosomodena.it\/#website"},"primaryImageOfPage":{"@id":"https:\/\/vinosomodena.it\/prodotto\/champagne-duval-leroy-bouzy-2007\/#primaryimage"},"image":{"@id":"https:\/\/vinosomodena.it\/prodotto\/champagne-duval-leroy-bouzy-2007\/#primaryimage"},"thumbnailUrl":"https:\/\/vinosomodena.it\/wp-content\/uploads\/2025\/10\/duvalleroybouzy2007.jpg","datePublished":"2020-12-01T12:40:16+00:00","dateModified":"2024-03-22T21:50:13+00:00","breadcrumb":{"@id":"https:\/\/vinosomodena.it\/prodotto\/champagne-duval-leroy-bouzy-2007\/#breadcrumb"},"inLanguage":"en-US","potentialAction":[{"@type":"ReadAction","target":["https:\/\/vinosomodena.it\/prodotto\/champagne-duval-leroy-bouzy-2007\/"]}]},{"@type":"ImageObject","inLanguage":"en-US","@id":"https:\/\/vinosomodena.it\/prodotto\/champagne-duval-leroy-bouzy-2007\/#primaryimage","url":"https:\/\/vinosomodena.it\/wp-content\/uploads\/2025\/10\/duvalleroybouzy2007.jpg","contentUrl":"https:\/\/vinosomodena.it\/wp-content\/uploads\/2025\/10\/duvalleroybouzy2007.jpg","width":1500,"height":1923},{"@type":"BreadcrumbList","@id":"https:\/\/vinosomodena.it\/prodotto\/champagne-duval-leroy-bouzy-2007\/#breadcrumb","itemListElement":[{"@type":"ListItem","position":1,"name":"Home","item":"https:\/\/vinosomodena.it\/"},{"@type":"ListItem","position":2,"name":"Shop","item":"https:\/\/vinosomodena.it\/negozio\/"},{"@type":"ListItem","position":3,"name":"Champagne Duval Leroy Bouzy 2007"}]},{"@type":"WebSite","@id":"https:\/\/vinosomodena.it\/#website","url":"https:\/\/vinosomodena.it\/","name":"Vinoso Modena","description":"I migliori vini, le annate storiche e molto altro ancora.","potentialAction":[{"@type":"SearchAction","target":{"@type":"EntryPoint","urlTemplate":"https:\/\/vinosomodena.it\/?s={search_term_string}"},"query-input":{"@type":"PropertyValueSpecification","valueRequired":true,"valueName":"search_term_string"}}],"inLanguage":"en-US"}]}},"jetpack_sharing_enabled":true,"_links":{"self":[{"href":"https:\/\/vinosomodena.it\/en\/wp-json\/wp\/v2\/product\/12153","targetHints":{"allow":["GET"]}}],"collection":[{"href":"https:\/\/vinosomodena.it\/en\/wp-json\/wp\/v2\/product"}],"about":[{"href":"https:\/\/vinosomodena.it\/en\/wp-json\/wp\/v2\/types\/product"}],"wp:featuredmedia":[{"embeddable":true,"href":"https:\/\/vinosomodena.it\/en\/wp-json\/wp\/v2\/media\/24376"}],"wp:attachment":[{"href":"https:\/\/vinosomodena.it\/en\/wp-json\/wp\/v2\/media?parent=12153"}],"wp:term":[{"taxonomy":"product_brand","embeddable":true,"href":"https:\/\/vinosomodena.it\/en\/wp-json\/wp\/v2\/product_brand?post=12153"},{"taxonomy":"product_cat","embeddable":true,"href":"https:\/\/vinosomodena.it\/en\/wp-json\/wp\/v2\/product_cat?post=12153"},{"taxonomy":"product_tag","embeddable":true,"href":"https:\/\/vinosomodena.it\/en\/wp-json\/wp\/v2\/product_tag?post=12153"}],"curies":[{"name":"wp","href":"https:\/\/api.w.org\/{rel}","templated":true}]}}