{"id":12250,"date":"2020-12-01T13:39:55","date_gmt":"2020-12-01T12:39:55","guid":{"rendered":"https:\/\/vinosomodena.it\/prodotto\/boasso-barolo-margheria-2014\/"},"modified":"2026-01-28T16:16:55","modified_gmt":"2026-01-28T15:16:55","slug":"boasso-barolo-margheria-2014","status":"publish","type":"product","link":"https:\/\/vinosomodena.it\/en\/prodotto\/boasso-barolo-margheria-2014\/","title":{"rendered":"Boasso Barolo Margheria 2014"},"content":{"rendered":"<p>Il Barolo Margheria dell\u2019azienda agricola Boasso Franco nasce dal piccolo appezzamento di poco pi\u00f9 di mezzo ettaro dove le vigne godono di un ottimo microclima grazie all\u2019esposizione ad ovest da vigne relativamente giovani essendo il 2003 il primo anno di produzione di questo vino. Margheria conferma, nell\u2019interpretazione di Franco Boasso, la sua capacit\u00e0 di produrre Barolo di qualit\u00e0 e con spiccata personalit\u00e0 serralunghiana. Per gli amanti delle mille sfumature che un barolo tradizionale sa donare<\/p>\n","protected":false},"excerpt":{"rendered":"<p>Il Barolo Margheria dell\u2019azienda agricola Boasso Franco nasce dal piccolo appezzamento di poco pi\u00f9 di mezzo ettaro dove le vigne godono di un ottimo microclima grazie all\u2019esposizione ad ovest da vigne relativamente giovani essendo il 2003 il primo anno di produzione di questo vino. Margheria conferma, nell\u2019interpretazione di Franco Boasso, la sua capacit\u00e0 di produrre Barolo di qualit\u00e0 e con spiccata personalit\u00e0 serralunghiana. Per gli amanti delle mille sfumature che un barolo tradizionale sa donare.<\/p>\n","protected":false},"featured_media":24368,"template":"","meta":{"_acf_changed":false},"product_brand":[],"product_cat":[2579],"product_tag":[],"class_list":{"0":"post-12250","1":"product","2":"type-product","3":"status-publish","4":"has-post-thumbnail","6":"product_cat-red-wine","8":"first","9":"instock","10":"purchasable","11":"product-type-simple"},"acf":[],"yoast_head":"<!-- This site is optimized with the Yoast SEO plugin v27.0 - https:\/\/yoast.com\/product\/yoast-seo-wordpress\/ -->\n<title>Boasso Barolo Margheria 2014 - Vinoso Modena<\/title>\n<meta name=\"robots\" content=\"index, follow, max-snippet:-1, max-image-preview:large, max-video-preview:-1\" \/>\n<link rel=\"canonical\" href=\"https:\/\/vinosomodena.it\/en\/prodotto\/boasso-barolo-margheria-2014\/\" \/>\n<meta property=\"og:locale\" content=\"en_US\" \/>\n<meta property=\"og:type\" content=\"article\" \/>\n<meta property=\"og:title\" content=\"Boasso Barolo Margheria 2014 - Vinoso Modena\" \/>\n<meta property=\"og:description\" content=\"Il Barolo Margheria dell\u2019azienda agricola Boasso Franco nasce dal piccolo appezzamento di poco pi\u00f9 di mezzo ettaro dove le vigne godono di un ottimo microclima grazie all\u2019esposizione ad ovest da vigne relativamente giovani essendo il 2003 il primo anno di produzione di questo vino. Margheria conferma, nell\u2019interpretazione di Franco Boasso, la sua capacit\u00e0 di produrre Barolo di qualit\u00e0 e con spiccata personalit\u00e0 serralunghiana. Per gli amanti delle mille sfumature che un barolo tradizionale sa donare.\" \/>\n<meta property=\"og:url\" content=\"https:\/\/vinosomodena.it\/en\/prodotto\/boasso-barolo-margheria-2014\/\" \/>\n<meta property=\"og:site_name\" content=\"Vinoso Modena\" \/>\n<meta property=\"article:modified_time\" content=\"2026-01-28T15:16:55+00:00\" \/>\n<meta property=\"og:image\" content=\"https:\/\/vinosomodena.it\/wp-content\/uploads\/2025\/10\/boassomargheria2014.jpg\" \/>\n\t<meta property=\"og:image:width\" content=\"1500\" \/>\n\t<meta property=\"og:image:height\" content=\"1923\" \/>\n\t<meta property=\"og:image:type\" content=\"image\/jpeg\" \/>\n<meta name=\"twitter:card\" content=\"summary_large_image\" \/>\n<script type=\"application\/ld+json\" class=\"yoast-schema-graph\">{\"@context\":\"https:\/\/schema.org\",\"@graph\":[{\"@type\":\"WebPage\",\"@id\":\"https:\/\/vinosomodena.it\/en\/prodotto\/boasso-barolo-margheria-2014\/\",\"url\":\"https:\/\/vinosomodena.it\/en\/prodotto\/boasso-barolo-margheria-2014\/\",\"name\":\"Boasso Barolo Margheria 2014 - Vinoso Modena\",\"isPartOf\":{\"@id\":\"https:\/\/vinosomodena.it\/#website\"},\"primaryImageOfPage\":{\"@id\":\"https:\/\/vinosomodena.it\/en\/prodotto\/boasso-barolo-margheria-2014\/#primaryimage\"},\"image\":{\"@id\":\"https:\/\/vinosomodena.it\/en\/prodotto\/boasso-barolo-margheria-2014\/#primaryimage\"},\"thumbnailUrl\":\"https:\/\/vinosomodena.it\/wp-content\/uploads\/2025\/10\/boassomargheria2014.jpg\",\"datePublished\":\"2020-12-01T12:39:55+00:00\",\"dateModified\":\"2026-01-28T15:16:55+00:00\",\"breadcrumb\":{\"@id\":\"https:\/\/vinosomodena.it\/en\/prodotto\/boasso-barolo-margheria-2014\/#breadcrumb\"},\"inLanguage\":\"en-US\",\"potentialAction\":[{\"@type\":\"ReadAction\",\"target\":[\"https:\/\/vinosomodena.it\/en\/prodotto\/boasso-barolo-margheria-2014\/\"]}]},{\"@type\":\"ImageObject\",\"inLanguage\":\"en-US\",\"@id\":\"https:\/\/vinosomodena.it\/en\/prodotto\/boasso-barolo-margheria-2014\/#primaryimage\",\"url\":\"https:\/\/vinosomodena.it\/wp-content\/uploads\/2025\/10\/boassomargheria2014.jpg\",\"contentUrl\":\"https:\/\/vinosomodena.it\/wp-content\/uploads\/2025\/10\/boassomargheria2014.jpg\",\"width\":1500,\"height\":1923},{\"@type\":\"BreadcrumbList\",\"@id\":\"https:\/\/vinosomodena.it\/en\/prodotto\/boasso-barolo-margheria-2014\/#breadcrumb\",\"itemListElement\":[{\"@type\":\"ListItem\",\"position\":1,\"name\":\"Home\",\"item\":\"https:\/\/vinosomodena.it\/\"},{\"@type\":\"ListItem\",\"position\":2,\"name\":\"Shop\",\"item\":\"https:\/\/vinosomodena.it\/negozio\/\"},{\"@type\":\"ListItem\",\"position\":3,\"name\":\"Boasso Barolo Margheria 2014\"}]},{\"@type\":\"WebSite\",\"@id\":\"https:\/\/vinosomodena.it\/#website\",\"url\":\"https:\/\/vinosomodena.it\/\",\"name\":\"Vinoso Modena\",\"description\":\"I migliori vini, le annate storiche e molto altro ancora.\",\"potentialAction\":[{\"@type\":\"SearchAction\",\"target\":{\"@type\":\"EntryPoint\",\"urlTemplate\":\"https:\/\/vinosomodena.it\/?s={search_term_string}\"},\"query-input\":{\"@type\":\"PropertyValueSpecification\",\"valueRequired\":true,\"valueName\":\"search_term_string\"}}],\"inLanguage\":\"en-US\"}]}<\/script>\n<!-- \/ Yoast SEO plugin. -->","yoast_head_json":{"title":"Boasso Barolo Margheria 2014 - Vinoso Modena","robots":{"index":"index","follow":"follow","max-snippet":"max-snippet:-1","max-image-preview":"max-image-preview:large","max-video-preview":"max-video-preview:-1"},"canonical":"https:\/\/vinosomodena.it\/en\/prodotto\/boasso-barolo-margheria-2014\/","og_locale":"en_US","og_type":"article","og_title":"Boasso Barolo Margheria 2014 - Vinoso Modena","og_description":"Il Barolo Margheria dell\u2019azienda agricola Boasso Franco nasce dal piccolo appezzamento di poco pi\u00f9 di mezzo ettaro dove le vigne godono di un ottimo microclima grazie all\u2019esposizione ad ovest da vigne relativamente giovani essendo il 2003 il primo anno di produzione di questo vino. Margheria conferma, nell\u2019interpretazione di Franco Boasso, la sua capacit\u00e0 di produrre Barolo di qualit\u00e0 e con spiccata personalit\u00e0 serralunghiana. Per gli amanti delle mille sfumature che un barolo tradizionale sa donare.","og_url":"https:\/\/vinosomodena.it\/en\/prodotto\/boasso-barolo-margheria-2014\/","og_site_name":"Vinoso Modena","article_modified_time":"2026-01-28T15:16:55+00:00","og_image":[{"width":1500,"height":1923,"url":"https:\/\/vinosomodena.it\/wp-content\/uploads\/2025\/10\/boassomargheria2014.jpg","type":"image\/jpeg"}],"twitter_card":"summary_large_image","schema":{"@context":"https:\/\/schema.org","@graph":[{"@type":"WebPage","@id":"https:\/\/vinosomodena.it\/en\/prodotto\/boasso-barolo-margheria-2014\/","url":"https:\/\/vinosomodena.it\/en\/prodotto\/boasso-barolo-margheria-2014\/","name":"Boasso Barolo Margheria 2014 - Vinoso Modena","isPartOf":{"@id":"https:\/\/vinosomodena.it\/#website"},"primaryImageOfPage":{"@id":"https:\/\/vinosomodena.it\/en\/prodotto\/boasso-barolo-margheria-2014\/#primaryimage"},"image":{"@id":"https:\/\/vinosomodena.it\/en\/prodotto\/boasso-barolo-margheria-2014\/#primaryimage"},"thumbnailUrl":"https:\/\/vinosomodena.it\/wp-content\/uploads\/2025\/10\/boassomargheria2014.jpg","datePublished":"2020-12-01T12:39:55+00:00","dateModified":"2026-01-28T15:16:55+00:00","breadcrumb":{"@id":"https:\/\/vinosomodena.it\/en\/prodotto\/boasso-barolo-margheria-2014\/#breadcrumb"},"inLanguage":"en-US","potentialAction":[{"@type":"ReadAction","target":["https:\/\/vinosomodena.it\/en\/prodotto\/boasso-barolo-margheria-2014\/"]}]},{"@type":"ImageObject","inLanguage":"en-US","@id":"https:\/\/vinosomodena.it\/en\/prodotto\/boasso-barolo-margheria-2014\/#primaryimage","url":"https:\/\/vinosomodena.it\/wp-content\/uploads\/2025\/10\/boassomargheria2014.jpg","contentUrl":"https:\/\/vinosomodena.it\/wp-content\/uploads\/2025\/10\/boassomargheria2014.jpg","width":1500,"height":1923},{"@type":"BreadcrumbList","@id":"https:\/\/vinosomodena.it\/en\/prodotto\/boasso-barolo-margheria-2014\/#breadcrumb","itemListElement":[{"@type":"ListItem","position":1,"name":"Home","item":"https:\/\/vinosomodena.it\/"},{"@type":"ListItem","position":2,"name":"Shop","item":"https:\/\/vinosomodena.it\/negozio\/"},{"@type":"ListItem","position":3,"name":"Boasso Barolo Margheria 2014"}]},{"@type":"WebSite","@id":"https:\/\/vinosomodena.it\/#website","url":"https:\/\/vinosomodena.it\/","name":"Vinoso Modena","description":"I migliori vini, le annate storiche e molto altro ancora.","potentialAction":[{"@type":"SearchAction","target":{"@type":"EntryPoint","urlTemplate":"https:\/\/vinosomodena.it\/?s={search_term_string}"},"query-input":{"@type":"PropertyValueSpecification","valueRequired":true,"valueName":"search_term_string"}}],"inLanguage":"en-US"}]}},"jetpack_sharing_enabled":true,"_links":{"self":[{"href":"https:\/\/vinosomodena.it\/en\/wp-json\/wp\/v2\/product\/12250","targetHints":{"allow":["GET"]}}],"collection":[{"href":"https:\/\/vinosomodena.it\/en\/wp-json\/wp\/v2\/product"}],"about":[{"href":"https:\/\/vinosomodena.it\/en\/wp-json\/wp\/v2\/types\/product"}],"wp:featuredmedia":[{"embeddable":true,"href":"https:\/\/vinosomodena.it\/en\/wp-json\/wp\/v2\/media\/24368"}],"wp:attachment":[{"href":"https:\/\/vinosomodena.it\/en\/wp-json\/wp\/v2\/media?parent=12250"}],"wp:term":[{"taxonomy":"product_brand","embeddable":true,"href":"https:\/\/vinosomodena.it\/en\/wp-json\/wp\/v2\/product_brand?post=12250"},{"taxonomy":"product_cat","embeddable":true,"href":"https:\/\/vinosomodena.it\/en\/wp-json\/wp\/v2\/product_cat?post=12250"},{"taxonomy":"product_tag","embeddable":true,"href":"https:\/\/vinosomodena.it\/en\/wp-json\/wp\/v2\/product_tag?post=12250"}],"curies":[{"name":"wp","href":"https:\/\/api.w.org\/{rel}","templated":true}]}}