{"id":12262,"date":"2020-12-01T13:39:55","date_gmt":"2020-12-01T12:39:55","guid":{"rendered":"https:\/\/vinosomodena.it\/prodotto\/champagne-agrapart-mineral\/"},"modified":"2026-01-16T10:59:00","modified_gmt":"2026-01-16T09:59:00","slug":"champagne-agrapart-mineral","status":"publish","type":"product","link":"https:\/\/vinosomodena.it\/en\/prodotto\/champagne-agrapart-mineral\/","title":{"rendered":"Champagne Agrapart Mineral 2014"},"content":{"rendered":"<p>La Cuv\u00e9e Mineral \u00e8 fatta con uve di due appezzamenti di Avize il cui suolo di terra bianca \u00e8 povero e di scarso spessore, il sottosuolo gessoso \u00e8 piuttosto vicino. Queste particelle vengono vinificate in vasca. Ad esse si sommano le uve di due Lieu dit di Cramant, dotate dello stesso profilo geologico. L&#8217;et\u00e0 media delle viti per questa cuv\u00e9e \u00e8 di 40 anni<\/p>\n","protected":false},"excerpt":{"rendered":"<p>La Cuv\u00e9e Mineral \u00e8 fatta con uve di due appezzamenti di Avize il cui suolo di terra bianca \u00e8 povero e di scarso spessore; il sottosuolo gessoso \u00e8 piuttosto vicino. Queste particelle vengono vinificate in vasca. Ad esse si sommano le uve di due Lieu dit di Cramant, dotate dello stesso profilo geologico. L&#8217;et\u00e0 media delle viti per questa cuv\u00e9e \u00e8 di 40 anni<\/p>\n","protected":false},"featured_media":24372,"template":"","meta":{"_acf_changed":false},"product_brand":[],"product_cat":[2599],"product_tag":[],"class_list":{"0":"post-12262","1":"product","2":"type-product","3":"status-publish","4":"has-post-thumbnail","6":"product_cat-champagne-en","8":"first","9":"instock","10":"purchasable","11":"product-type-simple"},"acf":[],"yoast_head":"<!-- This site is optimized with the Yoast SEO plugin v27.0 - https:\/\/yoast.com\/product\/yoast-seo-wordpress\/ -->\n<title>Champagne Agrapart Mineral 2014 - Vinoso Modena<\/title>\n<meta name=\"robots\" content=\"index, follow, max-snippet:-1, max-image-preview:large, max-video-preview:-1\" \/>\n<link rel=\"canonical\" href=\"https:\/\/vinosomodena.it\/en\/prodotto\/champagne-agrapart-mineral\/\" \/>\n<meta property=\"og:locale\" content=\"en_US\" \/>\n<meta property=\"og:type\" content=\"article\" \/>\n<meta property=\"og:title\" content=\"Champagne Agrapart Mineral 2014 - Vinoso Modena\" \/>\n<meta property=\"og:description\" content=\"La Cuv\u00e9e Mineral \u00e8 fatta con uve di due appezzamenti di Avize il cui suolo di terra bianca \u00e8 povero e di scarso spessore; il sottosuolo gessoso \u00e8 piuttosto vicino. Queste particelle vengono vinificate in vasca. Ad esse si sommano le uve di due Lieu dit di Cramant, dotate dello stesso profilo geologico. L&#039;et\u00e0 media delle viti per questa cuv\u00e9e \u00e8 di 40 anni\" \/>\n<meta property=\"og:url\" content=\"https:\/\/vinosomodena.it\/en\/prodotto\/champagne-agrapart-mineral\/\" \/>\n<meta property=\"og:site_name\" content=\"Vinoso Modena\" \/>\n<meta property=\"article:modified_time\" content=\"2026-01-16T09:59:00+00:00\" \/>\n<meta property=\"og:image\" content=\"https:\/\/vinosomodena.it\/wp-content\/uploads\/2025\/10\/agrapartmineral.jpg\" \/>\n\t<meta property=\"og:image:width\" content=\"1500\" \/>\n\t<meta property=\"og:image:height\" content=\"1923\" \/>\n\t<meta property=\"og:image:type\" content=\"image\/jpeg\" \/>\n<meta name=\"twitter:card\" content=\"summary_large_image\" \/>\n<script type=\"application\/ld+json\" class=\"yoast-schema-graph\">{\"@context\":\"https:\/\/schema.org\",\"@graph\":[{\"@type\":\"WebPage\",\"@id\":\"https:\/\/vinosomodena.it\/en\/prodotto\/champagne-agrapart-mineral\/\",\"url\":\"https:\/\/vinosomodena.it\/en\/prodotto\/champagne-agrapart-mineral\/\",\"name\":\"Champagne Agrapart Mineral 2014 - Vinoso Modena\",\"isPartOf\":{\"@id\":\"https:\/\/vinosomodena.it\/#website\"},\"primaryImageOfPage\":{\"@id\":\"https:\/\/vinosomodena.it\/en\/prodotto\/champagne-agrapart-mineral\/#primaryimage\"},\"image\":{\"@id\":\"https:\/\/vinosomodena.it\/en\/prodotto\/champagne-agrapart-mineral\/#primaryimage\"},\"thumbnailUrl\":\"https:\/\/vinosomodena.it\/wp-content\/uploads\/2025\/10\/agrapartmineral.jpg\",\"datePublished\":\"2020-12-01T12:39:55+00:00\",\"dateModified\":\"2026-01-16T09:59:00+00:00\",\"breadcrumb\":{\"@id\":\"https:\/\/vinosomodena.it\/en\/prodotto\/champagne-agrapart-mineral\/#breadcrumb\"},\"inLanguage\":\"en-US\",\"potentialAction\":[{\"@type\":\"ReadAction\",\"target\":[\"https:\/\/vinosomodena.it\/en\/prodotto\/champagne-agrapart-mineral\/\"]}]},{\"@type\":\"ImageObject\",\"inLanguage\":\"en-US\",\"@id\":\"https:\/\/vinosomodena.it\/en\/prodotto\/champagne-agrapart-mineral\/#primaryimage\",\"url\":\"https:\/\/vinosomodena.it\/wp-content\/uploads\/2025\/10\/agrapartmineral.jpg\",\"contentUrl\":\"https:\/\/vinosomodena.it\/wp-content\/uploads\/2025\/10\/agrapartmineral.jpg\",\"width\":1500,\"height\":1923},{\"@type\":\"BreadcrumbList\",\"@id\":\"https:\/\/vinosomodena.it\/en\/prodotto\/champagne-agrapart-mineral\/#breadcrumb\",\"itemListElement\":[{\"@type\":\"ListItem\",\"position\":1,\"name\":\"Home\",\"item\":\"https:\/\/vinosomodena.it\/\"},{\"@type\":\"ListItem\",\"position\":2,\"name\":\"Shop\",\"item\":\"https:\/\/vinosomodena.it\/negozio\/\"},{\"@type\":\"ListItem\",\"position\":3,\"name\":\"Champagne Agrapart Mineral 2014\"}]},{\"@type\":\"WebSite\",\"@id\":\"https:\/\/vinosomodena.it\/#website\",\"url\":\"https:\/\/vinosomodena.it\/\",\"name\":\"Vinoso Modena\",\"description\":\"I migliori vini, le annate storiche e molto altro ancora.\",\"potentialAction\":[{\"@type\":\"SearchAction\",\"target\":{\"@type\":\"EntryPoint\",\"urlTemplate\":\"https:\/\/vinosomodena.it\/?s={search_term_string}\"},\"query-input\":{\"@type\":\"PropertyValueSpecification\",\"valueRequired\":true,\"valueName\":\"search_term_string\"}}],\"inLanguage\":\"en-US\"}]}<\/script>\n<!-- \/ Yoast SEO plugin. -->","yoast_head_json":{"title":"Champagne Agrapart Mineral 2014 - Vinoso Modena","robots":{"index":"index","follow":"follow","max-snippet":"max-snippet:-1","max-image-preview":"max-image-preview:large","max-video-preview":"max-video-preview:-1"},"canonical":"https:\/\/vinosomodena.it\/en\/prodotto\/champagne-agrapart-mineral\/","og_locale":"en_US","og_type":"article","og_title":"Champagne Agrapart Mineral 2014 - Vinoso Modena","og_description":"La Cuv\u00e9e Mineral \u00e8 fatta con uve di due appezzamenti di Avize il cui suolo di terra bianca \u00e8 povero e di scarso spessore; il sottosuolo gessoso \u00e8 piuttosto vicino. Queste particelle vengono vinificate in vasca. Ad esse si sommano le uve di due Lieu dit di Cramant, dotate dello stesso profilo geologico. L'et\u00e0 media delle viti per questa cuv\u00e9e \u00e8 di 40 anni","og_url":"https:\/\/vinosomodena.it\/en\/prodotto\/champagne-agrapart-mineral\/","og_site_name":"Vinoso Modena","article_modified_time":"2026-01-16T09:59:00+00:00","og_image":[{"width":1500,"height":1923,"url":"https:\/\/vinosomodena.it\/wp-content\/uploads\/2025\/10\/agrapartmineral.jpg","type":"image\/jpeg"}],"twitter_card":"summary_large_image","schema":{"@context":"https:\/\/schema.org","@graph":[{"@type":"WebPage","@id":"https:\/\/vinosomodena.it\/en\/prodotto\/champagne-agrapart-mineral\/","url":"https:\/\/vinosomodena.it\/en\/prodotto\/champagne-agrapart-mineral\/","name":"Champagne Agrapart Mineral 2014 - Vinoso Modena","isPartOf":{"@id":"https:\/\/vinosomodena.it\/#website"},"primaryImageOfPage":{"@id":"https:\/\/vinosomodena.it\/en\/prodotto\/champagne-agrapart-mineral\/#primaryimage"},"image":{"@id":"https:\/\/vinosomodena.it\/en\/prodotto\/champagne-agrapart-mineral\/#primaryimage"},"thumbnailUrl":"https:\/\/vinosomodena.it\/wp-content\/uploads\/2025\/10\/agrapartmineral.jpg","datePublished":"2020-12-01T12:39:55+00:00","dateModified":"2026-01-16T09:59:00+00:00","breadcrumb":{"@id":"https:\/\/vinosomodena.it\/en\/prodotto\/champagne-agrapart-mineral\/#breadcrumb"},"inLanguage":"en-US","potentialAction":[{"@type":"ReadAction","target":["https:\/\/vinosomodena.it\/en\/prodotto\/champagne-agrapart-mineral\/"]}]},{"@type":"ImageObject","inLanguage":"en-US","@id":"https:\/\/vinosomodena.it\/en\/prodotto\/champagne-agrapart-mineral\/#primaryimage","url":"https:\/\/vinosomodena.it\/wp-content\/uploads\/2025\/10\/agrapartmineral.jpg","contentUrl":"https:\/\/vinosomodena.it\/wp-content\/uploads\/2025\/10\/agrapartmineral.jpg","width":1500,"height":1923},{"@type":"BreadcrumbList","@id":"https:\/\/vinosomodena.it\/en\/prodotto\/champagne-agrapart-mineral\/#breadcrumb","itemListElement":[{"@type":"ListItem","position":1,"name":"Home","item":"https:\/\/vinosomodena.it\/"},{"@type":"ListItem","position":2,"name":"Shop","item":"https:\/\/vinosomodena.it\/negozio\/"},{"@type":"ListItem","position":3,"name":"Champagne Agrapart Mineral 2014"}]},{"@type":"WebSite","@id":"https:\/\/vinosomodena.it\/#website","url":"https:\/\/vinosomodena.it\/","name":"Vinoso Modena","description":"I migliori vini, le annate storiche e molto altro ancora.","potentialAction":[{"@type":"SearchAction","target":{"@type":"EntryPoint","urlTemplate":"https:\/\/vinosomodena.it\/?s={search_term_string}"},"query-input":{"@type":"PropertyValueSpecification","valueRequired":true,"valueName":"search_term_string"}}],"inLanguage":"en-US"}]}},"jetpack_sharing_enabled":true,"_links":{"self":[{"href":"https:\/\/vinosomodena.it\/en\/wp-json\/wp\/v2\/product\/12262","targetHints":{"allow":["GET"]}}],"collection":[{"href":"https:\/\/vinosomodena.it\/en\/wp-json\/wp\/v2\/product"}],"about":[{"href":"https:\/\/vinosomodena.it\/en\/wp-json\/wp\/v2\/types\/product"}],"wp:featuredmedia":[{"embeddable":true,"href":"https:\/\/vinosomodena.it\/en\/wp-json\/wp\/v2\/media\/24372"}],"wp:attachment":[{"href":"https:\/\/vinosomodena.it\/en\/wp-json\/wp\/v2\/media?parent=12262"}],"wp:term":[{"taxonomy":"product_brand","embeddable":true,"href":"https:\/\/vinosomodena.it\/en\/wp-json\/wp\/v2\/product_brand?post=12262"},{"taxonomy":"product_cat","embeddable":true,"href":"https:\/\/vinosomodena.it\/en\/wp-json\/wp\/v2\/product_cat?post=12262"},{"taxonomy":"product_tag","embeddable":true,"href":"https:\/\/vinosomodena.it\/en\/wp-json\/wp\/v2\/product_tag?post=12262"}],"curies":[{"name":"wp","href":"https:\/\/api.w.org\/{rel}","templated":true}]}}