{"id":12349,"date":"2020-11-18T18:25:05","date_gmt":"2020-11-18T17:25:05","guid":{"rendered":"https:\/\/vinosomodena.it\/prodotto\/martinez-la-tp7-marsala-vergine-riserva-dolce-2003\/"},"modified":"2024-03-22T22:50:24","modified_gmt":"2024-03-22T21:50:24","slug":"martinez-la-tp7-marsala-vergine-riserva-dolce-2003","status":"publish","type":"product","link":"https:\/\/vinosomodena.it\/en\/prodotto\/martinez-la-tp7-marsala-vergine-riserva-dolce-2003\/","title":{"rendered":"Martinez La TP7 Marsala Vergine Riserva Dolce 2003"},"content":{"rendered":"","protected":false},"excerpt":{"rendered":"<p>Il Vergine Riserva 2003 \u00e8 dedicato alla prima auto acquistata in famiglia Martinez, una Diatto targata TP7. Erano i primi del \u2018900 quando Gaspare Martinez, esponente della seconda generazione, la prest\u00f2 a Re Vittorio Emanuele III durante il suo viaggio in Sicilia. Nella Concia che \u00e8 la fase nel processo di produzione in cui si definisce la tipologia di Marsala che si vorr\u00e0 ottenere, al vino base DOC da uva Grillo \u00e8 stato aggiunto unicamente alcool per avviare poi l\u2019invecchiamento in botti di rovere.<\/p>\n","protected":false},"featured_media":24360,"template":"","meta":{"_acf_changed":false},"product_brand":[],"product_cat":[2608,3946],"product_tag":[],"class_list":{"0":"post-12349","1":"product","2":"type-product","3":"status-publish","4":"has-post-thumbnail","6":"product_cat-dessert-wine","7":"product_cat-vini-liquorosi-en","9":"first","10":"instock","11":"purchasable","12":"product-type-simple"},"acf":[],"yoast_head":"<!-- This site is optimized with the Yoast SEO plugin v27.4 - https:\/\/yoast.com\/product\/yoast-seo-wordpress\/ -->\n<title>Martinez La TP7 Marsala Vergine Riserva Dolce 2003 - Vinoso Modena<\/title>\n<meta name=\"robots\" content=\"index, follow, max-snippet:-1, max-image-preview:large, max-video-preview:-1\" \/>\n<link rel=\"canonical\" href=\"https:\/\/vinosomodena.it\/en\/prodotto\/martinez-la-tp7-marsala-vergine-riserva-dolce-2003\/\" \/>\n<meta property=\"og:locale\" content=\"en_US\" \/>\n<meta property=\"og:type\" content=\"article\" \/>\n<meta property=\"og:title\" content=\"Martinez La TP7 Marsala Vergine Riserva Dolce 2003 - Vinoso Modena\" \/>\n<meta property=\"og:description\" content=\"Il Vergine Riserva 2003 \u00e8 dedicato alla prima auto acquistata in famiglia Martinez, una Diatto targata TP7. Erano i primi del \u2018900 quando Gaspare Martinez, esponente della seconda generazione, la prest\u00f2 a Re Vittorio Emanuele III durante il suo viaggio in Sicilia. Nella Concia che \u00e8 la fase nel processo di produzione in cui si definisce la tipologia di Marsala che si vorr\u00e0 ottenere, al vino base DOC da uva Grillo \u00e8 stato aggiunto unicamente alcool per avviare poi l\u2019invecchiamento in botti di rovere.\" \/>\n<meta property=\"og:url\" content=\"https:\/\/vinosomodena.it\/en\/prodotto\/martinez-la-tp7-marsala-vergine-riserva-dolce-2003\/\" \/>\n<meta property=\"og:site_name\" content=\"Vinoso Modena\" \/>\n<meta property=\"article:modified_time\" content=\"2024-03-22T21:50:24+00:00\" \/>\n<meta property=\"og:image\" content=\"https:\/\/vinosomodena.it\/wp-content\/uploads\/2020\/11\/martinezlatp7-1.jpg\" \/>\n\t<meta property=\"og:image:width\" content=\"1500\" \/>\n\t<meta property=\"og:image:height\" content=\"1923\" \/>\n\t<meta property=\"og:image:type\" content=\"image\/jpeg\" \/>\n<meta name=\"twitter:card\" content=\"summary_large_image\" \/>\n<script type=\"application\/ld+json\" class=\"yoast-schema-graph\">{\"@context\":\"https:\\\/\\\/schema.org\",\"@graph\":[{\"@type\":\"WebPage\",\"@id\":\"https:\\\/\\\/vinosomodena.it\\\/en\\\/prodotto\\\/martinez-la-tp7-marsala-vergine-riserva-dolce-2003\\\/\",\"url\":\"https:\\\/\\\/vinosomodena.it\\\/en\\\/prodotto\\\/martinez-la-tp7-marsala-vergine-riserva-dolce-2003\\\/\",\"name\":\"Martinez La TP7 Marsala Vergine Riserva Dolce 2003 - Vinoso Modena\",\"isPartOf\":{\"@id\":\"https:\\\/\\\/vinosomodena.it\\\/#website\"},\"primaryImageOfPage\":{\"@id\":\"https:\\\/\\\/vinosomodena.it\\\/en\\\/prodotto\\\/martinez-la-tp7-marsala-vergine-riserva-dolce-2003\\\/#primaryimage\"},\"image\":{\"@id\":\"https:\\\/\\\/vinosomodena.it\\\/en\\\/prodotto\\\/martinez-la-tp7-marsala-vergine-riserva-dolce-2003\\\/#primaryimage\"},\"thumbnailUrl\":\"https:\\\/\\\/vinosomodena.it\\\/wp-content\\\/uploads\\\/2025\\\/10\\\/martinezlatp7-1.jpg\",\"datePublished\":\"2020-11-18T17:25:05+00:00\",\"dateModified\":\"2024-03-22T21:50:24+00:00\",\"breadcrumb\":{\"@id\":\"https:\\\/\\\/vinosomodena.it\\\/en\\\/prodotto\\\/martinez-la-tp7-marsala-vergine-riserva-dolce-2003\\\/#breadcrumb\"},\"inLanguage\":\"en-US\",\"potentialAction\":[{\"@type\":\"ReadAction\",\"target\":[\"https:\\\/\\\/vinosomodena.it\\\/en\\\/prodotto\\\/martinez-la-tp7-marsala-vergine-riserva-dolce-2003\\\/\"]}]},{\"@type\":\"ImageObject\",\"inLanguage\":\"en-US\",\"@id\":\"https:\\\/\\\/vinosomodena.it\\\/en\\\/prodotto\\\/martinez-la-tp7-marsala-vergine-riserva-dolce-2003\\\/#primaryimage\",\"url\":\"https:\\\/\\\/vinosomodena.it\\\/wp-content\\\/uploads\\\/2025\\\/10\\\/martinezlatp7-1.jpg\",\"contentUrl\":\"https:\\\/\\\/vinosomodena.it\\\/wp-content\\\/uploads\\\/2025\\\/10\\\/martinezlatp7-1.jpg\",\"width\":1500,\"height\":1923},{\"@type\":\"BreadcrumbList\",\"@id\":\"https:\\\/\\\/vinosomodena.it\\\/en\\\/prodotto\\\/martinez-la-tp7-marsala-vergine-riserva-dolce-2003\\\/#breadcrumb\",\"itemListElement\":[{\"@type\":\"ListItem\",\"position\":1,\"name\":\"Home\",\"item\":\"https:\\\/\\\/vinosomodena.it\\\/\"},{\"@type\":\"ListItem\",\"position\":2,\"name\":\"Shop\",\"item\":\"https:\\\/\\\/vinosomodena.it\\\/negozio\\\/\"},{\"@type\":\"ListItem\",\"position\":3,\"name\":\"Martinez La TP7 Marsala Vergine Riserva Dolce 2003\"}]},{\"@type\":\"WebSite\",\"@id\":\"https:\\\/\\\/vinosomodena.it\\\/#website\",\"url\":\"https:\\\/\\\/vinosomodena.it\\\/\",\"name\":\"Vinoso Modena\",\"description\":\"I migliori vini, le annate storiche e molto altro ancora.\",\"potentialAction\":[{\"@type\":\"SearchAction\",\"target\":{\"@type\":\"EntryPoint\",\"urlTemplate\":\"https:\\\/\\\/vinosomodena.it\\\/?s={search_term_string}\"},\"query-input\":{\"@type\":\"PropertyValueSpecification\",\"valueRequired\":true,\"valueName\":\"search_term_string\"}}],\"inLanguage\":\"en-US\"}]}<\/script>\n<!-- \/ Yoast SEO plugin. -->","yoast_head_json":{"title":"Martinez La TP7 Marsala Vergine Riserva Dolce 2003 - Vinoso Modena","robots":{"index":"index","follow":"follow","max-snippet":"max-snippet:-1","max-image-preview":"max-image-preview:large","max-video-preview":"max-video-preview:-1"},"canonical":"https:\/\/vinosomodena.it\/en\/prodotto\/martinez-la-tp7-marsala-vergine-riserva-dolce-2003\/","og_locale":"en_US","og_type":"article","og_title":"Martinez La TP7 Marsala Vergine Riserva Dolce 2003 - Vinoso Modena","og_description":"Il Vergine Riserva 2003 \u00e8 dedicato alla prima auto acquistata in famiglia Martinez, una Diatto targata TP7. Erano i primi del \u2018900 quando Gaspare Martinez, esponente della seconda generazione, la prest\u00f2 a Re Vittorio Emanuele III durante il suo viaggio in Sicilia. Nella Concia che \u00e8 la fase nel processo di produzione in cui si definisce la tipologia di Marsala che si vorr\u00e0 ottenere, al vino base DOC da uva Grillo \u00e8 stato aggiunto unicamente alcool per avviare poi l\u2019invecchiamento in botti di rovere.","og_url":"https:\/\/vinosomodena.it\/en\/prodotto\/martinez-la-tp7-marsala-vergine-riserva-dolce-2003\/","og_site_name":"Vinoso Modena","article_modified_time":"2024-03-22T21:50:24+00:00","og_image":[{"width":1500,"height":1923,"url":"https:\/\/vinosomodena.it\/wp-content\/uploads\/2020\/11\/martinezlatp7-1.jpg","type":"image\/jpeg"}],"twitter_card":"summary_large_image","schema":{"@context":"https:\/\/schema.org","@graph":[{"@type":"WebPage","@id":"https:\/\/vinosomodena.it\/en\/prodotto\/martinez-la-tp7-marsala-vergine-riserva-dolce-2003\/","url":"https:\/\/vinosomodena.it\/en\/prodotto\/martinez-la-tp7-marsala-vergine-riserva-dolce-2003\/","name":"Martinez La TP7 Marsala Vergine Riserva Dolce 2003 - Vinoso Modena","isPartOf":{"@id":"https:\/\/vinosomodena.it\/#website"},"primaryImageOfPage":{"@id":"https:\/\/vinosomodena.it\/en\/prodotto\/martinez-la-tp7-marsala-vergine-riserva-dolce-2003\/#primaryimage"},"image":{"@id":"https:\/\/vinosomodena.it\/en\/prodotto\/martinez-la-tp7-marsala-vergine-riserva-dolce-2003\/#primaryimage"},"thumbnailUrl":"https:\/\/vinosomodena.it\/wp-content\/uploads\/2025\/10\/martinezlatp7-1.jpg","datePublished":"2020-11-18T17:25:05+00:00","dateModified":"2024-03-22T21:50:24+00:00","breadcrumb":{"@id":"https:\/\/vinosomodena.it\/en\/prodotto\/martinez-la-tp7-marsala-vergine-riserva-dolce-2003\/#breadcrumb"},"inLanguage":"en-US","potentialAction":[{"@type":"ReadAction","target":["https:\/\/vinosomodena.it\/en\/prodotto\/martinez-la-tp7-marsala-vergine-riserva-dolce-2003\/"]}]},{"@type":"ImageObject","inLanguage":"en-US","@id":"https:\/\/vinosomodena.it\/en\/prodotto\/martinez-la-tp7-marsala-vergine-riserva-dolce-2003\/#primaryimage","url":"https:\/\/vinosomodena.it\/wp-content\/uploads\/2025\/10\/martinezlatp7-1.jpg","contentUrl":"https:\/\/vinosomodena.it\/wp-content\/uploads\/2025\/10\/martinezlatp7-1.jpg","width":1500,"height":1923},{"@type":"BreadcrumbList","@id":"https:\/\/vinosomodena.it\/en\/prodotto\/martinez-la-tp7-marsala-vergine-riserva-dolce-2003\/#breadcrumb","itemListElement":[{"@type":"ListItem","position":1,"name":"Home","item":"https:\/\/vinosomodena.it\/"},{"@type":"ListItem","position":2,"name":"Shop","item":"https:\/\/vinosomodena.it\/negozio\/"},{"@type":"ListItem","position":3,"name":"Martinez La TP7 Marsala Vergine Riserva Dolce 2003"}]},{"@type":"WebSite","@id":"https:\/\/vinosomodena.it\/#website","url":"https:\/\/vinosomodena.it\/","name":"Vinoso Modena","description":"I migliori vini, le annate storiche e molto altro ancora.","potentialAction":[{"@type":"SearchAction","target":{"@type":"EntryPoint","urlTemplate":"https:\/\/vinosomodena.it\/?s={search_term_string}"},"query-input":{"@type":"PropertyValueSpecification","valueRequired":true,"valueName":"search_term_string"}}],"inLanguage":"en-US"}]}},"jetpack_sharing_enabled":true,"_links":{"self":[{"href":"https:\/\/vinosomodena.it\/en\/wp-json\/wp\/v2\/product\/12349","targetHints":{"allow":["GET"]}}],"collection":[{"href":"https:\/\/vinosomodena.it\/en\/wp-json\/wp\/v2\/product"}],"about":[{"href":"https:\/\/vinosomodena.it\/en\/wp-json\/wp\/v2\/types\/product"}],"wp:featuredmedia":[{"embeddable":true,"href":"https:\/\/vinosomodena.it\/en\/wp-json\/wp\/v2\/media\/24360"}],"wp:attachment":[{"href":"https:\/\/vinosomodena.it\/en\/wp-json\/wp\/v2\/media?parent=12349"}],"wp:term":[{"taxonomy":"product_brand","embeddable":true,"href":"https:\/\/vinosomodena.it\/en\/wp-json\/wp\/v2\/product_brand?post=12349"},{"taxonomy":"product_cat","embeddable":true,"href":"https:\/\/vinosomodena.it\/en\/wp-json\/wp\/v2\/product_cat?post=12349"},{"taxonomy":"product_tag","embeddable":true,"href":"https:\/\/vinosomodena.it\/en\/wp-json\/wp\/v2\/product_tag?post=12349"}],"curies":[{"name":"wp","href":"https:\/\/api.w.org\/{rel}","templated":true}]}}