{"id":12352,"date":"2020-11-18T18:12:36","date_gmt":"2020-11-18T17:12:36","guid":{"rendered":"https:\/\/vinosomodena.it\/prodotto\/martinez-la-madre-marsala-superiore-secco-2010\/"},"modified":"2025-02-24T13:05:05","modified_gmt":"2025-02-24T12:05:05","slug":"martinez-la-madre-marsala-superiore-secco-2010","status":"publish","type":"product","link":"https:\/\/vinosomodena.it\/en\/prodotto\/martinez-la-madre-marsala-superiore-secco-2010\/","title":{"rendered":"Martinez La Madre Marsala Superiore Secco 2010"},"content":{"rendered":"","protected":false},"excerpt":{"rendered":"<p>Dedicato alla nonna Tanina, madre di 5 figli, donna generosa e dolce ma allo stesso tempo autorevole e decisa cos\u00ec come si presenta il Marsala La Madre: caldo e avvolgente nel colore ambrato, dirompente al naso, dolce ma mai stucchevole in bocca. Nella Concia che \u00e8 la fase nel processo di produzione in cui si definisce la tipologia di Marsala che si vorr\u00e0 ottenere, al vino base DOC da uva Grillo \u00e8 stata aggiunta la Mistella che gli conferisce dolcezza, mosto cotto e alcool per avviare poi l\u2019invecchiamento in botti di rovere<\/p>\n","protected":false},"featured_media":20590,"template":"","meta":{"_acf_changed":false},"product_brand":[],"product_cat":[2608],"product_tag":[],"class_list":{"0":"post-12352","1":"product","2":"type-product","3":"status-publish","4":"has-post-thumbnail","6":"product_cat-dessert-wine","8":"first","9":"instock","10":"purchasable","11":"product-type-simple"},"acf":[],"yoast_head":"<!-- This site is optimized with the Yoast SEO plugin v27.4 - https:\/\/yoast.com\/product\/yoast-seo-wordpress\/ -->\n<title>Martinez La Madre Marsala Superiore Secco 2010 - Vinoso Modena<\/title>\n<meta name=\"robots\" content=\"index, follow, max-snippet:-1, max-image-preview:large, max-video-preview:-1\" \/>\n<link rel=\"canonical\" href=\"https:\/\/vinosomodena.it\/en\/prodotto\/martinez-la-madre-marsala-superiore-secco-2010\/\" \/>\n<meta property=\"og:locale\" content=\"en_US\" \/>\n<meta property=\"og:type\" content=\"article\" \/>\n<meta property=\"og:title\" content=\"Martinez La Madre Marsala Superiore Secco 2010 - Vinoso Modena\" \/>\n<meta property=\"og:description\" content=\"Dedicato alla nonna Tanina, madre di 5 figli, donna generosa e dolce ma allo stesso tempo autorevole e decisa cos\u00ec come si presenta il Marsala La Madre: caldo e avvolgente nel colore ambrato, dirompente al naso, dolce ma mai stucchevole in bocca. Nella Concia che \u00e8 la fase nel processo di produzione in cui si definisce la tipologia di Marsala che si vorr\u00e0 ottenere, al vino base DOC da uva Grillo \u00e8 stata aggiunta la Mistella che gli conferisce dolcezza, mosto cotto e alcool per avviare poi l\u2019invecchiamento in botti di rovere\" \/>\n<meta property=\"og:url\" content=\"https:\/\/vinosomodena.it\/en\/prodotto\/martinez-la-madre-marsala-superiore-secco-2010\/\" \/>\n<meta property=\"og:site_name\" content=\"Vinoso Modena\" \/>\n<meta property=\"article:modified_time\" content=\"2025-02-24T12:05:05+00:00\" \/>\n<meta property=\"og:image\" content=\"https:\/\/vinosomodena.it\/wp-content\/uploads\/2025\/02\/martinezlamadre-1.jpg\" \/>\n\t<meta property=\"og:image:width\" content=\"1500\" \/>\n\t<meta property=\"og:image:height\" content=\"1923\" \/>\n\t<meta property=\"og:image:type\" content=\"image\/jpeg\" \/>\n<meta name=\"twitter:card\" content=\"summary_large_image\" \/>\n<script type=\"application\/ld+json\" class=\"yoast-schema-graph\">{\"@context\":\"https:\\\/\\\/schema.org\",\"@graph\":[{\"@type\":\"WebPage\",\"@id\":\"https:\\\/\\\/vinosomodena.it\\\/en\\\/prodotto\\\/martinez-la-madre-marsala-superiore-secco-2010\\\/\",\"url\":\"https:\\\/\\\/vinosomodena.it\\\/en\\\/prodotto\\\/martinez-la-madre-marsala-superiore-secco-2010\\\/\",\"name\":\"Martinez La Madre Marsala Superiore Secco 2010 - Vinoso Modena\",\"isPartOf\":{\"@id\":\"https:\\\/\\\/vinosomodena.it\\\/#website\"},\"primaryImageOfPage\":{\"@id\":\"https:\\\/\\\/vinosomodena.it\\\/en\\\/prodotto\\\/martinez-la-madre-marsala-superiore-secco-2010\\\/#primaryimage\"},\"image\":{\"@id\":\"https:\\\/\\\/vinosomodena.it\\\/en\\\/prodotto\\\/martinez-la-madre-marsala-superiore-secco-2010\\\/#primaryimage\"},\"thumbnailUrl\":\"https:\\\/\\\/vinosomodena.it\\\/wp-content\\\/uploads\\\/2025\\\/02\\\/martinezlamadre-1.jpg\",\"datePublished\":\"2020-11-18T17:12:36+00:00\",\"dateModified\":\"2025-02-24T12:05:05+00:00\",\"breadcrumb\":{\"@id\":\"https:\\\/\\\/vinosomodena.it\\\/en\\\/prodotto\\\/martinez-la-madre-marsala-superiore-secco-2010\\\/#breadcrumb\"},\"inLanguage\":\"en-US\",\"potentialAction\":[{\"@type\":\"ReadAction\",\"target\":[\"https:\\\/\\\/vinosomodena.it\\\/en\\\/prodotto\\\/martinez-la-madre-marsala-superiore-secco-2010\\\/\"]}]},{\"@type\":\"ImageObject\",\"inLanguage\":\"en-US\",\"@id\":\"https:\\\/\\\/vinosomodena.it\\\/en\\\/prodotto\\\/martinez-la-madre-marsala-superiore-secco-2010\\\/#primaryimage\",\"url\":\"https:\\\/\\\/vinosomodena.it\\\/wp-content\\\/uploads\\\/2025\\\/02\\\/martinezlamadre-1.jpg\",\"contentUrl\":\"https:\\\/\\\/vinosomodena.it\\\/wp-content\\\/uploads\\\/2025\\\/02\\\/martinezlamadre-1.jpg\",\"width\":1500,\"height\":1923},{\"@type\":\"BreadcrumbList\",\"@id\":\"https:\\\/\\\/vinosomodena.it\\\/en\\\/prodotto\\\/martinez-la-madre-marsala-superiore-secco-2010\\\/#breadcrumb\",\"itemListElement\":[{\"@type\":\"ListItem\",\"position\":1,\"name\":\"Home\",\"item\":\"https:\\\/\\\/vinosomodena.it\\\/\"},{\"@type\":\"ListItem\",\"position\":2,\"name\":\"Shop\",\"item\":\"https:\\\/\\\/vinosomodena.it\\\/negozio\\\/\"},{\"@type\":\"ListItem\",\"position\":3,\"name\":\"Martinez La Madre Marsala Superiore Secco 2010\"}]},{\"@type\":\"WebSite\",\"@id\":\"https:\\\/\\\/vinosomodena.it\\\/#website\",\"url\":\"https:\\\/\\\/vinosomodena.it\\\/\",\"name\":\"Vinoso Modena\",\"description\":\"I migliori vini, le annate storiche e molto altro ancora.\",\"potentialAction\":[{\"@type\":\"SearchAction\",\"target\":{\"@type\":\"EntryPoint\",\"urlTemplate\":\"https:\\\/\\\/vinosomodena.it\\\/?s={search_term_string}\"},\"query-input\":{\"@type\":\"PropertyValueSpecification\",\"valueRequired\":true,\"valueName\":\"search_term_string\"}}],\"inLanguage\":\"en-US\"}]}<\/script>\n<!-- \/ Yoast SEO plugin. -->","yoast_head_json":{"title":"Martinez La Madre Marsala Superiore Secco 2010 - Vinoso Modena","robots":{"index":"index","follow":"follow","max-snippet":"max-snippet:-1","max-image-preview":"max-image-preview:large","max-video-preview":"max-video-preview:-1"},"canonical":"https:\/\/vinosomodena.it\/en\/prodotto\/martinez-la-madre-marsala-superiore-secco-2010\/","og_locale":"en_US","og_type":"article","og_title":"Martinez La Madre Marsala Superiore Secco 2010 - Vinoso Modena","og_description":"Dedicato alla nonna Tanina, madre di 5 figli, donna generosa e dolce ma allo stesso tempo autorevole e decisa cos\u00ec come si presenta il Marsala La Madre: caldo e avvolgente nel colore ambrato, dirompente al naso, dolce ma mai stucchevole in bocca. Nella Concia che \u00e8 la fase nel processo di produzione in cui si definisce la tipologia di Marsala che si vorr\u00e0 ottenere, al vino base DOC da uva Grillo \u00e8 stata aggiunta la Mistella che gli conferisce dolcezza, mosto cotto e alcool per avviare poi l\u2019invecchiamento in botti di rovere","og_url":"https:\/\/vinosomodena.it\/en\/prodotto\/martinez-la-madre-marsala-superiore-secco-2010\/","og_site_name":"Vinoso Modena","article_modified_time":"2025-02-24T12:05:05+00:00","og_image":[{"width":1500,"height":1923,"url":"https:\/\/vinosomodena.it\/wp-content\/uploads\/2025\/02\/martinezlamadre-1.jpg","type":"image\/jpeg"}],"twitter_card":"summary_large_image","schema":{"@context":"https:\/\/schema.org","@graph":[{"@type":"WebPage","@id":"https:\/\/vinosomodena.it\/en\/prodotto\/martinez-la-madre-marsala-superiore-secco-2010\/","url":"https:\/\/vinosomodena.it\/en\/prodotto\/martinez-la-madre-marsala-superiore-secco-2010\/","name":"Martinez La Madre Marsala Superiore Secco 2010 - Vinoso Modena","isPartOf":{"@id":"https:\/\/vinosomodena.it\/#website"},"primaryImageOfPage":{"@id":"https:\/\/vinosomodena.it\/en\/prodotto\/martinez-la-madre-marsala-superiore-secco-2010\/#primaryimage"},"image":{"@id":"https:\/\/vinosomodena.it\/en\/prodotto\/martinez-la-madre-marsala-superiore-secco-2010\/#primaryimage"},"thumbnailUrl":"https:\/\/vinosomodena.it\/wp-content\/uploads\/2025\/02\/martinezlamadre-1.jpg","datePublished":"2020-11-18T17:12:36+00:00","dateModified":"2025-02-24T12:05:05+00:00","breadcrumb":{"@id":"https:\/\/vinosomodena.it\/en\/prodotto\/martinez-la-madre-marsala-superiore-secco-2010\/#breadcrumb"},"inLanguage":"en-US","potentialAction":[{"@type":"ReadAction","target":["https:\/\/vinosomodena.it\/en\/prodotto\/martinez-la-madre-marsala-superiore-secco-2010\/"]}]},{"@type":"ImageObject","inLanguage":"en-US","@id":"https:\/\/vinosomodena.it\/en\/prodotto\/martinez-la-madre-marsala-superiore-secco-2010\/#primaryimage","url":"https:\/\/vinosomodena.it\/wp-content\/uploads\/2025\/02\/martinezlamadre-1.jpg","contentUrl":"https:\/\/vinosomodena.it\/wp-content\/uploads\/2025\/02\/martinezlamadre-1.jpg","width":1500,"height":1923},{"@type":"BreadcrumbList","@id":"https:\/\/vinosomodena.it\/en\/prodotto\/martinez-la-madre-marsala-superiore-secco-2010\/#breadcrumb","itemListElement":[{"@type":"ListItem","position":1,"name":"Home","item":"https:\/\/vinosomodena.it\/"},{"@type":"ListItem","position":2,"name":"Shop","item":"https:\/\/vinosomodena.it\/negozio\/"},{"@type":"ListItem","position":3,"name":"Martinez La Madre Marsala Superiore Secco 2010"}]},{"@type":"WebSite","@id":"https:\/\/vinosomodena.it\/#website","url":"https:\/\/vinosomodena.it\/","name":"Vinoso Modena","description":"I migliori vini, le annate storiche e molto altro ancora.","potentialAction":[{"@type":"SearchAction","target":{"@type":"EntryPoint","urlTemplate":"https:\/\/vinosomodena.it\/?s={search_term_string}"},"query-input":{"@type":"PropertyValueSpecification","valueRequired":true,"valueName":"search_term_string"}}],"inLanguage":"en-US"}]}},"jetpack_sharing_enabled":true,"_links":{"self":[{"href":"https:\/\/vinosomodena.it\/en\/wp-json\/wp\/v2\/product\/12352","targetHints":{"allow":["GET"]}}],"collection":[{"href":"https:\/\/vinosomodena.it\/en\/wp-json\/wp\/v2\/product"}],"about":[{"href":"https:\/\/vinosomodena.it\/en\/wp-json\/wp\/v2\/types\/product"}],"wp:featuredmedia":[{"embeddable":true,"href":"https:\/\/vinosomodena.it\/en\/wp-json\/wp\/v2\/media\/20590"}],"wp:attachment":[{"href":"https:\/\/vinosomodena.it\/en\/wp-json\/wp\/v2\/media?parent=12352"}],"wp:term":[{"taxonomy":"product_brand","embeddable":true,"href":"https:\/\/vinosomodena.it\/en\/wp-json\/wp\/v2\/product_brand?post=12352"},{"taxonomy":"product_cat","embeddable":true,"href":"https:\/\/vinosomodena.it\/en\/wp-json\/wp\/v2\/product_cat?post=12352"},{"taxonomy":"product_tag","embeddable":true,"href":"https:\/\/vinosomodena.it\/en\/wp-json\/wp\/v2\/product_tag?post=12352"}],"curies":[{"name":"wp","href":"https:\/\/api.w.org\/{rel}","templated":true}]}}