{"id":12424,"date":"2020-11-18T10:57:14","date_gmt":"2020-11-18T09:57:14","guid":{"rendered":"https:\/\/vinosomodena.it\/prodotto\/champagne-jacquesson-dizy-corne-bautray-2005\/"},"modified":"2026-02-08T18:08:28","modified_gmt":"2026-02-08T17:08:28","slug":"champagne-jacquesson-dizy-corne-bautray-2005","status":"publish","type":"product","link":"https:\/\/vinosomodena.it\/en\/prodotto\/champagne-jacquesson-dizy-corne-bautray-2005\/","title":{"rendered":"Champagne Jacquesson Dizy Corne Bautray 2005 (Astucciato)"},"content":{"rendered":"<p>Il grande fascino dello Champagne prodotto dalla Maison Jacquesson si ritrova perfettamente in questo Extra Brut, uno chardonnay in purezza le cui uve provengono da una piccola parcella di terreno situata nel 1er Cru di Dizy. Vinificato e affinato in botti da 40 ettolitri, dove svolge la fermentazione malolattica, il \u201cCorne Bautray\u201d \u00e8 un prodotto di gran classe, che spicca per la personalit\u00e0 dei profumi che sprigiona nel bicchiere. Un enfant prodige che gi\u00e0 ora regala emozioni, ma che in futuro stupir\u00e0 ancora di pi\u00f9 per complessit\u00e0 e profondit\u00e0<\/p>\n","protected":false},"excerpt":{"rendered":"<p>Il grande fascino dello Champagne prodotto dalla Maison Jacquesson si ritrova perfettamente in questo Extra Brut, uno chardonnay in purezza le cui uve provengono da una piccola parcella di terreno situata nel 1er Cru di Dizy. Vinificato e affinato in botti da 40 ettolitri, dove svolge la fermentazione malolattica, il \u201cCorne Bautray\u201d \u00e8 un prodotto di gran classe, che spicca per la personalit\u00e0 dei profumi che sprigiona nel bicchiere. Un enfant prodige che gi\u00e0 ora regala emozioni, ma che in futuro stupir\u00e0 ancora di pi\u00f9 per complessit\u00e0 e profondit\u00e0.<\/p>\n","protected":false},"featured_media":24356,"template":"","meta":{"_acf_changed":false},"product_brand":[],"product_cat":[2599],"product_tag":[],"class_list":{"0":"post-12424","1":"product","2":"type-product","3":"status-publish","4":"has-post-thumbnail","6":"product_cat-champagne-en","8":"first","9":"outofstock","10":"purchasable","11":"product-type-simple"},"acf":[],"yoast_head":"<!-- This site is optimized with the Yoast SEO plugin v27.5 - https:\/\/yoast.com\/product\/yoast-seo-wordpress\/ -->\n<title>Champagne Jacquesson Dizy Corne Bautray 2005 (Astucciato) - Vinoso Modena<\/title>\n<meta name=\"robots\" content=\"index, follow, max-snippet:-1, max-image-preview:large, max-video-preview:-1\" \/>\n<link rel=\"canonical\" href=\"https:\/\/vinosomodena.it\/en\/prodotto\/champagne-jacquesson-dizy-corne-bautray-2005\/\" \/>\n<meta property=\"og:locale\" content=\"en_US\" \/>\n<meta property=\"og:type\" content=\"article\" \/>\n<meta property=\"og:title\" content=\"Champagne Jacquesson Dizy Corne Bautray 2005 (Astucciato) - Vinoso Modena\" \/>\n<meta property=\"og:description\" content=\"Il grande fascino dello Champagne prodotto dalla Maison Jacquesson si ritrova perfettamente in questo Extra Brut, uno chardonnay in purezza le cui uve provengono da una piccola parcella di terreno situata nel 1er Cru di Dizy. Vinificato e affinato in botti da 40 ettolitri, dove svolge la fermentazione malolattica, il \u201cCorne Bautray\u201d \u00e8 un prodotto di gran classe, che spicca per la personalit\u00e0 dei profumi che sprigiona nel bicchiere. Un enfant prodige che gi\u00e0 ora regala emozioni, ma che in futuro stupir\u00e0 ancora di pi\u00f9 per complessit\u00e0 e profondit\u00e0.\" \/>\n<meta property=\"og:url\" content=\"https:\/\/vinosomodena.it\/en\/prodotto\/champagne-jacquesson-dizy-corne-bautray-2005\/\" \/>\n<meta property=\"og:site_name\" content=\"Vinoso Modena\" \/>\n<meta property=\"article:modified_time\" content=\"2026-02-08T17:08:28+00:00\" \/>\n<meta property=\"og:image\" content=\"https:\/\/vinosomodena.it\/wp-content\/uploads\/2025\/10\/jacqessonbautry2005.jpg\" \/>\n\t<meta property=\"og:image:width\" content=\"1500\" \/>\n\t<meta property=\"og:image:height\" content=\"1923\" \/>\n\t<meta property=\"og:image:type\" content=\"image\/jpeg\" \/>\n<meta name=\"twitter:card\" content=\"summary_large_image\" \/>\n<script type=\"application\/ld+json\" class=\"yoast-schema-graph\">{\"@context\":\"https:\\\/\\\/schema.org\",\"@graph\":[{\"@type\":\"WebPage\",\"@id\":\"https:\\\/\\\/vinosomodena.it\\\/en\\\/prodotto\\\/champagne-jacquesson-dizy-corne-bautray-2005\\\/\",\"url\":\"https:\\\/\\\/vinosomodena.it\\\/en\\\/prodotto\\\/champagne-jacquesson-dizy-corne-bautray-2005\\\/\",\"name\":\"Champagne Jacquesson Dizy Corne Bautray 2005 (Astucciato) - Vinoso Modena\",\"isPartOf\":{\"@id\":\"https:\\\/\\\/vinosomodena.it\\\/#website\"},\"primaryImageOfPage\":{\"@id\":\"https:\\\/\\\/vinosomodena.it\\\/en\\\/prodotto\\\/champagne-jacquesson-dizy-corne-bautray-2005\\\/#primaryimage\"},\"image\":{\"@id\":\"https:\\\/\\\/vinosomodena.it\\\/en\\\/prodotto\\\/champagne-jacquesson-dizy-corne-bautray-2005\\\/#primaryimage\"},\"thumbnailUrl\":\"https:\\\/\\\/vinosomodena.it\\\/wp-content\\\/uploads\\\/2025\\\/10\\\/jacqessonbautry2005.jpg\",\"datePublished\":\"2020-11-18T09:57:14+00:00\",\"dateModified\":\"2026-02-08T17:08:28+00:00\",\"breadcrumb\":{\"@id\":\"https:\\\/\\\/vinosomodena.it\\\/en\\\/prodotto\\\/champagne-jacquesson-dizy-corne-bautray-2005\\\/#breadcrumb\"},\"inLanguage\":\"en-US\",\"potentialAction\":[{\"@type\":\"ReadAction\",\"target\":[\"https:\\\/\\\/vinosomodena.it\\\/en\\\/prodotto\\\/champagne-jacquesson-dizy-corne-bautray-2005\\\/\"]}]},{\"@type\":\"ImageObject\",\"inLanguage\":\"en-US\",\"@id\":\"https:\\\/\\\/vinosomodena.it\\\/en\\\/prodotto\\\/champagne-jacquesson-dizy-corne-bautray-2005\\\/#primaryimage\",\"url\":\"https:\\\/\\\/vinosomodena.it\\\/wp-content\\\/uploads\\\/2025\\\/10\\\/jacqessonbautry2005.jpg\",\"contentUrl\":\"https:\\\/\\\/vinosomodena.it\\\/wp-content\\\/uploads\\\/2025\\\/10\\\/jacqessonbautry2005.jpg\",\"width\":1500,\"height\":1923},{\"@type\":\"BreadcrumbList\",\"@id\":\"https:\\\/\\\/vinosomodena.it\\\/en\\\/prodotto\\\/champagne-jacquesson-dizy-corne-bautray-2005\\\/#breadcrumb\",\"itemListElement\":[{\"@type\":\"ListItem\",\"position\":1,\"name\":\"Home\",\"item\":\"https:\\\/\\\/vinosomodena.it\\\/\"},{\"@type\":\"ListItem\",\"position\":2,\"name\":\"Shop\",\"item\":\"https:\\\/\\\/vinosomodena.it\\\/negozio\\\/\"},{\"@type\":\"ListItem\",\"position\":3,\"name\":\"Champagne Jacquesson Dizy Corne Bautray 2005 (Astucciato)\"}]},{\"@type\":\"WebSite\",\"@id\":\"https:\\\/\\\/vinosomodena.it\\\/#website\",\"url\":\"https:\\\/\\\/vinosomodena.it\\\/\",\"name\":\"Vinoso Modena\",\"description\":\"I migliori vini, le annate storiche e molto altro ancora.\",\"potentialAction\":[{\"@type\":\"SearchAction\",\"target\":{\"@type\":\"EntryPoint\",\"urlTemplate\":\"https:\\\/\\\/vinosomodena.it\\\/?s={search_term_string}\"},\"query-input\":{\"@type\":\"PropertyValueSpecification\",\"valueRequired\":true,\"valueName\":\"search_term_string\"}}],\"inLanguage\":\"en-US\"}]}<\/script>\n<!-- \/ Yoast SEO plugin. -->","yoast_head_json":{"title":"Champagne Jacquesson Dizy Corne Bautray 2005 (Astucciato) - Vinoso Modena","robots":{"index":"index","follow":"follow","max-snippet":"max-snippet:-1","max-image-preview":"max-image-preview:large","max-video-preview":"max-video-preview:-1"},"canonical":"https:\/\/vinosomodena.it\/en\/prodotto\/champagne-jacquesson-dizy-corne-bautray-2005\/","og_locale":"en_US","og_type":"article","og_title":"Champagne Jacquesson Dizy Corne Bautray 2005 (Astucciato) - Vinoso Modena","og_description":"Il grande fascino dello Champagne prodotto dalla Maison Jacquesson si ritrova perfettamente in questo Extra Brut, uno chardonnay in purezza le cui uve provengono da una piccola parcella di terreno situata nel 1er Cru di Dizy. Vinificato e affinato in botti da 40 ettolitri, dove svolge la fermentazione malolattica, il \u201cCorne Bautray\u201d \u00e8 un prodotto di gran classe, che spicca per la personalit\u00e0 dei profumi che sprigiona nel bicchiere. Un enfant prodige che gi\u00e0 ora regala emozioni, ma che in futuro stupir\u00e0 ancora di pi\u00f9 per complessit\u00e0 e profondit\u00e0.","og_url":"https:\/\/vinosomodena.it\/en\/prodotto\/champagne-jacquesson-dizy-corne-bautray-2005\/","og_site_name":"Vinoso Modena","article_modified_time":"2026-02-08T17:08:28+00:00","og_image":[{"width":1500,"height":1923,"url":"https:\/\/vinosomodena.it\/wp-content\/uploads\/2025\/10\/jacqessonbautry2005.jpg","type":"image\/jpeg"}],"twitter_card":"summary_large_image","schema":{"@context":"https:\/\/schema.org","@graph":[{"@type":"WebPage","@id":"https:\/\/vinosomodena.it\/en\/prodotto\/champagne-jacquesson-dizy-corne-bautray-2005\/","url":"https:\/\/vinosomodena.it\/en\/prodotto\/champagne-jacquesson-dizy-corne-bautray-2005\/","name":"Champagne Jacquesson Dizy Corne Bautray 2005 (Astucciato) - Vinoso Modena","isPartOf":{"@id":"https:\/\/vinosomodena.it\/#website"},"primaryImageOfPage":{"@id":"https:\/\/vinosomodena.it\/en\/prodotto\/champagne-jacquesson-dizy-corne-bautray-2005\/#primaryimage"},"image":{"@id":"https:\/\/vinosomodena.it\/en\/prodotto\/champagne-jacquesson-dizy-corne-bautray-2005\/#primaryimage"},"thumbnailUrl":"https:\/\/vinosomodena.it\/wp-content\/uploads\/2025\/10\/jacqessonbautry2005.jpg","datePublished":"2020-11-18T09:57:14+00:00","dateModified":"2026-02-08T17:08:28+00:00","breadcrumb":{"@id":"https:\/\/vinosomodena.it\/en\/prodotto\/champagne-jacquesson-dizy-corne-bautray-2005\/#breadcrumb"},"inLanguage":"en-US","potentialAction":[{"@type":"ReadAction","target":["https:\/\/vinosomodena.it\/en\/prodotto\/champagne-jacquesson-dizy-corne-bautray-2005\/"]}]},{"@type":"ImageObject","inLanguage":"en-US","@id":"https:\/\/vinosomodena.it\/en\/prodotto\/champagne-jacquesson-dizy-corne-bautray-2005\/#primaryimage","url":"https:\/\/vinosomodena.it\/wp-content\/uploads\/2025\/10\/jacqessonbautry2005.jpg","contentUrl":"https:\/\/vinosomodena.it\/wp-content\/uploads\/2025\/10\/jacqessonbautry2005.jpg","width":1500,"height":1923},{"@type":"BreadcrumbList","@id":"https:\/\/vinosomodena.it\/en\/prodotto\/champagne-jacquesson-dizy-corne-bautray-2005\/#breadcrumb","itemListElement":[{"@type":"ListItem","position":1,"name":"Home","item":"https:\/\/vinosomodena.it\/"},{"@type":"ListItem","position":2,"name":"Shop","item":"https:\/\/vinosomodena.it\/negozio\/"},{"@type":"ListItem","position":3,"name":"Champagne Jacquesson Dizy Corne Bautray 2005 (Astucciato)"}]},{"@type":"WebSite","@id":"https:\/\/vinosomodena.it\/#website","url":"https:\/\/vinosomodena.it\/","name":"Vinoso Modena","description":"I migliori vini, le annate storiche e molto altro ancora.","potentialAction":[{"@type":"SearchAction","target":{"@type":"EntryPoint","urlTemplate":"https:\/\/vinosomodena.it\/?s={search_term_string}"},"query-input":{"@type":"PropertyValueSpecification","valueRequired":true,"valueName":"search_term_string"}}],"inLanguage":"en-US"}]}},"jetpack_sharing_enabled":true,"_links":{"self":[{"href":"https:\/\/vinosomodena.it\/en\/wp-json\/wp\/v2\/product\/12424","targetHints":{"allow":["GET"]}}],"collection":[{"href":"https:\/\/vinosomodena.it\/en\/wp-json\/wp\/v2\/product"}],"about":[{"href":"https:\/\/vinosomodena.it\/en\/wp-json\/wp\/v2\/types\/product"}],"wp:featuredmedia":[{"embeddable":true,"href":"https:\/\/vinosomodena.it\/en\/wp-json\/wp\/v2\/media\/24356"}],"wp:attachment":[{"href":"https:\/\/vinosomodena.it\/en\/wp-json\/wp\/v2\/media?parent=12424"}],"wp:term":[{"taxonomy":"product_brand","embeddable":true,"href":"https:\/\/vinosomodena.it\/en\/wp-json\/wp\/v2\/product_brand?post=12424"},{"taxonomy":"product_cat","embeddable":true,"href":"https:\/\/vinosomodena.it\/en\/wp-json\/wp\/v2\/product_cat?post=12424"},{"taxonomy":"product_tag","embeddable":true,"href":"https:\/\/vinosomodena.it\/en\/wp-json\/wp\/v2\/product_tag?post=12424"}],"curies":[{"name":"wp","href":"https:\/\/api.w.org\/{rel}","templated":true}]}}