{"id":12506,"date":"2020-11-17T15:36:49","date_gmt":"2020-11-17T14:36:49","guid":{"rendered":"https:\/\/vinosomodena.it\/prodotto\/le-vigne-di-zamo-zamo-rosso-2010\/"},"modified":"2025-03-03T13:47:42","modified_gmt":"2025-03-03T12:47:42","slug":"le-vigne-di-zamo-zamo-rosso-2010","status":"publish","type":"product","link":"https:\/\/vinosomodena.it\/en\/prodotto\/le-vigne-di-zamo-zamo-rosso-2010\/","title":{"rendered":"Le Vigne di Zam\u00f2 &#8220;Zam\u00f2 Rosso&#8221; 2010"},"content":{"rendered":"","protected":false},"excerpt":{"rendered":"<p>\u00c8 un blend che prende vita da alcune delle migliori variet\u00e0 vitate coltivate nella zone del Venezia Giulia. Lo \u201cZam\u00f2 Rosso\u201d \u00e8 un Rosso dal carattere schietto e sincero, capace di raccontare tutta la verit\u00e0 e nient\u2019altro che la verit\u00e0. Prodotto dalla cantina \u201cLe Vigne di Zam\u00f2\u201d, viene vinificato in acciaio ed \u00e8 lasciato invecchiare per sei mesi in grandi botti di rovere da 25 ettolitri. \u00c8 un Rosso che si beve che \u00e8 una bellezza<\/p>\n","protected":false},"featured_media":20645,"template":"","meta":{"_acf_changed":false},"product_brand":[],"product_cat":[2579],"product_tag":[],"class_list":{"0":"post-12506","1":"product","2":"type-product","3":"status-publish","4":"has-post-thumbnail","6":"product_cat-red-wine","8":"first","9":"outofstock","10":"purchasable","11":"product-type-simple"},"acf":[],"yoast_head":"<!-- This site is optimized with the Yoast SEO plugin v27.0 - https:\/\/yoast.com\/product\/yoast-seo-wordpress\/ -->\n<title>Le Vigne di Zam\u00f2 &quot;Zam\u00f2 Rosso&quot; 2010 - Vinoso Modena<\/title>\n<meta name=\"robots\" content=\"index, follow, max-snippet:-1, max-image-preview:large, max-video-preview:-1\" \/>\n<link rel=\"canonical\" href=\"https:\/\/vinosomodena.it\/en\/prodotto\/le-vigne-di-zamo-zamo-rosso-2010\/\" \/>\n<meta property=\"og:locale\" content=\"en_US\" \/>\n<meta property=\"og:type\" content=\"article\" \/>\n<meta property=\"og:title\" content=\"Le Vigne di Zam\u00f2 &quot;Zam\u00f2 Rosso&quot; 2010 - Vinoso Modena\" \/>\n<meta property=\"og:description\" content=\"\u00c8 un blend che prende vita da alcune delle migliori variet\u00e0 vitate coltivate nella zone del Venezia Giulia. Lo \u201cZam\u00f2 Rosso\u201d \u00e8 un Rosso dal carattere schietto e sincero, capace di raccontare tutta la verit\u00e0 e nient\u2019altro che la verit\u00e0. Prodotto dalla cantina \u201cLe Vigne di Zam\u00f2\u201d, viene vinificato in acciaio ed \u00e8 lasciato invecchiare per sei mesi in grandi botti di rovere da 25 ettolitri. \u00c8 un Rosso che si beve che \u00e8 una bellezza\" \/>\n<meta property=\"og:url\" content=\"https:\/\/vinosomodena.it\/en\/prodotto\/le-vigne-di-zamo-zamo-rosso-2010\/\" \/>\n<meta property=\"og:site_name\" content=\"Vinoso Modena\" \/>\n<meta property=\"article:modified_time\" content=\"2025-03-03T12:47:42+00:00\" \/>\n<meta property=\"og:image\" content=\"https:\/\/vinosomodena.it\/wp-content\/uploads\/2025\/03\/zamorosso-1.jpg\" \/>\n\t<meta property=\"og:image:width\" content=\"1500\" \/>\n\t<meta property=\"og:image:height\" content=\"1923\" \/>\n\t<meta property=\"og:image:type\" content=\"image\/jpeg\" \/>\n<meta name=\"twitter:card\" content=\"summary_large_image\" \/>\n<script type=\"application\/ld+json\" class=\"yoast-schema-graph\">{\"@context\":\"https:\/\/schema.org\",\"@graph\":[{\"@type\":\"WebPage\",\"@id\":\"https:\/\/vinosomodena.it\/en\/prodotto\/le-vigne-di-zamo-zamo-rosso-2010\/\",\"url\":\"https:\/\/vinosomodena.it\/en\/prodotto\/le-vigne-di-zamo-zamo-rosso-2010\/\",\"name\":\"Le Vigne di Zam\u00f2 \\\"Zam\u00f2 Rosso\\\" 2010 - Vinoso Modena\",\"isPartOf\":{\"@id\":\"https:\/\/vinosomodena.it\/#website\"},\"primaryImageOfPage\":{\"@id\":\"https:\/\/vinosomodena.it\/en\/prodotto\/le-vigne-di-zamo-zamo-rosso-2010\/#primaryimage\"},\"image\":{\"@id\":\"https:\/\/vinosomodena.it\/en\/prodotto\/le-vigne-di-zamo-zamo-rosso-2010\/#primaryimage\"},\"thumbnailUrl\":\"https:\/\/vinosomodena.it\/wp-content\/uploads\/2025\/03\/zamorosso-1.jpg\",\"datePublished\":\"2020-11-17T14:36:49+00:00\",\"dateModified\":\"2025-03-03T12:47:42+00:00\",\"breadcrumb\":{\"@id\":\"https:\/\/vinosomodena.it\/en\/prodotto\/le-vigne-di-zamo-zamo-rosso-2010\/#breadcrumb\"},\"inLanguage\":\"en-US\",\"potentialAction\":[{\"@type\":\"ReadAction\",\"target\":[\"https:\/\/vinosomodena.it\/en\/prodotto\/le-vigne-di-zamo-zamo-rosso-2010\/\"]}]},{\"@type\":\"ImageObject\",\"inLanguage\":\"en-US\",\"@id\":\"https:\/\/vinosomodena.it\/en\/prodotto\/le-vigne-di-zamo-zamo-rosso-2010\/#primaryimage\",\"url\":\"https:\/\/vinosomodena.it\/wp-content\/uploads\/2025\/03\/zamorosso-1.jpg\",\"contentUrl\":\"https:\/\/vinosomodena.it\/wp-content\/uploads\/2025\/03\/zamorosso-1.jpg\",\"width\":1500,\"height\":1923},{\"@type\":\"BreadcrumbList\",\"@id\":\"https:\/\/vinosomodena.it\/en\/prodotto\/le-vigne-di-zamo-zamo-rosso-2010\/#breadcrumb\",\"itemListElement\":[{\"@type\":\"ListItem\",\"position\":1,\"name\":\"Home\",\"item\":\"https:\/\/vinosomodena.it\/\"},{\"@type\":\"ListItem\",\"position\":2,\"name\":\"Shop\",\"item\":\"https:\/\/vinosomodena.it\/negozio\/\"},{\"@type\":\"ListItem\",\"position\":3,\"name\":\"Le Vigne di Zam\u00f2 &#8220;Zam\u00f2 Rosso&#8221; 2010\"}]},{\"@type\":\"WebSite\",\"@id\":\"https:\/\/vinosomodena.it\/#website\",\"url\":\"https:\/\/vinosomodena.it\/\",\"name\":\"Vinoso Modena\",\"description\":\"I migliori vini, le annate storiche e molto altro ancora.\",\"potentialAction\":[{\"@type\":\"SearchAction\",\"target\":{\"@type\":\"EntryPoint\",\"urlTemplate\":\"https:\/\/vinosomodena.it\/?s={search_term_string}\"},\"query-input\":{\"@type\":\"PropertyValueSpecification\",\"valueRequired\":true,\"valueName\":\"search_term_string\"}}],\"inLanguage\":\"en-US\"}]}<\/script>\n<!-- \/ Yoast SEO plugin. -->","yoast_head_json":{"title":"Le Vigne di Zam\u00f2 \"Zam\u00f2 Rosso\" 2010 - Vinoso Modena","robots":{"index":"index","follow":"follow","max-snippet":"max-snippet:-1","max-image-preview":"max-image-preview:large","max-video-preview":"max-video-preview:-1"},"canonical":"https:\/\/vinosomodena.it\/en\/prodotto\/le-vigne-di-zamo-zamo-rosso-2010\/","og_locale":"en_US","og_type":"article","og_title":"Le Vigne di Zam\u00f2 \"Zam\u00f2 Rosso\" 2010 - Vinoso Modena","og_description":"\u00c8 un blend che prende vita da alcune delle migliori variet\u00e0 vitate coltivate nella zone del Venezia Giulia. Lo \u201cZam\u00f2 Rosso\u201d \u00e8 un Rosso dal carattere schietto e sincero, capace di raccontare tutta la verit\u00e0 e nient\u2019altro che la verit\u00e0. Prodotto dalla cantina \u201cLe Vigne di Zam\u00f2\u201d, viene vinificato in acciaio ed \u00e8 lasciato invecchiare per sei mesi in grandi botti di rovere da 25 ettolitri. \u00c8 un Rosso che si beve che \u00e8 una bellezza","og_url":"https:\/\/vinosomodena.it\/en\/prodotto\/le-vigne-di-zamo-zamo-rosso-2010\/","og_site_name":"Vinoso Modena","article_modified_time":"2025-03-03T12:47:42+00:00","og_image":[{"width":1500,"height":1923,"url":"https:\/\/vinosomodena.it\/wp-content\/uploads\/2025\/03\/zamorosso-1.jpg","type":"image\/jpeg"}],"twitter_card":"summary_large_image","schema":{"@context":"https:\/\/schema.org","@graph":[{"@type":"WebPage","@id":"https:\/\/vinosomodena.it\/en\/prodotto\/le-vigne-di-zamo-zamo-rosso-2010\/","url":"https:\/\/vinosomodena.it\/en\/prodotto\/le-vigne-di-zamo-zamo-rosso-2010\/","name":"Le Vigne di Zam\u00f2 \"Zam\u00f2 Rosso\" 2010 - Vinoso Modena","isPartOf":{"@id":"https:\/\/vinosomodena.it\/#website"},"primaryImageOfPage":{"@id":"https:\/\/vinosomodena.it\/en\/prodotto\/le-vigne-di-zamo-zamo-rosso-2010\/#primaryimage"},"image":{"@id":"https:\/\/vinosomodena.it\/en\/prodotto\/le-vigne-di-zamo-zamo-rosso-2010\/#primaryimage"},"thumbnailUrl":"https:\/\/vinosomodena.it\/wp-content\/uploads\/2025\/03\/zamorosso-1.jpg","datePublished":"2020-11-17T14:36:49+00:00","dateModified":"2025-03-03T12:47:42+00:00","breadcrumb":{"@id":"https:\/\/vinosomodena.it\/en\/prodotto\/le-vigne-di-zamo-zamo-rosso-2010\/#breadcrumb"},"inLanguage":"en-US","potentialAction":[{"@type":"ReadAction","target":["https:\/\/vinosomodena.it\/en\/prodotto\/le-vigne-di-zamo-zamo-rosso-2010\/"]}]},{"@type":"ImageObject","inLanguage":"en-US","@id":"https:\/\/vinosomodena.it\/en\/prodotto\/le-vigne-di-zamo-zamo-rosso-2010\/#primaryimage","url":"https:\/\/vinosomodena.it\/wp-content\/uploads\/2025\/03\/zamorosso-1.jpg","contentUrl":"https:\/\/vinosomodena.it\/wp-content\/uploads\/2025\/03\/zamorosso-1.jpg","width":1500,"height":1923},{"@type":"BreadcrumbList","@id":"https:\/\/vinosomodena.it\/en\/prodotto\/le-vigne-di-zamo-zamo-rosso-2010\/#breadcrumb","itemListElement":[{"@type":"ListItem","position":1,"name":"Home","item":"https:\/\/vinosomodena.it\/"},{"@type":"ListItem","position":2,"name":"Shop","item":"https:\/\/vinosomodena.it\/negozio\/"},{"@type":"ListItem","position":3,"name":"Le Vigne di Zam\u00f2 &#8220;Zam\u00f2 Rosso&#8221; 2010"}]},{"@type":"WebSite","@id":"https:\/\/vinosomodena.it\/#website","url":"https:\/\/vinosomodena.it\/","name":"Vinoso Modena","description":"I migliori vini, le annate storiche e molto altro ancora.","potentialAction":[{"@type":"SearchAction","target":{"@type":"EntryPoint","urlTemplate":"https:\/\/vinosomodena.it\/?s={search_term_string}"},"query-input":{"@type":"PropertyValueSpecification","valueRequired":true,"valueName":"search_term_string"}}],"inLanguage":"en-US"}]}},"jetpack_sharing_enabled":true,"_links":{"self":[{"href":"https:\/\/vinosomodena.it\/en\/wp-json\/wp\/v2\/product\/12506","targetHints":{"allow":["GET"]}}],"collection":[{"href":"https:\/\/vinosomodena.it\/en\/wp-json\/wp\/v2\/product"}],"about":[{"href":"https:\/\/vinosomodena.it\/en\/wp-json\/wp\/v2\/types\/product"}],"wp:featuredmedia":[{"embeddable":true,"href":"https:\/\/vinosomodena.it\/en\/wp-json\/wp\/v2\/media\/20645"}],"wp:attachment":[{"href":"https:\/\/vinosomodena.it\/en\/wp-json\/wp\/v2\/media?parent=12506"}],"wp:term":[{"taxonomy":"product_brand","embeddable":true,"href":"https:\/\/vinosomodena.it\/en\/wp-json\/wp\/v2\/product_brand?post=12506"},{"taxonomy":"product_cat","embeddable":true,"href":"https:\/\/vinosomodena.it\/en\/wp-json\/wp\/v2\/product_cat?post=12506"},{"taxonomy":"product_tag","embeddable":true,"href":"https:\/\/vinosomodena.it\/en\/wp-json\/wp\/v2\/product_tag?post=12506"}],"curies":[{"name":"wp","href":"https:\/\/api.w.org\/{rel}","templated":true}]}}