{"id":12564,"date":"2020-11-16T14:23:10","date_gmt":"2020-11-16T13:23:10","guid":{"rendered":"https:\/\/vinosomodena.it\/prodotto\/graci-etna-rosso-feudo-di-mezzo-2015\/"},"modified":"2026-03-12T17:40:55","modified_gmt":"2026-03-12T16:40:55","slug":"graci-etna-rosso-feudo-di-mezzo-2015","status":"publish","type":"product","link":"https:\/\/vinosomodena.it\/en\/prodotto\/graci-etna-rosso-feudo-di-mezzo-2015\/","title":{"rendered":"Graci Etna Rosso Feudo di Mezzo 2015"},"content":{"rendered":"<p>Questo vino \u201cFeudo di Mezzo\u201d \u00e8 un Etna Rosso che non necessita di troppe presentazioni, bens\u00ec di un assaggio concentrato e rispettoso. Solo cos\u00ec \u00e8 infatti possibile cogliere l\u2019essenza di una bottiglia dai profumi stratificati e intensi, in cui il sorso d\u00e0 dipendenza gi\u00e0 dopo pochi istanti. Un rosso che ribadisce la filosofia della cantina Graci, attenta a dare voce a etichette autentiche e incisive, in cui \u00e8 il territorio, con le sue particolarit\u00e0, a parlare nel bicchiere.<br \/>\nQuesto Etna Rosso \u201cFeudo di Mezzo\u201d nasce da un sapiente blend realizzato dalla cantina Graci, dove, accanto a un 95% di Nerello Mascalese, troviamo un pizzico di Nerello Cappuccio. Due variet\u00e0 che rappresentano l\u2019emblema dei vitigni a bacca rossa della DOC dell\u2019Etna, che vengono allevati seguendo i ritmi della natura, senza forzare mai nulla, ma limitandosi a portare in bottiglia il terroir d\u2019origine. <\/p>\n","protected":false},"excerpt":{"rendered":"<p>Questo vino \u201cFeudo di Mezzo\u201d \u00e8 un Etna Rosso che non necessita di troppe presentazioni, bens\u00ec di un assaggio concentrato e rispettoso. Solo cos\u00ec \u00e8 infatti possibile cogliere l\u2019essenza di una bottiglia dai profumi stratificati e intensi, in cui il sorso d\u00e0 dipendenza gi\u00e0 dopo pochi istanti. Un rosso che ribadisce la filosofia della cantina Graci, attenta a dare voce a etichette autentiche e incisive, in cui \u00e8 il territorio, con le sue particolarit\u00e0, a parlare nel bicchiere.<\/p>\n<p>Questo Etna Rosso \u201cFeudo di Mezzo\u201d nasce da un sapiente blend realizzato dalla cantina Graci, dove, accanto a un 95% di Nerello Mascalese, troviamo un pizzico di Nerello Cappuccio. Due variet\u00e0 che rappresentano l\u2019emblema dei vitigni a bacca rossa della DOC dell\u2019Etna, che vengono allevati seguendo i ritmi della natura, senza forzare mai nulla, ma limitandosi a portare in bottiglia il terroir d\u2019origine.<\/p>\n","protected":false},"featured_media":24348,"template":"","meta":{"_acf_changed":false},"product_brand":[],"product_cat":[2579],"product_tag":[],"class_list":{"0":"post-12564","1":"product","2":"type-product","3":"status-publish","4":"has-post-thumbnail","6":"product_cat-red-wine","8":"first","9":"instock","10":"purchasable","11":"product-type-simple"},"acf":[],"yoast_head":"<!-- This site is optimized with the Yoast SEO plugin v27.0 - https:\/\/yoast.com\/product\/yoast-seo-wordpress\/ -->\n<title>Graci Etna Rosso Feudo di Mezzo 2015 - Vinoso Modena<\/title>\n<meta name=\"robots\" content=\"index, follow, max-snippet:-1, max-image-preview:large, max-video-preview:-1\" \/>\n<link rel=\"canonical\" href=\"https:\/\/vinosomodena.it\/en\/prodotto\/graci-etna-rosso-feudo-di-mezzo-2015\/\" \/>\n<meta property=\"og:locale\" content=\"en_US\" \/>\n<meta property=\"og:type\" content=\"article\" \/>\n<meta property=\"og:title\" content=\"Graci Etna Rosso Feudo di Mezzo 2015 - Vinoso Modena\" \/>\n<meta property=\"og:description\" content=\"Questo vino \u201cFeudo di Mezzo\u201d \u00e8 un Etna Rosso che non necessita di troppe presentazioni, bens\u00ec di un assaggio concentrato e rispettoso. Solo cos\u00ec \u00e8 infatti possibile cogliere l\u2019essenza di una bottiglia dai profumi stratificati e intensi, in cui il sorso d\u00e0 dipendenza gi\u00e0 dopo pochi istanti. Un rosso che ribadisce la filosofia della cantina Graci, attenta a dare voce a etichette autentiche e incisive, in cui \u00e8 il territorio, con le sue particolarit\u00e0, a parlare nel bicchiere. Questo Etna Rosso \u201cFeudo di Mezzo\u201d nasce da un sapiente blend realizzato dalla cantina Graci, dove, accanto a un 95% di Nerello Mascalese, troviamo un pizzico di Nerello Cappuccio. Due variet\u00e0 che rappresentano l\u2019emblema dei vitigni a bacca rossa della DOC dell\u2019Etna, che vengono allevati seguendo i ritmi della natura, senza forzare mai nulla, ma limitandosi a portare in bottiglia il terroir d\u2019origine.\" \/>\n<meta property=\"og:url\" content=\"https:\/\/vinosomodena.it\/en\/prodotto\/graci-etna-rosso-feudo-di-mezzo-2015\/\" \/>\n<meta property=\"og:site_name\" content=\"Vinoso Modena\" \/>\n<meta property=\"article:modified_time\" content=\"2026-03-12T16:40:55+00:00\" \/>\n<meta property=\"og:image\" content=\"https:\/\/vinosomodena.it\/wp-content\/uploads\/2025\/10\/gracifeudodimezzo-1.jpg\" \/>\n\t<meta property=\"og:image:width\" content=\"1500\" \/>\n\t<meta property=\"og:image:height\" content=\"1923\" \/>\n\t<meta property=\"og:image:type\" content=\"image\/jpeg\" \/>\n<meta name=\"twitter:card\" content=\"summary_large_image\" \/>\n<script type=\"application\/ld+json\" class=\"yoast-schema-graph\">{\"@context\":\"https:\/\/schema.org\",\"@graph\":[{\"@type\":\"WebPage\",\"@id\":\"https:\/\/vinosomodena.it\/en\/prodotto\/graci-etna-rosso-feudo-di-mezzo-2015\/\",\"url\":\"https:\/\/vinosomodena.it\/en\/prodotto\/graci-etna-rosso-feudo-di-mezzo-2015\/\",\"name\":\"Graci Etna Rosso Feudo di Mezzo 2015 - Vinoso Modena\",\"isPartOf\":{\"@id\":\"https:\/\/vinosomodena.it\/#website\"},\"primaryImageOfPage\":{\"@id\":\"https:\/\/vinosomodena.it\/en\/prodotto\/graci-etna-rosso-feudo-di-mezzo-2015\/#primaryimage\"},\"image\":{\"@id\":\"https:\/\/vinosomodena.it\/en\/prodotto\/graci-etna-rosso-feudo-di-mezzo-2015\/#primaryimage\"},\"thumbnailUrl\":\"https:\/\/vinosomodena.it\/wp-content\/uploads\/2025\/10\/gracifeudodimezzo-1.jpg\",\"datePublished\":\"2020-11-16T13:23:10+00:00\",\"dateModified\":\"2026-03-12T16:40:55+00:00\",\"breadcrumb\":{\"@id\":\"https:\/\/vinosomodena.it\/en\/prodotto\/graci-etna-rosso-feudo-di-mezzo-2015\/#breadcrumb\"},\"inLanguage\":\"en-US\",\"potentialAction\":[{\"@type\":\"ReadAction\",\"target\":[\"https:\/\/vinosomodena.it\/en\/prodotto\/graci-etna-rosso-feudo-di-mezzo-2015\/\"]}]},{\"@type\":\"ImageObject\",\"inLanguage\":\"en-US\",\"@id\":\"https:\/\/vinosomodena.it\/en\/prodotto\/graci-etna-rosso-feudo-di-mezzo-2015\/#primaryimage\",\"url\":\"https:\/\/vinosomodena.it\/wp-content\/uploads\/2025\/10\/gracifeudodimezzo-1.jpg\",\"contentUrl\":\"https:\/\/vinosomodena.it\/wp-content\/uploads\/2025\/10\/gracifeudodimezzo-1.jpg\",\"width\":1500,\"height\":1923},{\"@type\":\"BreadcrumbList\",\"@id\":\"https:\/\/vinosomodena.it\/en\/prodotto\/graci-etna-rosso-feudo-di-mezzo-2015\/#breadcrumb\",\"itemListElement\":[{\"@type\":\"ListItem\",\"position\":1,\"name\":\"Home\",\"item\":\"https:\/\/vinosomodena.it\/\"},{\"@type\":\"ListItem\",\"position\":2,\"name\":\"Shop\",\"item\":\"https:\/\/vinosomodena.it\/negozio\/\"},{\"@type\":\"ListItem\",\"position\":3,\"name\":\"Graci Etna Rosso Feudo di Mezzo 2015\"}]},{\"@type\":\"WebSite\",\"@id\":\"https:\/\/vinosomodena.it\/#website\",\"url\":\"https:\/\/vinosomodena.it\/\",\"name\":\"Vinoso Modena\",\"description\":\"I migliori vini, le annate storiche e molto altro ancora.\",\"potentialAction\":[{\"@type\":\"SearchAction\",\"target\":{\"@type\":\"EntryPoint\",\"urlTemplate\":\"https:\/\/vinosomodena.it\/?s={search_term_string}\"},\"query-input\":{\"@type\":\"PropertyValueSpecification\",\"valueRequired\":true,\"valueName\":\"search_term_string\"}}],\"inLanguage\":\"en-US\"}]}<\/script>\n<!-- \/ Yoast SEO plugin. -->","yoast_head_json":{"title":"Graci Etna Rosso Feudo di Mezzo 2015 - Vinoso Modena","robots":{"index":"index","follow":"follow","max-snippet":"max-snippet:-1","max-image-preview":"max-image-preview:large","max-video-preview":"max-video-preview:-1"},"canonical":"https:\/\/vinosomodena.it\/en\/prodotto\/graci-etna-rosso-feudo-di-mezzo-2015\/","og_locale":"en_US","og_type":"article","og_title":"Graci Etna Rosso Feudo di Mezzo 2015 - Vinoso Modena","og_description":"Questo vino \u201cFeudo di Mezzo\u201d \u00e8 un Etna Rosso che non necessita di troppe presentazioni, bens\u00ec di un assaggio concentrato e rispettoso. Solo cos\u00ec \u00e8 infatti possibile cogliere l\u2019essenza di una bottiglia dai profumi stratificati e intensi, in cui il sorso d\u00e0 dipendenza gi\u00e0 dopo pochi istanti. Un rosso che ribadisce la filosofia della cantina Graci, attenta a dare voce a etichette autentiche e incisive, in cui \u00e8 il territorio, con le sue particolarit\u00e0, a parlare nel bicchiere. Questo Etna Rosso \u201cFeudo di Mezzo\u201d nasce da un sapiente blend realizzato dalla cantina Graci, dove, accanto a un 95% di Nerello Mascalese, troviamo un pizzico di Nerello Cappuccio. Due variet\u00e0 che rappresentano l\u2019emblema dei vitigni a bacca rossa della DOC dell\u2019Etna, che vengono allevati seguendo i ritmi della natura, senza forzare mai nulla, ma limitandosi a portare in bottiglia il terroir d\u2019origine.","og_url":"https:\/\/vinosomodena.it\/en\/prodotto\/graci-etna-rosso-feudo-di-mezzo-2015\/","og_site_name":"Vinoso Modena","article_modified_time":"2026-03-12T16:40:55+00:00","og_image":[{"width":1500,"height":1923,"url":"https:\/\/vinosomodena.it\/wp-content\/uploads\/2025\/10\/gracifeudodimezzo-1.jpg","type":"image\/jpeg"}],"twitter_card":"summary_large_image","schema":{"@context":"https:\/\/schema.org","@graph":[{"@type":"WebPage","@id":"https:\/\/vinosomodena.it\/en\/prodotto\/graci-etna-rosso-feudo-di-mezzo-2015\/","url":"https:\/\/vinosomodena.it\/en\/prodotto\/graci-etna-rosso-feudo-di-mezzo-2015\/","name":"Graci Etna Rosso Feudo di Mezzo 2015 - Vinoso Modena","isPartOf":{"@id":"https:\/\/vinosomodena.it\/#website"},"primaryImageOfPage":{"@id":"https:\/\/vinosomodena.it\/en\/prodotto\/graci-etna-rosso-feudo-di-mezzo-2015\/#primaryimage"},"image":{"@id":"https:\/\/vinosomodena.it\/en\/prodotto\/graci-etna-rosso-feudo-di-mezzo-2015\/#primaryimage"},"thumbnailUrl":"https:\/\/vinosomodena.it\/wp-content\/uploads\/2025\/10\/gracifeudodimezzo-1.jpg","datePublished":"2020-11-16T13:23:10+00:00","dateModified":"2026-03-12T16:40:55+00:00","breadcrumb":{"@id":"https:\/\/vinosomodena.it\/en\/prodotto\/graci-etna-rosso-feudo-di-mezzo-2015\/#breadcrumb"},"inLanguage":"en-US","potentialAction":[{"@type":"ReadAction","target":["https:\/\/vinosomodena.it\/en\/prodotto\/graci-etna-rosso-feudo-di-mezzo-2015\/"]}]},{"@type":"ImageObject","inLanguage":"en-US","@id":"https:\/\/vinosomodena.it\/en\/prodotto\/graci-etna-rosso-feudo-di-mezzo-2015\/#primaryimage","url":"https:\/\/vinosomodena.it\/wp-content\/uploads\/2025\/10\/gracifeudodimezzo-1.jpg","contentUrl":"https:\/\/vinosomodena.it\/wp-content\/uploads\/2025\/10\/gracifeudodimezzo-1.jpg","width":1500,"height":1923},{"@type":"BreadcrumbList","@id":"https:\/\/vinosomodena.it\/en\/prodotto\/graci-etna-rosso-feudo-di-mezzo-2015\/#breadcrumb","itemListElement":[{"@type":"ListItem","position":1,"name":"Home","item":"https:\/\/vinosomodena.it\/"},{"@type":"ListItem","position":2,"name":"Shop","item":"https:\/\/vinosomodena.it\/negozio\/"},{"@type":"ListItem","position":3,"name":"Graci Etna Rosso Feudo di Mezzo 2015"}]},{"@type":"WebSite","@id":"https:\/\/vinosomodena.it\/#website","url":"https:\/\/vinosomodena.it\/","name":"Vinoso Modena","description":"I migliori vini, le annate storiche e molto altro ancora.","potentialAction":[{"@type":"SearchAction","target":{"@type":"EntryPoint","urlTemplate":"https:\/\/vinosomodena.it\/?s={search_term_string}"},"query-input":{"@type":"PropertyValueSpecification","valueRequired":true,"valueName":"search_term_string"}}],"inLanguage":"en-US"}]}},"jetpack_sharing_enabled":true,"_links":{"self":[{"href":"https:\/\/vinosomodena.it\/en\/wp-json\/wp\/v2\/product\/12564","targetHints":{"allow":["GET"]}}],"collection":[{"href":"https:\/\/vinosomodena.it\/en\/wp-json\/wp\/v2\/product"}],"about":[{"href":"https:\/\/vinosomodena.it\/en\/wp-json\/wp\/v2\/types\/product"}],"wp:featuredmedia":[{"embeddable":true,"href":"https:\/\/vinosomodena.it\/en\/wp-json\/wp\/v2\/media\/24348"}],"wp:attachment":[{"href":"https:\/\/vinosomodena.it\/en\/wp-json\/wp\/v2\/media?parent=12564"}],"wp:term":[{"taxonomy":"product_brand","embeddable":true,"href":"https:\/\/vinosomodena.it\/en\/wp-json\/wp\/v2\/product_brand?post=12564"},{"taxonomy":"product_cat","embeddable":true,"href":"https:\/\/vinosomodena.it\/en\/wp-json\/wp\/v2\/product_cat?post=12564"},{"taxonomy":"product_tag","embeddable":true,"href":"https:\/\/vinosomodena.it\/en\/wp-json\/wp\/v2\/product_tag?post=12564"}],"curies":[{"name":"wp","href":"https:\/\/api.w.org\/{rel}","templated":true}]}}