{"id":12643,"date":"2020-11-13T10:51:23","date_gmt":"2020-11-13T09:51:23","guid":{"rendered":"https:\/\/vinosomodena.it\/prodotto\/galardi-roccamonfina-terra-di-lavoro-2011\/"},"modified":"2024-03-22T22:50:37","modified_gmt":"2024-03-22T21:50:37","slug":"galardi-roccamonfina-terra-di-lavoro-2011","status":"publish","type":"product","link":"https:\/\/vinosomodena.it\/en\/prodotto\/galardi-roccamonfina-terra-di-lavoro-2011\/","title":{"rendered":"Galardi Roccamonfina Terra di lavoro 2011"},"content":{"rendered":"","protected":false},"excerpt":{"rendered":"<p>Terra di Lavoro di Galardi \u00e8 un vino rosso prodotto con uve Aglianico e Piedirosso nella zona di S.Carlo di Sessa Aurunca in provincia di Caserta. L\u2019annata 2011 \u00e8 caratterizzata da inverni, primavera e inizio estate molto piovosi, poi met\u00e0 giugno e met\u00e0 luglio miti, mentre agosto e settembre saranno afosi determinando un\u2019ottimale escursione termica, che produrranno un vino di eleganza ed equilibrio. Questa condizione climatica ha prodotto un classico e ben riuscito Tera di Lavoro.<\/p>\n","protected":false},"featured_media":24340,"template":"","meta":{"_acf_changed":false},"product_brand":[],"product_cat":[2579],"product_tag":[],"class_list":{"0":"post-12643","1":"product","2":"type-product","3":"status-publish","4":"has-post-thumbnail","6":"product_cat-red-wine","8":"first","9":"outofstock","10":"purchasable","11":"product-type-simple"},"acf":[],"yoast_head":"<!-- This site is optimized with the Yoast SEO plugin v27.0 - https:\/\/yoast.com\/product\/yoast-seo-wordpress\/ -->\n<title>Galardi Roccamonfina Terra di lavoro 2011 - Vinoso Modena<\/title>\n<meta name=\"robots\" content=\"index, follow, max-snippet:-1, max-image-preview:large, max-video-preview:-1\" \/>\n<link rel=\"canonical\" href=\"https:\/\/vinosomodena.it\/prodotto\/galardi-roccamonfina-terra-di-lavoro-2011\/\" \/>\n<meta property=\"og:locale\" content=\"en_US\" \/>\n<meta property=\"og:type\" content=\"article\" \/>\n<meta property=\"og:title\" content=\"Galardi Roccamonfina Terra di lavoro 2011 - Vinoso Modena\" \/>\n<meta property=\"og:description\" content=\"Terra di Lavoro di Galardi \u00e8 un vino rosso prodotto con uve Aglianico e Piedirosso nella zona di S.Carlo di Sessa Aurunca in provincia di Caserta. L\u2019annata 2011 \u00e8 caratterizzata da inverni, primavera e inizio estate molto piovosi, poi met\u00e0 giugno e met\u00e0 luglio miti, mentre agosto e settembre saranno afosi determinando un\u2019ottimale escursione termica, che produrranno un vino di eleganza ed equilibrio. Questa condizione climatica ha prodotto un classico e ben riuscito Tera di Lavoro.\" \/>\n<meta property=\"og:url\" content=\"https:\/\/vinosomodena.it\/prodotto\/galardi-roccamonfina-terra-di-lavoro-2011\/\" \/>\n<meta property=\"og:site_name\" content=\"Vinoso Modena\" \/>\n<meta property=\"article:modified_time\" content=\"2024-03-22T21:50:37+00:00\" \/>\n<meta property=\"og:image\" content=\"https:\/\/vinosomodena.it\/wp-content\/uploads\/2025\/10\/terredilavoro.jpg\" \/>\n\t<meta property=\"og:image:width\" content=\"1500\" \/>\n\t<meta property=\"og:image:height\" content=\"1923\" \/>\n\t<meta property=\"og:image:type\" content=\"image\/jpeg\" \/>\n<meta name=\"twitter:card\" content=\"summary_large_image\" \/>\n<script type=\"application\/ld+json\" class=\"yoast-schema-graph\">{\"@context\":\"https:\/\/schema.org\",\"@graph\":[{\"@type\":\"WebPage\",\"@id\":\"https:\/\/vinosomodena.it\/prodotto\/galardi-roccamonfina-terra-di-lavoro-2011\/\",\"url\":\"https:\/\/vinosomodena.it\/prodotto\/galardi-roccamonfina-terra-di-lavoro-2011\/\",\"name\":\"Galardi Roccamonfina Terra di lavoro 2011 - Vinoso Modena\",\"isPartOf\":{\"@id\":\"https:\/\/vinosomodena.it\/#website\"},\"primaryImageOfPage\":{\"@id\":\"https:\/\/vinosomodena.it\/prodotto\/galardi-roccamonfina-terra-di-lavoro-2011\/#primaryimage\"},\"image\":{\"@id\":\"https:\/\/vinosomodena.it\/prodotto\/galardi-roccamonfina-terra-di-lavoro-2011\/#primaryimage\"},\"thumbnailUrl\":\"https:\/\/vinosomodena.it\/wp-content\/uploads\/2025\/10\/terredilavoro.jpg\",\"datePublished\":\"2020-11-13T09:51:23+00:00\",\"dateModified\":\"2024-03-22T21:50:37+00:00\",\"breadcrumb\":{\"@id\":\"https:\/\/vinosomodena.it\/prodotto\/galardi-roccamonfina-terra-di-lavoro-2011\/#breadcrumb\"},\"inLanguage\":\"en-US\",\"potentialAction\":[{\"@type\":\"ReadAction\",\"target\":[\"https:\/\/vinosomodena.it\/prodotto\/galardi-roccamonfina-terra-di-lavoro-2011\/\"]}]},{\"@type\":\"ImageObject\",\"inLanguage\":\"en-US\",\"@id\":\"https:\/\/vinosomodena.it\/prodotto\/galardi-roccamonfina-terra-di-lavoro-2011\/#primaryimage\",\"url\":\"https:\/\/vinosomodena.it\/wp-content\/uploads\/2025\/10\/terredilavoro.jpg\",\"contentUrl\":\"https:\/\/vinosomodena.it\/wp-content\/uploads\/2025\/10\/terredilavoro.jpg\",\"width\":1500,\"height\":1923},{\"@type\":\"BreadcrumbList\",\"@id\":\"https:\/\/vinosomodena.it\/prodotto\/galardi-roccamonfina-terra-di-lavoro-2011\/#breadcrumb\",\"itemListElement\":[{\"@type\":\"ListItem\",\"position\":1,\"name\":\"Home\",\"item\":\"https:\/\/vinosomodena.it\/\"},{\"@type\":\"ListItem\",\"position\":2,\"name\":\"Shop\",\"item\":\"https:\/\/vinosomodena.it\/negozio\/\"},{\"@type\":\"ListItem\",\"position\":3,\"name\":\"Galardi Roccamonfina Terra di lavoro 2011\"}]},{\"@type\":\"WebSite\",\"@id\":\"https:\/\/vinosomodena.it\/#website\",\"url\":\"https:\/\/vinosomodena.it\/\",\"name\":\"Vinoso Modena\",\"description\":\"I migliori vini, le annate storiche e molto altro ancora.\",\"potentialAction\":[{\"@type\":\"SearchAction\",\"target\":{\"@type\":\"EntryPoint\",\"urlTemplate\":\"https:\/\/vinosomodena.it\/?s={search_term_string}\"},\"query-input\":{\"@type\":\"PropertyValueSpecification\",\"valueRequired\":true,\"valueName\":\"search_term_string\"}}],\"inLanguage\":\"en-US\"}]}<\/script>\n<!-- \/ Yoast SEO plugin. -->","yoast_head_json":{"title":"Galardi Roccamonfina Terra di lavoro 2011 - Vinoso Modena","robots":{"index":"index","follow":"follow","max-snippet":"max-snippet:-1","max-image-preview":"max-image-preview:large","max-video-preview":"max-video-preview:-1"},"canonical":"https:\/\/vinosomodena.it\/prodotto\/galardi-roccamonfina-terra-di-lavoro-2011\/","og_locale":"en_US","og_type":"article","og_title":"Galardi Roccamonfina Terra di lavoro 2011 - Vinoso Modena","og_description":"Terra di Lavoro di Galardi \u00e8 un vino rosso prodotto con uve Aglianico e Piedirosso nella zona di S.Carlo di Sessa Aurunca in provincia di Caserta. L\u2019annata 2011 \u00e8 caratterizzata da inverni, primavera e inizio estate molto piovosi, poi met\u00e0 giugno e met\u00e0 luglio miti, mentre agosto e settembre saranno afosi determinando un\u2019ottimale escursione termica, che produrranno un vino di eleganza ed equilibrio. Questa condizione climatica ha prodotto un classico e ben riuscito Tera di Lavoro.","og_url":"https:\/\/vinosomodena.it\/prodotto\/galardi-roccamonfina-terra-di-lavoro-2011\/","og_site_name":"Vinoso Modena","article_modified_time":"2024-03-22T21:50:37+00:00","og_image":[{"width":1500,"height":1923,"url":"https:\/\/vinosomodena.it\/wp-content\/uploads\/2025\/10\/terredilavoro.jpg","type":"image\/jpeg"}],"twitter_card":"summary_large_image","schema":{"@context":"https:\/\/schema.org","@graph":[{"@type":"WebPage","@id":"https:\/\/vinosomodena.it\/prodotto\/galardi-roccamonfina-terra-di-lavoro-2011\/","url":"https:\/\/vinosomodena.it\/prodotto\/galardi-roccamonfina-terra-di-lavoro-2011\/","name":"Galardi Roccamonfina Terra di lavoro 2011 - Vinoso Modena","isPartOf":{"@id":"https:\/\/vinosomodena.it\/#website"},"primaryImageOfPage":{"@id":"https:\/\/vinosomodena.it\/prodotto\/galardi-roccamonfina-terra-di-lavoro-2011\/#primaryimage"},"image":{"@id":"https:\/\/vinosomodena.it\/prodotto\/galardi-roccamonfina-terra-di-lavoro-2011\/#primaryimage"},"thumbnailUrl":"https:\/\/vinosomodena.it\/wp-content\/uploads\/2025\/10\/terredilavoro.jpg","datePublished":"2020-11-13T09:51:23+00:00","dateModified":"2024-03-22T21:50:37+00:00","breadcrumb":{"@id":"https:\/\/vinosomodena.it\/prodotto\/galardi-roccamonfina-terra-di-lavoro-2011\/#breadcrumb"},"inLanguage":"en-US","potentialAction":[{"@type":"ReadAction","target":["https:\/\/vinosomodena.it\/prodotto\/galardi-roccamonfina-terra-di-lavoro-2011\/"]}]},{"@type":"ImageObject","inLanguage":"en-US","@id":"https:\/\/vinosomodena.it\/prodotto\/galardi-roccamonfina-terra-di-lavoro-2011\/#primaryimage","url":"https:\/\/vinosomodena.it\/wp-content\/uploads\/2025\/10\/terredilavoro.jpg","contentUrl":"https:\/\/vinosomodena.it\/wp-content\/uploads\/2025\/10\/terredilavoro.jpg","width":1500,"height":1923},{"@type":"BreadcrumbList","@id":"https:\/\/vinosomodena.it\/prodotto\/galardi-roccamonfina-terra-di-lavoro-2011\/#breadcrumb","itemListElement":[{"@type":"ListItem","position":1,"name":"Home","item":"https:\/\/vinosomodena.it\/"},{"@type":"ListItem","position":2,"name":"Shop","item":"https:\/\/vinosomodena.it\/negozio\/"},{"@type":"ListItem","position":3,"name":"Galardi Roccamonfina Terra di lavoro 2011"}]},{"@type":"WebSite","@id":"https:\/\/vinosomodena.it\/#website","url":"https:\/\/vinosomodena.it\/","name":"Vinoso Modena","description":"I migliori vini, le annate storiche e molto altro ancora.","potentialAction":[{"@type":"SearchAction","target":{"@type":"EntryPoint","urlTemplate":"https:\/\/vinosomodena.it\/?s={search_term_string}"},"query-input":{"@type":"PropertyValueSpecification","valueRequired":true,"valueName":"search_term_string"}}],"inLanguage":"en-US"}]}},"jetpack_sharing_enabled":true,"_links":{"self":[{"href":"https:\/\/vinosomodena.it\/en\/wp-json\/wp\/v2\/product\/12643","targetHints":{"allow":["GET"]}}],"collection":[{"href":"https:\/\/vinosomodena.it\/en\/wp-json\/wp\/v2\/product"}],"about":[{"href":"https:\/\/vinosomodena.it\/en\/wp-json\/wp\/v2\/types\/product"}],"wp:featuredmedia":[{"embeddable":true,"href":"https:\/\/vinosomodena.it\/en\/wp-json\/wp\/v2\/media\/24340"}],"wp:attachment":[{"href":"https:\/\/vinosomodena.it\/en\/wp-json\/wp\/v2\/media?parent=12643"}],"wp:term":[{"taxonomy":"product_brand","embeddable":true,"href":"https:\/\/vinosomodena.it\/en\/wp-json\/wp\/v2\/product_brand?post=12643"},{"taxonomy":"product_cat","embeddable":true,"href":"https:\/\/vinosomodena.it\/en\/wp-json\/wp\/v2\/product_cat?post=12643"},{"taxonomy":"product_tag","embeddable":true,"href":"https:\/\/vinosomodena.it\/en\/wp-json\/wp\/v2\/product_tag?post=12643"}],"curies":[{"name":"wp","href":"https:\/\/api.w.org\/{rel}","templated":true}]}}