{"id":12775,"date":"2020-11-11T15:10:51","date_gmt":"2020-11-11T14:10:51","guid":{"rendered":"https:\/\/vinosomodena.it\/?post_type=product&#038;p=12775"},"modified":"2025-01-10T12:29:00","modified_gmt":"2025-01-10T11:29:00","slug":"tenuta-montescudiero-lunaja-rosso-2016","status":"publish","type":"product","link":"https:\/\/vinosomodena.it\/en\/prodotto\/tenuta-montescudiero-lunaja-rosso-2016\/","title":{"rendered":"Tenuta Montescudiero Lunaja Rosso 2016"},"content":{"rendered":"","protected":false},"excerpt":{"rendered":"<p>Questo Lunaja rosso della Tenuta Montescudiero \u00e8 prodotto da uve Gaglioppo, Magliocco, Cabernet Sauvignon e Syrah; \u00e8 un rosso pulito, complesso, con note di pepe bianco, balsamico, salvia e caff\u00e8. Vino equilibrato, con una buona struttura<\/p>\n","protected":false},"featured_media":19380,"template":"","meta":{"_acf_changed":false},"product_brand":[],"product_cat":[2579],"product_tag":[],"class_list":{"0":"post-12775","1":"product","2":"type-product","3":"status-publish","4":"has-post-thumbnail","6":"product_cat-red-wine","8":"first","9":"outofstock","10":"purchasable","11":"product-type-simple"},"acf":[],"yoast_head":"<!-- This site is optimized with the Yoast SEO plugin v27.0 - https:\/\/yoast.com\/product\/yoast-seo-wordpress\/ -->\n<title>Tenuta Montescudiero Lunaja Rosso 2016 - Vinoso Modena<\/title>\n<meta name=\"robots\" content=\"index, follow, max-snippet:-1, max-image-preview:large, max-video-preview:-1\" \/>\n<link rel=\"canonical\" href=\"https:\/\/vinosomodena.it\/en\/prodotto\/tenuta-montescudiero-lunaja-rosso-2016\/\" \/>\n<meta property=\"og:locale\" content=\"en_US\" \/>\n<meta property=\"og:type\" content=\"article\" \/>\n<meta property=\"og:title\" content=\"Tenuta Montescudiero Lunaja Rosso 2016 - Vinoso Modena\" \/>\n<meta property=\"og:description\" content=\"Questo Lunaja rosso della Tenuta Montescudiero \u00e8 prodotto da uve Gaglioppo, Magliocco, Cabernet Sauvignon e Syrah; \u00e8 un rosso pulito, complesso, con note di pepe bianco, balsamico, salvia e caff\u00e8. Vino equilibrato, con una buona struttura\" \/>\n<meta property=\"og:url\" content=\"https:\/\/vinosomodena.it\/en\/prodotto\/tenuta-montescudiero-lunaja-rosso-2016\/\" \/>\n<meta property=\"og:site_name\" content=\"Vinoso Modena\" \/>\n<meta property=\"article:modified_time\" content=\"2025-01-10T11:29:00+00:00\" \/>\n<meta property=\"og:image\" content=\"https:\/\/vinosomodena.it\/wp-content\/uploads\/2025\/01\/lunaja-1-1.jpg\" \/>\n\t<meta property=\"og:image:width\" content=\"1500\" \/>\n\t<meta property=\"og:image:height\" content=\"1923\" \/>\n\t<meta property=\"og:image:type\" content=\"image\/jpeg\" \/>\n<meta name=\"twitter:card\" content=\"summary_large_image\" \/>\n<script type=\"application\/ld+json\" class=\"yoast-schema-graph\">{\"@context\":\"https:\/\/schema.org\",\"@graph\":[{\"@type\":\"WebPage\",\"@id\":\"https:\/\/vinosomodena.it\/en\/prodotto\/tenuta-montescudiero-lunaja-rosso-2016\/\",\"url\":\"https:\/\/vinosomodena.it\/en\/prodotto\/tenuta-montescudiero-lunaja-rosso-2016\/\",\"name\":\"Tenuta Montescudiero Lunaja Rosso 2016 - Vinoso Modena\",\"isPartOf\":{\"@id\":\"https:\/\/vinosomodena.it\/#website\"},\"primaryImageOfPage\":{\"@id\":\"https:\/\/vinosomodena.it\/en\/prodotto\/tenuta-montescudiero-lunaja-rosso-2016\/#primaryimage\"},\"image\":{\"@id\":\"https:\/\/vinosomodena.it\/en\/prodotto\/tenuta-montescudiero-lunaja-rosso-2016\/#primaryimage\"},\"thumbnailUrl\":\"https:\/\/vinosomodena.it\/wp-content\/uploads\/2025\/01\/lunaja-1-1.jpg\",\"datePublished\":\"2020-11-11T14:10:51+00:00\",\"dateModified\":\"2025-01-10T11:29:00+00:00\",\"breadcrumb\":{\"@id\":\"https:\/\/vinosomodena.it\/en\/prodotto\/tenuta-montescudiero-lunaja-rosso-2016\/#breadcrumb\"},\"inLanguage\":\"en-US\",\"potentialAction\":[{\"@type\":\"ReadAction\",\"target\":[\"https:\/\/vinosomodena.it\/en\/prodotto\/tenuta-montescudiero-lunaja-rosso-2016\/\"]}]},{\"@type\":\"ImageObject\",\"inLanguage\":\"en-US\",\"@id\":\"https:\/\/vinosomodena.it\/en\/prodotto\/tenuta-montescudiero-lunaja-rosso-2016\/#primaryimage\",\"url\":\"https:\/\/vinosomodena.it\/wp-content\/uploads\/2025\/01\/lunaja-1-1.jpg\",\"contentUrl\":\"https:\/\/vinosomodena.it\/wp-content\/uploads\/2025\/01\/lunaja-1-1.jpg\",\"width\":1500,\"height\":1923},{\"@type\":\"BreadcrumbList\",\"@id\":\"https:\/\/vinosomodena.it\/en\/prodotto\/tenuta-montescudiero-lunaja-rosso-2016\/#breadcrumb\",\"itemListElement\":[{\"@type\":\"ListItem\",\"position\":1,\"name\":\"Home\",\"item\":\"https:\/\/vinosomodena.it\/\"},{\"@type\":\"ListItem\",\"position\":2,\"name\":\"Shop\",\"item\":\"https:\/\/vinosomodena.it\/negozio\/\"},{\"@type\":\"ListItem\",\"position\":3,\"name\":\"Tenuta Montescudiero Lunaja Rosso 2016\"}]},{\"@type\":\"WebSite\",\"@id\":\"https:\/\/vinosomodena.it\/#website\",\"url\":\"https:\/\/vinosomodena.it\/\",\"name\":\"Vinoso Modena\",\"description\":\"I migliori vini, le annate storiche e molto altro ancora.\",\"potentialAction\":[{\"@type\":\"SearchAction\",\"target\":{\"@type\":\"EntryPoint\",\"urlTemplate\":\"https:\/\/vinosomodena.it\/?s={search_term_string}\"},\"query-input\":{\"@type\":\"PropertyValueSpecification\",\"valueRequired\":true,\"valueName\":\"search_term_string\"}}],\"inLanguage\":\"en-US\"}]}<\/script>\n<!-- \/ Yoast SEO plugin. -->","yoast_head_json":{"title":"Tenuta Montescudiero Lunaja Rosso 2016 - Vinoso Modena","robots":{"index":"index","follow":"follow","max-snippet":"max-snippet:-1","max-image-preview":"max-image-preview:large","max-video-preview":"max-video-preview:-1"},"canonical":"https:\/\/vinosomodena.it\/en\/prodotto\/tenuta-montescudiero-lunaja-rosso-2016\/","og_locale":"en_US","og_type":"article","og_title":"Tenuta Montescudiero Lunaja Rosso 2016 - Vinoso Modena","og_description":"Questo Lunaja rosso della Tenuta Montescudiero \u00e8 prodotto da uve Gaglioppo, Magliocco, Cabernet Sauvignon e Syrah; \u00e8 un rosso pulito, complesso, con note di pepe bianco, balsamico, salvia e caff\u00e8. Vino equilibrato, con una buona struttura","og_url":"https:\/\/vinosomodena.it\/en\/prodotto\/tenuta-montescudiero-lunaja-rosso-2016\/","og_site_name":"Vinoso Modena","article_modified_time":"2025-01-10T11:29:00+00:00","og_image":[{"width":1500,"height":1923,"url":"https:\/\/vinosomodena.it\/wp-content\/uploads\/2025\/01\/lunaja-1-1.jpg","type":"image\/jpeg"}],"twitter_card":"summary_large_image","schema":{"@context":"https:\/\/schema.org","@graph":[{"@type":"WebPage","@id":"https:\/\/vinosomodena.it\/en\/prodotto\/tenuta-montescudiero-lunaja-rosso-2016\/","url":"https:\/\/vinosomodena.it\/en\/prodotto\/tenuta-montescudiero-lunaja-rosso-2016\/","name":"Tenuta Montescudiero Lunaja Rosso 2016 - Vinoso Modena","isPartOf":{"@id":"https:\/\/vinosomodena.it\/#website"},"primaryImageOfPage":{"@id":"https:\/\/vinosomodena.it\/en\/prodotto\/tenuta-montescudiero-lunaja-rosso-2016\/#primaryimage"},"image":{"@id":"https:\/\/vinosomodena.it\/en\/prodotto\/tenuta-montescudiero-lunaja-rosso-2016\/#primaryimage"},"thumbnailUrl":"https:\/\/vinosomodena.it\/wp-content\/uploads\/2025\/01\/lunaja-1-1.jpg","datePublished":"2020-11-11T14:10:51+00:00","dateModified":"2025-01-10T11:29:00+00:00","breadcrumb":{"@id":"https:\/\/vinosomodena.it\/en\/prodotto\/tenuta-montescudiero-lunaja-rosso-2016\/#breadcrumb"},"inLanguage":"en-US","potentialAction":[{"@type":"ReadAction","target":["https:\/\/vinosomodena.it\/en\/prodotto\/tenuta-montescudiero-lunaja-rosso-2016\/"]}]},{"@type":"ImageObject","inLanguage":"en-US","@id":"https:\/\/vinosomodena.it\/en\/prodotto\/tenuta-montescudiero-lunaja-rosso-2016\/#primaryimage","url":"https:\/\/vinosomodena.it\/wp-content\/uploads\/2025\/01\/lunaja-1-1.jpg","contentUrl":"https:\/\/vinosomodena.it\/wp-content\/uploads\/2025\/01\/lunaja-1-1.jpg","width":1500,"height":1923},{"@type":"BreadcrumbList","@id":"https:\/\/vinosomodena.it\/en\/prodotto\/tenuta-montescudiero-lunaja-rosso-2016\/#breadcrumb","itemListElement":[{"@type":"ListItem","position":1,"name":"Home","item":"https:\/\/vinosomodena.it\/"},{"@type":"ListItem","position":2,"name":"Shop","item":"https:\/\/vinosomodena.it\/negozio\/"},{"@type":"ListItem","position":3,"name":"Tenuta Montescudiero Lunaja Rosso 2016"}]},{"@type":"WebSite","@id":"https:\/\/vinosomodena.it\/#website","url":"https:\/\/vinosomodena.it\/","name":"Vinoso Modena","description":"I migliori vini, le annate storiche e molto altro ancora.","potentialAction":[{"@type":"SearchAction","target":{"@type":"EntryPoint","urlTemplate":"https:\/\/vinosomodena.it\/?s={search_term_string}"},"query-input":{"@type":"PropertyValueSpecification","valueRequired":true,"valueName":"search_term_string"}}],"inLanguage":"en-US"}]}},"jetpack_sharing_enabled":true,"_links":{"self":[{"href":"https:\/\/vinosomodena.it\/en\/wp-json\/wp\/v2\/product\/12775","targetHints":{"allow":["GET"]}}],"collection":[{"href":"https:\/\/vinosomodena.it\/en\/wp-json\/wp\/v2\/product"}],"about":[{"href":"https:\/\/vinosomodena.it\/en\/wp-json\/wp\/v2\/types\/product"}],"wp:featuredmedia":[{"embeddable":true,"href":"https:\/\/vinosomodena.it\/en\/wp-json\/wp\/v2\/media\/19380"}],"wp:attachment":[{"href":"https:\/\/vinosomodena.it\/en\/wp-json\/wp\/v2\/media?parent=12775"}],"wp:term":[{"taxonomy":"product_brand","embeddable":true,"href":"https:\/\/vinosomodena.it\/en\/wp-json\/wp\/v2\/product_brand?post=12775"},{"taxonomy":"product_cat","embeddable":true,"href":"https:\/\/vinosomodena.it\/en\/wp-json\/wp\/v2\/product_cat?post=12775"},{"taxonomy":"product_tag","embeddable":true,"href":"https:\/\/vinosomodena.it\/en\/wp-json\/wp\/v2\/product_tag?post=12775"}],"curies":[{"name":"wp","href":"https:\/\/api.w.org\/{rel}","templated":true}]}}