{"id":12853,"date":"2020-11-11T15:10:30","date_gmt":"2020-11-11T14:10:30","guid":{"rendered":"https:\/\/vinosomodena.it\/prodotto\/quinto-passo-cuvee-paradiso\/"},"modified":"2026-01-03T16:11:04","modified_gmt":"2026-01-03T15:11:04","slug":"quinto-passo-cuvee-paradiso","status":"publish","type":"product","link":"https:\/\/vinosomodena.it\/en\/prodotto\/quinto-passo-cuvee-paradiso\/","title":{"rendered":"Quinto Passo Cuv\u00e8e Paradiso"},"content":{"rendered":"<p>La &#8220;Cuv\u00e8e Paradiso Quinto Passo&#8221; di Cleto Chiarli \u00e8 uno Spumante Metodo Classico prodotto nella zona di Modena da uve Chardonnay e Sorbara, che uniscono tipicit\u00e0 a freschezza. Dopo essersi perfezionato per due anni sui lieviti, emana sentori di frutta tropicale e presenta una freschezza agrumata che si accompagna piacevolmente alla sapidit\u00e0 tipica del vitigno locale. Le finissime bollicine stuzzicano piacevolmente il palato, rendendo la beva scorrevole, appagante e vivace<\/p>\n","protected":false},"excerpt":{"rendered":"<p>La &#8220;Cuv\u00e8e Paradiso Quinto Passo&#8221; di Cleto Chiarli \u00e8 uno Spumante Metodo Classico prodotto nella zona di Modena da uve Chardonnay e Sorbara, che uniscono tipicit\u00e0 a freschezza. Dopo essersi perfezionato per due anni sui lieviti, emana sentori di frutta tropicale e presenta una freschezza agrumata che si accompagna piacevolmente alla sapidit\u00e0 tipica del vitigno locale. Le finissime bollicine stuzzicano piacevolmente il palato, rendendo la beva scorrevole, appagante e vivace<\/p>\n","protected":false},"featured_media":17901,"template":"","meta":{"_acf_changed":false},"product_brand":[],"product_cat":[6062],"product_tag":[],"class_list":{"0":"post-12853","1":"product","2":"type-product","3":"status-publish","4":"has-post-thumbnail","6":"product_cat-da-verificare-en","8":"first","9":"outofstock","10":"purchasable","11":"product-type-simple"},"acf":[],"yoast_head":"<!-- This site is optimized with the Yoast SEO plugin v27.4 - https:\/\/yoast.com\/product\/yoast-seo-wordpress\/ -->\n<title>Quinto Passo Cuv\u00e8e Paradiso - Vinoso Modena<\/title>\n<meta name=\"robots\" content=\"index, follow, max-snippet:-1, max-image-preview:large, max-video-preview:-1\" \/>\n<link rel=\"canonical\" href=\"https:\/\/vinosomodena.it\/en\/prodotto\/quinto-passo-cuvee-paradiso\/\" \/>\n<meta property=\"og:locale\" content=\"en_US\" \/>\n<meta property=\"og:type\" content=\"article\" \/>\n<meta property=\"og:title\" content=\"Quinto Passo Cuv\u00e8e Paradiso - Vinoso Modena\" \/>\n<meta property=\"og:description\" content=\"La &quot;Cuv\u00e8e Paradiso Quinto Passo&quot; di Cleto Chiarli \u00e8 uno Spumante Metodo Classico prodotto nella zona di Modena da uve Chardonnay e Sorbara, che uniscono tipicit\u00e0 a freschezza. Dopo essersi perfezionato per due anni sui lieviti, emana sentori di frutta tropicale e presenta una freschezza agrumata che si accompagna piacevolmente alla sapidit\u00e0 tipica del vitigno locale. Le finissime bollicine stuzzicano piacevolmente il palato, rendendo la beva scorrevole, appagante e vivace\" \/>\n<meta property=\"og:url\" content=\"https:\/\/vinosomodena.it\/en\/prodotto\/quinto-passo-cuvee-paradiso\/\" \/>\n<meta property=\"og:site_name\" content=\"Vinoso Modena\" \/>\n<meta property=\"article:modified_time\" content=\"2026-01-03T15:11:04+00:00\" \/>\n<meta property=\"og:image\" content=\"https:\/\/vinosomodena.it\/wp-content\/uploads\/2024\/06\/quintopassocuveeparadiso-3.jpg\" \/>\n\t<meta property=\"og:image:width\" content=\"1500\" \/>\n\t<meta property=\"og:image:height\" content=\"1923\" \/>\n\t<meta property=\"og:image:type\" content=\"image\/jpeg\" \/>\n<meta name=\"twitter:card\" content=\"summary_large_image\" \/>\n<script type=\"application\/ld+json\" class=\"yoast-schema-graph\">{\"@context\":\"https:\\\/\\\/schema.org\",\"@graph\":[{\"@type\":\"WebPage\",\"@id\":\"https:\\\/\\\/vinosomodena.it\\\/en\\\/prodotto\\\/quinto-passo-cuvee-paradiso\\\/\",\"url\":\"https:\\\/\\\/vinosomodena.it\\\/en\\\/prodotto\\\/quinto-passo-cuvee-paradiso\\\/\",\"name\":\"Quinto Passo Cuv\u00e8e Paradiso - Vinoso Modena\",\"isPartOf\":{\"@id\":\"https:\\\/\\\/vinosomodena.it\\\/#website\"},\"primaryImageOfPage\":{\"@id\":\"https:\\\/\\\/vinosomodena.it\\\/en\\\/prodotto\\\/quinto-passo-cuvee-paradiso\\\/#primaryimage\"},\"image\":{\"@id\":\"https:\\\/\\\/vinosomodena.it\\\/en\\\/prodotto\\\/quinto-passo-cuvee-paradiso\\\/#primaryimage\"},\"thumbnailUrl\":\"https:\\\/\\\/vinosomodena.it\\\/wp-content\\\/uploads\\\/2024\\\/06\\\/quintopassocuveeparadiso-3.jpg\",\"datePublished\":\"2020-11-11T14:10:30+00:00\",\"dateModified\":\"2026-01-03T15:11:04+00:00\",\"breadcrumb\":{\"@id\":\"https:\\\/\\\/vinosomodena.it\\\/en\\\/prodotto\\\/quinto-passo-cuvee-paradiso\\\/#breadcrumb\"},\"inLanguage\":\"en-US\",\"potentialAction\":[{\"@type\":\"ReadAction\",\"target\":[\"https:\\\/\\\/vinosomodena.it\\\/en\\\/prodotto\\\/quinto-passo-cuvee-paradiso\\\/\"]}]},{\"@type\":\"ImageObject\",\"inLanguage\":\"en-US\",\"@id\":\"https:\\\/\\\/vinosomodena.it\\\/en\\\/prodotto\\\/quinto-passo-cuvee-paradiso\\\/#primaryimage\",\"url\":\"https:\\\/\\\/vinosomodena.it\\\/wp-content\\\/uploads\\\/2024\\\/06\\\/quintopassocuveeparadiso-3.jpg\",\"contentUrl\":\"https:\\\/\\\/vinosomodena.it\\\/wp-content\\\/uploads\\\/2024\\\/06\\\/quintopassocuveeparadiso-3.jpg\",\"width\":1500,\"height\":1923},{\"@type\":\"BreadcrumbList\",\"@id\":\"https:\\\/\\\/vinosomodena.it\\\/en\\\/prodotto\\\/quinto-passo-cuvee-paradiso\\\/#breadcrumb\",\"itemListElement\":[{\"@type\":\"ListItem\",\"position\":1,\"name\":\"Home\",\"item\":\"https:\\\/\\\/vinosomodena.it\\\/\"},{\"@type\":\"ListItem\",\"position\":2,\"name\":\"Shop\",\"item\":\"https:\\\/\\\/vinosomodena.it\\\/negozio\\\/\"},{\"@type\":\"ListItem\",\"position\":3,\"name\":\"Quinto Passo Cuv\u00e8e Paradiso\"}]},{\"@type\":\"WebSite\",\"@id\":\"https:\\\/\\\/vinosomodena.it\\\/#website\",\"url\":\"https:\\\/\\\/vinosomodena.it\\\/\",\"name\":\"Vinoso Modena\",\"description\":\"I migliori vini, le annate storiche e molto altro ancora.\",\"potentialAction\":[{\"@type\":\"SearchAction\",\"target\":{\"@type\":\"EntryPoint\",\"urlTemplate\":\"https:\\\/\\\/vinosomodena.it\\\/?s={search_term_string}\"},\"query-input\":{\"@type\":\"PropertyValueSpecification\",\"valueRequired\":true,\"valueName\":\"search_term_string\"}}],\"inLanguage\":\"en-US\"}]}<\/script>\n<!-- \/ Yoast SEO plugin. -->","yoast_head_json":{"title":"Quinto Passo Cuv\u00e8e Paradiso - Vinoso Modena","robots":{"index":"index","follow":"follow","max-snippet":"max-snippet:-1","max-image-preview":"max-image-preview:large","max-video-preview":"max-video-preview:-1"},"canonical":"https:\/\/vinosomodena.it\/en\/prodotto\/quinto-passo-cuvee-paradiso\/","og_locale":"en_US","og_type":"article","og_title":"Quinto Passo Cuv\u00e8e Paradiso - Vinoso Modena","og_description":"La \"Cuv\u00e8e Paradiso Quinto Passo\" di Cleto Chiarli \u00e8 uno Spumante Metodo Classico prodotto nella zona di Modena da uve Chardonnay e Sorbara, che uniscono tipicit\u00e0 a freschezza. Dopo essersi perfezionato per due anni sui lieviti, emana sentori di frutta tropicale e presenta una freschezza agrumata che si accompagna piacevolmente alla sapidit\u00e0 tipica del vitigno locale. Le finissime bollicine stuzzicano piacevolmente il palato, rendendo la beva scorrevole, appagante e vivace","og_url":"https:\/\/vinosomodena.it\/en\/prodotto\/quinto-passo-cuvee-paradiso\/","og_site_name":"Vinoso Modena","article_modified_time":"2026-01-03T15:11:04+00:00","og_image":[{"width":1500,"height":1923,"url":"https:\/\/vinosomodena.it\/wp-content\/uploads\/2024\/06\/quintopassocuveeparadiso-3.jpg","type":"image\/jpeg"}],"twitter_card":"summary_large_image","schema":{"@context":"https:\/\/schema.org","@graph":[{"@type":"WebPage","@id":"https:\/\/vinosomodena.it\/en\/prodotto\/quinto-passo-cuvee-paradiso\/","url":"https:\/\/vinosomodena.it\/en\/prodotto\/quinto-passo-cuvee-paradiso\/","name":"Quinto Passo Cuv\u00e8e Paradiso - Vinoso Modena","isPartOf":{"@id":"https:\/\/vinosomodena.it\/#website"},"primaryImageOfPage":{"@id":"https:\/\/vinosomodena.it\/en\/prodotto\/quinto-passo-cuvee-paradiso\/#primaryimage"},"image":{"@id":"https:\/\/vinosomodena.it\/en\/prodotto\/quinto-passo-cuvee-paradiso\/#primaryimage"},"thumbnailUrl":"https:\/\/vinosomodena.it\/wp-content\/uploads\/2024\/06\/quintopassocuveeparadiso-3.jpg","datePublished":"2020-11-11T14:10:30+00:00","dateModified":"2026-01-03T15:11:04+00:00","breadcrumb":{"@id":"https:\/\/vinosomodena.it\/en\/prodotto\/quinto-passo-cuvee-paradiso\/#breadcrumb"},"inLanguage":"en-US","potentialAction":[{"@type":"ReadAction","target":["https:\/\/vinosomodena.it\/en\/prodotto\/quinto-passo-cuvee-paradiso\/"]}]},{"@type":"ImageObject","inLanguage":"en-US","@id":"https:\/\/vinosomodena.it\/en\/prodotto\/quinto-passo-cuvee-paradiso\/#primaryimage","url":"https:\/\/vinosomodena.it\/wp-content\/uploads\/2024\/06\/quintopassocuveeparadiso-3.jpg","contentUrl":"https:\/\/vinosomodena.it\/wp-content\/uploads\/2024\/06\/quintopassocuveeparadiso-3.jpg","width":1500,"height":1923},{"@type":"BreadcrumbList","@id":"https:\/\/vinosomodena.it\/en\/prodotto\/quinto-passo-cuvee-paradiso\/#breadcrumb","itemListElement":[{"@type":"ListItem","position":1,"name":"Home","item":"https:\/\/vinosomodena.it\/"},{"@type":"ListItem","position":2,"name":"Shop","item":"https:\/\/vinosomodena.it\/negozio\/"},{"@type":"ListItem","position":3,"name":"Quinto Passo Cuv\u00e8e Paradiso"}]},{"@type":"WebSite","@id":"https:\/\/vinosomodena.it\/#website","url":"https:\/\/vinosomodena.it\/","name":"Vinoso Modena","description":"I migliori vini, le annate storiche e molto altro ancora.","potentialAction":[{"@type":"SearchAction","target":{"@type":"EntryPoint","urlTemplate":"https:\/\/vinosomodena.it\/?s={search_term_string}"},"query-input":{"@type":"PropertyValueSpecification","valueRequired":true,"valueName":"search_term_string"}}],"inLanguage":"en-US"}]}},"jetpack_sharing_enabled":true,"_links":{"self":[{"href":"https:\/\/vinosomodena.it\/en\/wp-json\/wp\/v2\/product\/12853","targetHints":{"allow":["GET"]}}],"collection":[{"href":"https:\/\/vinosomodena.it\/en\/wp-json\/wp\/v2\/product"}],"about":[{"href":"https:\/\/vinosomodena.it\/en\/wp-json\/wp\/v2\/types\/product"}],"wp:featuredmedia":[{"embeddable":true,"href":"https:\/\/vinosomodena.it\/en\/wp-json\/wp\/v2\/media\/17901"}],"wp:attachment":[{"href":"https:\/\/vinosomodena.it\/en\/wp-json\/wp\/v2\/media?parent=12853"}],"wp:term":[{"taxonomy":"product_brand","embeddable":true,"href":"https:\/\/vinosomodena.it\/en\/wp-json\/wp\/v2\/product_brand?post=12853"},{"taxonomy":"product_cat","embeddable":true,"href":"https:\/\/vinosomodena.it\/en\/wp-json\/wp\/v2\/product_cat?post=12853"},{"taxonomy":"product_tag","embeddable":true,"href":"https:\/\/vinosomodena.it\/en\/wp-json\/wp\/v2\/product_tag?post=12853"}],"curies":[{"name":"wp","href":"https:\/\/api.w.org\/{rel}","templated":true}]}}