{"id":12886,"date":"2020-11-11T15:10:19","date_gmt":"2020-11-11T14:10:19","guid":{"rendered":"https:\/\/vinosomodena.it\/?post_type=product&#038;p=12886"},"modified":"2026-02-25T11:53:38","modified_gmt":"2026-02-25T10:53:38","slug":"monte-dei-ragni-inamphora-2020","status":"publish","type":"product","link":"https:\/\/vinosomodena.it\/en\/prodotto\/monte-dei-ragni-inamphora-2020\/","title":{"rendered":"Monte dei ragni Inamphora 2021"},"content":{"rendered":"<p>Questo Inamphora bianco IGT ottenuto da uve garganega 96 % e malvasia istriana 4 % macerato sulle bucce, non \u00e8 filtrato, le fermentazioni a cui segue l\u2019affinamento si svolgono entrambe in anfora per almeno 6 mesi.<br \/>\nRispetto della terra, sfruttamento equilibrato delle risorse naturali, l\u2019agricoltura in quanto uso e mai quale abuso, ritorno ad una qualit\u00e0 della vita pi\u00f9 sana, semplice e genuina, tutto questo \u00e8 Zeno Zignoli e i vini da lui prodotti a Monte dei Ragni che incarnano pienamente questa sua visione concreta di felicit\u00e0 agreste applicata alla fatica quotidiana del lavoro in campagna.<br \/>\nZeno Zignoli \u00e8 tutt\u2019uno con Monte dei Ragni. 2.5 ettari di vigneto in localit\u00e0 Marega (Fumane), zona Valpolicella<\/p>\n","protected":false},"excerpt":{"rendered":"<p>Questo Inamphora bianco IGT ottenuto da uve garganega 96 % e malvasia istriana 4 % macerato sulle bucce, non \u00e8 filtrato, le fermentazioni a cui segue l\u2019affinamento si svolgono entrambe in anfora per almeno 6 mesi.<br \/>\nRispetto della terra, sfruttamento equilibrato delle risorse naturali, l\u2019agricoltura in quanto uso e mai quale abuso, ritorno ad una qualit\u00e0 della vita pi\u00f9 sana, semplice e genuina, tutto questo \u00e8 Zeno Zignoli e i vini da lui prodotti a Monte dei Ragni che incarnano pienamente questa sua visione concreta di felicit\u00e0 agreste applicata alla fatica quotidiana del lavoro in campagna.<br \/>\nZeno Zignoli \u00e8 tutt\u2019uno con Monte dei Ragni. 2.5 ettari di vigneto in localit\u00e0 Marega (Fumane), zona Valpolicella<\/p>\n","protected":false},"featured_media":14744,"template":"","meta":{"_acf_changed":false},"product_brand":[],"product_cat":[2589],"product_tag":[],"class_list":{"0":"post-12886","1":"product","2":"type-product","3":"status-publish","4":"has-post-thumbnail","6":"product_cat-white-wine","8":"first","9":"instock","10":"purchasable","11":"product-type-simple"},"acf":[],"yoast_head":"<!-- This site is optimized with the Yoast SEO plugin v27.0 - https:\/\/yoast.com\/product\/yoast-seo-wordpress\/ -->\n<title>Monte dei ragni Inamphora 2021 - Vinoso Modena<\/title>\n<meta name=\"robots\" content=\"index, follow, max-snippet:-1, max-image-preview:large, max-video-preview:-1\" \/>\n<link rel=\"canonical\" href=\"https:\/\/vinosomodena.it\/en\/prodotto\/monte-dei-ragni-inamphora-2020\/\" \/>\n<meta property=\"og:locale\" content=\"en_US\" \/>\n<meta property=\"og:type\" content=\"article\" \/>\n<meta property=\"og:title\" content=\"Monte dei ragni Inamphora 2021 - Vinoso Modena\" \/>\n<meta property=\"og:description\" content=\"Questo Inamphora bianco IGT ottenuto da uve garganega 96 % e malvasia istriana 4 % macerato sulle bucce, non \u00e8 filtrato, le fermentazioni a cui segue l\u2019affinamento si svolgono entrambe in anfora per almeno 6 mesi. Rispetto della terra, sfruttamento equilibrato delle risorse naturali, l\u2019agricoltura in quanto uso e mai quale abuso, ritorno ad una qualit\u00e0 della vita pi\u00f9 sana, semplice e genuina, tutto questo \u00e8 Zeno Zignoli e i vini da lui prodotti a Monte dei Ragni che incarnano pienamente questa sua visione concreta di felicit\u00e0 agreste applicata alla fatica quotidiana del lavoro in campagna. Zeno Zignoli \u00e8 tutt\u2019uno con Monte dei Ragni. 2.5 ettari di vigneto in localit\u00e0 Marega (Fumane), zona Valpolicella\" \/>\n<meta property=\"og:url\" content=\"https:\/\/vinosomodena.it\/en\/prodotto\/monte-dei-ragni-inamphora-2020\/\" \/>\n<meta property=\"og:site_name\" content=\"Vinoso Modena\" \/>\n<meta property=\"article:modified_time\" content=\"2026-02-25T10:53:38+00:00\" \/>\n<meta property=\"og:image\" content=\"https:\/\/vinosomodena.it\/wp-content\/uploads\/2024\/01\/inamphora.jpg\" \/>\n\t<meta property=\"og:image:width\" content=\"1500\" \/>\n\t<meta property=\"og:image:height\" content=\"1923\" \/>\n\t<meta property=\"og:image:type\" content=\"image\/jpeg\" \/>\n<meta name=\"twitter:card\" content=\"summary_large_image\" \/>\n<meta name=\"twitter:label1\" content=\"Est. reading time\" \/>\n\t<meta name=\"twitter:data1\" content=\"1 minute\" \/>\n<script type=\"application\/ld+json\" class=\"yoast-schema-graph\">{\"@context\":\"https:\/\/schema.org\",\"@graph\":[{\"@type\":\"WebPage\",\"@id\":\"https:\/\/vinosomodena.it\/en\/prodotto\/monte-dei-ragni-inamphora-2020\/\",\"url\":\"https:\/\/vinosomodena.it\/en\/prodotto\/monte-dei-ragni-inamphora-2020\/\",\"name\":\"Monte dei ragni Inamphora 2021 - Vinoso Modena\",\"isPartOf\":{\"@id\":\"https:\/\/vinosomodena.it\/#website\"},\"primaryImageOfPage\":{\"@id\":\"https:\/\/vinosomodena.it\/en\/prodotto\/monte-dei-ragni-inamphora-2020\/#primaryimage\"},\"image\":{\"@id\":\"https:\/\/vinosomodena.it\/en\/prodotto\/monte-dei-ragni-inamphora-2020\/#primaryimage\"},\"thumbnailUrl\":\"https:\/\/vinosomodena.it\/wp-content\/uploads\/2024\/01\/inamphora.jpg\",\"datePublished\":\"2020-11-11T14:10:19+00:00\",\"dateModified\":\"2026-02-25T10:53:38+00:00\",\"breadcrumb\":{\"@id\":\"https:\/\/vinosomodena.it\/en\/prodotto\/monte-dei-ragni-inamphora-2020\/#breadcrumb\"},\"inLanguage\":\"en-US\",\"potentialAction\":[{\"@type\":\"ReadAction\",\"target\":[\"https:\/\/vinosomodena.it\/en\/prodotto\/monte-dei-ragni-inamphora-2020\/\"]}]},{\"@type\":\"ImageObject\",\"inLanguage\":\"en-US\",\"@id\":\"https:\/\/vinosomodena.it\/en\/prodotto\/monte-dei-ragni-inamphora-2020\/#primaryimage\",\"url\":\"https:\/\/vinosomodena.it\/wp-content\/uploads\/2024\/01\/inamphora.jpg\",\"contentUrl\":\"https:\/\/vinosomodena.it\/wp-content\/uploads\/2024\/01\/inamphora.jpg\",\"width\":1500,\"height\":1923},{\"@type\":\"BreadcrumbList\",\"@id\":\"https:\/\/vinosomodena.it\/en\/prodotto\/monte-dei-ragni-inamphora-2020\/#breadcrumb\",\"itemListElement\":[{\"@type\":\"ListItem\",\"position\":1,\"name\":\"Home\",\"item\":\"https:\/\/vinosomodena.it\/\"},{\"@type\":\"ListItem\",\"position\":2,\"name\":\"Shop\",\"item\":\"https:\/\/vinosomodena.it\/negozio\/\"},{\"@type\":\"ListItem\",\"position\":3,\"name\":\"Monte dei ragni Inamphora 2021\"}]},{\"@type\":\"WebSite\",\"@id\":\"https:\/\/vinosomodena.it\/#website\",\"url\":\"https:\/\/vinosomodena.it\/\",\"name\":\"Vinoso Modena\",\"description\":\"I migliori vini, le annate storiche e molto altro ancora.\",\"potentialAction\":[{\"@type\":\"SearchAction\",\"target\":{\"@type\":\"EntryPoint\",\"urlTemplate\":\"https:\/\/vinosomodena.it\/?s={search_term_string}\"},\"query-input\":{\"@type\":\"PropertyValueSpecification\",\"valueRequired\":true,\"valueName\":\"search_term_string\"}}],\"inLanguage\":\"en-US\"}]}<\/script>\n<!-- \/ Yoast SEO plugin. -->","yoast_head_json":{"title":"Monte dei ragni Inamphora 2021 - Vinoso Modena","robots":{"index":"index","follow":"follow","max-snippet":"max-snippet:-1","max-image-preview":"max-image-preview:large","max-video-preview":"max-video-preview:-1"},"canonical":"https:\/\/vinosomodena.it\/en\/prodotto\/monte-dei-ragni-inamphora-2020\/","og_locale":"en_US","og_type":"article","og_title":"Monte dei ragni Inamphora 2021 - Vinoso Modena","og_description":"Questo Inamphora bianco IGT ottenuto da uve garganega 96 % e malvasia istriana 4 % macerato sulle bucce, non \u00e8 filtrato, le fermentazioni a cui segue l\u2019affinamento si svolgono entrambe in anfora per almeno 6 mesi. Rispetto della terra, sfruttamento equilibrato delle risorse naturali, l\u2019agricoltura in quanto uso e mai quale abuso, ritorno ad una qualit\u00e0 della vita pi\u00f9 sana, semplice e genuina, tutto questo \u00e8 Zeno Zignoli e i vini da lui prodotti a Monte dei Ragni che incarnano pienamente questa sua visione concreta di felicit\u00e0 agreste applicata alla fatica quotidiana del lavoro in campagna. Zeno Zignoli \u00e8 tutt\u2019uno con Monte dei Ragni. 2.5 ettari di vigneto in localit\u00e0 Marega (Fumane), zona Valpolicella","og_url":"https:\/\/vinosomodena.it\/en\/prodotto\/monte-dei-ragni-inamphora-2020\/","og_site_name":"Vinoso Modena","article_modified_time":"2026-02-25T10:53:38+00:00","og_image":[{"width":1500,"height":1923,"url":"https:\/\/vinosomodena.it\/wp-content\/uploads\/2024\/01\/inamphora.jpg","type":"image\/jpeg"}],"twitter_card":"summary_large_image","twitter_misc":{"Est. reading time":"1 minute"},"schema":{"@context":"https:\/\/schema.org","@graph":[{"@type":"WebPage","@id":"https:\/\/vinosomodena.it\/en\/prodotto\/monte-dei-ragni-inamphora-2020\/","url":"https:\/\/vinosomodena.it\/en\/prodotto\/monte-dei-ragni-inamphora-2020\/","name":"Monte dei ragni Inamphora 2021 - Vinoso Modena","isPartOf":{"@id":"https:\/\/vinosomodena.it\/#website"},"primaryImageOfPage":{"@id":"https:\/\/vinosomodena.it\/en\/prodotto\/monte-dei-ragni-inamphora-2020\/#primaryimage"},"image":{"@id":"https:\/\/vinosomodena.it\/en\/prodotto\/monte-dei-ragni-inamphora-2020\/#primaryimage"},"thumbnailUrl":"https:\/\/vinosomodena.it\/wp-content\/uploads\/2024\/01\/inamphora.jpg","datePublished":"2020-11-11T14:10:19+00:00","dateModified":"2026-02-25T10:53:38+00:00","breadcrumb":{"@id":"https:\/\/vinosomodena.it\/en\/prodotto\/monte-dei-ragni-inamphora-2020\/#breadcrumb"},"inLanguage":"en-US","potentialAction":[{"@type":"ReadAction","target":["https:\/\/vinosomodena.it\/en\/prodotto\/monte-dei-ragni-inamphora-2020\/"]}]},{"@type":"ImageObject","inLanguage":"en-US","@id":"https:\/\/vinosomodena.it\/en\/prodotto\/monte-dei-ragni-inamphora-2020\/#primaryimage","url":"https:\/\/vinosomodena.it\/wp-content\/uploads\/2024\/01\/inamphora.jpg","contentUrl":"https:\/\/vinosomodena.it\/wp-content\/uploads\/2024\/01\/inamphora.jpg","width":1500,"height":1923},{"@type":"BreadcrumbList","@id":"https:\/\/vinosomodena.it\/en\/prodotto\/monte-dei-ragni-inamphora-2020\/#breadcrumb","itemListElement":[{"@type":"ListItem","position":1,"name":"Home","item":"https:\/\/vinosomodena.it\/"},{"@type":"ListItem","position":2,"name":"Shop","item":"https:\/\/vinosomodena.it\/negozio\/"},{"@type":"ListItem","position":3,"name":"Monte dei ragni Inamphora 2021"}]},{"@type":"WebSite","@id":"https:\/\/vinosomodena.it\/#website","url":"https:\/\/vinosomodena.it\/","name":"Vinoso Modena","description":"I migliori vini, le annate storiche e molto altro ancora.","potentialAction":[{"@type":"SearchAction","target":{"@type":"EntryPoint","urlTemplate":"https:\/\/vinosomodena.it\/?s={search_term_string}"},"query-input":{"@type":"PropertyValueSpecification","valueRequired":true,"valueName":"search_term_string"}}],"inLanguage":"en-US"}]}},"jetpack_sharing_enabled":true,"_links":{"self":[{"href":"https:\/\/vinosomodena.it\/en\/wp-json\/wp\/v2\/product\/12886","targetHints":{"allow":["GET"]}}],"collection":[{"href":"https:\/\/vinosomodena.it\/en\/wp-json\/wp\/v2\/product"}],"about":[{"href":"https:\/\/vinosomodena.it\/en\/wp-json\/wp\/v2\/types\/product"}],"wp:featuredmedia":[{"embeddable":true,"href":"https:\/\/vinosomodena.it\/en\/wp-json\/wp\/v2\/media\/14744"}],"wp:attachment":[{"href":"https:\/\/vinosomodena.it\/en\/wp-json\/wp\/v2\/media?parent=12886"}],"wp:term":[{"taxonomy":"product_brand","embeddable":true,"href":"https:\/\/vinosomodena.it\/en\/wp-json\/wp\/v2\/product_brand?post=12886"},{"taxonomy":"product_cat","embeddable":true,"href":"https:\/\/vinosomodena.it\/en\/wp-json\/wp\/v2\/product_cat?post=12886"},{"taxonomy":"product_tag","embeddable":true,"href":"https:\/\/vinosomodena.it\/en\/wp-json\/wp\/v2\/product_tag?post=12886"}],"curies":[{"name":"wp","href":"https:\/\/api.w.org\/{rel}","templated":true}]}}