{"id":12911,"date":"2020-11-11T15:10:08","date_gmt":"2020-11-11T14:10:08","guid":{"rendered":"https:\/\/vinosomodena.it\/prodotto\/kofererhof-kerner-2019\/"},"modified":"2024-03-22T22:50:48","modified_gmt":"2024-03-22T21:50:48","slug":"kofererhof-kerner-2019","status":"publish","type":"product","link":"https:\/\/vinosomodena.it\/en\/prodotto\/kofererhof-kerner-2019\/","title":{"rendered":"Kofererhof Kerner 2019"},"content":{"rendered":"","protected":false},"excerpt":{"rendered":"<p>Il Kerner di Kofererhof \u00e8 un vino bianco fermo, profumato e dotato di grande sapidit\u00e0 e mineralit\u00e0, \u00e8 un vino raffinato, frutto della coltivazione biologica di vigne stupende, distese ai piedi della Dolomiti, tra i 700 e gli 800 metri sul livello del mare. La sapidit\u00e0 di questo Kerner, l\u2019intensit\u00e0 degli aromi e dei profumi, \u00e8 dovuta alla composizione dei suoli, d\u2019origine morenica, tendenzialmente leggeri e sabbiosi, ricchi d\u2019ardesia e granito, e ai forti sbalzi termici tra il giorno e la notte. Il Kerner risulta davvero espressione di questo territorio: un vino succoso e fresco, dotato di un perfetto equilibrio tra dolcezza e acidit\u00e0.<\/p>\n","protected":false},"featured_media":24324,"template":"","meta":{"_acf_changed":false},"product_brand":[],"product_cat":[2589],"product_tag":[],"class_list":{"0":"post-12911","1":"product","2":"type-product","3":"status-publish","4":"has-post-thumbnail","6":"product_cat-white-wine","8":"first","9":"outofstock","10":"purchasable","11":"product-type-simple"},"acf":[],"yoast_head":"<!-- This site is optimized with the Yoast SEO plugin v27.4 - https:\/\/yoast.com\/product\/yoast-seo-wordpress\/ -->\n<title>Kofererhof Kerner 2019 - Vinoso Modena<\/title>\n<meta name=\"robots\" content=\"index, follow, max-snippet:-1, max-image-preview:large, max-video-preview:-1\" \/>\n<link rel=\"canonical\" href=\"https:\/\/vinosomodena.it\/prodotto\/kofererhof-kerner-2019\/\" \/>\n<meta property=\"og:locale\" content=\"en_US\" \/>\n<meta property=\"og:type\" content=\"article\" \/>\n<meta property=\"og:title\" content=\"Kofererhof Kerner 2019 - Vinoso Modena\" \/>\n<meta property=\"og:description\" content=\"Il Kerner di Kofererhof \u00e8 un vino bianco fermo, profumato e dotato di grande sapidit\u00e0 e mineralit\u00e0, \u00e8 un vino raffinato, frutto della coltivazione biologica di vigne stupende, distese ai piedi della Dolomiti, tra i 700 e gli 800 metri sul livello del mare. La sapidit\u00e0 di questo Kerner, l\u2019intensit\u00e0 degli aromi e dei profumi, \u00e8 dovuta alla composizione dei suoli, d\u2019origine morenica, tendenzialmente leggeri e sabbiosi, ricchi d\u2019ardesia e granito, e ai forti sbalzi termici tra il giorno e la notte. Il Kerner risulta davvero espressione di questo territorio: un vino succoso e fresco, dotato di un perfetto equilibrio tra dolcezza e acidit\u00e0.\" \/>\n<meta property=\"og:url\" content=\"https:\/\/vinosomodena.it\/prodotto\/kofererhof-kerner-2019\/\" \/>\n<meta property=\"og:site_name\" content=\"Vinoso Modena\" \/>\n<meta property=\"article:modified_time\" content=\"2024-03-22T21:50:48+00:00\" \/>\n<meta property=\"og:image\" content=\"https:\/\/vinosomodena.it\/wp-content\/uploads\/2025\/10\/koffer-1.jpg\" \/>\n\t<meta property=\"og:image:width\" content=\"1500\" \/>\n\t<meta property=\"og:image:height\" content=\"1923\" \/>\n\t<meta property=\"og:image:type\" content=\"image\/jpeg\" \/>\n<meta name=\"twitter:card\" content=\"summary_large_image\" \/>\n<script type=\"application\/ld+json\" class=\"yoast-schema-graph\">{\"@context\":\"https:\\\/\\\/schema.org\",\"@graph\":[{\"@type\":\"WebPage\",\"@id\":\"https:\\\/\\\/vinosomodena.it\\\/prodotto\\\/kofererhof-kerner-2019\\\/\",\"url\":\"https:\\\/\\\/vinosomodena.it\\\/prodotto\\\/kofererhof-kerner-2019\\\/\",\"name\":\"Kofererhof Kerner 2019 - Vinoso Modena\",\"isPartOf\":{\"@id\":\"https:\\\/\\\/vinosomodena.it\\\/#website\"},\"primaryImageOfPage\":{\"@id\":\"https:\\\/\\\/vinosomodena.it\\\/prodotto\\\/kofererhof-kerner-2019\\\/#primaryimage\"},\"image\":{\"@id\":\"https:\\\/\\\/vinosomodena.it\\\/prodotto\\\/kofererhof-kerner-2019\\\/#primaryimage\"},\"thumbnailUrl\":\"https:\\\/\\\/vinosomodena.it\\\/wp-content\\\/uploads\\\/2025\\\/10\\\/koffer-1.jpg\",\"datePublished\":\"2020-11-11T14:10:08+00:00\",\"dateModified\":\"2024-03-22T21:50:48+00:00\",\"breadcrumb\":{\"@id\":\"https:\\\/\\\/vinosomodena.it\\\/prodotto\\\/kofererhof-kerner-2019\\\/#breadcrumb\"},\"inLanguage\":\"en-US\",\"potentialAction\":[{\"@type\":\"ReadAction\",\"target\":[\"https:\\\/\\\/vinosomodena.it\\\/prodotto\\\/kofererhof-kerner-2019\\\/\"]}]},{\"@type\":\"ImageObject\",\"inLanguage\":\"en-US\",\"@id\":\"https:\\\/\\\/vinosomodena.it\\\/prodotto\\\/kofererhof-kerner-2019\\\/#primaryimage\",\"url\":\"https:\\\/\\\/vinosomodena.it\\\/wp-content\\\/uploads\\\/2025\\\/10\\\/koffer-1.jpg\",\"contentUrl\":\"https:\\\/\\\/vinosomodena.it\\\/wp-content\\\/uploads\\\/2025\\\/10\\\/koffer-1.jpg\",\"width\":1500,\"height\":1923},{\"@type\":\"BreadcrumbList\",\"@id\":\"https:\\\/\\\/vinosomodena.it\\\/prodotto\\\/kofererhof-kerner-2019\\\/#breadcrumb\",\"itemListElement\":[{\"@type\":\"ListItem\",\"position\":1,\"name\":\"Home\",\"item\":\"https:\\\/\\\/vinosomodena.it\\\/\"},{\"@type\":\"ListItem\",\"position\":2,\"name\":\"Shop\",\"item\":\"https:\\\/\\\/vinosomodena.it\\\/negozio\\\/\"},{\"@type\":\"ListItem\",\"position\":3,\"name\":\"Kofererhof Kerner 2019\"}]},{\"@type\":\"WebSite\",\"@id\":\"https:\\\/\\\/vinosomodena.it\\\/#website\",\"url\":\"https:\\\/\\\/vinosomodena.it\\\/\",\"name\":\"Vinoso Modena\",\"description\":\"I migliori vini, le annate storiche e molto altro ancora.\",\"potentialAction\":[{\"@type\":\"SearchAction\",\"target\":{\"@type\":\"EntryPoint\",\"urlTemplate\":\"https:\\\/\\\/vinosomodena.it\\\/?s={search_term_string}\"},\"query-input\":{\"@type\":\"PropertyValueSpecification\",\"valueRequired\":true,\"valueName\":\"search_term_string\"}}],\"inLanguage\":\"en-US\"}]}<\/script>\n<!-- \/ Yoast SEO plugin. -->","yoast_head_json":{"title":"Kofererhof Kerner 2019 - Vinoso Modena","robots":{"index":"index","follow":"follow","max-snippet":"max-snippet:-1","max-image-preview":"max-image-preview:large","max-video-preview":"max-video-preview:-1"},"canonical":"https:\/\/vinosomodena.it\/prodotto\/kofererhof-kerner-2019\/","og_locale":"en_US","og_type":"article","og_title":"Kofererhof Kerner 2019 - Vinoso Modena","og_description":"Il Kerner di Kofererhof \u00e8 un vino bianco fermo, profumato e dotato di grande sapidit\u00e0 e mineralit\u00e0, \u00e8 un vino raffinato, frutto della coltivazione biologica di vigne stupende, distese ai piedi della Dolomiti, tra i 700 e gli 800 metri sul livello del mare. La sapidit\u00e0 di questo Kerner, l\u2019intensit\u00e0 degli aromi e dei profumi, \u00e8 dovuta alla composizione dei suoli, d\u2019origine morenica, tendenzialmente leggeri e sabbiosi, ricchi d\u2019ardesia e granito, e ai forti sbalzi termici tra il giorno e la notte. Il Kerner risulta davvero espressione di questo territorio: un vino succoso e fresco, dotato di un perfetto equilibrio tra dolcezza e acidit\u00e0.","og_url":"https:\/\/vinosomodena.it\/prodotto\/kofererhof-kerner-2019\/","og_site_name":"Vinoso Modena","article_modified_time":"2024-03-22T21:50:48+00:00","og_image":[{"width":1500,"height":1923,"url":"https:\/\/vinosomodena.it\/wp-content\/uploads\/2025\/10\/koffer-1.jpg","type":"image\/jpeg"}],"twitter_card":"summary_large_image","schema":{"@context":"https:\/\/schema.org","@graph":[{"@type":"WebPage","@id":"https:\/\/vinosomodena.it\/prodotto\/kofererhof-kerner-2019\/","url":"https:\/\/vinosomodena.it\/prodotto\/kofererhof-kerner-2019\/","name":"Kofererhof Kerner 2019 - Vinoso Modena","isPartOf":{"@id":"https:\/\/vinosomodena.it\/#website"},"primaryImageOfPage":{"@id":"https:\/\/vinosomodena.it\/prodotto\/kofererhof-kerner-2019\/#primaryimage"},"image":{"@id":"https:\/\/vinosomodena.it\/prodotto\/kofererhof-kerner-2019\/#primaryimage"},"thumbnailUrl":"https:\/\/vinosomodena.it\/wp-content\/uploads\/2025\/10\/koffer-1.jpg","datePublished":"2020-11-11T14:10:08+00:00","dateModified":"2024-03-22T21:50:48+00:00","breadcrumb":{"@id":"https:\/\/vinosomodena.it\/prodotto\/kofererhof-kerner-2019\/#breadcrumb"},"inLanguage":"en-US","potentialAction":[{"@type":"ReadAction","target":["https:\/\/vinosomodena.it\/prodotto\/kofererhof-kerner-2019\/"]}]},{"@type":"ImageObject","inLanguage":"en-US","@id":"https:\/\/vinosomodena.it\/prodotto\/kofererhof-kerner-2019\/#primaryimage","url":"https:\/\/vinosomodena.it\/wp-content\/uploads\/2025\/10\/koffer-1.jpg","contentUrl":"https:\/\/vinosomodena.it\/wp-content\/uploads\/2025\/10\/koffer-1.jpg","width":1500,"height":1923},{"@type":"BreadcrumbList","@id":"https:\/\/vinosomodena.it\/prodotto\/kofererhof-kerner-2019\/#breadcrumb","itemListElement":[{"@type":"ListItem","position":1,"name":"Home","item":"https:\/\/vinosomodena.it\/"},{"@type":"ListItem","position":2,"name":"Shop","item":"https:\/\/vinosomodena.it\/negozio\/"},{"@type":"ListItem","position":3,"name":"Kofererhof Kerner 2019"}]},{"@type":"WebSite","@id":"https:\/\/vinosomodena.it\/#website","url":"https:\/\/vinosomodena.it\/","name":"Vinoso Modena","description":"I migliori vini, le annate storiche e molto altro ancora.","potentialAction":[{"@type":"SearchAction","target":{"@type":"EntryPoint","urlTemplate":"https:\/\/vinosomodena.it\/?s={search_term_string}"},"query-input":{"@type":"PropertyValueSpecification","valueRequired":true,"valueName":"search_term_string"}}],"inLanguage":"en-US"}]}},"jetpack_sharing_enabled":true,"_links":{"self":[{"href":"https:\/\/vinosomodena.it\/en\/wp-json\/wp\/v2\/product\/12911","targetHints":{"allow":["GET"]}}],"collection":[{"href":"https:\/\/vinosomodena.it\/en\/wp-json\/wp\/v2\/product"}],"about":[{"href":"https:\/\/vinosomodena.it\/en\/wp-json\/wp\/v2\/types\/product"}],"wp:featuredmedia":[{"embeddable":true,"href":"https:\/\/vinosomodena.it\/en\/wp-json\/wp\/v2\/media\/24324"}],"wp:attachment":[{"href":"https:\/\/vinosomodena.it\/en\/wp-json\/wp\/v2\/media?parent=12911"}],"wp:term":[{"taxonomy":"product_brand","embeddable":true,"href":"https:\/\/vinosomodena.it\/en\/wp-json\/wp\/v2\/product_brand?post=12911"},{"taxonomy":"product_cat","embeddable":true,"href":"https:\/\/vinosomodena.it\/en\/wp-json\/wp\/v2\/product_cat?post=12911"},{"taxonomy":"product_tag","embeddable":true,"href":"https:\/\/vinosomodena.it\/en\/wp-json\/wp\/v2\/product_tag?post=12911"}],"curies":[{"name":"wp","href":"https:\/\/api.w.org\/{rel}","templated":true}]}}