{"id":12928,"date":"2020-11-11T15:10:08","date_gmt":"2020-11-11T14:10:08","guid":{"rendered":"https:\/\/vinosomodena.it\/prodotto\/la-monacesca-mirum-verdicchio-matelica-riserva-2019\/"},"modified":"2025-10-06T09:19:28","modified_gmt":"2025-10-06T07:19:28","slug":"la-monacesca-mirum-verdicchio-matelica-riserva-2019","status":"publish","type":"product","link":"https:\/\/vinosomodena.it\/en\/prodotto\/la-monacesca-mirum-verdicchio-matelica-riserva-2019\/","title":{"rendered":"La Monacesca &#8220;Mirum&#8221; Verdicchio Matelica Riserva 2019"},"content":{"rendered":"","protected":false},"excerpt":{"rendered":"<p>Il Verdicchio di Matelica &#8220;Mirum&#8221; della cantina marchigiana La Monacesca \u00e8 un vino bianco intenso ed elegante. \u00c8 il Verdicchio che non vede il mare, che nasce nella pi\u00f9 interna e fresca valle di Matelica. Il lungo affinamento in acciaio, ci restituisce un bianco ricco ed evoluto, ma di grande tipicit\u00e0 varietale. Un grande vino, ottimo da bere subito, ma che possiede anche uno straordinario potenziale d\u2019invecchiamento.<\/p>\n<p>&#8220;Mirum&#8221; nasce dalle uve di vigne di circa 30 anni coltivate nella Contrada Monacesca, su terreni prevalentemente argillosi. I grappoli sono vendemmiati a mano in fase di leggera surmaturazione.<\/p>\n","protected":false},"featured_media":24326,"template":"","meta":{"_acf_changed":false},"product_brand":[],"product_cat":[2589],"product_tag":[],"class_list":{"0":"post-12928","1":"product","2":"type-product","3":"status-publish","4":"has-post-thumbnail","6":"product_cat-white-wine","8":"first","9":"outofstock","10":"purchasable","11":"product-type-simple"},"acf":[],"yoast_head":"<!-- This site is optimized with the Yoast SEO plugin v27.4 - https:\/\/yoast.com\/product\/yoast-seo-wordpress\/ -->\n<title>La Monacesca &quot;Mirum&quot; Verdicchio Matelica Riserva 2019 - Vinoso Modena<\/title>\n<meta name=\"robots\" content=\"index, follow, max-snippet:-1, max-image-preview:large, max-video-preview:-1\" \/>\n<link rel=\"canonical\" href=\"https:\/\/vinosomodena.it\/prodotto\/la-monacesca-mirum-verdicchio-matelica-riserva-2019\/\" \/>\n<meta property=\"og:locale\" content=\"en_US\" \/>\n<meta property=\"og:type\" content=\"article\" \/>\n<meta property=\"og:title\" content=\"La Monacesca &quot;Mirum&quot; Verdicchio Matelica Riserva 2019 - Vinoso Modena\" \/>\n<meta property=\"og:description\" content=\"Il Verdicchio di Matelica &quot;Mirum&quot; della cantina marchigiana La Monacesca \u00e8 un vino bianco intenso ed elegante. \u00c8 il Verdicchio che non vede il mare, che nasce nella pi\u00f9 interna e fresca valle di Matelica. Il lungo affinamento in acciaio, ci restituisce un bianco ricco ed evoluto, ma di grande tipicit\u00e0 varietale. Un grande vino, ottimo da bere subito, ma che possiede anche uno straordinario potenziale d\u2019invecchiamento. &quot;Mirum&quot; nasce dalle uve di vigne di circa 30 anni coltivate nella Contrada Monacesca, su terreni prevalentemente argillosi. I grappoli sono vendemmiati a mano in fase di leggera surmaturazione.\" \/>\n<meta property=\"og:url\" content=\"https:\/\/vinosomodena.it\/prodotto\/la-monacesca-mirum-verdicchio-matelica-riserva-2019\/\" \/>\n<meta property=\"og:site_name\" content=\"Vinoso Modena\" \/>\n<meta property=\"article:modified_time\" content=\"2025-10-06T07:19:28+00:00\" \/>\n<meta property=\"og:image\" content=\"https:\/\/vinosomodena.it\/wp-content\/uploads\/2025\/10\/monacescamirum.jpg\" \/>\n\t<meta property=\"og:image:width\" content=\"1500\" \/>\n\t<meta property=\"og:image:height\" content=\"1923\" \/>\n\t<meta property=\"og:image:type\" content=\"image\/jpeg\" \/>\n<meta name=\"twitter:card\" content=\"summary_large_image\" \/>\n<script type=\"application\/ld+json\" class=\"yoast-schema-graph\">{\"@context\":\"https:\\\/\\\/schema.org\",\"@graph\":[{\"@type\":\"WebPage\",\"@id\":\"https:\\\/\\\/vinosomodena.it\\\/prodotto\\\/la-monacesca-mirum-verdicchio-matelica-riserva-2019\\\/\",\"url\":\"https:\\\/\\\/vinosomodena.it\\\/prodotto\\\/la-monacesca-mirum-verdicchio-matelica-riserva-2019\\\/\",\"name\":\"La Monacesca \\\"Mirum\\\" Verdicchio Matelica Riserva 2019 - Vinoso Modena\",\"isPartOf\":{\"@id\":\"https:\\\/\\\/vinosomodena.it\\\/#website\"},\"primaryImageOfPage\":{\"@id\":\"https:\\\/\\\/vinosomodena.it\\\/prodotto\\\/la-monacesca-mirum-verdicchio-matelica-riserva-2019\\\/#primaryimage\"},\"image\":{\"@id\":\"https:\\\/\\\/vinosomodena.it\\\/prodotto\\\/la-monacesca-mirum-verdicchio-matelica-riserva-2019\\\/#primaryimage\"},\"thumbnailUrl\":\"https:\\\/\\\/vinosomodena.it\\\/wp-content\\\/uploads\\\/2025\\\/10\\\/monacescamirum.jpg\",\"datePublished\":\"2020-11-11T14:10:08+00:00\",\"dateModified\":\"2025-10-06T07:19:28+00:00\",\"breadcrumb\":{\"@id\":\"https:\\\/\\\/vinosomodena.it\\\/prodotto\\\/la-monacesca-mirum-verdicchio-matelica-riserva-2019\\\/#breadcrumb\"},\"inLanguage\":\"en-US\",\"potentialAction\":[{\"@type\":\"ReadAction\",\"target\":[\"https:\\\/\\\/vinosomodena.it\\\/prodotto\\\/la-monacesca-mirum-verdicchio-matelica-riserva-2019\\\/\"]}]},{\"@type\":\"ImageObject\",\"inLanguage\":\"en-US\",\"@id\":\"https:\\\/\\\/vinosomodena.it\\\/prodotto\\\/la-monacesca-mirum-verdicchio-matelica-riserva-2019\\\/#primaryimage\",\"url\":\"https:\\\/\\\/vinosomodena.it\\\/wp-content\\\/uploads\\\/2025\\\/10\\\/monacescamirum.jpg\",\"contentUrl\":\"https:\\\/\\\/vinosomodena.it\\\/wp-content\\\/uploads\\\/2025\\\/10\\\/monacescamirum.jpg\",\"width\":1500,\"height\":1923},{\"@type\":\"BreadcrumbList\",\"@id\":\"https:\\\/\\\/vinosomodena.it\\\/prodotto\\\/la-monacesca-mirum-verdicchio-matelica-riserva-2019\\\/#breadcrumb\",\"itemListElement\":[{\"@type\":\"ListItem\",\"position\":1,\"name\":\"Home\",\"item\":\"https:\\\/\\\/vinosomodena.it\\\/\"},{\"@type\":\"ListItem\",\"position\":2,\"name\":\"Shop\",\"item\":\"https:\\\/\\\/vinosomodena.it\\\/negozio\\\/\"},{\"@type\":\"ListItem\",\"position\":3,\"name\":\"La Monacesca &#8220;Mirum&#8221; Verdicchio Matelica Riserva 2019\"}]},{\"@type\":\"WebSite\",\"@id\":\"https:\\\/\\\/vinosomodena.it\\\/#website\",\"url\":\"https:\\\/\\\/vinosomodena.it\\\/\",\"name\":\"Vinoso Modena\",\"description\":\"I migliori vini, le annate storiche e molto altro ancora.\",\"potentialAction\":[{\"@type\":\"SearchAction\",\"target\":{\"@type\":\"EntryPoint\",\"urlTemplate\":\"https:\\\/\\\/vinosomodena.it\\\/?s={search_term_string}\"},\"query-input\":{\"@type\":\"PropertyValueSpecification\",\"valueRequired\":true,\"valueName\":\"search_term_string\"}}],\"inLanguage\":\"en-US\"}]}<\/script>\n<!-- \/ Yoast SEO plugin. -->","yoast_head_json":{"title":"La Monacesca \"Mirum\" Verdicchio Matelica Riserva 2019 - Vinoso Modena","robots":{"index":"index","follow":"follow","max-snippet":"max-snippet:-1","max-image-preview":"max-image-preview:large","max-video-preview":"max-video-preview:-1"},"canonical":"https:\/\/vinosomodena.it\/prodotto\/la-monacesca-mirum-verdicchio-matelica-riserva-2019\/","og_locale":"en_US","og_type":"article","og_title":"La Monacesca \"Mirum\" Verdicchio Matelica Riserva 2019 - Vinoso Modena","og_description":"Il Verdicchio di Matelica \"Mirum\" della cantina marchigiana La Monacesca \u00e8 un vino bianco intenso ed elegante. \u00c8 il Verdicchio che non vede il mare, che nasce nella pi\u00f9 interna e fresca valle di Matelica. Il lungo affinamento in acciaio, ci restituisce un bianco ricco ed evoluto, ma di grande tipicit\u00e0 varietale. Un grande vino, ottimo da bere subito, ma che possiede anche uno straordinario potenziale d\u2019invecchiamento. \"Mirum\" nasce dalle uve di vigne di circa 30 anni coltivate nella Contrada Monacesca, su terreni prevalentemente argillosi. I grappoli sono vendemmiati a mano in fase di leggera surmaturazione.","og_url":"https:\/\/vinosomodena.it\/prodotto\/la-monacesca-mirum-verdicchio-matelica-riserva-2019\/","og_site_name":"Vinoso Modena","article_modified_time":"2025-10-06T07:19:28+00:00","og_image":[{"width":1500,"height":1923,"url":"https:\/\/vinosomodena.it\/wp-content\/uploads\/2025\/10\/monacescamirum.jpg","type":"image\/jpeg"}],"twitter_card":"summary_large_image","schema":{"@context":"https:\/\/schema.org","@graph":[{"@type":"WebPage","@id":"https:\/\/vinosomodena.it\/prodotto\/la-monacesca-mirum-verdicchio-matelica-riserva-2019\/","url":"https:\/\/vinosomodena.it\/prodotto\/la-monacesca-mirum-verdicchio-matelica-riserva-2019\/","name":"La Monacesca \"Mirum\" Verdicchio Matelica Riserva 2019 - Vinoso Modena","isPartOf":{"@id":"https:\/\/vinosomodena.it\/#website"},"primaryImageOfPage":{"@id":"https:\/\/vinosomodena.it\/prodotto\/la-monacesca-mirum-verdicchio-matelica-riserva-2019\/#primaryimage"},"image":{"@id":"https:\/\/vinosomodena.it\/prodotto\/la-monacesca-mirum-verdicchio-matelica-riserva-2019\/#primaryimage"},"thumbnailUrl":"https:\/\/vinosomodena.it\/wp-content\/uploads\/2025\/10\/monacescamirum.jpg","datePublished":"2020-11-11T14:10:08+00:00","dateModified":"2025-10-06T07:19:28+00:00","breadcrumb":{"@id":"https:\/\/vinosomodena.it\/prodotto\/la-monacesca-mirum-verdicchio-matelica-riserva-2019\/#breadcrumb"},"inLanguage":"en-US","potentialAction":[{"@type":"ReadAction","target":["https:\/\/vinosomodena.it\/prodotto\/la-monacesca-mirum-verdicchio-matelica-riserva-2019\/"]}]},{"@type":"ImageObject","inLanguage":"en-US","@id":"https:\/\/vinosomodena.it\/prodotto\/la-monacesca-mirum-verdicchio-matelica-riserva-2019\/#primaryimage","url":"https:\/\/vinosomodena.it\/wp-content\/uploads\/2025\/10\/monacescamirum.jpg","contentUrl":"https:\/\/vinosomodena.it\/wp-content\/uploads\/2025\/10\/monacescamirum.jpg","width":1500,"height":1923},{"@type":"BreadcrumbList","@id":"https:\/\/vinosomodena.it\/prodotto\/la-monacesca-mirum-verdicchio-matelica-riserva-2019\/#breadcrumb","itemListElement":[{"@type":"ListItem","position":1,"name":"Home","item":"https:\/\/vinosomodena.it\/"},{"@type":"ListItem","position":2,"name":"Shop","item":"https:\/\/vinosomodena.it\/negozio\/"},{"@type":"ListItem","position":3,"name":"La Monacesca &#8220;Mirum&#8221; Verdicchio Matelica Riserva 2019"}]},{"@type":"WebSite","@id":"https:\/\/vinosomodena.it\/#website","url":"https:\/\/vinosomodena.it\/","name":"Vinoso Modena","description":"I migliori vini, le annate storiche e molto altro ancora.","potentialAction":[{"@type":"SearchAction","target":{"@type":"EntryPoint","urlTemplate":"https:\/\/vinosomodena.it\/?s={search_term_string}"},"query-input":{"@type":"PropertyValueSpecification","valueRequired":true,"valueName":"search_term_string"}}],"inLanguage":"en-US"}]}},"jetpack_sharing_enabled":true,"_links":{"self":[{"href":"https:\/\/vinosomodena.it\/en\/wp-json\/wp\/v2\/product\/12928","targetHints":{"allow":["GET"]}}],"collection":[{"href":"https:\/\/vinosomodena.it\/en\/wp-json\/wp\/v2\/product"}],"about":[{"href":"https:\/\/vinosomodena.it\/en\/wp-json\/wp\/v2\/types\/product"}],"wp:featuredmedia":[{"embeddable":true,"href":"https:\/\/vinosomodena.it\/en\/wp-json\/wp\/v2\/media\/24326"}],"wp:attachment":[{"href":"https:\/\/vinosomodena.it\/en\/wp-json\/wp\/v2\/media?parent=12928"}],"wp:term":[{"taxonomy":"product_brand","embeddable":true,"href":"https:\/\/vinosomodena.it\/en\/wp-json\/wp\/v2\/product_brand?post=12928"},{"taxonomy":"product_cat","embeddable":true,"href":"https:\/\/vinosomodena.it\/en\/wp-json\/wp\/v2\/product_cat?post=12928"},{"taxonomy":"product_tag","embeddable":true,"href":"https:\/\/vinosomodena.it\/en\/wp-json\/wp\/v2\/product_tag?post=12928"}],"curies":[{"name":"wp","href":"https:\/\/api.w.org\/{rel}","templated":true}]}}