{"id":12951,"date":"2020-11-11T15:10:08","date_gmt":"2020-11-11T14:10:08","guid":{"rendered":"https:\/\/vinosomodena.it\/prodotto\/massolino-barolo-vigna-rionda-2012\/"},"modified":"2025-03-20T18:34:35","modified_gmt":"2025-03-20T17:34:35","slug":"massolino-barolo-vigna-rionda-2012","status":"publish","type":"product","link":"https:\/\/vinosomodena.it\/en\/prodotto\/massolino-barolo-vigna-rionda-2012\/","title":{"rendered":"Massolino Barolo Vigna Rionda 2012"},"content":{"rendered":"","protected":false},"excerpt":{"rendered":"<p>Proveniente dal mitico vigneto &#8220;Vigna Rionda&#8221;, poco pi\u00f9 di due ettari nel comune di Serralunga d&#8217;Alba, questa Riserva segue un invecchiamento di 6 anni, di cui 3 anni e mezzo in botti di rovere di Slavonia e 2 anni e mezzo in bottiglia. La Riserva Vigna Rionda \u00e8 il Barolo pi\u00f9 diretto tra quelli di Massolino. Un Barolo che non lascia nulla nascosto, non detto. La grande personalit\u00e0 della vigna si esprime qui in tutto il suo splendore<\/p>\n","protected":false},"featured_media":20878,"template":"","meta":{"_acf_changed":false},"product_brand":[],"product_cat":[2579],"product_tag":[],"class_list":{"0":"post-12951","1":"product","2":"type-product","3":"status-publish","4":"has-post-thumbnail","6":"product_cat-red-wine","8":"first","9":"outofstock","10":"purchasable","11":"product-type-simple"},"acf":[],"yoast_head":"<!-- This site is optimized with the Yoast SEO plugin v27.4 - https:\/\/yoast.com\/product\/yoast-seo-wordpress\/ -->\n<title>Massolino Barolo Vigna Rionda 2012 - Vinoso Modena<\/title>\n<meta name=\"robots\" content=\"index, follow, max-snippet:-1, max-image-preview:large, max-video-preview:-1\" \/>\n<link rel=\"canonical\" href=\"https:\/\/vinosomodena.it\/en\/prodotto\/massolino-barolo-vigna-rionda-2012\/\" \/>\n<meta property=\"og:locale\" content=\"en_US\" \/>\n<meta property=\"og:type\" content=\"article\" \/>\n<meta property=\"og:title\" content=\"Massolino Barolo Vigna Rionda 2012 - Vinoso Modena\" \/>\n<meta property=\"og:description\" content=\"Proveniente dal mitico vigneto &quot;Vigna Rionda&quot;, poco pi\u00f9 di due ettari nel comune di Serralunga d&#039;Alba, questa Riserva segue un invecchiamento di 6 anni, di cui 3 anni e mezzo in botti di rovere di Slavonia e 2 anni e mezzo in bottiglia. La Riserva Vigna Rionda \u00e8 il Barolo pi\u00f9 diretto tra quelli di Massolino. Un Barolo che non lascia nulla nascosto, non detto. La grande personalit\u00e0 della vigna si esprime qui in tutto il suo splendore\" \/>\n<meta property=\"og:url\" content=\"https:\/\/vinosomodena.it\/en\/prodotto\/massolino-barolo-vigna-rionda-2012\/\" \/>\n<meta property=\"og:site_name\" content=\"Vinoso Modena\" \/>\n<meta property=\"article:modified_time\" content=\"2025-03-20T17:34:35+00:00\" \/>\n<meta property=\"og:image\" content=\"https:\/\/vinosomodena.it\/wp-content\/uploads\/2025\/03\/massolinorionda12-1.jpg\" \/>\n\t<meta property=\"og:image:width\" content=\"1500\" \/>\n\t<meta property=\"og:image:height\" content=\"1923\" \/>\n\t<meta property=\"og:image:type\" content=\"image\/jpeg\" \/>\n<meta name=\"twitter:card\" content=\"summary_large_image\" \/>\n<script type=\"application\/ld+json\" class=\"yoast-schema-graph\">{\"@context\":\"https:\\\/\\\/schema.org\",\"@graph\":[{\"@type\":\"WebPage\",\"@id\":\"https:\\\/\\\/vinosomodena.it\\\/en\\\/prodotto\\\/massolino-barolo-vigna-rionda-2012\\\/\",\"url\":\"https:\\\/\\\/vinosomodena.it\\\/en\\\/prodotto\\\/massolino-barolo-vigna-rionda-2012\\\/\",\"name\":\"Massolino Barolo Vigna Rionda 2012 - Vinoso Modena\",\"isPartOf\":{\"@id\":\"https:\\\/\\\/vinosomodena.it\\\/#website\"},\"primaryImageOfPage\":{\"@id\":\"https:\\\/\\\/vinosomodena.it\\\/en\\\/prodotto\\\/massolino-barolo-vigna-rionda-2012\\\/#primaryimage\"},\"image\":{\"@id\":\"https:\\\/\\\/vinosomodena.it\\\/en\\\/prodotto\\\/massolino-barolo-vigna-rionda-2012\\\/#primaryimage\"},\"thumbnailUrl\":\"https:\\\/\\\/vinosomodena.it\\\/wp-content\\\/uploads\\\/2025\\\/03\\\/massolinorionda12-1.jpg\",\"datePublished\":\"2020-11-11T14:10:08+00:00\",\"dateModified\":\"2025-03-20T17:34:35+00:00\",\"breadcrumb\":{\"@id\":\"https:\\\/\\\/vinosomodena.it\\\/en\\\/prodotto\\\/massolino-barolo-vigna-rionda-2012\\\/#breadcrumb\"},\"inLanguage\":\"en-US\",\"potentialAction\":[{\"@type\":\"ReadAction\",\"target\":[\"https:\\\/\\\/vinosomodena.it\\\/en\\\/prodotto\\\/massolino-barolo-vigna-rionda-2012\\\/\"]}]},{\"@type\":\"ImageObject\",\"inLanguage\":\"en-US\",\"@id\":\"https:\\\/\\\/vinosomodena.it\\\/en\\\/prodotto\\\/massolino-barolo-vigna-rionda-2012\\\/#primaryimage\",\"url\":\"https:\\\/\\\/vinosomodena.it\\\/wp-content\\\/uploads\\\/2025\\\/03\\\/massolinorionda12-1.jpg\",\"contentUrl\":\"https:\\\/\\\/vinosomodena.it\\\/wp-content\\\/uploads\\\/2025\\\/03\\\/massolinorionda12-1.jpg\",\"width\":1500,\"height\":1923},{\"@type\":\"BreadcrumbList\",\"@id\":\"https:\\\/\\\/vinosomodena.it\\\/en\\\/prodotto\\\/massolino-barolo-vigna-rionda-2012\\\/#breadcrumb\",\"itemListElement\":[{\"@type\":\"ListItem\",\"position\":1,\"name\":\"Home\",\"item\":\"https:\\\/\\\/vinosomodena.it\\\/\"},{\"@type\":\"ListItem\",\"position\":2,\"name\":\"Shop\",\"item\":\"https:\\\/\\\/vinosomodena.it\\\/negozio\\\/\"},{\"@type\":\"ListItem\",\"position\":3,\"name\":\"Massolino Barolo Vigna Rionda 2012\"}]},{\"@type\":\"WebSite\",\"@id\":\"https:\\\/\\\/vinosomodena.it\\\/#website\",\"url\":\"https:\\\/\\\/vinosomodena.it\\\/\",\"name\":\"Vinoso Modena\",\"description\":\"I migliori vini, le annate storiche e molto altro ancora.\",\"potentialAction\":[{\"@type\":\"SearchAction\",\"target\":{\"@type\":\"EntryPoint\",\"urlTemplate\":\"https:\\\/\\\/vinosomodena.it\\\/?s={search_term_string}\"},\"query-input\":{\"@type\":\"PropertyValueSpecification\",\"valueRequired\":true,\"valueName\":\"search_term_string\"}}],\"inLanguage\":\"en-US\"}]}<\/script>\n<!-- \/ Yoast SEO plugin. -->","yoast_head_json":{"title":"Massolino Barolo Vigna Rionda 2012 - Vinoso Modena","robots":{"index":"index","follow":"follow","max-snippet":"max-snippet:-1","max-image-preview":"max-image-preview:large","max-video-preview":"max-video-preview:-1"},"canonical":"https:\/\/vinosomodena.it\/en\/prodotto\/massolino-barolo-vigna-rionda-2012\/","og_locale":"en_US","og_type":"article","og_title":"Massolino Barolo Vigna Rionda 2012 - Vinoso Modena","og_description":"Proveniente dal mitico vigneto \"Vigna Rionda\", poco pi\u00f9 di due ettari nel comune di Serralunga d'Alba, questa Riserva segue un invecchiamento di 6 anni, di cui 3 anni e mezzo in botti di rovere di Slavonia e 2 anni e mezzo in bottiglia. La Riserva Vigna Rionda \u00e8 il Barolo pi\u00f9 diretto tra quelli di Massolino. Un Barolo che non lascia nulla nascosto, non detto. La grande personalit\u00e0 della vigna si esprime qui in tutto il suo splendore","og_url":"https:\/\/vinosomodena.it\/en\/prodotto\/massolino-barolo-vigna-rionda-2012\/","og_site_name":"Vinoso Modena","article_modified_time":"2025-03-20T17:34:35+00:00","og_image":[{"width":1500,"height":1923,"url":"https:\/\/vinosomodena.it\/wp-content\/uploads\/2025\/03\/massolinorionda12-1.jpg","type":"image\/jpeg"}],"twitter_card":"summary_large_image","schema":{"@context":"https:\/\/schema.org","@graph":[{"@type":"WebPage","@id":"https:\/\/vinosomodena.it\/en\/prodotto\/massolino-barolo-vigna-rionda-2012\/","url":"https:\/\/vinosomodena.it\/en\/prodotto\/massolino-barolo-vigna-rionda-2012\/","name":"Massolino Barolo Vigna Rionda 2012 - Vinoso Modena","isPartOf":{"@id":"https:\/\/vinosomodena.it\/#website"},"primaryImageOfPage":{"@id":"https:\/\/vinosomodena.it\/en\/prodotto\/massolino-barolo-vigna-rionda-2012\/#primaryimage"},"image":{"@id":"https:\/\/vinosomodena.it\/en\/prodotto\/massolino-barolo-vigna-rionda-2012\/#primaryimage"},"thumbnailUrl":"https:\/\/vinosomodena.it\/wp-content\/uploads\/2025\/03\/massolinorionda12-1.jpg","datePublished":"2020-11-11T14:10:08+00:00","dateModified":"2025-03-20T17:34:35+00:00","breadcrumb":{"@id":"https:\/\/vinosomodena.it\/en\/prodotto\/massolino-barolo-vigna-rionda-2012\/#breadcrumb"},"inLanguage":"en-US","potentialAction":[{"@type":"ReadAction","target":["https:\/\/vinosomodena.it\/en\/prodotto\/massolino-barolo-vigna-rionda-2012\/"]}]},{"@type":"ImageObject","inLanguage":"en-US","@id":"https:\/\/vinosomodena.it\/en\/prodotto\/massolino-barolo-vigna-rionda-2012\/#primaryimage","url":"https:\/\/vinosomodena.it\/wp-content\/uploads\/2025\/03\/massolinorionda12-1.jpg","contentUrl":"https:\/\/vinosomodena.it\/wp-content\/uploads\/2025\/03\/massolinorionda12-1.jpg","width":1500,"height":1923},{"@type":"BreadcrumbList","@id":"https:\/\/vinosomodena.it\/en\/prodotto\/massolino-barolo-vigna-rionda-2012\/#breadcrumb","itemListElement":[{"@type":"ListItem","position":1,"name":"Home","item":"https:\/\/vinosomodena.it\/"},{"@type":"ListItem","position":2,"name":"Shop","item":"https:\/\/vinosomodena.it\/negozio\/"},{"@type":"ListItem","position":3,"name":"Massolino Barolo Vigna Rionda 2012"}]},{"@type":"WebSite","@id":"https:\/\/vinosomodena.it\/#website","url":"https:\/\/vinosomodena.it\/","name":"Vinoso Modena","description":"I migliori vini, le annate storiche e molto altro ancora.","potentialAction":[{"@type":"SearchAction","target":{"@type":"EntryPoint","urlTemplate":"https:\/\/vinosomodena.it\/?s={search_term_string}"},"query-input":{"@type":"PropertyValueSpecification","valueRequired":true,"valueName":"search_term_string"}}],"inLanguage":"en-US"}]}},"jetpack_sharing_enabled":true,"_links":{"self":[{"href":"https:\/\/vinosomodena.it\/en\/wp-json\/wp\/v2\/product\/12951","targetHints":{"allow":["GET"]}}],"collection":[{"href":"https:\/\/vinosomodena.it\/en\/wp-json\/wp\/v2\/product"}],"about":[{"href":"https:\/\/vinosomodena.it\/en\/wp-json\/wp\/v2\/types\/product"}],"wp:featuredmedia":[{"embeddable":true,"href":"https:\/\/vinosomodena.it\/en\/wp-json\/wp\/v2\/media\/20878"}],"wp:attachment":[{"href":"https:\/\/vinosomodena.it\/en\/wp-json\/wp\/v2\/media?parent=12951"}],"wp:term":[{"taxonomy":"product_brand","embeddable":true,"href":"https:\/\/vinosomodena.it\/en\/wp-json\/wp\/v2\/product_brand?post=12951"},{"taxonomy":"product_cat","embeddable":true,"href":"https:\/\/vinosomodena.it\/en\/wp-json\/wp\/v2\/product_cat?post=12951"},{"taxonomy":"product_tag","embeddable":true,"href":"https:\/\/vinosomodena.it\/en\/wp-json\/wp\/v2\/product_tag?post=12951"}],"curies":[{"name":"wp","href":"https:\/\/api.w.org\/{rel}","templated":true}]}}