{"id":13029,"date":"2020-11-11T15:09:47","date_gmt":"2020-11-11T14:09:47","guid":{"rendered":"https:\/\/vinosomodena.it\/prodotto\/gianfranco-fino-es-primitivo-2020\/"},"modified":"2025-01-10T12:31:56","modified_gmt":"2025-01-10T11:31:56","slug":"gianfranco-fino-es-primitivo-2020","status":"publish","type":"product","link":"https:\/\/vinosomodena.it\/en\/prodotto\/gianfranco-fino-es-primitivo-2020\/","title":{"rendered":"Gianfranco Fino \u201cEs\u201d Primitivo 2022"},"content":{"rendered":"","protected":false},"excerpt":{"rendered":"<p>Il primitivo \u201cEs\u201d di Gianfranco Fino \u00e8 una delle espressioni pi\u00f9 eleganti e prestigiose di Primitivo, uno dei vini pi\u00f9 rinomati della Puglia. Nasce da vecchie viti ad alberello di 60 anni, nel territorio di Agro di Manduria, frutto di una vendemmia leggermente tardiva, matura per nove mesi in piccole botti. Si tratta di un rosso<br \/>\nestremamente invitante, un vero estratto di frutto e spezie, dal sorso equilibrato e bilanciato da una ottima freschezza che ne snellisce la beva<\/p>\n","protected":false},"featured_media":19384,"template":"","meta":{"_acf_changed":false},"product_brand":[],"product_cat":[2579],"product_tag":[],"class_list":{"0":"post-13029","1":"product","2":"type-product","3":"status-publish","4":"has-post-thumbnail","6":"product_cat-red-wine","8":"first","9":"instock","10":"purchasable","11":"product-type-simple"},"acf":[],"yoast_head":"<!-- This site is optimized with the Yoast SEO plugin v27.0 - https:\/\/yoast.com\/product\/yoast-seo-wordpress\/ -->\n<title>Gianfranco Fino \u201cEs\u201d Primitivo 2022 - Vinoso Modena<\/title>\n<meta name=\"robots\" content=\"index, follow, max-snippet:-1, max-image-preview:large, max-video-preview:-1\" \/>\n<link rel=\"canonical\" href=\"https:\/\/vinosomodena.it\/en\/prodotto\/gianfranco-fino-es-primitivo-2020\/\" \/>\n<meta property=\"og:locale\" content=\"en_US\" \/>\n<meta property=\"og:type\" content=\"article\" \/>\n<meta property=\"og:title\" content=\"Gianfranco Fino \u201cEs\u201d Primitivo 2022 - Vinoso Modena\" \/>\n<meta property=\"og:description\" content=\"Il primitivo \u201cEs\u201d di Gianfranco Fino \u00e8 una delle espressioni pi\u00f9 eleganti e prestigiose di Primitivo, uno dei vini pi\u00f9 rinomati della Puglia. Nasce da vecchie viti ad alberello di 60 anni, nel territorio di Agro di Manduria, frutto di una vendemmia leggermente tardiva, matura per nove mesi in piccole botti. Si tratta di un rosso estremamente invitante, un vero estratto di frutto e spezie, dal sorso equilibrato e bilanciato da una ottima freschezza che ne snellisce la beva\" \/>\n<meta property=\"og:url\" content=\"https:\/\/vinosomodena.it\/en\/prodotto\/gianfranco-fino-es-primitivo-2020\/\" \/>\n<meta property=\"og:site_name\" content=\"Vinoso Modena\" \/>\n<meta property=\"article:modified_time\" content=\"2025-01-10T11:31:56+00:00\" \/>\n<meta property=\"og:image\" content=\"https:\/\/vinosomodena.it\/wp-content\/uploads\/2025\/01\/finoes.jpg\" \/>\n\t<meta property=\"og:image:width\" content=\"1500\" \/>\n\t<meta property=\"og:image:height\" content=\"1923\" \/>\n\t<meta property=\"og:image:type\" content=\"image\/jpeg\" \/>\n<meta name=\"twitter:card\" content=\"summary_large_image\" \/>\n<script type=\"application\/ld+json\" class=\"yoast-schema-graph\">{\"@context\":\"https:\/\/schema.org\",\"@graph\":[{\"@type\":\"WebPage\",\"@id\":\"https:\/\/vinosomodena.it\/en\/prodotto\/gianfranco-fino-es-primitivo-2020\/\",\"url\":\"https:\/\/vinosomodena.it\/en\/prodotto\/gianfranco-fino-es-primitivo-2020\/\",\"name\":\"Gianfranco Fino \u201cEs\u201d Primitivo 2022 - Vinoso Modena\",\"isPartOf\":{\"@id\":\"https:\/\/vinosomodena.it\/#website\"},\"primaryImageOfPage\":{\"@id\":\"https:\/\/vinosomodena.it\/en\/prodotto\/gianfranco-fino-es-primitivo-2020\/#primaryimage\"},\"image\":{\"@id\":\"https:\/\/vinosomodena.it\/en\/prodotto\/gianfranco-fino-es-primitivo-2020\/#primaryimage\"},\"thumbnailUrl\":\"https:\/\/vinosomodena.it\/wp-content\/uploads\/2025\/01\/finoes.jpg\",\"datePublished\":\"2020-11-11T14:09:47+00:00\",\"dateModified\":\"2025-01-10T11:31:56+00:00\",\"breadcrumb\":{\"@id\":\"https:\/\/vinosomodena.it\/en\/prodotto\/gianfranco-fino-es-primitivo-2020\/#breadcrumb\"},\"inLanguage\":\"en-US\",\"potentialAction\":[{\"@type\":\"ReadAction\",\"target\":[\"https:\/\/vinosomodena.it\/en\/prodotto\/gianfranco-fino-es-primitivo-2020\/\"]}]},{\"@type\":\"ImageObject\",\"inLanguage\":\"en-US\",\"@id\":\"https:\/\/vinosomodena.it\/en\/prodotto\/gianfranco-fino-es-primitivo-2020\/#primaryimage\",\"url\":\"https:\/\/vinosomodena.it\/wp-content\/uploads\/2025\/01\/finoes.jpg\",\"contentUrl\":\"https:\/\/vinosomodena.it\/wp-content\/uploads\/2025\/01\/finoes.jpg\",\"width\":1500,\"height\":1923},{\"@type\":\"BreadcrumbList\",\"@id\":\"https:\/\/vinosomodena.it\/en\/prodotto\/gianfranco-fino-es-primitivo-2020\/#breadcrumb\",\"itemListElement\":[{\"@type\":\"ListItem\",\"position\":1,\"name\":\"Home\",\"item\":\"https:\/\/vinosomodena.it\/\"},{\"@type\":\"ListItem\",\"position\":2,\"name\":\"Shop\",\"item\":\"https:\/\/vinosomodena.it\/negozio\/\"},{\"@type\":\"ListItem\",\"position\":3,\"name\":\"Gianfranco Fino \u201cEs\u201d Primitivo 2022\"}]},{\"@type\":\"WebSite\",\"@id\":\"https:\/\/vinosomodena.it\/#website\",\"url\":\"https:\/\/vinosomodena.it\/\",\"name\":\"Vinoso Modena\",\"description\":\"I migliori vini, le annate storiche e molto altro ancora.\",\"potentialAction\":[{\"@type\":\"SearchAction\",\"target\":{\"@type\":\"EntryPoint\",\"urlTemplate\":\"https:\/\/vinosomodena.it\/?s={search_term_string}\"},\"query-input\":{\"@type\":\"PropertyValueSpecification\",\"valueRequired\":true,\"valueName\":\"search_term_string\"}}],\"inLanguage\":\"en-US\"}]}<\/script>\n<!-- \/ Yoast SEO plugin. -->","yoast_head_json":{"title":"Gianfranco Fino \u201cEs\u201d Primitivo 2022 - Vinoso Modena","robots":{"index":"index","follow":"follow","max-snippet":"max-snippet:-1","max-image-preview":"max-image-preview:large","max-video-preview":"max-video-preview:-1"},"canonical":"https:\/\/vinosomodena.it\/en\/prodotto\/gianfranco-fino-es-primitivo-2020\/","og_locale":"en_US","og_type":"article","og_title":"Gianfranco Fino \u201cEs\u201d Primitivo 2022 - Vinoso Modena","og_description":"Il primitivo \u201cEs\u201d di Gianfranco Fino \u00e8 una delle espressioni pi\u00f9 eleganti e prestigiose di Primitivo, uno dei vini pi\u00f9 rinomati della Puglia. Nasce da vecchie viti ad alberello di 60 anni, nel territorio di Agro di Manduria, frutto di una vendemmia leggermente tardiva, matura per nove mesi in piccole botti. Si tratta di un rosso estremamente invitante, un vero estratto di frutto e spezie, dal sorso equilibrato e bilanciato da una ottima freschezza che ne snellisce la beva","og_url":"https:\/\/vinosomodena.it\/en\/prodotto\/gianfranco-fino-es-primitivo-2020\/","og_site_name":"Vinoso Modena","article_modified_time":"2025-01-10T11:31:56+00:00","og_image":[{"width":1500,"height":1923,"url":"https:\/\/vinosomodena.it\/wp-content\/uploads\/2025\/01\/finoes.jpg","type":"image\/jpeg"}],"twitter_card":"summary_large_image","schema":{"@context":"https:\/\/schema.org","@graph":[{"@type":"WebPage","@id":"https:\/\/vinosomodena.it\/en\/prodotto\/gianfranco-fino-es-primitivo-2020\/","url":"https:\/\/vinosomodena.it\/en\/prodotto\/gianfranco-fino-es-primitivo-2020\/","name":"Gianfranco Fino \u201cEs\u201d Primitivo 2022 - Vinoso Modena","isPartOf":{"@id":"https:\/\/vinosomodena.it\/#website"},"primaryImageOfPage":{"@id":"https:\/\/vinosomodena.it\/en\/prodotto\/gianfranco-fino-es-primitivo-2020\/#primaryimage"},"image":{"@id":"https:\/\/vinosomodena.it\/en\/prodotto\/gianfranco-fino-es-primitivo-2020\/#primaryimage"},"thumbnailUrl":"https:\/\/vinosomodena.it\/wp-content\/uploads\/2025\/01\/finoes.jpg","datePublished":"2020-11-11T14:09:47+00:00","dateModified":"2025-01-10T11:31:56+00:00","breadcrumb":{"@id":"https:\/\/vinosomodena.it\/en\/prodotto\/gianfranco-fino-es-primitivo-2020\/#breadcrumb"},"inLanguage":"en-US","potentialAction":[{"@type":"ReadAction","target":["https:\/\/vinosomodena.it\/en\/prodotto\/gianfranco-fino-es-primitivo-2020\/"]}]},{"@type":"ImageObject","inLanguage":"en-US","@id":"https:\/\/vinosomodena.it\/en\/prodotto\/gianfranco-fino-es-primitivo-2020\/#primaryimage","url":"https:\/\/vinosomodena.it\/wp-content\/uploads\/2025\/01\/finoes.jpg","contentUrl":"https:\/\/vinosomodena.it\/wp-content\/uploads\/2025\/01\/finoes.jpg","width":1500,"height":1923},{"@type":"BreadcrumbList","@id":"https:\/\/vinosomodena.it\/en\/prodotto\/gianfranco-fino-es-primitivo-2020\/#breadcrumb","itemListElement":[{"@type":"ListItem","position":1,"name":"Home","item":"https:\/\/vinosomodena.it\/"},{"@type":"ListItem","position":2,"name":"Shop","item":"https:\/\/vinosomodena.it\/negozio\/"},{"@type":"ListItem","position":3,"name":"Gianfranco Fino \u201cEs\u201d Primitivo 2022"}]},{"@type":"WebSite","@id":"https:\/\/vinosomodena.it\/#website","url":"https:\/\/vinosomodena.it\/","name":"Vinoso Modena","description":"I migliori vini, le annate storiche e molto altro ancora.","potentialAction":[{"@type":"SearchAction","target":{"@type":"EntryPoint","urlTemplate":"https:\/\/vinosomodena.it\/?s={search_term_string}"},"query-input":{"@type":"PropertyValueSpecification","valueRequired":true,"valueName":"search_term_string"}}],"inLanguage":"en-US"}]}},"jetpack_sharing_enabled":true,"_links":{"self":[{"href":"https:\/\/vinosomodena.it\/en\/wp-json\/wp\/v2\/product\/13029","targetHints":{"allow":["GET"]}}],"collection":[{"href":"https:\/\/vinosomodena.it\/en\/wp-json\/wp\/v2\/product"}],"about":[{"href":"https:\/\/vinosomodena.it\/en\/wp-json\/wp\/v2\/types\/product"}],"wp:featuredmedia":[{"embeddable":true,"href":"https:\/\/vinosomodena.it\/en\/wp-json\/wp\/v2\/media\/19384"}],"wp:attachment":[{"href":"https:\/\/vinosomodena.it\/en\/wp-json\/wp\/v2\/media?parent=13029"}],"wp:term":[{"taxonomy":"product_brand","embeddable":true,"href":"https:\/\/vinosomodena.it\/en\/wp-json\/wp\/v2\/product_brand?post=13029"},{"taxonomy":"product_cat","embeddable":true,"href":"https:\/\/vinosomodena.it\/en\/wp-json\/wp\/v2\/product_cat?post=13029"},{"taxonomy":"product_tag","embeddable":true,"href":"https:\/\/vinosomodena.it\/en\/wp-json\/wp\/v2\/product_tag?post=13029"}],"curies":[{"name":"wp","href":"https:\/\/api.w.org\/{rel}","templated":true}]}}