{"id":13191,"date":"2020-11-11T15:08:42","date_gmt":"2020-11-11T14:08:42","guid":{"rendered":"https:\/\/vinosomodena.it\/prodotto\/cantina-della-volta-mattaglio-rose\/"},"modified":"2025-02-12T11:09:07","modified_gmt":"2025-02-12T10:09:07","slug":"cantina-della-volta-mattaglio-rose","status":"publish","type":"product","link":"https:\/\/vinosomodena.it\/en\/prodotto\/cantina-della-volta-mattaglio-rose\/","title":{"rendered":"Cantina della Volta Mattaglio Ros\u00e8"},"content":{"rendered":"","protected":false},"excerpt":{"rendered":"<p>Lo Spumante &#8220;Il Mattaglio Ros\u00e8&#8221; \u00e8 un metodo classico fresco, secco e minerale, maturato sui lieviti per almeno 24 mesi. Il bouquet \u00e8 elegante e floreale, con sentori di fiori di campo e frutta bianca. Al palato \u00e8 asciutto, verticale, molto minerale, quasi salino<\/p>\n","protected":false},"featured_media":0,"template":"","meta":{"_acf_changed":false},"product_brand":[],"product_cat":[2591,2596],"product_tag":[],"class_list":{"0":"post-13191","1":"product","2":"type-product","3":"status-publish","5":"product_cat-sparkling","6":"product_cat-sparkling-rose","8":"first","9":"outofstock","10":"purchasable","11":"product-type-simple"},"acf":[],"yoast_head":"<!-- This site is optimized with the Yoast SEO plugin v27.4 - https:\/\/yoast.com\/product\/yoast-seo-wordpress\/ -->\n<title>Cantina della Volta Mattaglio Ros\u00e8 - Vinoso Modena<\/title>\n<meta name=\"robots\" content=\"index, follow, max-snippet:-1, max-image-preview:large, max-video-preview:-1\" \/>\n<link rel=\"canonical\" href=\"https:\/\/vinosomodena.it\/en\/prodotto\/cantina-della-volta-mattaglio-rose\/\" \/>\n<meta property=\"og:locale\" content=\"en_US\" \/>\n<meta property=\"og:type\" content=\"article\" \/>\n<meta property=\"og:title\" content=\"Cantina della Volta Mattaglio Ros\u00e8 - Vinoso Modena\" \/>\n<meta property=\"og:description\" content=\"Lo Spumante &quot;Il Mattaglio Ros\u00e8&quot; \u00e8 un metodo classico fresco, secco e minerale, maturato sui lieviti per almeno 24 mesi. Il bouquet \u00e8 elegante e floreale, con sentori di fiori di campo e frutta bianca. Al palato \u00e8 asciutto, verticale, molto minerale, quasi salino\" \/>\n<meta property=\"og:url\" content=\"https:\/\/vinosomodena.it\/en\/prodotto\/cantina-della-volta-mattaglio-rose\/\" \/>\n<meta property=\"og:site_name\" content=\"Vinoso Modena\" \/>\n<meta property=\"article:modified_time\" content=\"2025-02-12T10:09:07+00:00\" \/>\n<meta name=\"twitter:card\" content=\"summary_large_image\" \/>\n<script type=\"application\/ld+json\" class=\"yoast-schema-graph\">{\"@context\":\"https:\\\/\\\/schema.org\",\"@graph\":[{\"@type\":\"WebPage\",\"@id\":\"https:\\\/\\\/vinosomodena.it\\\/en\\\/prodotto\\\/cantina-della-volta-mattaglio-rose\\\/\",\"url\":\"https:\\\/\\\/vinosomodena.it\\\/en\\\/prodotto\\\/cantina-della-volta-mattaglio-rose\\\/\",\"name\":\"Cantina della Volta Mattaglio Ros\u00e8 - Vinoso Modena\",\"isPartOf\":{\"@id\":\"https:\\\/\\\/vinosomodena.it\\\/#website\"},\"datePublished\":\"2020-11-11T14:08:42+00:00\",\"dateModified\":\"2025-02-12T10:09:07+00:00\",\"breadcrumb\":{\"@id\":\"https:\\\/\\\/vinosomodena.it\\\/en\\\/prodotto\\\/cantina-della-volta-mattaglio-rose\\\/#breadcrumb\"},\"inLanguage\":\"en-US\",\"potentialAction\":[{\"@type\":\"ReadAction\",\"target\":[\"https:\\\/\\\/vinosomodena.it\\\/en\\\/prodotto\\\/cantina-della-volta-mattaglio-rose\\\/\"]}]},{\"@type\":\"BreadcrumbList\",\"@id\":\"https:\\\/\\\/vinosomodena.it\\\/en\\\/prodotto\\\/cantina-della-volta-mattaglio-rose\\\/#breadcrumb\",\"itemListElement\":[{\"@type\":\"ListItem\",\"position\":1,\"name\":\"Home\",\"item\":\"https:\\\/\\\/vinosomodena.it\\\/\"},{\"@type\":\"ListItem\",\"position\":2,\"name\":\"Shop\",\"item\":\"https:\\\/\\\/vinosomodena.it\\\/negozio\\\/\"},{\"@type\":\"ListItem\",\"position\":3,\"name\":\"Cantina della Volta Mattaglio Ros\u00e8\"}]},{\"@type\":\"WebSite\",\"@id\":\"https:\\\/\\\/vinosomodena.it\\\/#website\",\"url\":\"https:\\\/\\\/vinosomodena.it\\\/\",\"name\":\"Vinoso Modena\",\"description\":\"I migliori vini, le annate storiche e molto altro ancora.\",\"potentialAction\":[{\"@type\":\"SearchAction\",\"target\":{\"@type\":\"EntryPoint\",\"urlTemplate\":\"https:\\\/\\\/vinosomodena.it\\\/?s={search_term_string}\"},\"query-input\":{\"@type\":\"PropertyValueSpecification\",\"valueRequired\":true,\"valueName\":\"search_term_string\"}}],\"inLanguage\":\"en-US\"}]}<\/script>\n<!-- \/ Yoast SEO plugin. -->","yoast_head_json":{"title":"Cantina della Volta Mattaglio Ros\u00e8 - Vinoso Modena","robots":{"index":"index","follow":"follow","max-snippet":"max-snippet:-1","max-image-preview":"max-image-preview:large","max-video-preview":"max-video-preview:-1"},"canonical":"https:\/\/vinosomodena.it\/en\/prodotto\/cantina-della-volta-mattaglio-rose\/","og_locale":"en_US","og_type":"article","og_title":"Cantina della Volta Mattaglio Ros\u00e8 - Vinoso Modena","og_description":"Lo Spumante \"Il Mattaglio Ros\u00e8\" \u00e8 un metodo classico fresco, secco e minerale, maturato sui lieviti per almeno 24 mesi. Il bouquet \u00e8 elegante e floreale, con sentori di fiori di campo e frutta bianca. Al palato \u00e8 asciutto, verticale, molto minerale, quasi salino","og_url":"https:\/\/vinosomodena.it\/en\/prodotto\/cantina-della-volta-mattaglio-rose\/","og_site_name":"Vinoso Modena","article_modified_time":"2025-02-12T10:09:07+00:00","twitter_card":"summary_large_image","schema":{"@context":"https:\/\/schema.org","@graph":[{"@type":"WebPage","@id":"https:\/\/vinosomodena.it\/en\/prodotto\/cantina-della-volta-mattaglio-rose\/","url":"https:\/\/vinosomodena.it\/en\/prodotto\/cantina-della-volta-mattaglio-rose\/","name":"Cantina della Volta Mattaglio Ros\u00e8 - Vinoso Modena","isPartOf":{"@id":"https:\/\/vinosomodena.it\/#website"},"datePublished":"2020-11-11T14:08:42+00:00","dateModified":"2025-02-12T10:09:07+00:00","breadcrumb":{"@id":"https:\/\/vinosomodena.it\/en\/prodotto\/cantina-della-volta-mattaglio-rose\/#breadcrumb"},"inLanguage":"en-US","potentialAction":[{"@type":"ReadAction","target":["https:\/\/vinosomodena.it\/en\/prodotto\/cantina-della-volta-mattaglio-rose\/"]}]},{"@type":"BreadcrumbList","@id":"https:\/\/vinosomodena.it\/en\/prodotto\/cantina-della-volta-mattaglio-rose\/#breadcrumb","itemListElement":[{"@type":"ListItem","position":1,"name":"Home","item":"https:\/\/vinosomodena.it\/"},{"@type":"ListItem","position":2,"name":"Shop","item":"https:\/\/vinosomodena.it\/negozio\/"},{"@type":"ListItem","position":3,"name":"Cantina della Volta Mattaglio Ros\u00e8"}]},{"@type":"WebSite","@id":"https:\/\/vinosomodena.it\/#website","url":"https:\/\/vinosomodena.it\/","name":"Vinoso Modena","description":"I migliori vini, le annate storiche e molto altro ancora.","potentialAction":[{"@type":"SearchAction","target":{"@type":"EntryPoint","urlTemplate":"https:\/\/vinosomodena.it\/?s={search_term_string}"},"query-input":{"@type":"PropertyValueSpecification","valueRequired":true,"valueName":"search_term_string"}}],"inLanguage":"en-US"}]}},"jetpack_sharing_enabled":true,"_links":{"self":[{"href":"https:\/\/vinosomodena.it\/en\/wp-json\/wp\/v2\/product\/13191","targetHints":{"allow":["GET"]}}],"collection":[{"href":"https:\/\/vinosomodena.it\/en\/wp-json\/wp\/v2\/product"}],"about":[{"href":"https:\/\/vinosomodena.it\/en\/wp-json\/wp\/v2\/types\/product"}],"wp:attachment":[{"href":"https:\/\/vinosomodena.it\/en\/wp-json\/wp\/v2\/media?parent=13191"}],"wp:term":[{"taxonomy":"product_brand","embeddable":true,"href":"https:\/\/vinosomodena.it\/en\/wp-json\/wp\/v2\/product_brand?post=13191"},{"taxonomy":"product_cat","embeddable":true,"href":"https:\/\/vinosomodena.it\/en\/wp-json\/wp\/v2\/product_cat?post=13191"},{"taxonomy":"product_tag","embeddable":true,"href":"https:\/\/vinosomodena.it\/en\/wp-json\/wp\/v2\/product_tag?post=13191"}],"curies":[{"name":"wp","href":"https:\/\/api.w.org\/{rel}","templated":true}]}}