{"id":13267,"date":"2020-11-11T15:08:32","date_gmt":"2020-11-11T14:08:32","guid":{"rendered":"https:\/\/vinosomodena.it\/prodotto\/brezza-barolo-sarmassa-vigna-bricco-2011\/"},"modified":"2026-03-11T17:44:19","modified_gmt":"2026-03-11T16:44:19","slug":"brezza-barolo-sarmassa-vigna-bricco-2011","status":"publish","type":"product","link":"https:\/\/vinosomodena.it\/en\/prodotto\/brezza-barolo-sarmassa-vigna-bricco-2011\/","title":{"rendered":"Brezza Barolo Sarmassa Vigna Bricco 2011"},"content":{"rendered":"<p>Nella valletta riparata della Sarmassa la Vigna Bricco occupa una posizione privilegiata a met\u00e0 della collina esposta a sud; infatti, a detta degli anziani del paese (e non soltanto), \u00e8 il luogo dove la neve si scioglie pi\u00f9 rapidamente.<br \/>\nQuesto Barolo, non sempre commercializzato dall\u2019azienda, \u00e8 quello prodotto dalla particella anticamente denominata Bricco. Questo vino all\u2019atto della commercializzazione risulta gi\u00e0 godere della complessit\u00e0 e rotondit\u00e0 di un grande Barolo, pur mantenedo la capacit\u00e0 di evolvere lentamente e positivamente per molti anni ancora<\/p>\n","protected":false},"excerpt":{"rendered":"<p>Nella valletta riparata della Sarmassa la Vigna Bricco occupa una posizione privilegiata a met\u00e0 della collina esposta a sud; infatti, a detta degli anziani del paese (e non soltanto), \u00e8 il luogo dove la neve si scioglie pi\u00f9 rapidamente.<\/p>\n<p>Questo Barolo, non sempre commercializzato dall\u2019azienda, \u00e8 quello prodotto dalla particella anticamente denominata Bricco. Questo vino all\u2019atto della commercializzazione risulta gi\u00e0 godere della complessit\u00e0 e rotondit\u00e0 di un grande Barolo, pur mantenedo la capacit\u00e0 di evolvere lentamente e positivamente per molti anni ancora.<\/p>\n","protected":false},"featured_media":22810,"template":"","meta":{"_acf_changed":false},"product_brand":[],"product_cat":[2579],"product_tag":[],"class_list":{"0":"post-13267","1":"product","2":"type-product","3":"status-publish","4":"has-post-thumbnail","6":"product_cat-red-wine","8":"first","9":"instock","10":"purchasable","11":"product-type-simple"},"acf":[],"yoast_head":"<!-- This site is optimized with the Yoast SEO plugin v27.4 - https:\/\/yoast.com\/product\/yoast-seo-wordpress\/ -->\n<title>Brezza Barolo Sarmassa Vigna Bricco 2011 - Vinoso Modena<\/title>\n<meta name=\"robots\" content=\"index, follow, max-snippet:-1, max-image-preview:large, max-video-preview:-1\" \/>\n<link rel=\"canonical\" href=\"https:\/\/vinosomodena.it\/en\/prodotto\/brezza-barolo-sarmassa-vigna-bricco-2011\/\" \/>\n<meta property=\"og:locale\" content=\"en_US\" \/>\n<meta property=\"og:type\" content=\"article\" \/>\n<meta property=\"og:title\" content=\"Brezza Barolo Sarmassa Vigna Bricco 2011 - Vinoso Modena\" \/>\n<meta property=\"og:description\" content=\"Nella valletta riparata della Sarmassa la Vigna Bricco occupa una posizione privilegiata a met\u00e0 della collina esposta a sud; infatti, a detta degli anziani del paese (e non soltanto), \u00e8 il luogo dove la neve si scioglie pi\u00f9 rapidamente. Questo Barolo, non sempre commercializzato dall\u2019azienda, \u00e8 quello prodotto dalla particella anticamente denominata Bricco. Questo vino all\u2019atto della commercializzazione risulta gi\u00e0 godere della complessit\u00e0 e rotondit\u00e0 di un grande Barolo, pur mantenedo la capacit\u00e0 di evolvere lentamente e positivamente per molti anni ancora.\" \/>\n<meta property=\"og:url\" content=\"https:\/\/vinosomodena.it\/en\/prodotto\/brezza-barolo-sarmassa-vigna-bricco-2011\/\" \/>\n<meta property=\"og:site_name\" content=\"Vinoso Modena\" \/>\n<meta property=\"article:modified_time\" content=\"2026-03-11T16:44:19+00:00\" \/>\n<meta property=\"og:image\" content=\"https:\/\/vinosomodena.it\/wp-content\/uploads\/2025\/10\/brezzasarmassa2011-1.jpg\" \/>\n\t<meta property=\"og:image:width\" content=\"1500\" \/>\n\t<meta property=\"og:image:height\" content=\"1923\" \/>\n\t<meta property=\"og:image:type\" content=\"image\/jpeg\" \/>\n<meta name=\"twitter:card\" content=\"summary_large_image\" \/>\n<script type=\"application\/ld+json\" class=\"yoast-schema-graph\">{\"@context\":\"https:\\\/\\\/schema.org\",\"@graph\":[{\"@type\":\"WebPage\",\"@id\":\"https:\\\/\\\/vinosomodena.it\\\/en\\\/prodotto\\\/brezza-barolo-sarmassa-vigna-bricco-2011\\\/\",\"url\":\"https:\\\/\\\/vinosomodena.it\\\/en\\\/prodotto\\\/brezza-barolo-sarmassa-vigna-bricco-2011\\\/\",\"name\":\"Brezza Barolo Sarmassa Vigna Bricco 2011 - Vinoso Modena\",\"isPartOf\":{\"@id\":\"https:\\\/\\\/vinosomodena.it\\\/#website\"},\"primaryImageOfPage\":{\"@id\":\"https:\\\/\\\/vinosomodena.it\\\/en\\\/prodotto\\\/brezza-barolo-sarmassa-vigna-bricco-2011\\\/#primaryimage\"},\"image\":{\"@id\":\"https:\\\/\\\/vinosomodena.it\\\/en\\\/prodotto\\\/brezza-barolo-sarmassa-vigna-bricco-2011\\\/#primaryimage\"},\"thumbnailUrl\":\"https:\\\/\\\/vinosomodena.it\\\/wp-content\\\/uploads\\\/2025\\\/10\\\/brezzasarmassa2011-1.jpg\",\"datePublished\":\"2020-11-11T14:08:32+00:00\",\"dateModified\":\"2026-03-11T16:44:19+00:00\",\"breadcrumb\":{\"@id\":\"https:\\\/\\\/vinosomodena.it\\\/en\\\/prodotto\\\/brezza-barolo-sarmassa-vigna-bricco-2011\\\/#breadcrumb\"},\"inLanguage\":\"en-US\",\"potentialAction\":[{\"@type\":\"ReadAction\",\"target\":[\"https:\\\/\\\/vinosomodena.it\\\/en\\\/prodotto\\\/brezza-barolo-sarmassa-vigna-bricco-2011\\\/\"]}]},{\"@type\":\"ImageObject\",\"inLanguage\":\"en-US\",\"@id\":\"https:\\\/\\\/vinosomodena.it\\\/en\\\/prodotto\\\/brezza-barolo-sarmassa-vigna-bricco-2011\\\/#primaryimage\",\"url\":\"https:\\\/\\\/vinosomodena.it\\\/wp-content\\\/uploads\\\/2025\\\/10\\\/brezzasarmassa2011-1.jpg\",\"contentUrl\":\"https:\\\/\\\/vinosomodena.it\\\/wp-content\\\/uploads\\\/2025\\\/10\\\/brezzasarmassa2011-1.jpg\",\"width\":1500,\"height\":1923},{\"@type\":\"BreadcrumbList\",\"@id\":\"https:\\\/\\\/vinosomodena.it\\\/en\\\/prodotto\\\/brezza-barolo-sarmassa-vigna-bricco-2011\\\/#breadcrumb\",\"itemListElement\":[{\"@type\":\"ListItem\",\"position\":1,\"name\":\"Home\",\"item\":\"https:\\\/\\\/vinosomodena.it\\\/\"},{\"@type\":\"ListItem\",\"position\":2,\"name\":\"Shop\",\"item\":\"https:\\\/\\\/vinosomodena.it\\\/negozio\\\/\"},{\"@type\":\"ListItem\",\"position\":3,\"name\":\"Brezza Barolo Sarmassa Vigna Bricco 2011\"}]},{\"@type\":\"WebSite\",\"@id\":\"https:\\\/\\\/vinosomodena.it\\\/#website\",\"url\":\"https:\\\/\\\/vinosomodena.it\\\/\",\"name\":\"Vinoso Modena\",\"description\":\"I migliori vini, le annate storiche e molto altro ancora.\",\"potentialAction\":[{\"@type\":\"SearchAction\",\"target\":{\"@type\":\"EntryPoint\",\"urlTemplate\":\"https:\\\/\\\/vinosomodena.it\\\/?s={search_term_string}\"},\"query-input\":{\"@type\":\"PropertyValueSpecification\",\"valueRequired\":true,\"valueName\":\"search_term_string\"}}],\"inLanguage\":\"en-US\"}]}<\/script>\n<!-- \/ Yoast SEO plugin. -->","yoast_head_json":{"title":"Brezza Barolo Sarmassa Vigna Bricco 2011 - Vinoso Modena","robots":{"index":"index","follow":"follow","max-snippet":"max-snippet:-1","max-image-preview":"max-image-preview:large","max-video-preview":"max-video-preview:-1"},"canonical":"https:\/\/vinosomodena.it\/en\/prodotto\/brezza-barolo-sarmassa-vigna-bricco-2011\/","og_locale":"en_US","og_type":"article","og_title":"Brezza Barolo Sarmassa Vigna Bricco 2011 - Vinoso Modena","og_description":"Nella valletta riparata della Sarmassa la Vigna Bricco occupa una posizione privilegiata a met\u00e0 della collina esposta a sud; infatti, a detta degli anziani del paese (e non soltanto), \u00e8 il luogo dove la neve si scioglie pi\u00f9 rapidamente. Questo Barolo, non sempre commercializzato dall\u2019azienda, \u00e8 quello prodotto dalla particella anticamente denominata Bricco. Questo vino all\u2019atto della commercializzazione risulta gi\u00e0 godere della complessit\u00e0 e rotondit\u00e0 di un grande Barolo, pur mantenedo la capacit\u00e0 di evolvere lentamente e positivamente per molti anni ancora.","og_url":"https:\/\/vinosomodena.it\/en\/prodotto\/brezza-barolo-sarmassa-vigna-bricco-2011\/","og_site_name":"Vinoso Modena","article_modified_time":"2026-03-11T16:44:19+00:00","og_image":[{"width":1500,"height":1923,"url":"https:\/\/vinosomodena.it\/wp-content\/uploads\/2025\/10\/brezzasarmassa2011-1.jpg","type":"image\/jpeg"}],"twitter_card":"summary_large_image","schema":{"@context":"https:\/\/schema.org","@graph":[{"@type":"WebPage","@id":"https:\/\/vinosomodena.it\/en\/prodotto\/brezza-barolo-sarmassa-vigna-bricco-2011\/","url":"https:\/\/vinosomodena.it\/en\/prodotto\/brezza-barolo-sarmassa-vigna-bricco-2011\/","name":"Brezza Barolo Sarmassa Vigna Bricco 2011 - Vinoso Modena","isPartOf":{"@id":"https:\/\/vinosomodena.it\/#website"},"primaryImageOfPage":{"@id":"https:\/\/vinosomodena.it\/en\/prodotto\/brezza-barolo-sarmassa-vigna-bricco-2011\/#primaryimage"},"image":{"@id":"https:\/\/vinosomodena.it\/en\/prodotto\/brezza-barolo-sarmassa-vigna-bricco-2011\/#primaryimage"},"thumbnailUrl":"https:\/\/vinosomodena.it\/wp-content\/uploads\/2025\/10\/brezzasarmassa2011-1.jpg","datePublished":"2020-11-11T14:08:32+00:00","dateModified":"2026-03-11T16:44:19+00:00","breadcrumb":{"@id":"https:\/\/vinosomodena.it\/en\/prodotto\/brezza-barolo-sarmassa-vigna-bricco-2011\/#breadcrumb"},"inLanguage":"en-US","potentialAction":[{"@type":"ReadAction","target":["https:\/\/vinosomodena.it\/en\/prodotto\/brezza-barolo-sarmassa-vigna-bricco-2011\/"]}]},{"@type":"ImageObject","inLanguage":"en-US","@id":"https:\/\/vinosomodena.it\/en\/prodotto\/brezza-barolo-sarmassa-vigna-bricco-2011\/#primaryimage","url":"https:\/\/vinosomodena.it\/wp-content\/uploads\/2025\/10\/brezzasarmassa2011-1.jpg","contentUrl":"https:\/\/vinosomodena.it\/wp-content\/uploads\/2025\/10\/brezzasarmassa2011-1.jpg","width":1500,"height":1923},{"@type":"BreadcrumbList","@id":"https:\/\/vinosomodena.it\/en\/prodotto\/brezza-barolo-sarmassa-vigna-bricco-2011\/#breadcrumb","itemListElement":[{"@type":"ListItem","position":1,"name":"Home","item":"https:\/\/vinosomodena.it\/"},{"@type":"ListItem","position":2,"name":"Shop","item":"https:\/\/vinosomodena.it\/negozio\/"},{"@type":"ListItem","position":3,"name":"Brezza Barolo Sarmassa Vigna Bricco 2011"}]},{"@type":"WebSite","@id":"https:\/\/vinosomodena.it\/#website","url":"https:\/\/vinosomodena.it\/","name":"Vinoso Modena","description":"I migliori vini, le annate storiche e molto altro ancora.","potentialAction":[{"@type":"SearchAction","target":{"@type":"EntryPoint","urlTemplate":"https:\/\/vinosomodena.it\/?s={search_term_string}"},"query-input":{"@type":"PropertyValueSpecification","valueRequired":true,"valueName":"search_term_string"}}],"inLanguage":"en-US"}]}},"jetpack_sharing_enabled":true,"_links":{"self":[{"href":"https:\/\/vinosomodena.it\/en\/wp-json\/wp\/v2\/product\/13267","targetHints":{"allow":["GET"]}}],"collection":[{"href":"https:\/\/vinosomodena.it\/en\/wp-json\/wp\/v2\/product"}],"about":[{"href":"https:\/\/vinosomodena.it\/en\/wp-json\/wp\/v2\/types\/product"}],"wp:featuredmedia":[{"embeddable":true,"href":"https:\/\/vinosomodena.it\/en\/wp-json\/wp\/v2\/media\/22810"}],"wp:attachment":[{"href":"https:\/\/vinosomodena.it\/en\/wp-json\/wp\/v2\/media?parent=13267"}],"wp:term":[{"taxonomy":"product_brand","embeddable":true,"href":"https:\/\/vinosomodena.it\/en\/wp-json\/wp\/v2\/product_brand?post=13267"},{"taxonomy":"product_cat","embeddable":true,"href":"https:\/\/vinosomodena.it\/en\/wp-json\/wp\/v2\/product_cat?post=13267"},{"taxonomy":"product_tag","embeddable":true,"href":"https:\/\/vinosomodena.it\/en\/wp-json\/wp\/v2\/product_tag?post=13267"}],"curies":[{"name":"wp","href":"https:\/\/api.w.org\/{rel}","templated":true}]}}