{"id":17984,"date":"2024-08-09T12:14:42","date_gmt":"2024-08-09T10:14:42","guid":{"rendered":"https:\/\/vinosomodena.it\/?post_type=product&#038;p=17984"},"modified":"2025-08-01T14:55:25","modified_gmt":"2025-08-01T12:55:25","slug":"pieropan-soave-classico-bio-calvarino-2020","status":"publish","type":"product","link":"https:\/\/vinosomodena.it\/en\/prodotto\/pieropan-soave-classico-bio-calvarino-2020\/","title":{"rendered":"Pieropan Soave CLASSICO BIO Calvarino 2020"},"content":{"rendered":"","protected":false},"excerpt":{"rendered":"<p>Il Soave Classico Calvarino di Pieropan \u00e8 considerato l&#8217;espressione pi\u00f9 autentica e tradizionale del vino Soave, fin dalla sua prima produzione nel 1971. Al Soave e allo storico vigneto del Calvarino, ricco di argilla e di tufi basaltici, in grado di conferire grande sapidit\u00e0 e mineralit\u00e0 ai vini qui prodotti, la famiglia Pieropan si \u00e8 sempre dedicata con immensa dedizione, consapevole del grande valore della tradizione vitivinicola Veneta e del patrimonio agricolo in loro possesso.Il vigneto Calvarino \u00e8 situato nel cuore della zona classica del Soave e rappresenta per l\u2019azienda il pi\u00f9 antico fondo di famiglia, acquistato ai primi anni del 1900. Il nome Calvarino deriva da piccolo calvario, per la difficolt\u00e0 di lavorazione del terreno e per il percorso tortuoso necessario a raggiungere il fondo. Nasce da questo splendido e complicato terroir il pi\u00f9 caratteristico dei Soave firmati da Pieropan, dalle spiccate note varietali e dalla distintiva freschezza<\/p>\n","protected":false},"featured_media":17909,"template":"","meta":{"_acf_changed":false},"product_brand":[],"product_cat":[2589],"product_tag":[],"class_list":{"0":"post-17984","1":"product","2":"type-product","3":"status-publish","4":"has-post-thumbnail","6":"product_cat-white-wine","8":"first","9":"instock","10":"purchasable","11":"product-type-simple"},"acf":[],"yoast_head":"<!-- This site is optimized with the Yoast SEO plugin v27.0 - https:\/\/yoast.com\/product\/yoast-seo-wordpress\/ -->\n<title>Pieropan Soave CLASSICO BIO Calvarino 2020 - Vinoso Modena<\/title>\n<meta name=\"robots\" content=\"index, follow, max-snippet:-1, max-image-preview:large, max-video-preview:-1\" \/>\n<link rel=\"canonical\" href=\"https:\/\/vinosomodena.it\/en\/prodotto\/pieropan-soave-classico-bio-calvarino-2020\/\" \/>\n<meta property=\"og:locale\" content=\"en_US\" \/>\n<meta property=\"og:type\" content=\"article\" \/>\n<meta property=\"og:title\" content=\"Pieropan Soave CLASSICO BIO Calvarino 2020 - Vinoso Modena\" \/>\n<meta property=\"og:description\" content=\"Il Soave Classico Calvarino di Pieropan \u00e8 considerato l&#039;espressione pi\u00f9 autentica e tradizionale del vino Soave, fin dalla sua prima produzione nel 1971. Al Soave e allo storico vigneto del Calvarino, ricco di argilla e di tufi basaltici, in grado di conferire grande sapidit\u00e0 e mineralit\u00e0 ai vini qui prodotti, la famiglia Pieropan si \u00e8 sempre dedicata con immensa dedizione, consapevole del grande valore della tradizione vitivinicola Veneta e del patrimonio agricolo in loro possesso.Il vigneto Calvarino \u00e8 situato nel cuore della zona classica del Soave e rappresenta per l\u2019azienda il pi\u00f9 antico fondo di famiglia, acquistato ai primi anni del 1900. Il nome Calvarino deriva da piccolo calvario, per la difficolt\u00e0 di lavorazione del terreno e per il percorso tortuoso necessario a raggiungere il fondo. Nasce da questo splendido e complicato terroir il pi\u00f9 caratteristico dei Soave firmati da Pieropan, dalle spiccate note varietali e dalla distintiva freschezza\" \/>\n<meta property=\"og:url\" content=\"https:\/\/vinosomodena.it\/en\/prodotto\/pieropan-soave-classico-bio-calvarino-2020\/\" \/>\n<meta property=\"og:site_name\" content=\"Vinoso Modena\" \/>\n<meta property=\"article:modified_time\" content=\"2025-08-01T12:55:25+00:00\" \/>\n<meta property=\"og:image\" content=\"https:\/\/vinosomodena.it\/wp-content\/uploads\/2024\/06\/pieropancalvarino-1.jpg\" \/>\n\t<meta property=\"og:image:width\" content=\"1500\" \/>\n\t<meta property=\"og:image:height\" content=\"1923\" \/>\n\t<meta property=\"og:image:type\" content=\"image\/jpeg\" \/>\n<meta name=\"twitter:card\" content=\"summary_large_image\" \/>\n<script type=\"application\/ld+json\" class=\"yoast-schema-graph\">{\"@context\":\"https:\/\/schema.org\",\"@graph\":[{\"@type\":\"WebPage\",\"@id\":\"https:\/\/vinosomodena.it\/en\/prodotto\/pieropan-soave-classico-bio-calvarino-2020\/\",\"url\":\"https:\/\/vinosomodena.it\/en\/prodotto\/pieropan-soave-classico-bio-calvarino-2020\/\",\"name\":\"Pieropan Soave CLASSICO BIO Calvarino 2020 - Vinoso Modena\",\"isPartOf\":{\"@id\":\"https:\/\/vinosomodena.it\/#website\"},\"primaryImageOfPage\":{\"@id\":\"https:\/\/vinosomodena.it\/en\/prodotto\/pieropan-soave-classico-bio-calvarino-2020\/#primaryimage\"},\"image\":{\"@id\":\"https:\/\/vinosomodena.it\/en\/prodotto\/pieropan-soave-classico-bio-calvarino-2020\/#primaryimage\"},\"thumbnailUrl\":\"https:\/\/vinosomodena.it\/wp-content\/uploads\/2024\/06\/pieropancalvarino-1.jpg\",\"datePublished\":\"2024-08-09T10:14:42+00:00\",\"dateModified\":\"2025-08-01T12:55:25+00:00\",\"breadcrumb\":{\"@id\":\"https:\/\/vinosomodena.it\/en\/prodotto\/pieropan-soave-classico-bio-calvarino-2020\/#breadcrumb\"},\"inLanguage\":\"en-US\",\"potentialAction\":[{\"@type\":\"ReadAction\",\"target\":[\"https:\/\/vinosomodena.it\/en\/prodotto\/pieropan-soave-classico-bio-calvarino-2020\/\"]}]},{\"@type\":\"ImageObject\",\"inLanguage\":\"en-US\",\"@id\":\"https:\/\/vinosomodena.it\/en\/prodotto\/pieropan-soave-classico-bio-calvarino-2020\/#primaryimage\",\"url\":\"https:\/\/vinosomodena.it\/wp-content\/uploads\/2024\/06\/pieropancalvarino-1.jpg\",\"contentUrl\":\"https:\/\/vinosomodena.it\/wp-content\/uploads\/2024\/06\/pieropancalvarino-1.jpg\",\"width\":1500,\"height\":1923},{\"@type\":\"BreadcrumbList\",\"@id\":\"https:\/\/vinosomodena.it\/en\/prodotto\/pieropan-soave-classico-bio-calvarino-2020\/#breadcrumb\",\"itemListElement\":[{\"@type\":\"ListItem\",\"position\":1,\"name\":\"Home\",\"item\":\"https:\/\/vinosomodena.it\/\"},{\"@type\":\"ListItem\",\"position\":2,\"name\":\"Shop\",\"item\":\"https:\/\/vinosomodena.it\/negozio\/\"},{\"@type\":\"ListItem\",\"position\":3,\"name\":\"Pieropan Soave CLASSICO BIO Calvarino 2020\"}]},{\"@type\":\"WebSite\",\"@id\":\"https:\/\/vinosomodena.it\/#website\",\"url\":\"https:\/\/vinosomodena.it\/\",\"name\":\"Vinoso Modena\",\"description\":\"I migliori vini, le annate storiche e molto altro ancora.\",\"potentialAction\":[{\"@type\":\"SearchAction\",\"target\":{\"@type\":\"EntryPoint\",\"urlTemplate\":\"https:\/\/vinosomodena.it\/?s={search_term_string}\"},\"query-input\":{\"@type\":\"PropertyValueSpecification\",\"valueRequired\":true,\"valueName\":\"search_term_string\"}}],\"inLanguage\":\"en-US\"}]}<\/script>\n<!-- \/ Yoast SEO plugin. -->","yoast_head_json":{"title":"Pieropan Soave CLASSICO BIO Calvarino 2020 - Vinoso Modena","robots":{"index":"index","follow":"follow","max-snippet":"max-snippet:-1","max-image-preview":"max-image-preview:large","max-video-preview":"max-video-preview:-1"},"canonical":"https:\/\/vinosomodena.it\/en\/prodotto\/pieropan-soave-classico-bio-calvarino-2020\/","og_locale":"en_US","og_type":"article","og_title":"Pieropan Soave CLASSICO BIO Calvarino 2020 - Vinoso Modena","og_description":"Il Soave Classico Calvarino di Pieropan \u00e8 considerato l'espressione pi\u00f9 autentica e tradizionale del vino Soave, fin dalla sua prima produzione nel 1971. Al Soave e allo storico vigneto del Calvarino, ricco di argilla e di tufi basaltici, in grado di conferire grande sapidit\u00e0 e mineralit\u00e0 ai vini qui prodotti, la famiglia Pieropan si \u00e8 sempre dedicata con immensa dedizione, consapevole del grande valore della tradizione vitivinicola Veneta e del patrimonio agricolo in loro possesso.Il vigneto Calvarino \u00e8 situato nel cuore della zona classica del Soave e rappresenta per l\u2019azienda il pi\u00f9 antico fondo di famiglia, acquistato ai primi anni del 1900. Il nome Calvarino deriva da piccolo calvario, per la difficolt\u00e0 di lavorazione del terreno e per il percorso tortuoso necessario a raggiungere il fondo. Nasce da questo splendido e complicato terroir il pi\u00f9 caratteristico dei Soave firmati da Pieropan, dalle spiccate note varietali e dalla distintiva freschezza","og_url":"https:\/\/vinosomodena.it\/en\/prodotto\/pieropan-soave-classico-bio-calvarino-2020\/","og_site_name":"Vinoso Modena","article_modified_time":"2025-08-01T12:55:25+00:00","og_image":[{"width":1500,"height":1923,"url":"https:\/\/vinosomodena.it\/wp-content\/uploads\/2024\/06\/pieropancalvarino-1.jpg","type":"image\/jpeg"}],"twitter_card":"summary_large_image","schema":{"@context":"https:\/\/schema.org","@graph":[{"@type":"WebPage","@id":"https:\/\/vinosomodena.it\/en\/prodotto\/pieropan-soave-classico-bio-calvarino-2020\/","url":"https:\/\/vinosomodena.it\/en\/prodotto\/pieropan-soave-classico-bio-calvarino-2020\/","name":"Pieropan Soave CLASSICO BIO Calvarino 2020 - Vinoso Modena","isPartOf":{"@id":"https:\/\/vinosomodena.it\/#website"},"primaryImageOfPage":{"@id":"https:\/\/vinosomodena.it\/en\/prodotto\/pieropan-soave-classico-bio-calvarino-2020\/#primaryimage"},"image":{"@id":"https:\/\/vinosomodena.it\/en\/prodotto\/pieropan-soave-classico-bio-calvarino-2020\/#primaryimage"},"thumbnailUrl":"https:\/\/vinosomodena.it\/wp-content\/uploads\/2024\/06\/pieropancalvarino-1.jpg","datePublished":"2024-08-09T10:14:42+00:00","dateModified":"2025-08-01T12:55:25+00:00","breadcrumb":{"@id":"https:\/\/vinosomodena.it\/en\/prodotto\/pieropan-soave-classico-bio-calvarino-2020\/#breadcrumb"},"inLanguage":"en-US","potentialAction":[{"@type":"ReadAction","target":["https:\/\/vinosomodena.it\/en\/prodotto\/pieropan-soave-classico-bio-calvarino-2020\/"]}]},{"@type":"ImageObject","inLanguage":"en-US","@id":"https:\/\/vinosomodena.it\/en\/prodotto\/pieropan-soave-classico-bio-calvarino-2020\/#primaryimage","url":"https:\/\/vinosomodena.it\/wp-content\/uploads\/2024\/06\/pieropancalvarino-1.jpg","contentUrl":"https:\/\/vinosomodena.it\/wp-content\/uploads\/2024\/06\/pieropancalvarino-1.jpg","width":1500,"height":1923},{"@type":"BreadcrumbList","@id":"https:\/\/vinosomodena.it\/en\/prodotto\/pieropan-soave-classico-bio-calvarino-2020\/#breadcrumb","itemListElement":[{"@type":"ListItem","position":1,"name":"Home","item":"https:\/\/vinosomodena.it\/"},{"@type":"ListItem","position":2,"name":"Shop","item":"https:\/\/vinosomodena.it\/negozio\/"},{"@type":"ListItem","position":3,"name":"Pieropan Soave CLASSICO BIO Calvarino 2020"}]},{"@type":"WebSite","@id":"https:\/\/vinosomodena.it\/#website","url":"https:\/\/vinosomodena.it\/","name":"Vinoso Modena","description":"I migliori vini, le annate storiche e molto altro ancora.","potentialAction":[{"@type":"SearchAction","target":{"@type":"EntryPoint","urlTemplate":"https:\/\/vinosomodena.it\/?s={search_term_string}"},"query-input":{"@type":"PropertyValueSpecification","valueRequired":true,"valueName":"search_term_string"}}],"inLanguage":"en-US"}]}},"jetpack_sharing_enabled":true,"_links":{"self":[{"href":"https:\/\/vinosomodena.it\/en\/wp-json\/wp\/v2\/product\/17984","targetHints":{"allow":["GET"]}}],"collection":[{"href":"https:\/\/vinosomodena.it\/en\/wp-json\/wp\/v2\/product"}],"about":[{"href":"https:\/\/vinosomodena.it\/en\/wp-json\/wp\/v2\/types\/product"}],"wp:featuredmedia":[{"embeddable":true,"href":"https:\/\/vinosomodena.it\/en\/wp-json\/wp\/v2\/media\/17909"}],"wp:attachment":[{"href":"https:\/\/vinosomodena.it\/en\/wp-json\/wp\/v2\/media?parent=17984"}],"wp:term":[{"taxonomy":"product_brand","embeddable":true,"href":"https:\/\/vinosomodena.it\/en\/wp-json\/wp\/v2\/product_brand?post=17984"},{"taxonomy":"product_cat","embeddable":true,"href":"https:\/\/vinosomodena.it\/en\/wp-json\/wp\/v2\/product_cat?post=17984"},{"taxonomy":"product_tag","embeddable":true,"href":"https:\/\/vinosomodena.it\/en\/wp-json\/wp\/v2\/product_tag?post=17984"}],"curies":[{"name":"wp","href":"https:\/\/api.w.org\/{rel}","templated":true}]}}