{"id":18631,"date":"2024-10-21T19:24:57","date_gmt":"2024-10-21T17:24:57","guid":{"rendered":"https:\/\/vinosomodena.it\/?post_type=product&#038;p=18631"},"modified":"2025-03-13T10:23:16","modified_gmt":"2025-03-13T09:23:16","slug":"champagne-voirin-jumel-blanc-de-blancs-zero-grand-cru-copia","status":"publish","type":"product","link":"https:\/\/vinosomodena.it\/en\/prodotto\/champagne-voirin-jumel-blanc-de-blancs-zero-grand-cru-copia\/","title":{"rendered":"Champagne VOIRIN-JUMEL BLANC DE BLANCS ZERO GRAND CRU (Copia)"},"content":{"rendered":"","protected":false},"excerpt":{"rendered":"<p>100% Chardonnay proveniente dai vigneti di ben sei diversi comuni Grand Cru. La cuv\u00e9e \u00e8 realizzata con tre diverse vendemmie (annata pi\u00f9 un 30-40% di Vin de Reserve), vinificate solo in acciaio a malolattica svolta. Sosta sui lieviti per circa 36 mesi. Privo di dosaggio (zucchero zero gr.\/litro) alla sboccatura<\/p>\n","protected":false},"featured_media":15080,"template":"","meta":{"_acf_changed":false},"product_brand":[],"product_cat":[2599],"product_tag":[],"class_list":{"0":"post-18631","1":"product","2":"type-product","3":"status-publish","4":"has-post-thumbnail","6":"product_cat-champagne-en","8":"first","9":"instock","10":"purchasable","11":"product-type-simple"},"acf":[],"yoast_head":"<!-- This site is optimized with the Yoast SEO plugin v27.0 - https:\/\/yoast.com\/product\/yoast-seo-wordpress\/ -->\n<title>Champagne VOIRIN-JUMEL BLANC DE BLANCS ZERO GRAND CRU (Copia) - Vinoso Modena<\/title>\n<meta name=\"robots\" content=\"index, follow, max-snippet:-1, max-image-preview:large, max-video-preview:-1\" \/>\n<link rel=\"canonical\" href=\"https:\/\/vinosomodena.it\/prodotto\/champagne-voirin-jumel-blanc-de-blancs-zero-grand-cru-copia\/\" \/>\n<meta property=\"og:locale\" content=\"en_US\" \/>\n<meta property=\"og:type\" content=\"article\" \/>\n<meta property=\"og:title\" content=\"Champagne VOIRIN-JUMEL BLANC DE BLANCS ZERO GRAND CRU (Copia) - Vinoso Modena\" \/>\n<meta property=\"og:description\" content=\"100% Chardonnay proveniente dai vigneti di ben sei diversi comuni Grand Cru. La cuv\u00e9e \u00e8 realizzata con tre diverse vendemmie (annata pi\u00f9 un 30-40% di Vin de Reserve), vinificate solo in acciaio a malolattica svolta. Sosta sui lieviti per circa 36 mesi. Privo di dosaggio (zucchero zero gr.\/litro) alla sboccatura\" \/>\n<meta property=\"og:url\" content=\"https:\/\/vinosomodena.it\/prodotto\/champagne-voirin-jumel-blanc-de-blancs-zero-grand-cru-copia\/\" \/>\n<meta property=\"og:site_name\" content=\"Vinoso Modena\" \/>\n<meta property=\"article:modified_time\" content=\"2025-03-13T09:23:16+00:00\" \/>\n<meta property=\"og:image\" content=\"https:\/\/vinosomodena.it\/wp-content\/uploads\/2024\/01\/16.jpg\" \/>\n\t<meta property=\"og:image:width\" content=\"1500\" \/>\n\t<meta property=\"og:image:height\" content=\"1923\" \/>\n\t<meta property=\"og:image:type\" content=\"image\/jpeg\" \/>\n<meta name=\"twitter:card\" content=\"summary_large_image\" \/>\n<script type=\"application\/ld+json\" class=\"yoast-schema-graph\">{\"@context\":\"https:\/\/schema.org\",\"@graph\":[{\"@type\":\"WebPage\",\"@id\":\"https:\/\/vinosomodena.it\/prodotto\/champagne-voirin-jumel-blanc-de-blancs-zero-grand-cru-copia\/\",\"url\":\"https:\/\/vinosomodena.it\/prodotto\/champagne-voirin-jumel-blanc-de-blancs-zero-grand-cru-copia\/\",\"name\":\"Champagne VOIRIN-JUMEL BLANC DE BLANCS ZERO GRAND CRU (Copia) - Vinoso Modena\",\"isPartOf\":{\"@id\":\"https:\/\/vinosomodena.it\/#website\"},\"primaryImageOfPage\":{\"@id\":\"https:\/\/vinosomodena.it\/prodotto\/champagne-voirin-jumel-blanc-de-blancs-zero-grand-cru-copia\/#primaryimage\"},\"image\":{\"@id\":\"https:\/\/vinosomodena.it\/prodotto\/champagne-voirin-jumel-blanc-de-blancs-zero-grand-cru-copia\/#primaryimage\"},\"thumbnailUrl\":\"https:\/\/vinosomodena.it\/wp-content\/uploads\/2024\/01\/16.jpg\",\"datePublished\":\"2024-10-21T17:24:57+00:00\",\"dateModified\":\"2025-03-13T09:23:16+00:00\",\"breadcrumb\":{\"@id\":\"https:\/\/vinosomodena.it\/prodotto\/champagne-voirin-jumel-blanc-de-blancs-zero-grand-cru-copia\/#breadcrumb\"},\"inLanguage\":\"en-US\",\"potentialAction\":[{\"@type\":\"ReadAction\",\"target\":[\"https:\/\/vinosomodena.it\/prodotto\/champagne-voirin-jumel-blanc-de-blancs-zero-grand-cru-copia\/\"]}]},{\"@type\":\"ImageObject\",\"inLanguage\":\"en-US\",\"@id\":\"https:\/\/vinosomodena.it\/prodotto\/champagne-voirin-jumel-blanc-de-blancs-zero-grand-cru-copia\/#primaryimage\",\"url\":\"https:\/\/vinosomodena.it\/wp-content\/uploads\/2024\/01\/16.jpg\",\"contentUrl\":\"https:\/\/vinosomodena.it\/wp-content\/uploads\/2024\/01\/16.jpg\",\"width\":1500,\"height\":1923},{\"@type\":\"BreadcrumbList\",\"@id\":\"https:\/\/vinosomodena.it\/prodotto\/champagne-voirin-jumel-blanc-de-blancs-zero-grand-cru-copia\/#breadcrumb\",\"itemListElement\":[{\"@type\":\"ListItem\",\"position\":1,\"name\":\"Home\",\"item\":\"https:\/\/vinosomodena.it\/\"},{\"@type\":\"ListItem\",\"position\":2,\"name\":\"Shop\",\"item\":\"https:\/\/vinosomodena.it\/negozio\/\"},{\"@type\":\"ListItem\",\"position\":3,\"name\":\"Champagne VOIRIN-JUMEL BLANC DE BLANCS ZERO GRAND CRU (Copia)\"}]},{\"@type\":\"WebSite\",\"@id\":\"https:\/\/vinosomodena.it\/#website\",\"url\":\"https:\/\/vinosomodena.it\/\",\"name\":\"Vinoso Modena\",\"description\":\"I migliori vini, le annate storiche e molto altro ancora.\",\"potentialAction\":[{\"@type\":\"SearchAction\",\"target\":{\"@type\":\"EntryPoint\",\"urlTemplate\":\"https:\/\/vinosomodena.it\/?s={search_term_string}\"},\"query-input\":{\"@type\":\"PropertyValueSpecification\",\"valueRequired\":true,\"valueName\":\"search_term_string\"}}],\"inLanguage\":\"en-US\"}]}<\/script>\n<!-- \/ Yoast SEO plugin. -->","yoast_head_json":{"title":"Champagne VOIRIN-JUMEL BLANC DE BLANCS ZERO GRAND CRU (Copia) - Vinoso Modena","robots":{"index":"index","follow":"follow","max-snippet":"max-snippet:-1","max-image-preview":"max-image-preview:large","max-video-preview":"max-video-preview:-1"},"canonical":"https:\/\/vinosomodena.it\/prodotto\/champagne-voirin-jumel-blanc-de-blancs-zero-grand-cru-copia\/","og_locale":"en_US","og_type":"article","og_title":"Champagne VOIRIN-JUMEL BLANC DE BLANCS ZERO GRAND CRU (Copia) - Vinoso Modena","og_description":"100% Chardonnay proveniente dai vigneti di ben sei diversi comuni Grand Cru. La cuv\u00e9e \u00e8 realizzata con tre diverse vendemmie (annata pi\u00f9 un 30-40% di Vin de Reserve), vinificate solo in acciaio a malolattica svolta. Sosta sui lieviti per circa 36 mesi. Privo di dosaggio (zucchero zero gr.\/litro) alla sboccatura","og_url":"https:\/\/vinosomodena.it\/prodotto\/champagne-voirin-jumel-blanc-de-blancs-zero-grand-cru-copia\/","og_site_name":"Vinoso Modena","article_modified_time":"2025-03-13T09:23:16+00:00","og_image":[{"width":1500,"height":1923,"url":"https:\/\/vinosomodena.it\/wp-content\/uploads\/2024\/01\/16.jpg","type":"image\/jpeg"}],"twitter_card":"summary_large_image","schema":{"@context":"https:\/\/schema.org","@graph":[{"@type":"WebPage","@id":"https:\/\/vinosomodena.it\/prodotto\/champagne-voirin-jumel-blanc-de-blancs-zero-grand-cru-copia\/","url":"https:\/\/vinosomodena.it\/prodotto\/champagne-voirin-jumel-blanc-de-blancs-zero-grand-cru-copia\/","name":"Champagne VOIRIN-JUMEL BLANC DE BLANCS ZERO GRAND CRU (Copia) - Vinoso Modena","isPartOf":{"@id":"https:\/\/vinosomodena.it\/#website"},"primaryImageOfPage":{"@id":"https:\/\/vinosomodena.it\/prodotto\/champagne-voirin-jumel-blanc-de-blancs-zero-grand-cru-copia\/#primaryimage"},"image":{"@id":"https:\/\/vinosomodena.it\/prodotto\/champagne-voirin-jumel-blanc-de-blancs-zero-grand-cru-copia\/#primaryimage"},"thumbnailUrl":"https:\/\/vinosomodena.it\/wp-content\/uploads\/2024\/01\/16.jpg","datePublished":"2024-10-21T17:24:57+00:00","dateModified":"2025-03-13T09:23:16+00:00","breadcrumb":{"@id":"https:\/\/vinosomodena.it\/prodotto\/champagne-voirin-jumel-blanc-de-blancs-zero-grand-cru-copia\/#breadcrumb"},"inLanguage":"en-US","potentialAction":[{"@type":"ReadAction","target":["https:\/\/vinosomodena.it\/prodotto\/champagne-voirin-jumel-blanc-de-blancs-zero-grand-cru-copia\/"]}]},{"@type":"ImageObject","inLanguage":"en-US","@id":"https:\/\/vinosomodena.it\/prodotto\/champagne-voirin-jumel-blanc-de-blancs-zero-grand-cru-copia\/#primaryimage","url":"https:\/\/vinosomodena.it\/wp-content\/uploads\/2024\/01\/16.jpg","contentUrl":"https:\/\/vinosomodena.it\/wp-content\/uploads\/2024\/01\/16.jpg","width":1500,"height":1923},{"@type":"BreadcrumbList","@id":"https:\/\/vinosomodena.it\/prodotto\/champagne-voirin-jumel-blanc-de-blancs-zero-grand-cru-copia\/#breadcrumb","itemListElement":[{"@type":"ListItem","position":1,"name":"Home","item":"https:\/\/vinosomodena.it\/"},{"@type":"ListItem","position":2,"name":"Shop","item":"https:\/\/vinosomodena.it\/negozio\/"},{"@type":"ListItem","position":3,"name":"Champagne VOIRIN-JUMEL BLANC DE BLANCS ZERO GRAND CRU (Copia)"}]},{"@type":"WebSite","@id":"https:\/\/vinosomodena.it\/#website","url":"https:\/\/vinosomodena.it\/","name":"Vinoso Modena","description":"I migliori vini, le annate storiche e molto altro ancora.","potentialAction":[{"@type":"SearchAction","target":{"@type":"EntryPoint","urlTemplate":"https:\/\/vinosomodena.it\/?s={search_term_string}"},"query-input":{"@type":"PropertyValueSpecification","valueRequired":true,"valueName":"search_term_string"}}],"inLanguage":"en-US"}]}},"jetpack_sharing_enabled":true,"_links":{"self":[{"href":"https:\/\/vinosomodena.it\/en\/wp-json\/wp\/v2\/product\/18631","targetHints":{"allow":["GET"]}}],"collection":[{"href":"https:\/\/vinosomodena.it\/en\/wp-json\/wp\/v2\/product"}],"about":[{"href":"https:\/\/vinosomodena.it\/en\/wp-json\/wp\/v2\/types\/product"}],"wp:featuredmedia":[{"embeddable":true,"href":"https:\/\/vinosomodena.it\/en\/wp-json\/wp\/v2\/media\/15080"}],"wp:attachment":[{"href":"https:\/\/vinosomodena.it\/en\/wp-json\/wp\/v2\/media?parent=18631"}],"wp:term":[{"taxonomy":"product_brand","embeddable":true,"href":"https:\/\/vinosomodena.it\/en\/wp-json\/wp\/v2\/product_brand?post=18631"},{"taxonomy":"product_cat","embeddable":true,"href":"https:\/\/vinosomodena.it\/en\/wp-json\/wp\/v2\/product_cat?post=18631"},{"taxonomy":"product_tag","embeddable":true,"href":"https:\/\/vinosomodena.it\/en\/wp-json\/wp\/v2\/product_tag?post=18631"}],"curies":[{"name":"wp","href":"https:\/\/api.w.org\/{rel}","templated":true}]}}