{"id":21007,"date":"2025-04-01T10:28:38","date_gmt":"2025-04-01T08:28:38","guid":{"rendered":"https:\/\/vinosomodena.it\/?post_type=product&#038;p=21007"},"modified":"2025-04-01T10:30:19","modified_gmt":"2025-04-01T08:30:19","slug":"champagne-dom-perignon-magnum-2012-astuccio","status":"publish","type":"product","link":"https:\/\/vinosomodena.it\/en\/prodotto\/champagne-dom-perignon-magnum-2012-astuccio\/","title":{"rendered":"Champagne Dom Perignon MAGNUM 2012 ASTUCCIO"},"content":{"rendered":"","protected":false},"excerpt":{"rendered":"<p>Il Dom P\u00e9rignon 2012 \u00e8 uno di quegli Champagne destinati a diventare leggendari ancora prima di essere immessi sul mercato. I motivi sono due: il primo \u00e8 che l\u2019annata \u00e8 stata eccezionale, di quelle che capitano una volta ogni tanti anni, . Acidit\u00e0, profondit\u00e0, estrema eleganza e prodigioso equilibrio: indimenticabile gi\u00e0 oggi, sapr\u00e0 stupire anche a distanza di moltissimi anni come tutti i grandi Dom P\u00e9rignon<\/p>\n","protected":false},"featured_media":17512,"template":"","meta":{"_acf_changed":false},"product_brand":[],"product_cat":[2599],"product_tag":[],"class_list":{"0":"post-21007","1":"product","2":"type-product","3":"status-publish","4":"has-post-thumbnail","6":"product_cat-champagne-en","8":"first","9":"outofstock","10":"purchasable","11":"product-type-simple"},"acf":[],"yoast_head":"<!-- This site is optimized with the Yoast SEO plugin v27.0 - https:\/\/yoast.com\/product\/yoast-seo-wordpress\/ -->\n<title>Champagne Dom Perignon MAGNUM 2012 ASTUCCIO - Vinoso Modena<\/title>\n<meta name=\"robots\" content=\"index, follow, max-snippet:-1, max-image-preview:large, max-video-preview:-1\" \/>\n<link rel=\"canonical\" href=\"https:\/\/vinosomodena.it\/en\/prodotto\/champagne-dom-perignon-magnum-2012-astuccio\/\" \/>\n<meta property=\"og:locale\" content=\"en_US\" \/>\n<meta property=\"og:type\" content=\"article\" \/>\n<meta property=\"og:title\" content=\"Champagne Dom Perignon MAGNUM 2012 ASTUCCIO - Vinoso Modena\" \/>\n<meta property=\"og:description\" content=\"Il Dom P\u00e9rignon 2012 \u00e8 uno di quegli Champagne destinati a diventare leggendari ancora prima di essere immessi sul mercato. I motivi sono due: il primo \u00e8 che l\u2019annata \u00e8 stata eccezionale, di quelle che capitano una volta ogni tanti anni, . Acidit\u00e0, profondit\u00e0, estrema eleganza e prodigioso equilibrio: indimenticabile gi\u00e0 oggi, sapr\u00e0 stupire anche a distanza di moltissimi anni come tutti i grandi Dom P\u00e9rignon\" \/>\n<meta property=\"og:url\" content=\"https:\/\/vinosomodena.it\/en\/prodotto\/champagne-dom-perignon-magnum-2012-astuccio\/\" \/>\n<meta property=\"og:site_name\" content=\"Vinoso Modena\" \/>\n<meta property=\"article:modified_time\" content=\"2025-04-01T08:30:19+00:00\" \/>\n<meta property=\"og:image\" content=\"https:\/\/vinosomodena.it\/wp-content\/uploads\/2024\/04\/dompemagnum2008.jpg\" \/>\n\t<meta property=\"og:image:width\" content=\"1500\" \/>\n\t<meta property=\"og:image:height\" content=\"1923\" \/>\n\t<meta property=\"og:image:type\" content=\"image\/jpeg\" \/>\n<meta name=\"twitter:card\" content=\"summary_large_image\" \/>\n<script type=\"application\/ld+json\" class=\"yoast-schema-graph\">{\"@context\":\"https:\/\/schema.org\",\"@graph\":[{\"@type\":\"WebPage\",\"@id\":\"https:\/\/vinosomodena.it\/en\/prodotto\/champagne-dom-perignon-magnum-2012-astuccio\/\",\"url\":\"https:\/\/vinosomodena.it\/en\/prodotto\/champagne-dom-perignon-magnum-2012-astuccio\/\",\"name\":\"Champagne Dom Perignon MAGNUM 2012 ASTUCCIO - Vinoso Modena\",\"isPartOf\":{\"@id\":\"https:\/\/vinosomodena.it\/#website\"},\"primaryImageOfPage\":{\"@id\":\"https:\/\/vinosomodena.it\/en\/prodotto\/champagne-dom-perignon-magnum-2012-astuccio\/#primaryimage\"},\"image\":{\"@id\":\"https:\/\/vinosomodena.it\/en\/prodotto\/champagne-dom-perignon-magnum-2012-astuccio\/#primaryimage\"},\"thumbnailUrl\":\"https:\/\/vinosomodena.it\/wp-content\/uploads\/2024\/04\/dompemagnum2008.jpg\",\"datePublished\":\"2025-04-01T08:28:38+00:00\",\"dateModified\":\"2025-04-01T08:30:19+00:00\",\"breadcrumb\":{\"@id\":\"https:\/\/vinosomodena.it\/en\/prodotto\/champagne-dom-perignon-magnum-2012-astuccio\/#breadcrumb\"},\"inLanguage\":\"en-US\",\"potentialAction\":[{\"@type\":\"ReadAction\",\"target\":[\"https:\/\/vinosomodena.it\/en\/prodotto\/champagne-dom-perignon-magnum-2012-astuccio\/\"]}]},{\"@type\":\"ImageObject\",\"inLanguage\":\"en-US\",\"@id\":\"https:\/\/vinosomodena.it\/en\/prodotto\/champagne-dom-perignon-magnum-2012-astuccio\/#primaryimage\",\"url\":\"https:\/\/vinosomodena.it\/wp-content\/uploads\/2024\/04\/dompemagnum2008.jpg\",\"contentUrl\":\"https:\/\/vinosomodena.it\/wp-content\/uploads\/2024\/04\/dompemagnum2008.jpg\",\"width\":1500,\"height\":1923},{\"@type\":\"BreadcrumbList\",\"@id\":\"https:\/\/vinosomodena.it\/en\/prodotto\/champagne-dom-perignon-magnum-2012-astuccio\/#breadcrumb\",\"itemListElement\":[{\"@type\":\"ListItem\",\"position\":1,\"name\":\"Home\",\"item\":\"https:\/\/vinosomodena.it\/\"},{\"@type\":\"ListItem\",\"position\":2,\"name\":\"Shop\",\"item\":\"https:\/\/vinosomodena.it\/negozio\/\"},{\"@type\":\"ListItem\",\"position\":3,\"name\":\"Champagne Dom Perignon MAGNUM 2012 ASTUCCIO\"}]},{\"@type\":\"WebSite\",\"@id\":\"https:\/\/vinosomodena.it\/#website\",\"url\":\"https:\/\/vinosomodena.it\/\",\"name\":\"Vinoso Modena\",\"description\":\"I migliori vini, le annate storiche e molto altro ancora.\",\"potentialAction\":[{\"@type\":\"SearchAction\",\"target\":{\"@type\":\"EntryPoint\",\"urlTemplate\":\"https:\/\/vinosomodena.it\/?s={search_term_string}\"},\"query-input\":{\"@type\":\"PropertyValueSpecification\",\"valueRequired\":true,\"valueName\":\"search_term_string\"}}],\"inLanguage\":\"en-US\"}]}<\/script>\n<!-- \/ Yoast SEO plugin. -->","yoast_head_json":{"title":"Champagne Dom Perignon MAGNUM 2012 ASTUCCIO - Vinoso Modena","robots":{"index":"index","follow":"follow","max-snippet":"max-snippet:-1","max-image-preview":"max-image-preview:large","max-video-preview":"max-video-preview:-1"},"canonical":"https:\/\/vinosomodena.it\/en\/prodotto\/champagne-dom-perignon-magnum-2012-astuccio\/","og_locale":"en_US","og_type":"article","og_title":"Champagne Dom Perignon MAGNUM 2012 ASTUCCIO - Vinoso Modena","og_description":"Il Dom P\u00e9rignon 2012 \u00e8 uno di quegli Champagne destinati a diventare leggendari ancora prima di essere immessi sul mercato. I motivi sono due: il primo \u00e8 che l\u2019annata \u00e8 stata eccezionale, di quelle che capitano una volta ogni tanti anni, . Acidit\u00e0, profondit\u00e0, estrema eleganza e prodigioso equilibrio: indimenticabile gi\u00e0 oggi, sapr\u00e0 stupire anche a distanza di moltissimi anni come tutti i grandi Dom P\u00e9rignon","og_url":"https:\/\/vinosomodena.it\/en\/prodotto\/champagne-dom-perignon-magnum-2012-astuccio\/","og_site_name":"Vinoso Modena","article_modified_time":"2025-04-01T08:30:19+00:00","og_image":[{"width":1500,"height":1923,"url":"https:\/\/vinosomodena.it\/wp-content\/uploads\/2024\/04\/dompemagnum2008.jpg","type":"image\/jpeg"}],"twitter_card":"summary_large_image","schema":{"@context":"https:\/\/schema.org","@graph":[{"@type":"WebPage","@id":"https:\/\/vinosomodena.it\/en\/prodotto\/champagne-dom-perignon-magnum-2012-astuccio\/","url":"https:\/\/vinosomodena.it\/en\/prodotto\/champagne-dom-perignon-magnum-2012-astuccio\/","name":"Champagne Dom Perignon MAGNUM 2012 ASTUCCIO - Vinoso Modena","isPartOf":{"@id":"https:\/\/vinosomodena.it\/#website"},"primaryImageOfPage":{"@id":"https:\/\/vinosomodena.it\/en\/prodotto\/champagne-dom-perignon-magnum-2012-astuccio\/#primaryimage"},"image":{"@id":"https:\/\/vinosomodena.it\/en\/prodotto\/champagne-dom-perignon-magnum-2012-astuccio\/#primaryimage"},"thumbnailUrl":"https:\/\/vinosomodena.it\/wp-content\/uploads\/2024\/04\/dompemagnum2008.jpg","datePublished":"2025-04-01T08:28:38+00:00","dateModified":"2025-04-01T08:30:19+00:00","breadcrumb":{"@id":"https:\/\/vinosomodena.it\/en\/prodotto\/champagne-dom-perignon-magnum-2012-astuccio\/#breadcrumb"},"inLanguage":"en-US","potentialAction":[{"@type":"ReadAction","target":["https:\/\/vinosomodena.it\/en\/prodotto\/champagne-dom-perignon-magnum-2012-astuccio\/"]}]},{"@type":"ImageObject","inLanguage":"en-US","@id":"https:\/\/vinosomodena.it\/en\/prodotto\/champagne-dom-perignon-magnum-2012-astuccio\/#primaryimage","url":"https:\/\/vinosomodena.it\/wp-content\/uploads\/2024\/04\/dompemagnum2008.jpg","contentUrl":"https:\/\/vinosomodena.it\/wp-content\/uploads\/2024\/04\/dompemagnum2008.jpg","width":1500,"height":1923},{"@type":"BreadcrumbList","@id":"https:\/\/vinosomodena.it\/en\/prodotto\/champagne-dom-perignon-magnum-2012-astuccio\/#breadcrumb","itemListElement":[{"@type":"ListItem","position":1,"name":"Home","item":"https:\/\/vinosomodena.it\/"},{"@type":"ListItem","position":2,"name":"Shop","item":"https:\/\/vinosomodena.it\/negozio\/"},{"@type":"ListItem","position":3,"name":"Champagne Dom Perignon MAGNUM 2012 ASTUCCIO"}]},{"@type":"WebSite","@id":"https:\/\/vinosomodena.it\/#website","url":"https:\/\/vinosomodena.it\/","name":"Vinoso Modena","description":"I migliori vini, le annate storiche e molto altro ancora.","potentialAction":[{"@type":"SearchAction","target":{"@type":"EntryPoint","urlTemplate":"https:\/\/vinosomodena.it\/?s={search_term_string}"},"query-input":{"@type":"PropertyValueSpecification","valueRequired":true,"valueName":"search_term_string"}}],"inLanguage":"en-US"}]}},"jetpack_sharing_enabled":true,"_links":{"self":[{"href":"https:\/\/vinosomodena.it\/en\/wp-json\/wp\/v2\/product\/21007","targetHints":{"allow":["GET"]}}],"collection":[{"href":"https:\/\/vinosomodena.it\/en\/wp-json\/wp\/v2\/product"}],"about":[{"href":"https:\/\/vinosomodena.it\/en\/wp-json\/wp\/v2\/types\/product"}],"wp:featuredmedia":[{"embeddable":true,"href":"https:\/\/vinosomodena.it\/en\/wp-json\/wp\/v2\/media\/17512"}],"wp:attachment":[{"href":"https:\/\/vinosomodena.it\/en\/wp-json\/wp\/v2\/media?parent=21007"}],"wp:term":[{"taxonomy":"product_brand","embeddable":true,"href":"https:\/\/vinosomodena.it\/en\/wp-json\/wp\/v2\/product_brand?post=21007"},{"taxonomy":"product_cat","embeddable":true,"href":"https:\/\/vinosomodena.it\/en\/wp-json\/wp\/v2\/product_cat?post=21007"},{"taxonomy":"product_tag","embeddable":true,"href":"https:\/\/vinosomodena.it\/en\/wp-json\/wp\/v2\/product_tag?post=21007"}],"curies":[{"name":"wp","href":"https:\/\/api.w.org\/{rel}","templated":true}]}}