{"id":9935,"date":"2023-02-21T11:55:57","date_gmt":"2023-02-21T10:55:57","guid":{"rendered":"https:\/\/vinosomodena.it\/prodotto\/gianni-brunelli-amor-costante-igt-toscana\/"},"modified":"2026-02-04T14:10:30","modified_gmt":"2026-02-04T13:10:30","slug":"gianni-brunelli-amor-costante-igt-toscana","status":"publish","type":"product","link":"https:\/\/vinosomodena.it\/en\/prodotto\/gianni-brunelli-amor-costante-igt-toscana\/","title":{"rendered":"GIANNI BRUNELLI Rosso di Montalcino DOC &#8211; 2022"},"content":{"rendered":"<p>L\u2019annata 2022: Durante l\u2018inverno abbiamo eseguito lavorazioni in profondit\u00e0 del terreno nei filari e sottofila per poter immagazzinare pi\u00f9 riserve idriche possibili. Questo ha permesso che le viti non sofrissero troppo lo stress idrico nonostante la siccit\u00e0 e il caldo straordinario dei mesi primaverili ed estivi. Le piogge alla fine di Luglio ed inizio Agosto sono state determinanti per il corretto svolgersi della maturazione, ed hanno altres\u00ec portato un abbassamento delle temperature minime notturne permettendo una buona biosintesi di antociani e aromi. La vendemmia \u00e8 avvenuta nella seconda settimana del mese di Settembre. Le uve si presentavano di buona qualit\u00e0 tecnologica, fenolica e sanitaria. I vini ottenuti mostrano complessit\u00e0 al naso e una bella tessitura tannica. Nonostante l\u2018andamento climatico \u00e8 da evidenziare una buona acidit\u00e0, ottimo presupposto per l\u2018affinamento.<\/p>\n","protected":false},"excerpt":{"rendered":"<p>L\u2019annata 2022: Durante l\u2018inverno abbiamo eseguito lavorazioni in profondit\u00e0 del terreno nei filari e sottofila per poter immagazzinare pi\u00f9 riserve idriche possibili. Questo ha permesso che le viti non sofrissero troppo lo stress idrico nonostante la siccit\u00e0 e il caldo straordinario dei mesi primaverili ed estivi. Le piogge alla fine di Luglio ed inizio Agosto sono state determinanti per il corretto svolgersi della maturazione, ed hanno altres\u00ec portato un abbassamento delle temperature minime notturne permettendo una buona biosintesi di antociani e aromi. La vendemmia \u00e8 avvenuta nella seconda settimana del mese di Settembre. Le uve si presentavano di buona qualit\u00e0 tecnologica, fenolica e sanitaria. I vini ottenuti mostrano complessit\u00e0 al naso e una bella tessitura tannica. Nonostante l\u2018andamento climatico \u00e8 da evidenziare una buona acidit\u00e0, ottimo presupposto per l\u2018affinamento.<\/p>\n","protected":false},"featured_media":16816,"template":"","meta":{"_acf_changed":false},"product_brand":[],"product_cat":[2579],"product_tag":[],"class_list":{"0":"post-9935","1":"product","2":"type-product","3":"status-publish","4":"has-post-thumbnail","6":"product_cat-red-wine","8":"first","9":"instock","10":"purchasable","11":"product-type-simple"},"acf":[],"yoast_head":"<!-- This site is optimized with the Yoast SEO plugin v27.4 - https:\/\/yoast.com\/product\/yoast-seo-wordpress\/ -->\n<title>GIANNI BRUNELLI Rosso di Montalcino DOC - 2022 - Vinoso Modena<\/title>\n<meta name=\"robots\" content=\"index, follow, max-snippet:-1, max-image-preview:large, max-video-preview:-1\" \/>\n<link rel=\"canonical\" href=\"https:\/\/vinosomodena.it\/en\/prodotto\/gianni-brunelli-amor-costante-igt-toscana\/\" \/>\n<meta property=\"og:locale\" content=\"en_US\" \/>\n<meta property=\"og:type\" content=\"article\" \/>\n<meta property=\"og:title\" content=\"GIANNI BRUNELLI Rosso di Montalcino DOC - 2022 - Vinoso Modena\" \/>\n<meta property=\"og:description\" content=\"L\u2019annata 2022: Durante l\u2018inverno abbiamo eseguito lavorazioni in profondit\u00e0 del terreno nei filari e sottofila per poter immagazzinare pi\u00f9 riserve idriche possibili. Questo ha permesso che le viti non sofrissero troppo lo stress idrico nonostante la siccit\u00e0 e il caldo straordinario dei mesi primaverili ed estivi. Le piogge alla fine di Luglio ed inizio Agosto sono state determinanti per il corretto svolgersi della maturazione, ed hanno altres\u00ec portato un abbassamento delle temperature minime notturne permettendo una buona biosintesi di antociani e aromi. La vendemmia \u00e8 avvenuta nella seconda settimana del mese di Settembre. Le uve si presentavano di buona qualit\u00e0 tecnologica, fenolica e sanitaria. I vini ottenuti mostrano complessit\u00e0 al naso e una bella tessitura tannica. Nonostante l\u2018andamento climatico \u00e8 da evidenziare una buona acidit\u00e0, ottimo presupposto per l\u2018affinamento.\" \/>\n<meta property=\"og:url\" content=\"https:\/\/vinosomodena.it\/en\/prodotto\/gianni-brunelli-amor-costante-igt-toscana\/\" \/>\n<meta property=\"og:site_name\" content=\"Vinoso Modena\" \/>\n<meta property=\"article:modified_time\" content=\"2026-02-04T13:10:30+00:00\" \/>\n<meta property=\"og:image\" content=\"https:\/\/vinosomodena.it\/wp-content\/uploads\/2024\/04\/1712068497_rossomont-3.jpg\" \/>\n\t<meta property=\"og:image:width\" content=\"1500\" \/>\n\t<meta property=\"og:image:height\" content=\"1923\" \/>\n\t<meta property=\"og:image:type\" content=\"image\/jpeg\" \/>\n<meta name=\"twitter:card\" content=\"summary_large_image\" \/>\n<script type=\"application\/ld+json\" class=\"yoast-schema-graph\">{\"@context\":\"https:\\\/\\\/schema.org\",\"@graph\":[{\"@type\":\"WebPage\",\"@id\":\"https:\\\/\\\/vinosomodena.it\\\/en\\\/prodotto\\\/gianni-brunelli-amor-costante-igt-toscana\\\/\",\"url\":\"https:\\\/\\\/vinosomodena.it\\\/en\\\/prodotto\\\/gianni-brunelli-amor-costante-igt-toscana\\\/\",\"name\":\"GIANNI BRUNELLI Rosso di Montalcino DOC - 2022 - Vinoso Modena\",\"isPartOf\":{\"@id\":\"https:\\\/\\\/vinosomodena.it\\\/#website\"},\"primaryImageOfPage\":{\"@id\":\"https:\\\/\\\/vinosomodena.it\\\/en\\\/prodotto\\\/gianni-brunelli-amor-costante-igt-toscana\\\/#primaryimage\"},\"image\":{\"@id\":\"https:\\\/\\\/vinosomodena.it\\\/en\\\/prodotto\\\/gianni-brunelli-amor-costante-igt-toscana\\\/#primaryimage\"},\"thumbnailUrl\":\"https:\\\/\\\/vinosomodena.it\\\/wp-content\\\/uploads\\\/2024\\\/04\\\/1712068497_rossomont-3.jpg\",\"datePublished\":\"2023-02-21T10:55:57+00:00\",\"dateModified\":\"2026-02-04T13:10:30+00:00\",\"breadcrumb\":{\"@id\":\"https:\\\/\\\/vinosomodena.it\\\/en\\\/prodotto\\\/gianni-brunelli-amor-costante-igt-toscana\\\/#breadcrumb\"},\"inLanguage\":\"en-US\",\"potentialAction\":[{\"@type\":\"ReadAction\",\"target\":[\"https:\\\/\\\/vinosomodena.it\\\/en\\\/prodotto\\\/gianni-brunelli-amor-costante-igt-toscana\\\/\"]}]},{\"@type\":\"ImageObject\",\"inLanguage\":\"en-US\",\"@id\":\"https:\\\/\\\/vinosomodena.it\\\/en\\\/prodotto\\\/gianni-brunelli-amor-costante-igt-toscana\\\/#primaryimage\",\"url\":\"https:\\\/\\\/vinosomodena.it\\\/wp-content\\\/uploads\\\/2024\\\/04\\\/1712068497_rossomont-3.jpg\",\"contentUrl\":\"https:\\\/\\\/vinosomodena.it\\\/wp-content\\\/uploads\\\/2024\\\/04\\\/1712068497_rossomont-3.jpg\",\"width\":1500,\"height\":1923},{\"@type\":\"BreadcrumbList\",\"@id\":\"https:\\\/\\\/vinosomodena.it\\\/en\\\/prodotto\\\/gianni-brunelli-amor-costante-igt-toscana\\\/#breadcrumb\",\"itemListElement\":[{\"@type\":\"ListItem\",\"position\":1,\"name\":\"Home\",\"item\":\"https:\\\/\\\/vinosomodena.it\\\/\"},{\"@type\":\"ListItem\",\"position\":2,\"name\":\"Shop\",\"item\":\"https:\\\/\\\/vinosomodena.it\\\/negozio\\\/\"},{\"@type\":\"ListItem\",\"position\":3,\"name\":\"GIANNI BRUNELLI Rosso di Montalcino DOC &#8211; 2022\"}]},{\"@type\":\"WebSite\",\"@id\":\"https:\\\/\\\/vinosomodena.it\\\/#website\",\"url\":\"https:\\\/\\\/vinosomodena.it\\\/\",\"name\":\"Vinoso Modena\",\"description\":\"I migliori vini, le annate storiche e molto altro ancora.\",\"potentialAction\":[{\"@type\":\"SearchAction\",\"target\":{\"@type\":\"EntryPoint\",\"urlTemplate\":\"https:\\\/\\\/vinosomodena.it\\\/?s={search_term_string}\"},\"query-input\":{\"@type\":\"PropertyValueSpecification\",\"valueRequired\":true,\"valueName\":\"search_term_string\"}}],\"inLanguage\":\"en-US\"}]}<\/script>\n<!-- \/ Yoast SEO plugin. -->","yoast_head_json":{"title":"GIANNI BRUNELLI Rosso di Montalcino DOC - 2022 - Vinoso Modena","robots":{"index":"index","follow":"follow","max-snippet":"max-snippet:-1","max-image-preview":"max-image-preview:large","max-video-preview":"max-video-preview:-1"},"canonical":"https:\/\/vinosomodena.it\/en\/prodotto\/gianni-brunelli-amor-costante-igt-toscana\/","og_locale":"en_US","og_type":"article","og_title":"GIANNI BRUNELLI Rosso di Montalcino DOC - 2022 - Vinoso Modena","og_description":"L\u2019annata 2022: Durante l\u2018inverno abbiamo eseguito lavorazioni in profondit\u00e0 del terreno nei filari e sottofila per poter immagazzinare pi\u00f9 riserve idriche possibili. Questo ha permesso che le viti non sofrissero troppo lo stress idrico nonostante la siccit\u00e0 e il caldo straordinario dei mesi primaverili ed estivi. Le piogge alla fine di Luglio ed inizio Agosto sono state determinanti per il corretto svolgersi della maturazione, ed hanno altres\u00ec portato un abbassamento delle temperature minime notturne permettendo una buona biosintesi di antociani e aromi. La vendemmia \u00e8 avvenuta nella seconda settimana del mese di Settembre. Le uve si presentavano di buona qualit\u00e0 tecnologica, fenolica e sanitaria. I vini ottenuti mostrano complessit\u00e0 al naso e una bella tessitura tannica. Nonostante l\u2018andamento climatico \u00e8 da evidenziare una buona acidit\u00e0, ottimo presupposto per l\u2018affinamento.","og_url":"https:\/\/vinosomodena.it\/en\/prodotto\/gianni-brunelli-amor-costante-igt-toscana\/","og_site_name":"Vinoso Modena","article_modified_time":"2026-02-04T13:10:30+00:00","og_image":[{"width":1500,"height":1923,"url":"https:\/\/vinosomodena.it\/wp-content\/uploads\/2024\/04\/1712068497_rossomont-3.jpg","type":"image\/jpeg"}],"twitter_card":"summary_large_image","schema":{"@context":"https:\/\/schema.org","@graph":[{"@type":"WebPage","@id":"https:\/\/vinosomodena.it\/en\/prodotto\/gianni-brunelli-amor-costante-igt-toscana\/","url":"https:\/\/vinosomodena.it\/en\/prodotto\/gianni-brunelli-amor-costante-igt-toscana\/","name":"GIANNI BRUNELLI Rosso di Montalcino DOC - 2022 - Vinoso Modena","isPartOf":{"@id":"https:\/\/vinosomodena.it\/#website"},"primaryImageOfPage":{"@id":"https:\/\/vinosomodena.it\/en\/prodotto\/gianni-brunelli-amor-costante-igt-toscana\/#primaryimage"},"image":{"@id":"https:\/\/vinosomodena.it\/en\/prodotto\/gianni-brunelli-amor-costante-igt-toscana\/#primaryimage"},"thumbnailUrl":"https:\/\/vinosomodena.it\/wp-content\/uploads\/2024\/04\/1712068497_rossomont-3.jpg","datePublished":"2023-02-21T10:55:57+00:00","dateModified":"2026-02-04T13:10:30+00:00","breadcrumb":{"@id":"https:\/\/vinosomodena.it\/en\/prodotto\/gianni-brunelli-amor-costante-igt-toscana\/#breadcrumb"},"inLanguage":"en-US","potentialAction":[{"@type":"ReadAction","target":["https:\/\/vinosomodena.it\/en\/prodotto\/gianni-brunelli-amor-costante-igt-toscana\/"]}]},{"@type":"ImageObject","inLanguage":"en-US","@id":"https:\/\/vinosomodena.it\/en\/prodotto\/gianni-brunelli-amor-costante-igt-toscana\/#primaryimage","url":"https:\/\/vinosomodena.it\/wp-content\/uploads\/2024\/04\/1712068497_rossomont-3.jpg","contentUrl":"https:\/\/vinosomodena.it\/wp-content\/uploads\/2024\/04\/1712068497_rossomont-3.jpg","width":1500,"height":1923},{"@type":"BreadcrumbList","@id":"https:\/\/vinosomodena.it\/en\/prodotto\/gianni-brunelli-amor-costante-igt-toscana\/#breadcrumb","itemListElement":[{"@type":"ListItem","position":1,"name":"Home","item":"https:\/\/vinosomodena.it\/"},{"@type":"ListItem","position":2,"name":"Shop","item":"https:\/\/vinosomodena.it\/negozio\/"},{"@type":"ListItem","position":3,"name":"GIANNI BRUNELLI Rosso di Montalcino DOC &#8211; 2022"}]},{"@type":"WebSite","@id":"https:\/\/vinosomodena.it\/#website","url":"https:\/\/vinosomodena.it\/","name":"Vinoso Modena","description":"I migliori vini, le annate storiche e molto altro ancora.","potentialAction":[{"@type":"SearchAction","target":{"@type":"EntryPoint","urlTemplate":"https:\/\/vinosomodena.it\/?s={search_term_string}"},"query-input":{"@type":"PropertyValueSpecification","valueRequired":true,"valueName":"search_term_string"}}],"inLanguage":"en-US"}]}},"jetpack_sharing_enabled":true,"_links":{"self":[{"href":"https:\/\/vinosomodena.it\/en\/wp-json\/wp\/v2\/product\/9935","targetHints":{"allow":["GET"]}}],"collection":[{"href":"https:\/\/vinosomodena.it\/en\/wp-json\/wp\/v2\/product"}],"about":[{"href":"https:\/\/vinosomodena.it\/en\/wp-json\/wp\/v2\/types\/product"}],"wp:featuredmedia":[{"embeddable":true,"href":"https:\/\/vinosomodena.it\/en\/wp-json\/wp\/v2\/media\/16816"}],"wp:attachment":[{"href":"https:\/\/vinosomodena.it\/en\/wp-json\/wp\/v2\/media?parent=9935"}],"wp:term":[{"taxonomy":"product_brand","embeddable":true,"href":"https:\/\/vinosomodena.it\/en\/wp-json\/wp\/v2\/product_brand?post=9935"},{"taxonomy":"product_cat","embeddable":true,"href":"https:\/\/vinosomodena.it\/en\/wp-json\/wp\/v2\/product_cat?post=9935"},{"taxonomy":"product_tag","embeddable":true,"href":"https:\/\/vinosomodena.it\/en\/wp-json\/wp\/v2\/product_tag?post=9935"}],"curies":[{"name":"wp","href":"https:\/\/api.w.org\/{rel}","templated":true}]}}