{"id":9947,"date":"2023-02-21T09:29:51","date_gmt":"2023-02-21T08:29:51","guid":{"rendered":"https:\/\/vinosomodena.it\/prodotto\/champagne-waris-hubert-blanc-de-blancs-zero-grand-cru-lilyale\/"},"modified":"2024-08-19T23:03:04","modified_gmt":"2024-08-19T21:03:04","slug":"champagne-waris-hubert-blanc-de-blancs-zero-grand-cru-lilyale","status":"publish","type":"product","link":"https:\/\/vinosomodena.it\/en\/prodotto\/champagne-waris-hubert-blanc-de-blancs-zero-grand-cru-lilyale\/","title":{"rendered":"Champagne WARIS-HUBERT BLANC DE BLANCS ZERO GRAND CRU &#8211; LILYALE"},"content":{"rendered":"","protected":false},"excerpt":{"rendered":"<p>Chardonnay 100% proveniente da vigneti di 25\/30 anni in Avize, Oger e Cramant. Vinificazione delle basi simile alla versione brut (vedi sopra): l\u2019assenza di zucchero (zero gr\/litro) impone per\u00f2 una ancor pi\u00f9 accurata scelta delle uve in termini di maturit\u00e0 del frutto. Malolattica svolta, 20% di Vin de R\u00e9serve, 42 mesi sui lieviti prima della sboccatura<\/p>\n","protected":false},"featured_media":18081,"template":"","meta":{"_acf_changed":false},"product_brand":[],"product_cat":[2599],"product_tag":[],"class_list":{"0":"post-9947","1":"product","2":"type-product","3":"status-publish","4":"has-post-thumbnail","6":"product_cat-champagne-en","8":"first","9":"outofstock","10":"purchasable","11":"product-type-simple"},"acf":[],"yoast_head":"<!-- This site is optimized with the Yoast SEO plugin v27.4 - https:\/\/yoast.com\/product\/yoast-seo-wordpress\/ -->\n<title>Champagne WARIS-HUBERT BLANC DE BLANCS ZERO GRAND CRU - LILYALE - Vinoso Modena<\/title>\n<meta name=\"robots\" content=\"index, follow, max-snippet:-1, max-image-preview:large, max-video-preview:-1\" \/>\n<link rel=\"canonical\" href=\"https:\/\/vinosomodena.it\/en\/prodotto\/champagne-waris-hubert-blanc-de-blancs-zero-grand-cru-lilyale\/\" \/>\n<meta property=\"og:locale\" content=\"en_US\" \/>\n<meta property=\"og:type\" content=\"article\" \/>\n<meta property=\"og:title\" content=\"Champagne WARIS-HUBERT BLANC DE BLANCS ZERO GRAND CRU - LILYALE - Vinoso Modena\" \/>\n<meta property=\"og:description\" content=\"Chardonnay 100% proveniente da vigneti di 25\/30 anni in Avize, Oger e Cramant. Vinificazione delle basi simile alla versione brut (vedi sopra): l\u2019assenza di zucchero (zero gr\/litro) impone per\u00f2 una ancor pi\u00f9 accurata scelta delle uve in termini di maturit\u00e0 del frutto. Malolattica svolta, 20% di Vin de R\u00e9serve, 42 mesi sui lieviti prima della sboccatura\" \/>\n<meta property=\"og:url\" content=\"https:\/\/vinosomodena.it\/en\/prodotto\/champagne-waris-hubert-blanc-de-blancs-zero-grand-cru-lilyale\/\" \/>\n<meta property=\"og:site_name\" content=\"Vinoso Modena\" \/>\n<meta property=\"article:modified_time\" content=\"2024-08-19T21:03:04+00:00\" \/>\n<meta property=\"og:image\" content=\"https:\/\/vinosomodena.it\/wp-content\/uploads\/2024\/08\/19.jpg\" \/>\n\t<meta property=\"og:image:width\" content=\"1500\" \/>\n\t<meta property=\"og:image:height\" content=\"1923\" \/>\n\t<meta property=\"og:image:type\" content=\"image\/jpeg\" \/>\n<meta name=\"twitter:card\" content=\"summary_large_image\" \/>\n<script type=\"application\/ld+json\" class=\"yoast-schema-graph\">{\"@context\":\"https:\\\/\\\/schema.org\",\"@graph\":[{\"@type\":\"WebPage\",\"@id\":\"https:\\\/\\\/vinosomodena.it\\\/en\\\/prodotto\\\/champagne-waris-hubert-blanc-de-blancs-zero-grand-cru-lilyale\\\/\",\"url\":\"https:\\\/\\\/vinosomodena.it\\\/en\\\/prodotto\\\/champagne-waris-hubert-blanc-de-blancs-zero-grand-cru-lilyale\\\/\",\"name\":\"Champagne WARIS-HUBERT BLANC DE BLANCS ZERO GRAND CRU - LILYALE - Vinoso Modena\",\"isPartOf\":{\"@id\":\"https:\\\/\\\/vinosomodena.it\\\/#website\"},\"primaryImageOfPage\":{\"@id\":\"https:\\\/\\\/vinosomodena.it\\\/en\\\/prodotto\\\/champagne-waris-hubert-blanc-de-blancs-zero-grand-cru-lilyale\\\/#primaryimage\"},\"image\":{\"@id\":\"https:\\\/\\\/vinosomodena.it\\\/en\\\/prodotto\\\/champagne-waris-hubert-blanc-de-blancs-zero-grand-cru-lilyale\\\/#primaryimage\"},\"thumbnailUrl\":\"https:\\\/\\\/vinosomodena.it\\\/wp-content\\\/uploads\\\/2024\\\/08\\\/19.jpg\",\"datePublished\":\"2023-02-21T08:29:51+00:00\",\"dateModified\":\"2024-08-19T21:03:04+00:00\",\"breadcrumb\":{\"@id\":\"https:\\\/\\\/vinosomodena.it\\\/en\\\/prodotto\\\/champagne-waris-hubert-blanc-de-blancs-zero-grand-cru-lilyale\\\/#breadcrumb\"},\"inLanguage\":\"en-US\",\"potentialAction\":[{\"@type\":\"ReadAction\",\"target\":[\"https:\\\/\\\/vinosomodena.it\\\/en\\\/prodotto\\\/champagne-waris-hubert-blanc-de-blancs-zero-grand-cru-lilyale\\\/\"]}]},{\"@type\":\"ImageObject\",\"inLanguage\":\"en-US\",\"@id\":\"https:\\\/\\\/vinosomodena.it\\\/en\\\/prodotto\\\/champagne-waris-hubert-blanc-de-blancs-zero-grand-cru-lilyale\\\/#primaryimage\",\"url\":\"https:\\\/\\\/vinosomodena.it\\\/wp-content\\\/uploads\\\/2024\\\/08\\\/19.jpg\",\"contentUrl\":\"https:\\\/\\\/vinosomodena.it\\\/wp-content\\\/uploads\\\/2024\\\/08\\\/19.jpg\",\"width\":1500,\"height\":1923},{\"@type\":\"BreadcrumbList\",\"@id\":\"https:\\\/\\\/vinosomodena.it\\\/en\\\/prodotto\\\/champagne-waris-hubert-blanc-de-blancs-zero-grand-cru-lilyale\\\/#breadcrumb\",\"itemListElement\":[{\"@type\":\"ListItem\",\"position\":1,\"name\":\"Home\",\"item\":\"https:\\\/\\\/vinosomodena.it\\\/\"},{\"@type\":\"ListItem\",\"position\":2,\"name\":\"Shop\",\"item\":\"https:\\\/\\\/vinosomodena.it\\\/negozio\\\/\"},{\"@type\":\"ListItem\",\"position\":3,\"name\":\"Champagne WARIS-HUBERT BLANC DE BLANCS ZERO GRAND CRU &#8211; LILYALE\"}]},{\"@type\":\"WebSite\",\"@id\":\"https:\\\/\\\/vinosomodena.it\\\/#website\",\"url\":\"https:\\\/\\\/vinosomodena.it\\\/\",\"name\":\"Vinoso Modena\",\"description\":\"I migliori vini, le annate storiche e molto altro ancora.\",\"potentialAction\":[{\"@type\":\"SearchAction\",\"target\":{\"@type\":\"EntryPoint\",\"urlTemplate\":\"https:\\\/\\\/vinosomodena.it\\\/?s={search_term_string}\"},\"query-input\":{\"@type\":\"PropertyValueSpecification\",\"valueRequired\":true,\"valueName\":\"search_term_string\"}}],\"inLanguage\":\"en-US\"}]}<\/script>\n<!-- \/ Yoast SEO plugin. -->","yoast_head_json":{"title":"Champagne WARIS-HUBERT BLANC DE BLANCS ZERO GRAND CRU - LILYALE - Vinoso Modena","robots":{"index":"index","follow":"follow","max-snippet":"max-snippet:-1","max-image-preview":"max-image-preview:large","max-video-preview":"max-video-preview:-1"},"canonical":"https:\/\/vinosomodena.it\/en\/prodotto\/champagne-waris-hubert-blanc-de-blancs-zero-grand-cru-lilyale\/","og_locale":"en_US","og_type":"article","og_title":"Champagne WARIS-HUBERT BLANC DE BLANCS ZERO GRAND CRU - LILYALE - Vinoso Modena","og_description":"Chardonnay 100% proveniente da vigneti di 25\/30 anni in Avize, Oger e Cramant. Vinificazione delle basi simile alla versione brut (vedi sopra): l\u2019assenza di zucchero (zero gr\/litro) impone per\u00f2 una ancor pi\u00f9 accurata scelta delle uve in termini di maturit\u00e0 del frutto. Malolattica svolta, 20% di Vin de R\u00e9serve, 42 mesi sui lieviti prima della sboccatura","og_url":"https:\/\/vinosomodena.it\/en\/prodotto\/champagne-waris-hubert-blanc-de-blancs-zero-grand-cru-lilyale\/","og_site_name":"Vinoso Modena","article_modified_time":"2024-08-19T21:03:04+00:00","og_image":[{"width":1500,"height":1923,"url":"https:\/\/vinosomodena.it\/wp-content\/uploads\/2024\/08\/19.jpg","type":"image\/jpeg"}],"twitter_card":"summary_large_image","schema":{"@context":"https:\/\/schema.org","@graph":[{"@type":"WebPage","@id":"https:\/\/vinosomodena.it\/en\/prodotto\/champagne-waris-hubert-blanc-de-blancs-zero-grand-cru-lilyale\/","url":"https:\/\/vinosomodena.it\/en\/prodotto\/champagne-waris-hubert-blanc-de-blancs-zero-grand-cru-lilyale\/","name":"Champagne WARIS-HUBERT BLANC DE BLANCS ZERO GRAND CRU - LILYALE - Vinoso Modena","isPartOf":{"@id":"https:\/\/vinosomodena.it\/#website"},"primaryImageOfPage":{"@id":"https:\/\/vinosomodena.it\/en\/prodotto\/champagne-waris-hubert-blanc-de-blancs-zero-grand-cru-lilyale\/#primaryimage"},"image":{"@id":"https:\/\/vinosomodena.it\/en\/prodotto\/champagne-waris-hubert-blanc-de-blancs-zero-grand-cru-lilyale\/#primaryimage"},"thumbnailUrl":"https:\/\/vinosomodena.it\/wp-content\/uploads\/2024\/08\/19.jpg","datePublished":"2023-02-21T08:29:51+00:00","dateModified":"2024-08-19T21:03:04+00:00","breadcrumb":{"@id":"https:\/\/vinosomodena.it\/en\/prodotto\/champagne-waris-hubert-blanc-de-blancs-zero-grand-cru-lilyale\/#breadcrumb"},"inLanguage":"en-US","potentialAction":[{"@type":"ReadAction","target":["https:\/\/vinosomodena.it\/en\/prodotto\/champagne-waris-hubert-blanc-de-blancs-zero-grand-cru-lilyale\/"]}]},{"@type":"ImageObject","inLanguage":"en-US","@id":"https:\/\/vinosomodena.it\/en\/prodotto\/champagne-waris-hubert-blanc-de-blancs-zero-grand-cru-lilyale\/#primaryimage","url":"https:\/\/vinosomodena.it\/wp-content\/uploads\/2024\/08\/19.jpg","contentUrl":"https:\/\/vinosomodena.it\/wp-content\/uploads\/2024\/08\/19.jpg","width":1500,"height":1923},{"@type":"BreadcrumbList","@id":"https:\/\/vinosomodena.it\/en\/prodotto\/champagne-waris-hubert-blanc-de-blancs-zero-grand-cru-lilyale\/#breadcrumb","itemListElement":[{"@type":"ListItem","position":1,"name":"Home","item":"https:\/\/vinosomodena.it\/"},{"@type":"ListItem","position":2,"name":"Shop","item":"https:\/\/vinosomodena.it\/negozio\/"},{"@type":"ListItem","position":3,"name":"Champagne WARIS-HUBERT BLANC DE BLANCS ZERO GRAND CRU &#8211; LILYALE"}]},{"@type":"WebSite","@id":"https:\/\/vinosomodena.it\/#website","url":"https:\/\/vinosomodena.it\/","name":"Vinoso Modena","description":"I migliori vini, le annate storiche e molto altro ancora.","potentialAction":[{"@type":"SearchAction","target":{"@type":"EntryPoint","urlTemplate":"https:\/\/vinosomodena.it\/?s={search_term_string}"},"query-input":{"@type":"PropertyValueSpecification","valueRequired":true,"valueName":"search_term_string"}}],"inLanguage":"en-US"}]}},"jetpack_sharing_enabled":true,"_links":{"self":[{"href":"https:\/\/vinosomodena.it\/en\/wp-json\/wp\/v2\/product\/9947","targetHints":{"allow":["GET"]}}],"collection":[{"href":"https:\/\/vinosomodena.it\/en\/wp-json\/wp\/v2\/product"}],"about":[{"href":"https:\/\/vinosomodena.it\/en\/wp-json\/wp\/v2\/types\/product"}],"wp:featuredmedia":[{"embeddable":true,"href":"https:\/\/vinosomodena.it\/en\/wp-json\/wp\/v2\/media\/18081"}],"wp:attachment":[{"href":"https:\/\/vinosomodena.it\/en\/wp-json\/wp\/v2\/media?parent=9947"}],"wp:term":[{"taxonomy":"product_brand","embeddable":true,"href":"https:\/\/vinosomodena.it\/en\/wp-json\/wp\/v2\/product_brand?post=9947"},{"taxonomy":"product_cat","embeddable":true,"href":"https:\/\/vinosomodena.it\/en\/wp-json\/wp\/v2\/product_cat?post=9947"},{"taxonomy":"product_tag","embeddable":true,"href":"https:\/\/vinosomodena.it\/en\/wp-json\/wp\/v2\/product_tag?post=9947"}],"curies":[{"name":"wp","href":"https:\/\/api.w.org\/{rel}","templated":true}]}}